{"id":4333,"date":"2025-05-27T22:40:16","date_gmt":"2025-05-27T20:40:16","guid":{"rendered":"https:\/\/gesmobles.cat\/?post_type=product&#038;p=4333"},"modified":"2025-08-21T15:32:48","modified_gmt":"2025-08-21T13:32:48","slug":"sillon-relax-sillon-manual-sillon-tapizado-relax-gris-sillon-reclinable-butaca-comoda-descanso-confort-sillon-gris-mobiliario-salon","status":"publish","type":"product","link":"https:\/\/gesmobles.cat\/es\/producto\/sillon-relax-sillon-manual-sillon-tapizado-relax-gris-sillon-reclinable-butaca-comoda-descanso-confort-sillon-gris-mobiliario-salon\/","title":{"rendered":"Sill\u00f3n Relax Manual M\u00f3naco Tapizado"},"content":{"rendered":"<p>El sill\u00f3n relax M\u00f3naco est\u00e1 pensado para ofrecer comodidad absoluta sin renunciar al estilo. Con un dise\u00f1o generoso, respaldo acolchado con detalles capiton\u00e9, brazos mullidos y asiento amplio, es perfecto para disfrutar de un momento de descanso en cualquier estancia del hogar. Tapizado en un tejido resistente de color gris neutro, combina con todo tipo de ambientes. Incorpora un sistema de apertura manual que permite reclinar respaldo y elevar el reposapi\u00e9s de forma sencilla. Tambi\u00e9n incluye bolsillo lateral para mayor funcionalidad. Ideal para quienes buscan un sill\u00f3n c\u00f3modo y pr\u00e1ctico.<\/p>\n","protected":false},"excerpt":{"rendered":"<p>El sill\u00f3n relax M\u00f3naco est\u00e1 pensado para ofrecer comodidad absoluta sin renunciar al estilo. Con un dise\u00f1o generoso, respaldo acolchado con detalles capiton\u00e9, brazos mullidos y asiento amplio, es perfecto para disfrutar de un momento de descanso en cualquier estancia del hogar. Tapizado en un tejido resistente de color gris neutro, combina con todo tipo [&hellip;]<\/p>\n","protected":false},"featured_media":4334,"comment_status":"open","ping_status":"closed","template":"","meta":[],"product_brand":[],"product_cat":[51,559],"product_tag":[],"class_list":{"0":"post-4333","1":"product","2":"type-product","3":"status-publish","4":"has-post-thumbnail","6":"product_cat-muebles-es","7":"product_cat-sofas-relax-muebles-es","9":"first","10":"instock","11":"taxable","12":"shipping-taxable","13":"purchasable","14":"product-type-simple"},"acf":[],"yoast_head":"<!-- This site is optimized with the Yoast SEO plugin v27.4 - https:\/\/yoast.com\/product\/yoast-seo-wordpress\/ -->\n<title>Sill\u00f3n Relax Manual M\u00f3naco Tapizado -<\/title>\n<meta name=\"description\" content=\"Sill\u00f3n relax M\u00f3naco manual tapizado en gris. Amplio, c\u00f3modo y funcional, ideal para descanso diario con estilo y m\u00e1ximo confort.\" \/>\n<meta name=\"robots\" content=\"index, follow, max-snippet:-1, max-image-preview:large, max-video-preview:-1\" \/>\n<link rel=\"canonical\" href=\"https:\/\/gesmobles.cat\/es\/producto\/sillon-relax-sillon-manual-sillon-tapizado-relax-gris-sillon-reclinable-butaca-comoda-descanso-confort-sillon-gris-mobiliario-salon\/\" \/>\n<meta property=\"og:locale\" content=\"es_ES\" \/>\n<meta property=\"og:type\" content=\"article\" \/>\n<meta property=\"og:title\" content=\"Sill\u00f3n Relax Manual M\u00f3naco Tapizado -\" \/>\n<meta property=\"og:description\" content=\"Sill\u00f3n relax M\u00f3naco manual tapizado en gris. Amplio, c\u00f3modo y funcional, ideal para descanso diario con estilo y m\u00e1ximo confort.\" \/>\n<meta property=\"og:url\" content=\"https:\/\/gesmobles.cat\/es\/producto\/sillon-relax-sillon-manual-sillon-tapizado-relax-gris-sillon-reclinable-butaca-comoda-descanso-confort-sillon-gris-mobiliario-salon\/\" \/>\n<meta property=\"article:modified_time\" content=\"2025-08-21T13:32:48+00:00\" \/>\n<meta property=\"og:image\" content=\"https:\/\/gesmobles.cat\/wp-content\/uploads\/2025\/05\/monaco-5-scaled.webp\" \/>\n\t<meta property=\"og:image:width\" content=\"2560\" \/>\n\t<meta property=\"og:image:height\" content=\"1972\" \/>\n\t<meta property=\"og:image:type\" content=\"image\/webp\" \/>\n<meta name=\"twitter:card\" content=\"summary_large_image\" \/>\n<meta name=\"twitter:label1\" content=\"Tiempo de lectura\" \/>\n\t<meta name=\"twitter:data1\" content=\"1 minuto\" \/>\n<!-- \/ Yoast SEO plugin. -->","yoast_head_json":{"title":"Sill\u00f3n Relax Manual M\u00f3naco Tapizado -","description":"Sill\u00f3n relax M\u00f3naco manual tapizado en gris. Amplio, c\u00f3modo y funcional, ideal para descanso diario con estilo y m\u00e1ximo confort.","robots":{"index":"index","follow":"follow","max-snippet":"max-snippet:-1","max-image-preview":"max-image-preview:large","max-video-preview":"max-video-preview:-1"},"canonical":"https:\/\/gesmobles.cat\/es\/producto\/sillon-relax-sillon-manual-sillon-tapizado-relax-gris-sillon-reclinable-butaca-comoda-descanso-confort-sillon-gris-mobiliario-salon\/","og_locale":"es_ES","og_type":"article","og_title":"Sill\u00f3n Relax Manual M\u00f3naco Tapizado -","og_description":"Sill\u00f3n relax M\u00f3naco manual tapizado en gris. Amplio, c\u00f3modo y funcional, ideal para descanso diario con estilo y m\u00e1ximo confort.","og_url":"https:\/\/gesmobles.cat\/es\/producto\/sillon-relax-sillon-manual-sillon-tapizado-relax-gris-sillon-reclinable-butaca-comoda-descanso-confort-sillon-gris-mobiliario-salon\/","article_modified_time":"2025-08-21T13:32:48+00:00","og_image":[{"width":2560,"height":1972,"url":"https:\/\/gesmobles.cat\/wp-content\/uploads\/2025\/05\/monaco-5-scaled.webp","type":"image\/webp"}],"twitter_card":"summary_large_image","twitter_misc":{"Tiempo de lectura":"1 minuto"},"schema":{"@context":"https:\/\/schema.org","@graph":[]}},"_links":{"self":[{"href":"https:\/\/gesmobles.cat\/es\/wp-json\/wp\/v2\/product\/4333","targetHints":{"allow":["GET"]}}],"collection":[{"href":"https:\/\/gesmobles.cat\/es\/wp-json\/wp\/v2\/product"}],"about":[{"href":"https:\/\/gesmobles.cat\/es\/wp-json\/wp\/v2\/types\/product"}],"replies":[{"embeddable":true,"href":"https:\/\/gesmobles.cat\/es\/wp-json\/wp\/v2\/comments?post=4333"}],"wp:featuredmedia":[{"embeddable":true,"href":"https:\/\/gesmobles.cat\/es\/wp-json\/wp\/v2\/media\/4334"}],"wp:attachment":[{"href":"https:\/\/gesmobles.cat\/es\/wp-json\/wp\/v2\/media?parent=4333"}],"wp:term":[{"taxonomy":"product_brand","embeddable":true,"href":"https:\/\/gesmobles.cat\/es\/wp-json\/wp\/v2\/product_brand?post=4333"},{"taxonomy":"product_cat","embeddable":true,"href":"https:\/\/gesmobles.cat\/es\/wp-json\/wp\/v2\/product_cat?post=4333"},{"taxonomy":"product_tag","embeddable":true,"href":"https:\/\/gesmobles.cat\/es\/wp-json\/wp\/v2\/product_tag?post=4333"}],"curies":[{"name":"wp","href":"https:\/\/api.w.org\/{rel}","templated":true}]}}