{"id":4347,"date":"2025-05-27T22:51:17","date_gmt":"2025-05-27T20:51:17","guid":{"rendered":"https:\/\/gesmobles.cat\/?post_type=product&#038;p=4347"},"modified":"2025-08-21T15:31:06","modified_gmt":"2025-08-21T13:31:06","slug":"sillon-relax-sillon-electrico-sillon-motorizado-sillon-con-usb-sillon-gris-oscuro-relax-moderno-descanso-confort-sillon-reclinable-mobiliario-salon","status":"publish","type":"product","link":"https:\/\/gesmobles.cat\/es\/producto\/sillon-relax-sillon-electrico-sillon-motorizado-sillon-con-usb-sillon-gris-oscuro-relax-moderno-descanso-confort-sillon-reclinable-mobiliario-salon\/","title":{"rendered":"Sill\u00f3n Relax Motorizado Coral con USB"},"content":{"rendered":"<p>El sill\u00f3n relax Coral combina dise\u00f1o moderno, funcionalidad y m\u00e1ximo confort en una sola pieza. Tapizado en tejido gris oscuro de alta resistencia, cuenta con un sistema de reclinaci\u00f3n el\u00e9ctrica que te permite ajustar f\u00e1cilmente el respaldo y el reposapi\u00e9s mediante botones laterales. Adem\u00e1s, incorpora un puerto USB integrado para cargar tus dispositivos mientras disfrutas de un momento de descanso. Sus amplios brazos acolchados, respaldo ergon\u00f3mico y estructura robusta lo convierten en una opci\u00f3n ideal tanto para salones como para dormitorios o zonas de lectura.<\/p>\n","protected":false},"excerpt":{"rendered":"<p>El sill\u00f3n relax Coral combina dise\u00f1o moderno, funcionalidad y m\u00e1ximo confort en una sola pieza. Tapizado en tejido gris oscuro de alta resistencia, cuenta con un sistema de reclinaci\u00f3n el\u00e9ctrica que te permite ajustar f\u00e1cilmente el respaldo y el reposapi\u00e9s mediante botones laterales. Adem\u00e1s, incorpora un puerto USB integrado para cargar tus dispositivos mientras disfrutas [&hellip;]<\/p>\n","protected":false},"featured_media":4348,"comment_status":"open","ping_status":"closed","template":"","meta":[],"product_brand":[],"product_cat":[51,559],"product_tag":[],"class_list":{"0":"post-4347","1":"product","2":"type-product","3":"status-publish","4":"has-post-thumbnail","6":"product_cat-muebles-es","7":"product_cat-sofas-relax-muebles-es","9":"first","10":"instock","11":"taxable","12":"shipping-taxable","13":"purchasable","14":"product-type-simple"},"acf":[],"yoast_head":"<!-- This site is optimized with the Yoast SEO plugin v27.4 - https:\/\/yoast.com\/product\/yoast-seo-wordpress\/ -->\n<title>Sill\u00f3n Relax Motorizado Coral con USB -<\/title>\n<meta name=\"description\" content=\"Sill\u00f3n relax motorizado Coral con tapizado gris oscuro y puerto USB. Comodidad, dise\u00f1o moderno y tecnolog\u00eda en un solo sill\u00f3n.\" \/>\n<meta name=\"robots\" content=\"index, follow, max-snippet:-1, max-image-preview:large, max-video-preview:-1\" \/>\n<link rel=\"canonical\" href=\"https:\/\/gesmobles.cat\/es\/producto\/sillon-relax-sillon-electrico-sillon-motorizado-sillon-con-usb-sillon-gris-oscuro-relax-moderno-descanso-confort-sillon-reclinable-mobiliario-salon\/\" \/>\n<meta property=\"og:locale\" content=\"es_ES\" \/>\n<meta property=\"og:type\" content=\"article\" \/>\n<meta property=\"og:title\" content=\"Sill\u00f3n Relax Motorizado Coral con USB -\" \/>\n<meta property=\"og:description\" content=\"Sill\u00f3n relax motorizado Coral con tapizado gris oscuro y puerto USB. Comodidad, dise\u00f1o moderno y tecnolog\u00eda en un solo sill\u00f3n.\" \/>\n<meta property=\"og:url\" content=\"https:\/\/gesmobles.cat\/es\/producto\/sillon-relax-sillon-electrico-sillon-motorizado-sillon-con-usb-sillon-gris-oscuro-relax-moderno-descanso-confort-sillon-reclinable-mobiliario-salon\/\" \/>\n<meta property=\"article:modified_time\" content=\"2025-08-21T13:31:06+00:00\" \/>\n<meta property=\"og:image\" content=\"https:\/\/gesmobles.cat\/wp-content\/uploads\/2025\/05\/coral-scaled.webp\" \/>\n\t<meta property=\"og:image:width\" content=\"2560\" \/>\n\t<meta property=\"og:image:height\" content=\"1972\" \/>\n\t<meta property=\"og:image:type\" content=\"image\/webp\" \/>\n<meta name=\"twitter:card\" content=\"summary_large_image\" \/>\n<meta name=\"twitter:label1\" content=\"Tiempo de lectura\" \/>\n\t<meta name=\"twitter:data1\" content=\"1 minuto\" \/>\n<!-- \/ Yoast SEO plugin. -->","yoast_head_json":{"title":"Sill\u00f3n Relax Motorizado Coral con USB -","description":"Sill\u00f3n relax motorizado Coral con tapizado gris oscuro y puerto USB. Comodidad, dise\u00f1o moderno y tecnolog\u00eda en un solo sill\u00f3n.","robots":{"index":"index","follow":"follow","max-snippet":"max-snippet:-1","max-image-preview":"max-image-preview:large","max-video-preview":"max-video-preview:-1"},"canonical":"https:\/\/gesmobles.cat\/es\/producto\/sillon-relax-sillon-electrico-sillon-motorizado-sillon-con-usb-sillon-gris-oscuro-relax-moderno-descanso-confort-sillon-reclinable-mobiliario-salon\/","og_locale":"es_ES","og_type":"article","og_title":"Sill\u00f3n Relax Motorizado Coral con USB -","og_description":"Sill\u00f3n relax motorizado Coral con tapizado gris oscuro y puerto USB. Comodidad, dise\u00f1o moderno y tecnolog\u00eda en un solo sill\u00f3n.","og_url":"https:\/\/gesmobles.cat\/es\/producto\/sillon-relax-sillon-electrico-sillon-motorizado-sillon-con-usb-sillon-gris-oscuro-relax-moderno-descanso-confort-sillon-reclinable-mobiliario-salon\/","article_modified_time":"2025-08-21T13:31:06+00:00","og_image":[{"width":2560,"height":1972,"url":"https:\/\/gesmobles.cat\/wp-content\/uploads\/2025\/05\/coral-scaled.webp","type":"image\/webp"}],"twitter_card":"summary_large_image","twitter_misc":{"Tiempo de lectura":"1 minuto"},"schema":{"@context":"https:\/\/schema.org","@graph":[]}},"_links":{"self":[{"href":"https:\/\/gesmobles.cat\/es\/wp-json\/wp\/v2\/product\/4347","targetHints":{"allow":["GET"]}}],"collection":[{"href":"https:\/\/gesmobles.cat\/es\/wp-json\/wp\/v2\/product"}],"about":[{"href":"https:\/\/gesmobles.cat\/es\/wp-json\/wp\/v2\/types\/product"}],"replies":[{"embeddable":true,"href":"https:\/\/gesmobles.cat\/es\/wp-json\/wp\/v2\/comments?post=4347"}],"wp:featuredmedia":[{"embeddable":true,"href":"https:\/\/gesmobles.cat\/es\/wp-json\/wp\/v2\/media\/4348"}],"wp:attachment":[{"href":"https:\/\/gesmobles.cat\/es\/wp-json\/wp\/v2\/media?parent=4347"}],"wp:term":[{"taxonomy":"product_brand","embeddable":true,"href":"https:\/\/gesmobles.cat\/es\/wp-json\/wp\/v2\/product_brand?post=4347"},{"taxonomy":"product_cat","embeddable":true,"href":"https:\/\/gesmobles.cat\/es\/wp-json\/wp\/v2\/product_cat?post=4347"},{"taxonomy":"product_tag","embeddable":true,"href":"https:\/\/gesmobles.cat\/es\/wp-json\/wp\/v2\/product_tag?post=4347"}],"curies":[{"name":"wp","href":"https:\/\/api.w.org\/{rel}","templated":true}]}}