{"id":4359,"date":"2025-05-27T23:00:28","date_gmt":"2025-05-27T21:00:28","guid":{"rendered":"https:\/\/gesmobles.cat\/?post_type=product&#038;p=4359"},"modified":"2025-05-27T23:00:28","modified_gmt":"2025-05-27T21:00:28","slug":"sofa-cama-sofa-cama-2-plazas-sofa-gris-sofa-convertible-sofa-funcional-sofa-tapizado-mobiliario-multifuncional-descanso-sofa-con-almohadas-salon-moderno","status":"publish","type":"product","link":"https:\/\/gesmobles.cat\/es\/producto\/sofa-cama-sofa-cama-2-plazas-sofa-gris-sofa-convertible-sofa-funcional-sofa-tapizado-mobiliario-multifuncional-descanso-sofa-con-almohadas-salon-moderno\/","title":{"rendered":"Sof\u00e1 Cama Hydra de 2 Plazas con Almohadas"},"content":{"rendered":"<p>El sof\u00e1 cama Hydra es la combinaci\u00f3n ideal de funcionalidad y dise\u00f1o contempor\u00e1neo. Aparentemente un elegante sof\u00e1 de 2 plazas, se convierte en una pr\u00e1ctica cama gracias a su sistema de apertura f\u00e1cil y resistente, perfecto para invitados o para espacios reducidos. Tapizado en un tejido gris suave y duradero, cuenta con respaldo alto, cojines de asiento firmes y l\u00edneas rectas que aportan car\u00e1cter. Incluye dos almohadas decorativas a juego. Es la opci\u00f3n perfecta para quienes buscan comodidad diaria sin renunciar al estilo ni al espacio.<\/p>\n<p>Caracter\u00edsticas:<\/p>\n<p>Sof\u00e1 cama de 2 plazas.<\/p>\n<p>Sistema de apertura f\u00e1cil y c\u00f3modo.<\/p>\n<p>Tapizado en tejido gris de alta calidad.<\/p>\n<p>Respaldo alto y asiento firme.<\/p>\n<p>Incluye 2 almohadas decorativas.<\/p>\n<p>Dise\u00f1o moderno, ideal para todo tipo de espacios.<\/p>\n","protected":false},"excerpt":{"rendered":"<p>El sof\u00e1 cama Hydra es la combinaci\u00f3n ideal de funcionalidad y dise\u00f1o contempor\u00e1neo. Aparentemente un elegante sof\u00e1 de 2 plazas, se convierte en una pr\u00e1ctica cama gracias a su sistema de apertura f\u00e1cil y resistente, perfecto para invitados o para espacios reducidos. Tapizado en un tejido gris suave y duradero, cuenta con respaldo alto, cojines [&hellip;]<\/p>\n","protected":false},"featured_media":4360,"comment_status":"open","ping_status":"closed","template":"","meta":[],"product_brand":[],"product_cat":[51,560],"product_tag":[],"class_list":{"0":"post-4359","1":"product","2":"type-product","3":"status-publish","4":"has-post-thumbnail","6":"product_cat-muebles-es","7":"product_cat-sofas-cama","9":"first","10":"instock","11":"taxable","12":"shipping-taxable","13":"purchasable","14":"product-type-simple"},"acf":[],"yoast_head":"<!-- This site is optimized with the Yoast SEO plugin v27.4 - https:\/\/yoast.com\/product\/yoast-seo-wordpress\/ -->\n<title>Sof\u00e1 Cama Hydra de 2 Plazas con Almohadas -<\/title>\n<meta name=\"description\" content=\"Sof\u00e1 cama Hydra de 2 plazas en tejido gris. Pr\u00e1ctico, c\u00f3modo y moderno, con sistema de apertura f\u00e1cil y cojines decorativos incluidos.\" \/>\n<meta name=\"robots\" content=\"index, follow, max-snippet:-1, max-image-preview:large, max-video-preview:-1\" \/>\n<link rel=\"canonical\" href=\"https:\/\/gesmobles.cat\/es\/producto\/sofa-cama-sofa-cama-2-plazas-sofa-gris-sofa-convertible-sofa-funcional-sofa-tapizado-mobiliario-multifuncional-descanso-sofa-con-almohadas-salon-moderno\/\" \/>\n<meta property=\"og:locale\" content=\"es_ES\" \/>\n<meta property=\"og:type\" content=\"article\" \/>\n<meta property=\"og:title\" content=\"Sof\u00e1 Cama Hydra de 2 Plazas con Almohadas -\" \/>\n<meta property=\"og:description\" content=\"Sof\u00e1 cama Hydra de 2 plazas en tejido gris. Pr\u00e1ctico, c\u00f3modo y moderno, con sistema de apertura f\u00e1cil y cojines decorativos incluidos.\" \/>\n<meta property=\"og:url\" content=\"https:\/\/gesmobles.cat\/es\/producto\/sofa-cama-sofa-cama-2-plazas-sofa-gris-sofa-convertible-sofa-funcional-sofa-tapizado-mobiliario-multifuncional-descanso-sofa-con-almohadas-salon-moderno\/\" \/>\n<meta property=\"og:image\" content=\"https:\/\/gesmobles.cat\/wp-content\/uploads\/2025\/05\/hydra-scaled.webp\" \/>\n\t<meta property=\"og:image:width\" content=\"2560\" \/>\n\t<meta property=\"og:image:height\" content=\"1972\" \/>\n\t<meta property=\"og:image:type\" content=\"image\/webp\" \/>\n<meta name=\"twitter:card\" content=\"summary_large_image\" \/>\n<meta name=\"twitter:label1\" content=\"Tiempo de lectura\" \/>\n\t<meta name=\"twitter:data1\" content=\"1 minuto\" \/>\n<!-- \/ Yoast SEO plugin. -->","yoast_head_json":{"title":"Sof\u00e1 Cama Hydra de 2 Plazas con Almohadas -","description":"Sof\u00e1 cama Hydra de 2 plazas en tejido gris. Pr\u00e1ctico, c\u00f3modo y moderno, con sistema de apertura f\u00e1cil y cojines decorativos incluidos.","robots":{"index":"index","follow":"follow","max-snippet":"max-snippet:-1","max-image-preview":"max-image-preview:large","max-video-preview":"max-video-preview:-1"},"canonical":"https:\/\/gesmobles.cat\/es\/producto\/sofa-cama-sofa-cama-2-plazas-sofa-gris-sofa-convertible-sofa-funcional-sofa-tapizado-mobiliario-multifuncional-descanso-sofa-con-almohadas-salon-moderno\/","og_locale":"es_ES","og_type":"article","og_title":"Sof\u00e1 Cama Hydra de 2 Plazas con Almohadas -","og_description":"Sof\u00e1 cama Hydra de 2 plazas en tejido gris. Pr\u00e1ctico, c\u00f3modo y moderno, con sistema de apertura f\u00e1cil y cojines decorativos incluidos.","og_url":"https:\/\/gesmobles.cat\/es\/producto\/sofa-cama-sofa-cama-2-plazas-sofa-gris-sofa-convertible-sofa-funcional-sofa-tapizado-mobiliario-multifuncional-descanso-sofa-con-almohadas-salon-moderno\/","og_image":[{"width":2560,"height":1972,"url":"https:\/\/gesmobles.cat\/wp-content\/uploads\/2025\/05\/hydra-scaled.webp","type":"image\/webp"}],"twitter_card":"summary_large_image","twitter_misc":{"Tiempo de lectura":"1 minuto"},"schema":{"@context":"https:\/\/schema.org","@graph":[]}},"_links":{"self":[{"href":"https:\/\/gesmobles.cat\/es\/wp-json\/wp\/v2\/product\/4359","targetHints":{"allow":["GET"]}}],"collection":[{"href":"https:\/\/gesmobles.cat\/es\/wp-json\/wp\/v2\/product"}],"about":[{"href":"https:\/\/gesmobles.cat\/es\/wp-json\/wp\/v2\/types\/product"}],"replies":[{"embeddable":true,"href":"https:\/\/gesmobles.cat\/es\/wp-json\/wp\/v2\/comments?post=4359"}],"wp:featuredmedia":[{"embeddable":true,"href":"https:\/\/gesmobles.cat\/es\/wp-json\/wp\/v2\/media\/4360"}],"wp:attachment":[{"href":"https:\/\/gesmobles.cat\/es\/wp-json\/wp\/v2\/media?parent=4359"}],"wp:term":[{"taxonomy":"product_brand","embeddable":true,"href":"https:\/\/gesmobles.cat\/es\/wp-json\/wp\/v2\/product_brand?post=4359"},{"taxonomy":"product_cat","embeddable":true,"href":"https:\/\/gesmobles.cat\/es\/wp-json\/wp\/v2\/product_cat?post=4359"},{"taxonomy":"product_tag","embeddable":true,"href":"https:\/\/gesmobles.cat\/es\/wp-json\/wp\/v2\/product_tag?post=4359"}],"curies":[{"name":"wp","href":"https:\/\/api.w.org\/{rel}","templated":true}]}}