{"id":4377,"date":"2025-05-27T23:18:06","date_gmt":"2025-05-27T21:18:06","guid":{"rendered":"https:\/\/gesmobles.cat\/?post_type=product&#038;p=4377"},"modified":"2025-08-21T15:28:36","modified_gmt":"2025-08-21T13:28:36","slug":"sofa-cama-sofa-cama-3-plazas-sofa-gris-oscuro-sofa-moderno-sofa-tapizado-sofa-con-cojines-cama-auxiliar-sofa-funcional-descanso-salon-contemporaneo","status":"publish","type":"product","link":"https:\/\/gesmobles.cat\/es\/producto\/sofa-cama-sofa-cama-3-plazas-sofa-gris-oscuro-sofa-moderno-sofa-tapizado-sofa-con-cojines-cama-auxiliar-sofa-funcional-descanso-salon-contemporaneo\/","title":{"rendered":"Sof\u00e1 Cama Hawaii de 3 Plazas con Dise\u00f1o Acolchado"},"content":{"rendered":"<p>El sof\u00e1 cama Hawaii destaca por su est\u00e9tica moderna y su funcionalidad todo en uno. Con un dise\u00f1o acolchado de l\u00edneas rectas y elegantes, este sof\u00e1 de 3 plazas se transforma f\u00e1cilmente en una cama c\u00f3moda, perfecta para invitados o para uso diario. Su tapizado en tejido gris oscuro resistente y sus patas estilizadas aportan un toque contempor\u00e1neo a cualquier estancia. Adem\u00e1s, incluye dos cojines a juego que refuerzan el confort y el estilo. Ideal para hogares pr\u00e1cticos con buen gusto.<\/p>\n<p>Caracter\u00edsticas:<\/p>\n<p>Sof\u00e1 cama de 3 plazas.<\/p>\n<p>Dise\u00f1o acolchado con costuras decorativas.<\/p>\n<p>Tapizado en tejido gris oscuro.<\/p>\n<p>Sistema de apertura r\u00e1pido y f\u00e1cil.<\/p>\n<p>Incluye 2 cojines decorativos.<\/p>\n<p>Estructura moderna con patas altas.<\/p>\n","protected":false},"excerpt":{"rendered":"<p>El sof\u00e1 cama Hawaii destaca por su est\u00e9tica moderna y su funcionalidad todo en uno. Con un dise\u00f1o acolchado de l\u00edneas rectas y elegantes, este sof\u00e1 de 3 plazas se transforma f\u00e1cilmente en una cama c\u00f3moda, perfecta para invitados o para uso diario. Su tapizado en tejido gris oscuro resistente y sus patas estilizadas aportan [&hellip;]<\/p>\n","protected":false},"featured_media":4378,"comment_status":"open","ping_status":"closed","template":"","meta":[],"product_brand":[],"product_cat":[51,560],"product_tag":[],"class_list":{"0":"post-4377","1":"product","2":"type-product","3":"status-publish","4":"has-post-thumbnail","6":"product_cat-muebles-es","7":"product_cat-sofas-cama","9":"first","10":"instock","11":"taxable","12":"shipping-taxable","13":"purchasable","14":"product-type-simple"},"acf":[],"yoast_head":"<!-- This site is optimized with the Yoast SEO plugin v27.4 - https:\/\/yoast.com\/product\/yoast-seo-wordpress\/ -->\n<title>Sof\u00e1 Cama Hawaii de 3 Plazas con Dise\u00f1o Acolchado -<\/title>\n<meta name=\"description\" content=\"Sof\u00e1 cama Hawaii de 3 plazas con dise\u00f1o acolchado y tapizado gris oscuro. Moderno, c\u00f3modo y funcional, ideal para cualquier sal\u00f3n.\" \/>\n<meta name=\"robots\" content=\"index, follow, max-snippet:-1, max-image-preview:large, max-video-preview:-1\" \/>\n<link rel=\"canonical\" href=\"https:\/\/gesmobles.cat\/es\/producto\/sofa-cama-sofa-cama-3-plazas-sofa-gris-oscuro-sofa-moderno-sofa-tapizado-sofa-con-cojines-cama-auxiliar-sofa-funcional-descanso-salon-contemporaneo\/\" \/>\n<meta property=\"og:locale\" content=\"es_ES\" \/>\n<meta property=\"og:type\" content=\"article\" \/>\n<meta property=\"og:title\" content=\"Sof\u00e1 Cama Hawaii de 3 Plazas con Dise\u00f1o Acolchado -\" \/>\n<meta property=\"og:description\" content=\"Sof\u00e1 cama Hawaii de 3 plazas con dise\u00f1o acolchado y tapizado gris oscuro. Moderno, c\u00f3modo y funcional, ideal para cualquier sal\u00f3n.\" \/>\n<meta property=\"og:url\" content=\"https:\/\/gesmobles.cat\/es\/producto\/sofa-cama-sofa-cama-3-plazas-sofa-gris-oscuro-sofa-moderno-sofa-tapizado-sofa-con-cojines-cama-auxiliar-sofa-funcional-descanso-salon-contemporaneo\/\" \/>\n<meta property=\"article:modified_time\" content=\"2025-08-21T13:28:36+00:00\" \/>\n<meta property=\"og:image\" content=\"https:\/\/gesmobles.cat\/wp-content\/uploads\/2025\/05\/hawaii-3-scaled.webp\" \/>\n\t<meta property=\"og:image:width\" content=\"2560\" \/>\n\t<meta property=\"og:image:height\" content=\"1972\" \/>\n\t<meta property=\"og:image:type\" content=\"image\/webp\" \/>\n<meta name=\"twitter:card\" content=\"summary_large_image\" \/>\n<meta name=\"twitter:label1\" content=\"Tiempo de lectura\" \/>\n\t<meta name=\"twitter:data1\" content=\"1 minuto\" \/>\n<!-- \/ Yoast SEO plugin. -->","yoast_head_json":{"title":"Sof\u00e1 Cama Hawaii de 3 Plazas con Dise\u00f1o Acolchado -","description":"Sof\u00e1 cama Hawaii de 3 plazas con dise\u00f1o acolchado y tapizado gris oscuro. Moderno, c\u00f3modo y funcional, ideal para cualquier sal\u00f3n.","robots":{"index":"index","follow":"follow","max-snippet":"max-snippet:-1","max-image-preview":"max-image-preview:large","max-video-preview":"max-video-preview:-1"},"canonical":"https:\/\/gesmobles.cat\/es\/producto\/sofa-cama-sofa-cama-3-plazas-sofa-gris-oscuro-sofa-moderno-sofa-tapizado-sofa-con-cojines-cama-auxiliar-sofa-funcional-descanso-salon-contemporaneo\/","og_locale":"es_ES","og_type":"article","og_title":"Sof\u00e1 Cama Hawaii de 3 Plazas con Dise\u00f1o Acolchado -","og_description":"Sof\u00e1 cama Hawaii de 3 plazas con dise\u00f1o acolchado y tapizado gris oscuro. Moderno, c\u00f3modo y funcional, ideal para cualquier sal\u00f3n.","og_url":"https:\/\/gesmobles.cat\/es\/producto\/sofa-cama-sofa-cama-3-plazas-sofa-gris-oscuro-sofa-moderno-sofa-tapizado-sofa-con-cojines-cama-auxiliar-sofa-funcional-descanso-salon-contemporaneo\/","article_modified_time":"2025-08-21T13:28:36+00:00","og_image":[{"width":2560,"height":1972,"url":"https:\/\/gesmobles.cat\/wp-content\/uploads\/2025\/05\/hawaii-3-scaled.webp","type":"image\/webp"}],"twitter_card":"summary_large_image","twitter_misc":{"Tiempo de lectura":"1 minuto"},"schema":{"@context":"https:\/\/schema.org","@graph":[]}},"_links":{"self":[{"href":"https:\/\/gesmobles.cat\/es\/wp-json\/wp\/v2\/product\/4377","targetHints":{"allow":["GET"]}}],"collection":[{"href":"https:\/\/gesmobles.cat\/es\/wp-json\/wp\/v2\/product"}],"about":[{"href":"https:\/\/gesmobles.cat\/es\/wp-json\/wp\/v2\/types\/product"}],"replies":[{"embeddable":true,"href":"https:\/\/gesmobles.cat\/es\/wp-json\/wp\/v2\/comments?post=4377"}],"wp:featuredmedia":[{"embeddable":true,"href":"https:\/\/gesmobles.cat\/es\/wp-json\/wp\/v2\/media\/4378"}],"wp:attachment":[{"href":"https:\/\/gesmobles.cat\/es\/wp-json\/wp\/v2\/media?parent=4377"}],"wp:term":[{"taxonomy":"product_brand","embeddable":true,"href":"https:\/\/gesmobles.cat\/es\/wp-json\/wp\/v2\/product_brand?post=4377"},{"taxonomy":"product_cat","embeddable":true,"href":"https:\/\/gesmobles.cat\/es\/wp-json\/wp\/v2\/product_cat?post=4377"},{"taxonomy":"product_tag","embeddable":true,"href":"https:\/\/gesmobles.cat\/es\/wp-json\/wp\/v2\/product_tag?post=4377"}],"curies":[{"name":"wp","href":"https:\/\/api.w.org\/{rel}","templated":true}]}}