{"id":4500,"date":"2025-06-06T22:17:47","date_gmt":"2025-06-06T20:17:47","guid":{"rendered":"https:\/\/gesmobles.cat\/?post_type=product&#038;p=4500"},"modified":"2025-08-21T15:23:00","modified_gmt":"2025-08-21T13:23:00","slug":"zapatero-alto-zapatero-nordico-zapatero-madera-natural-zapatero-con-puertas-de-lamas-zapatero-con-patas-negras-zapatero-decorativo-mueble-recibidor-zapatero-moderno-organizacion-calzado-zapat","status":"publish","type":"product","link":"https:\/\/gesmobles.cat\/es\/producto\/zapatero-alto-zapatero-nordico-zapatero-madera-natural-zapatero-con-puertas-de-lamas-zapatero-con-patas-negras-zapatero-decorativo-mueble-recibidor-zapatero-moderno-organizacion-calzado-zapat\/","title":{"rendered":"Zapatero alto estilo n\u00f3rdico con puertas de lamas y patas met\u00e1licas"},"content":{"rendered":"<p>Este zapatero de dise\u00f1o n\u00f3rdico destaca por su elegante acabado en madera natural con puertas de lamas verticales y patas met\u00e1licas negras en forma inclinada, que elevan visualmente el mueble y le aportan un toque moderno y ligero.<\/p>\n<p>En su interior encontrar\u00e1s 4 amplios estantes para organizar calzado de todo tipo: desde zapatillas hasta botas bajas. Las puertas con tiradores met\u00e1licos en negro combinan funcionalidad y estilo, convirtiendo este mueble en una soluci\u00f3n ideal para entradas, recibidores o dormitorios.<\/p>\n<p>Su dise\u00f1o vers\u00e1til y su presencia decorativa lo convierten en una pieza que no solo ordena, sino que realza el espacio.<\/p>\n","protected":false},"excerpt":{"rendered":"<p>Este zapatero de dise\u00f1o n\u00f3rdico destaca por su elegante acabado en madera natural con puertas de lamas verticales y patas met\u00e1licas negras en forma inclinada, que elevan visualmente el mueble y le aportan un toque moderno y ligero. En su interior encontrar\u00e1s 4 amplios estantes para organizar calzado de todo tipo: desde zapatillas hasta botas [&hellip;]<\/p>\n","protected":false},"featured_media":4501,"comment_status":"open","ping_status":"closed","template":"","meta":[],"product_brand":[],"product_cat":[51,583],"product_tag":[],"class_list":{"0":"post-4500","1":"product","2":"type-product","3":"status-publish","4":"has-post-thumbnail","6":"product_cat-muebles-es","7":"product_cat-zapateros","9":"first","10":"instock","11":"taxable","12":"shipping-taxable","13":"purchasable","14":"product-type-simple"},"acf":[],"yoast_head":"<!-- This site is optimized with the Yoast SEO plugin v27.4 - https:\/\/yoast.com\/product\/yoast-seo-wordpress\/ -->\n<title>Zapatero alto estilo n\u00f3rdico con puertas de lamas y patas met\u00e1licas -<\/title>\n<meta name=\"description\" content=\"Zapatero alto estilo n\u00f3rdico con puertas de lamas y patas met\u00e1licas negras. Dise\u00f1o elegante y funcional para organizar tu calzado con estilo.\" \/>\n<meta name=\"robots\" content=\"index, follow, max-snippet:-1, max-image-preview:large, max-video-preview:-1\" \/>\n<link rel=\"canonical\" href=\"https:\/\/gesmobles.cat\/es\/producto\/zapatero-alto-zapatero-nordico-zapatero-madera-natural-zapatero-con-puertas-de-lamas-zapatero-con-patas-negras-zapatero-decorativo-mueble-recibidor-zapatero-moderno-organizacion-calzado-zapat\/\" \/>\n<meta property=\"og:locale\" content=\"es_ES\" \/>\n<meta property=\"og:type\" content=\"article\" \/>\n<meta property=\"og:title\" content=\"Zapatero alto estilo n\u00f3rdico con puertas de lamas y patas met\u00e1licas -\" \/>\n<meta property=\"og:description\" content=\"Zapatero alto estilo n\u00f3rdico con puertas de lamas y patas met\u00e1licas negras. Dise\u00f1o elegante y funcional para organizar tu calzado con estilo.\" \/>\n<meta property=\"og:url\" content=\"https:\/\/gesmobles.cat\/es\/producto\/zapatero-alto-zapatero-nordico-zapatero-madera-natural-zapatero-con-puertas-de-lamas-zapatero-con-patas-negras-zapatero-decorativo-mueble-recibidor-zapatero-moderno-organizacion-calzado-zapat\/\" \/>\n<meta property=\"article:modified_time\" content=\"2025-08-21T13:23:00+00:00\" \/>\n<meta property=\"og:image\" content=\"https:\/\/gesmobles.cat\/wp-content\/uploads\/2025\/06\/captura-de-pantalla-2025-06-06-221246.png\" \/>\n\t<meta property=\"og:image:width\" content=\"868\" \/>\n\t<meta property=\"og:image:height\" content=\"667\" \/>\n\t<meta property=\"og:image:type\" content=\"image\/png\" \/>\n<meta name=\"twitter:card\" content=\"summary_large_image\" \/>\n<meta name=\"twitter:label1\" content=\"Tiempo de lectura\" \/>\n\t<meta name=\"twitter:data1\" content=\"1 minuto\" \/>\n<!-- \/ Yoast SEO plugin. -->","yoast_head_json":{"title":"Zapatero alto estilo n\u00f3rdico con puertas de lamas y patas met\u00e1licas -","description":"Zapatero alto estilo n\u00f3rdico con puertas de lamas y patas met\u00e1licas negras. Dise\u00f1o elegante y funcional para organizar tu calzado con estilo.","robots":{"index":"index","follow":"follow","max-snippet":"max-snippet:-1","max-image-preview":"max-image-preview:large","max-video-preview":"max-video-preview:-1"},"canonical":"https:\/\/gesmobles.cat\/es\/producto\/zapatero-alto-zapatero-nordico-zapatero-madera-natural-zapatero-con-puertas-de-lamas-zapatero-con-patas-negras-zapatero-decorativo-mueble-recibidor-zapatero-moderno-organizacion-calzado-zapat\/","og_locale":"es_ES","og_type":"article","og_title":"Zapatero alto estilo n\u00f3rdico con puertas de lamas y patas met\u00e1licas -","og_description":"Zapatero alto estilo n\u00f3rdico con puertas de lamas y patas met\u00e1licas negras. Dise\u00f1o elegante y funcional para organizar tu calzado con estilo.","og_url":"https:\/\/gesmobles.cat\/es\/producto\/zapatero-alto-zapatero-nordico-zapatero-madera-natural-zapatero-con-puertas-de-lamas-zapatero-con-patas-negras-zapatero-decorativo-mueble-recibidor-zapatero-moderno-organizacion-calzado-zapat\/","article_modified_time":"2025-08-21T13:23:00+00:00","og_image":[{"width":868,"height":667,"url":"https:\/\/gesmobles.cat\/wp-content\/uploads\/2025\/06\/captura-de-pantalla-2025-06-06-221246.png","type":"image\/png"}],"twitter_card":"summary_large_image","twitter_misc":{"Tiempo de lectura":"1 minuto"},"schema":{"@context":"https:\/\/schema.org","@graph":[]}},"_links":{"self":[{"href":"https:\/\/gesmobles.cat\/es\/wp-json\/wp\/v2\/product\/4500","targetHints":{"allow":["GET"]}}],"collection":[{"href":"https:\/\/gesmobles.cat\/es\/wp-json\/wp\/v2\/product"}],"about":[{"href":"https:\/\/gesmobles.cat\/es\/wp-json\/wp\/v2\/types\/product"}],"replies":[{"embeddable":true,"href":"https:\/\/gesmobles.cat\/es\/wp-json\/wp\/v2\/comments?post=4500"}],"wp:featuredmedia":[{"embeddable":true,"href":"https:\/\/gesmobles.cat\/es\/wp-json\/wp\/v2\/media\/4501"}],"wp:attachment":[{"href":"https:\/\/gesmobles.cat\/es\/wp-json\/wp\/v2\/media?parent=4500"}],"wp:term":[{"taxonomy":"product_brand","embeddable":true,"href":"https:\/\/gesmobles.cat\/es\/wp-json\/wp\/v2\/product_brand?post=4500"},{"taxonomy":"product_cat","embeddable":true,"href":"https:\/\/gesmobles.cat\/es\/wp-json\/wp\/v2\/product_cat?post=4500"},{"taxonomy":"product_tag","embeddable":true,"href":"https:\/\/gesmobles.cat\/es\/wp-json\/wp\/v2\/product_tag?post=4500"}],"curies":[{"name":"wp","href":"https:\/\/api.w.org\/{rel}","templated":true}]}}