{"id":4531,"date":"2025-06-12T22:52:14","date_gmt":"2025-06-12T20:52:14","guid":{"rendered":"https:\/\/gesmobles.cat\/?post_type=product&#038;p=4531"},"modified":"2026-01-28T18:57:07","modified_gmt":"2026-01-28T16:57:07","slug":"litera-infantil-cama-litera-madera-litera-doble-ninos-dormitorio-infantil-litera-madera-natural-cama-alta-infantil-litera-pequena-habitacion-cama-litera-segura-habitacion-compartida-mueble-in","status":"publish","type":"product","link":"https:\/\/gesmobles.cat\/es\/producto\/litera-infantil-cama-litera-madera-litera-doble-ninos-dormitorio-infantil-litera-madera-natural-cama-alta-infantil-litera-pequena-habitacion-cama-litera-segura-habitacion-compartida-mueble-in\/","title":{"rendered":"Litera infantil de madera natural PREMIER"},"content":{"rendered":"<p>Aprovecha al m\u00e1ximo el espacio en la habitaci\u00f3n de los peques con esta litera infantil fabricada en madera natural. Su dise\u00f1o sencillo, funcional y resistente la convierte en una opci\u00f3n ideal para dormitorios compartidos o cuartos de invitados. Con estructura robusta y barandilla de seguridad en la cama superior, ofrece un entorno seguro y c\u00f3modo para descansar y jugar. Incluye escalera lateral integrada y acabados suaves que aportan calidez al ambiente.<\/p>\n<p>Perfecta para colchones est\u00e1ndar de 90&#215;190 cm (no incluidos), esta litera se adapta a diferentes estilos de decoraci\u00f3n gracias a su tono claro y natural. A\u00f1ade un toque alegre con textiles coloridos y crea un espacio acogedor que tus hijos adorar\u00e1n.<\/p>\n","protected":false},"excerpt":{"rendered":"<p>Aprovecha al m\u00e1ximo el espacio en la habitaci\u00f3n de los peques con esta litera infantil fabricada en madera natural. Su dise\u00f1o sencillo, funcional y resistente la convierte en una opci\u00f3n ideal para dormitorios compartidos o cuartos de invitados. Con estructura robusta y barandilla de seguridad en la cama superior, ofrece un entorno seguro y c\u00f3modo [&hellip;]<\/p>\n","protected":false},"featured_media":4532,"comment_status":"open","ping_status":"closed","template":"","meta":[],"product_brand":[],"product_cat":[51,908],"product_tag":[],"class_list":{"0":"post-4531","1":"product","2":"type-product","3":"status-publish","4":"has-post-thumbnail","6":"product_cat-muebles-es","7":"product_cat-dormitorios","9":"first","10":"instock","11":"taxable","12":"shipping-taxable","13":"purchasable","14":"product-type-simple"},"acf":[],"yoast_head":"<!-- This site is optimized with the Yoast SEO plugin v27.4 - https:\/\/yoast.com\/product\/yoast-seo-wordpress\/ -->\n<title>Litera infantil de madera natural PREMIER -<\/title>\n<meta name=\"description\" content=\"Litera infantil de madera natural con dise\u00f1o sencillo y resistente. Ideal para habitaciones compartidas, con barandilla de seguridad y escalera integrada.\" \/>\n<meta name=\"robots\" content=\"index, follow, max-snippet:-1, max-image-preview:large, max-video-preview:-1\" \/>\n<link rel=\"canonical\" href=\"https:\/\/gesmobles.cat\/es\/producto\/litera-infantil-cama-litera-madera-litera-doble-ninos-dormitorio-infantil-litera-madera-natural-cama-alta-infantil-litera-pequena-habitacion-cama-litera-segura-habitacion-compartida-mueble-in\/\" \/>\n<meta property=\"og:locale\" content=\"es_ES\" \/>\n<meta property=\"og:type\" content=\"article\" \/>\n<meta property=\"og:title\" content=\"Litera infantil de madera natural PREMIER -\" \/>\n<meta property=\"og:description\" content=\"Litera infantil de madera natural con dise\u00f1o sencillo y resistente. Ideal para habitaciones compartidas, con barandilla de seguridad y escalera integrada.\" \/>\n<meta property=\"og:url\" content=\"https:\/\/gesmobles.cat\/es\/producto\/litera-infantil-cama-litera-madera-litera-doble-ninos-dormitorio-infantil-litera-madera-natural-cama-alta-infantil-litera-pequena-habitacion-cama-litera-segura-habitacion-compartida-mueble-in\/\" \/>\n<meta property=\"article:modified_time\" content=\"2026-01-28T16:57:07+00:00\" \/>\n<meta property=\"og:image\" content=\"https:\/\/gesmobles.cat\/wp-content\/uploads\/2025\/06\/captura-de-pantalla-2025-06-12-224122.png\" \/>\n\t<meta property=\"og:image:width\" content=\"1182\" \/>\n\t<meta property=\"og:image:height\" content=\"818\" \/>\n\t<meta property=\"og:image:type\" content=\"image\/png\" \/>\n<meta name=\"twitter:card\" content=\"summary_large_image\" \/>\n<meta name=\"twitter:label1\" content=\"Tiempo de lectura\" \/>\n\t<meta name=\"twitter:data1\" content=\"1 minuto\" \/>\n<!-- \/ Yoast SEO plugin. -->","yoast_head_json":{"title":"Litera infantil de madera natural PREMIER -","description":"Litera infantil de madera natural con dise\u00f1o sencillo y resistente. Ideal para habitaciones compartidas, con barandilla de seguridad y escalera integrada.","robots":{"index":"index","follow":"follow","max-snippet":"max-snippet:-1","max-image-preview":"max-image-preview:large","max-video-preview":"max-video-preview:-1"},"canonical":"https:\/\/gesmobles.cat\/es\/producto\/litera-infantil-cama-litera-madera-litera-doble-ninos-dormitorio-infantil-litera-madera-natural-cama-alta-infantil-litera-pequena-habitacion-cama-litera-segura-habitacion-compartida-mueble-in\/","og_locale":"es_ES","og_type":"article","og_title":"Litera infantil de madera natural PREMIER -","og_description":"Litera infantil de madera natural con dise\u00f1o sencillo y resistente. Ideal para habitaciones compartidas, con barandilla de seguridad y escalera integrada.","og_url":"https:\/\/gesmobles.cat\/es\/producto\/litera-infantil-cama-litera-madera-litera-doble-ninos-dormitorio-infantil-litera-madera-natural-cama-alta-infantil-litera-pequena-habitacion-cama-litera-segura-habitacion-compartida-mueble-in\/","article_modified_time":"2026-01-28T16:57:07+00:00","og_image":[{"width":1182,"height":818,"url":"https:\/\/gesmobles.cat\/wp-content\/uploads\/2025\/06\/captura-de-pantalla-2025-06-12-224122.png","type":"image\/png"}],"twitter_card":"summary_large_image","twitter_misc":{"Tiempo de lectura":"1 minuto"},"schema":{"@context":"https:\/\/schema.org","@graph":[]}},"_links":{"self":[{"href":"https:\/\/gesmobles.cat\/es\/wp-json\/wp\/v2\/product\/4531","targetHints":{"allow":["GET"]}}],"collection":[{"href":"https:\/\/gesmobles.cat\/es\/wp-json\/wp\/v2\/product"}],"about":[{"href":"https:\/\/gesmobles.cat\/es\/wp-json\/wp\/v2\/types\/product"}],"replies":[{"embeddable":true,"href":"https:\/\/gesmobles.cat\/es\/wp-json\/wp\/v2\/comments?post=4531"}],"wp:featuredmedia":[{"embeddable":true,"href":"https:\/\/gesmobles.cat\/es\/wp-json\/wp\/v2\/media\/4532"}],"wp:attachment":[{"href":"https:\/\/gesmobles.cat\/es\/wp-json\/wp\/v2\/media?parent=4531"}],"wp:term":[{"taxonomy":"product_brand","embeddable":true,"href":"https:\/\/gesmobles.cat\/es\/wp-json\/wp\/v2\/product_brand?post=4531"},{"taxonomy":"product_cat","embeddable":true,"href":"https:\/\/gesmobles.cat\/es\/wp-json\/wp\/v2\/product_cat?post=4531"},{"taxonomy":"product_tag","embeddable":true,"href":"https:\/\/gesmobles.cat\/es\/wp-json\/wp\/v2\/product_tag?post=4531"}],"curies":[{"name":"wp","href":"https:\/\/api.w.org\/{rel}","templated":true}]}}