{"id":4549,"date":"2025-06-12T23:09:43","date_gmt":"2025-06-12T21:09:43","guid":{"rendered":"https:\/\/gesmobles.cat\/?post_type=product&#038;p=4549"},"modified":"2026-01-28T18:55:59","modified_gmt":"2026-01-28T16:55:59","slug":"litera-infantil-blanca-cama-litera-madera-blanca-litera-doble-blanca-dormitorio-infantil-litera-con-barrotes-litera-segura-ninos-litera-madera-juvenil-cama-alta-blanca-litera-diseno-clasico-l","status":"publish","type":"product","link":"https:\/\/gesmobles.cat\/es\/producto\/litera-infantil-blanca-cama-litera-madera-blanca-litera-doble-blanca-dormitorio-infantil-litera-con-barrotes-litera-segura-ninos-litera-madera-juvenil-cama-alta-blanca-litera-diseno-clasico-l\/","title":{"rendered":"Litera infantil blanca PACHA"},"content":{"rendered":"<p>Esta litera infantil blanca es la soluci\u00f3n perfecta para dormitorios compartidos o habitaciones con poco espacio. Fabricada en madera maciza con acabado lacado blanco, su dise\u00f1o cl\u00e1sico con barrotes verticales aporta elegancia y seguridad al mismo tiempo.<\/p>\n<p>Equipada con escalera integrada y barandilla protectora en la cama superior, garantiza un descanso seguro para los m\u00e1s peque\u00f1os. Ideal para colchones de 90&#215;190 cm (no incluidos), es f\u00e1cil de combinar con cualquier estilo decorativo, desde los m\u00e1s modernos hasta los m\u00e1s tradicionales.<\/p>\n<p>Un mueble funcional, estable y duradero que har\u00e1 m\u00e1s f\u00e1cil el d\u00eda a d\u00eda en habitaciones infantiles o juveniles.<\/p>\n","protected":false},"excerpt":{"rendered":"<p>Esta litera infantil blanca es la soluci\u00f3n perfecta para dormitorios compartidos o habitaciones con poco espacio. Fabricada en madera maciza con acabado lacado blanco, su dise\u00f1o cl\u00e1sico con barrotes verticales aporta elegancia y seguridad al mismo tiempo. Equipada con escalera integrada y barandilla protectora en la cama superior, garantiza un descanso seguro para los m\u00e1s [&hellip;]<\/p>\n","protected":false},"featured_media":4543,"comment_status":"open","ping_status":"closed","template":"","meta":[],"product_brand":[],"product_cat":[51],"product_tag":[],"class_list":{"0":"post-4549","1":"product","2":"type-product","3":"status-publish","4":"has-post-thumbnail","6":"product_cat-muebles-es","8":"first","9":"instock","10":"taxable","11":"shipping-taxable","12":"purchasable","13":"product-type-simple"},"acf":[],"yoast_head":"<!-- This site is optimized with the Yoast SEO plugin v27.4 - https:\/\/yoast.com\/product\/yoast-seo-wordpress\/ -->\n<title>Litera infantil blanca PACHA -<\/title>\n<meta name=\"description\" content=\"Litera blanca infantil de madera maciza con barrotes verticales, escalera integrada y barandilla de seguridad. Estilo cl\u00e1sico, funcional y resistente.\" \/>\n<meta name=\"robots\" content=\"index, follow, max-snippet:-1, max-image-preview:large, max-video-preview:-1\" \/>\n<link rel=\"canonical\" href=\"https:\/\/gesmobles.cat\/es\/producto\/litera-infantil-blanca-cama-litera-madera-blanca-litera-doble-blanca-dormitorio-infantil-litera-con-barrotes-litera-segura-ninos-litera-madera-juvenil-cama-alta-blanca-litera-diseno-clasico-l\/\" \/>\n<meta property=\"og:locale\" content=\"es_ES\" \/>\n<meta property=\"og:type\" content=\"article\" \/>\n<meta property=\"og:title\" content=\"Litera infantil blanca PACHA -\" \/>\n<meta property=\"og:description\" content=\"Litera blanca infantil de madera maciza con barrotes verticales, escalera integrada y barandilla de seguridad. Estilo cl\u00e1sico, funcional y resistente.\" \/>\n<meta property=\"og:url\" content=\"https:\/\/gesmobles.cat\/es\/producto\/litera-infantil-blanca-cama-litera-madera-blanca-litera-doble-blanca-dormitorio-infantil-litera-con-barrotes-litera-segura-ninos-litera-madera-juvenil-cama-alta-blanca-litera-diseno-clasico-l\/\" \/>\n<meta property=\"article:modified_time\" content=\"2026-01-28T16:55:59+00:00\" \/>\n<meta property=\"og:image\" content=\"https:\/\/gesmobles.cat\/wp-content\/uploads\/2025\/06\/captura-de-pantalla-2025-06-12-230117.png\" \/>\n\t<meta property=\"og:image:width\" content=\"1190\" \/>\n\t<meta property=\"og:image:height\" content=\"752\" \/>\n\t<meta property=\"og:image:type\" content=\"image\/png\" \/>\n<meta name=\"twitter:card\" content=\"summary_large_image\" \/>\n<meta name=\"twitter:label1\" content=\"Tiempo de lectura\" \/>\n\t<meta name=\"twitter:data1\" content=\"1 minuto\" \/>\n<!-- \/ Yoast SEO plugin. -->","yoast_head_json":{"title":"Litera infantil blanca PACHA -","description":"Litera blanca infantil de madera maciza con barrotes verticales, escalera integrada y barandilla de seguridad. Estilo cl\u00e1sico, funcional y resistente.","robots":{"index":"index","follow":"follow","max-snippet":"max-snippet:-1","max-image-preview":"max-image-preview:large","max-video-preview":"max-video-preview:-1"},"canonical":"https:\/\/gesmobles.cat\/es\/producto\/litera-infantil-blanca-cama-litera-madera-blanca-litera-doble-blanca-dormitorio-infantil-litera-con-barrotes-litera-segura-ninos-litera-madera-juvenil-cama-alta-blanca-litera-diseno-clasico-l\/","og_locale":"es_ES","og_type":"article","og_title":"Litera infantil blanca PACHA -","og_description":"Litera blanca infantil de madera maciza con barrotes verticales, escalera integrada y barandilla de seguridad. Estilo cl\u00e1sico, funcional y resistente.","og_url":"https:\/\/gesmobles.cat\/es\/producto\/litera-infantil-blanca-cama-litera-madera-blanca-litera-doble-blanca-dormitorio-infantil-litera-con-barrotes-litera-segura-ninos-litera-madera-juvenil-cama-alta-blanca-litera-diseno-clasico-l\/","article_modified_time":"2026-01-28T16:55:59+00:00","og_image":[{"width":1190,"height":752,"url":"https:\/\/gesmobles.cat\/wp-content\/uploads\/2025\/06\/captura-de-pantalla-2025-06-12-230117.png","type":"image\/png"}],"twitter_card":"summary_large_image","twitter_misc":{"Tiempo de lectura":"1 minuto"},"schema":{"@context":"https:\/\/schema.org","@graph":[]}},"_links":{"self":[{"href":"https:\/\/gesmobles.cat\/es\/wp-json\/wp\/v2\/product\/4549","targetHints":{"allow":["GET"]}}],"collection":[{"href":"https:\/\/gesmobles.cat\/es\/wp-json\/wp\/v2\/product"}],"about":[{"href":"https:\/\/gesmobles.cat\/es\/wp-json\/wp\/v2\/types\/product"}],"replies":[{"embeddable":true,"href":"https:\/\/gesmobles.cat\/es\/wp-json\/wp\/v2\/comments?post=4549"}],"wp:featuredmedia":[{"embeddable":true,"href":"https:\/\/gesmobles.cat\/es\/wp-json\/wp\/v2\/media\/4543"}],"wp:attachment":[{"href":"https:\/\/gesmobles.cat\/es\/wp-json\/wp\/v2\/media?parent=4549"}],"wp:term":[{"taxonomy":"product_brand","embeddable":true,"href":"https:\/\/gesmobles.cat\/es\/wp-json\/wp\/v2\/product_brand?post=4549"},{"taxonomy":"product_cat","embeddable":true,"href":"https:\/\/gesmobles.cat\/es\/wp-json\/wp\/v2\/product_cat?post=4549"},{"taxonomy":"product_tag","embeddable":true,"href":"https:\/\/gesmobles.cat\/es\/wp-json\/wp\/v2\/product_tag?post=4549"}],"curies":[{"name":"wp","href":"https:\/\/api.w.org\/{rel}","templated":true}]}}