{"id":4550,"date":"2025-06-12T23:21:00","date_gmt":"2025-06-12T21:21:00","guid":{"rendered":"https:\/\/gesmobles.cat\/?post_type=product&#038;p=4550"},"modified":"2026-01-28T18:52:28","modified_gmt":"2026-01-28T16:52:28","slug":"litera-metalica-blanca-litera-convertible-en-camas-litera-dos-camas-individuales-cama-litera-acero-litera-blanca-90x190-litera-desmontable-habitacion-juvenil-litera-resistente-litera-moderna","status":"publish","type":"product","link":"https:\/\/gesmobles.cat\/es\/producto\/litera-metalica-blanca-litera-convertible-en-camas-litera-dos-camas-individuales-cama-litera-acero-litera-blanca-90x190-litera-desmontable-habitacion-juvenil-litera-resistente-litera-moderna\/","title":{"rendered":"Litera met\u00e1lica blanca convertible en dos camas individuales"},"content":{"rendered":"<p>Esta pr\u00e1ctica litera met\u00e1lica en color blanco combina funcionalidad, dise\u00f1o moderno y versatilidad. Su estructura resistente de acero permite usarla como litera o separarla f\u00e1cilmente en dos camas individuales, adapt\u00e1ndose a las necesidades cambiantes de tu hogar.<\/p>\n<p>Incluye escalera integrada y barandilla de seguridad en la cama superior para garantizar un descanso seguro. Gracias a su dise\u00f1o limpio y minimalista, encaja perfectamente en habitaciones juveniles, infantiles o de invitados. Compatible con colchones de 90&#215;190 cm (no incluidos), es una soluci\u00f3n perfecta para aprovechar el espacio sin renunciar al estilo.<\/p>\n","protected":false},"excerpt":{"rendered":"<p>Esta pr\u00e1ctica litera met\u00e1lica en color blanco combina funcionalidad, dise\u00f1o moderno y versatilidad. Su estructura resistente de acero permite usarla como litera o separarla f\u00e1cilmente en dos camas individuales, adapt\u00e1ndose a las necesidades cambiantes de tu hogar. Incluye escalera integrada y barandilla de seguridad en la cama superior para garantizar un descanso seguro. Gracias a [&hellip;]<\/p>\n","protected":false},"featured_media":4555,"comment_status":"open","ping_status":"closed","template":"","meta":[],"product_brand":[],"product_cat":[51,908],"product_tag":[],"class_list":{"0":"post-4550","1":"product","2":"type-product","3":"status-publish","4":"has-post-thumbnail","6":"product_cat-muebles-es","7":"product_cat-dormitorios","9":"first","10":"instock","11":"taxable","12":"shipping-taxable","13":"purchasable","14":"product-type-simple"},"acf":[],"yoast_head":"<!-- This site is optimized with the Yoast SEO plugin v27.4 - https:\/\/yoast.com\/product\/yoast-seo-wordpress\/ -->\n<title>Litera met\u00e1lica blanca convertible en dos camas individuales -<\/title>\n<meta name=\"description\" content=\"Litera met\u00e1lica blanca convertible en dos camas individuales. Estructura resistente de acero, barandilla y escalera integrada. Ideal para colchones 90x190 cm.\" \/>\n<meta name=\"robots\" content=\"index, follow, max-snippet:-1, max-image-preview:large, max-video-preview:-1\" \/>\n<link rel=\"canonical\" href=\"https:\/\/gesmobles.cat\/es\/producto\/litera-metalica-blanca-litera-convertible-en-camas-litera-dos-camas-individuales-cama-litera-acero-litera-blanca-90x190-litera-desmontable-habitacion-juvenil-litera-resistente-litera-moderna\/\" \/>\n<meta property=\"og:locale\" content=\"es_ES\" \/>\n<meta property=\"og:type\" content=\"article\" \/>\n<meta property=\"og:title\" content=\"Litera met\u00e1lica blanca convertible en dos camas individuales -\" \/>\n<meta property=\"og:description\" content=\"Litera met\u00e1lica blanca convertible en dos camas individuales. Estructura resistente de acero, barandilla y escalera integrada. Ideal para colchones 90x190 cm.\" \/>\n<meta property=\"og:url\" content=\"https:\/\/gesmobles.cat\/es\/producto\/litera-metalica-blanca-litera-convertible-en-camas-litera-dos-camas-individuales-cama-litera-acero-litera-blanca-90x190-litera-desmontable-habitacion-juvenil-litera-resistente-litera-moderna\/\" \/>\n<meta property=\"article:modified_time\" content=\"2026-01-28T16:52:28+00:00\" \/>\n<meta property=\"og:image\" content=\"https:\/\/gesmobles.cat\/wp-content\/uploads\/2025\/06\/litera-mediterraneo-3-scaled.webp\" \/>\n\t<meta property=\"og:image:width\" content=\"2560\" \/>\n\t<meta property=\"og:image:height\" content=\"1972\" \/>\n\t<meta property=\"og:image:type\" content=\"image\/webp\" \/>\n<meta name=\"twitter:card\" content=\"summary_large_image\" \/>\n<meta name=\"twitter:label1\" content=\"Tiempo de lectura\" \/>\n\t<meta name=\"twitter:data1\" content=\"1 minuto\" \/>\n<!-- \/ Yoast SEO plugin. -->","yoast_head_json":{"title":"Litera met\u00e1lica blanca convertible en dos camas individuales -","description":"Litera met\u00e1lica blanca convertible en dos camas individuales. Estructura resistente de acero, barandilla y escalera integrada. Ideal para colchones 90x190 cm.","robots":{"index":"index","follow":"follow","max-snippet":"max-snippet:-1","max-image-preview":"max-image-preview:large","max-video-preview":"max-video-preview:-1"},"canonical":"https:\/\/gesmobles.cat\/es\/producto\/litera-metalica-blanca-litera-convertible-en-camas-litera-dos-camas-individuales-cama-litera-acero-litera-blanca-90x190-litera-desmontable-habitacion-juvenil-litera-resistente-litera-moderna\/","og_locale":"es_ES","og_type":"article","og_title":"Litera met\u00e1lica blanca convertible en dos camas individuales -","og_description":"Litera met\u00e1lica blanca convertible en dos camas individuales. Estructura resistente de acero, barandilla y escalera integrada. Ideal para colchones 90x190 cm.","og_url":"https:\/\/gesmobles.cat\/es\/producto\/litera-metalica-blanca-litera-convertible-en-camas-litera-dos-camas-individuales-cama-litera-acero-litera-blanca-90x190-litera-desmontable-habitacion-juvenil-litera-resistente-litera-moderna\/","article_modified_time":"2026-01-28T16:52:28+00:00","og_image":[{"width":2560,"height":1972,"url":"https:\/\/gesmobles.cat\/wp-content\/uploads\/2025\/06\/litera-mediterraneo-3-scaled.webp","type":"image\/webp"}],"twitter_card":"summary_large_image","twitter_misc":{"Tiempo de lectura":"1 minuto"},"schema":{"@context":"https:\/\/schema.org","@graph":[]}},"_links":{"self":[{"href":"https:\/\/gesmobles.cat\/es\/wp-json\/wp\/v2\/product\/4550","targetHints":{"allow":["GET"]}}],"collection":[{"href":"https:\/\/gesmobles.cat\/es\/wp-json\/wp\/v2\/product"}],"about":[{"href":"https:\/\/gesmobles.cat\/es\/wp-json\/wp\/v2\/types\/product"}],"replies":[{"embeddable":true,"href":"https:\/\/gesmobles.cat\/es\/wp-json\/wp\/v2\/comments?post=4550"}],"wp:featuredmedia":[{"embeddable":true,"href":"https:\/\/gesmobles.cat\/es\/wp-json\/wp\/v2\/media\/4555"}],"wp:attachment":[{"href":"https:\/\/gesmobles.cat\/es\/wp-json\/wp\/v2\/media?parent=4550"}],"wp:term":[{"taxonomy":"product_brand","embeddable":true,"href":"https:\/\/gesmobles.cat\/es\/wp-json\/wp\/v2\/product_brand?post=4550"},{"taxonomy":"product_cat","embeddable":true,"href":"https:\/\/gesmobles.cat\/es\/wp-json\/wp\/v2\/product_cat?post=4550"},{"taxonomy":"product_tag","embeddable":true,"href":"https:\/\/gesmobles.cat\/es\/wp-json\/wp\/v2\/product_tag?post=4550"}],"curies":[{"name":"wp","href":"https:\/\/api.w.org\/{rel}","templated":true}]}}