{"id":4581,"date":"2025-06-16T19:49:47","date_gmt":"2025-06-16T17:49:47","guid":{"rendered":"https:\/\/gesmobles.cat\/?post_type=product&#038;p=4581"},"modified":"2025-08-21T15:18:07","modified_gmt":"2025-08-21T13:18:07","slug":"mesa-de-estudio-escritorio-industrial-mesa-madera-y-metal-escritorio-juvenil-mesa-de-oficina-escritorio-moderno-mesa-para-ordenador-escritorio-funcional-mesa-de-trabajo-escritorio-robusto","status":"publish","type":"product","link":"https:\/\/gesmobles.cat\/es\/producto\/mesa-de-estudio-escritorio-industrial-mesa-madera-y-metal-escritorio-juvenil-mesa-de-oficina-escritorio-moderno-mesa-para-ordenador-escritorio-funcional-mesa-de-trabajo-escritorio-robusto\/","title":{"rendered":"Mesa de estudio industrial de madera y metal \u2013 modelo Java"},"content":{"rendered":"<p>La mesa de estudio Java combina dise\u00f1o industrial con funcionalidad moderna. Su estructura met\u00e1lica negra en forma de U proporciona estabilidad y un toque contempor\u00e1neo, mientras que la superficie de madera maciza aporta calidez y resistencia. Ideal como escritorio para teletrabajo, mesa de estudio juvenil o mesa auxiliar en espacios creativos. Su dise\u00f1o limpio y robusto se adapta tanto a interiores minimalistas como a ambientes m\u00e1s industriales.<\/p>\n","protected":false},"excerpt":{"rendered":"<p>La mesa de estudio Java combina dise\u00f1o industrial con funcionalidad moderna. Su estructura met\u00e1lica negra en forma de U proporciona estabilidad y un toque contempor\u00e1neo, mientras que la superficie de madera maciza aporta calidez y resistencia. Ideal como escritorio para teletrabajo, mesa de estudio juvenil o mesa auxiliar en espacios creativos. Su dise\u00f1o limpio y [&hellip;]<\/p>\n","protected":false},"featured_media":4582,"comment_status":"open","ping_status":"closed","template":"","meta":[],"product_brand":[],"product_cat":[51,589],"product_tag":[],"class_list":{"0":"post-4581","1":"product","2":"type-product","3":"status-publish","4":"has-post-thumbnail","6":"product_cat-muebles-es","7":"product_cat-escritorio","9":"first","10":"instock","11":"taxable","12":"shipping-taxable","13":"purchasable","14":"product-type-simple"},"acf":[],"yoast_head":"<!-- This site is optimized with the Yoast SEO plugin v27.4 - https:\/\/yoast.com\/product\/yoast-seo-wordpress\/ -->\n<title>Mesa de estudio industrial de madera y metal \u2013 modelo Java -<\/title>\n<meta name=\"description\" content=\"Mesa de estudio industrial de madera y metal con estructura met\u00e1lica en U. Perfecta para teletrabajo, estudio o espacios modernos. Dise\u00f1o resistente y elegante.\" \/>\n<meta name=\"robots\" content=\"index, follow, max-snippet:-1, max-image-preview:large, max-video-preview:-1\" \/>\n<link rel=\"canonical\" href=\"https:\/\/gesmobles.cat\/es\/producto\/mesa-de-estudio-escritorio-industrial-mesa-madera-y-metal-escritorio-juvenil-mesa-de-oficina-escritorio-moderno-mesa-para-ordenador-escritorio-funcional-mesa-de-trabajo-escritorio-robusto\/\" \/>\n<meta property=\"og:locale\" content=\"es_ES\" \/>\n<meta property=\"og:type\" content=\"article\" \/>\n<meta property=\"og:title\" content=\"Mesa de estudio industrial de madera y metal \u2013 modelo Java -\" \/>\n<meta property=\"og:description\" content=\"Mesa de estudio industrial de madera y metal con estructura met\u00e1lica en U. Perfecta para teletrabajo, estudio o espacios modernos. Dise\u00f1o resistente y elegante.\" \/>\n<meta property=\"og:url\" content=\"https:\/\/gesmobles.cat\/es\/producto\/mesa-de-estudio-escritorio-industrial-mesa-madera-y-metal-escritorio-juvenil-mesa-de-oficina-escritorio-moderno-mesa-para-ordenador-escritorio-funcional-mesa-de-trabajo-escritorio-robusto\/\" \/>\n<meta property=\"article:modified_time\" content=\"2025-08-21T13:18:07+00:00\" \/>\n<meta property=\"og:image\" content=\"https:\/\/gesmobles.cat\/wp-content\/uploads\/2025\/06\/java-1-scaled.webp\" \/>\n\t<meta property=\"og:image:width\" content=\"2560\" \/>\n\t<meta property=\"og:image:height\" content=\"1972\" \/>\n\t<meta property=\"og:image:type\" content=\"image\/webp\" \/>\n<meta name=\"twitter:card\" content=\"summary_large_image\" \/>\n<meta name=\"twitter:label1\" content=\"Tiempo de lectura\" \/>\n\t<meta name=\"twitter:data1\" content=\"1 minuto\" \/>\n<!-- \/ Yoast SEO plugin. -->","yoast_head_json":{"title":"Mesa de estudio industrial de madera y metal \u2013 modelo Java -","description":"Mesa de estudio industrial de madera y metal con estructura met\u00e1lica en U. Perfecta para teletrabajo, estudio o espacios modernos. Dise\u00f1o resistente y elegante.","robots":{"index":"index","follow":"follow","max-snippet":"max-snippet:-1","max-image-preview":"max-image-preview:large","max-video-preview":"max-video-preview:-1"},"canonical":"https:\/\/gesmobles.cat\/es\/producto\/mesa-de-estudio-escritorio-industrial-mesa-madera-y-metal-escritorio-juvenil-mesa-de-oficina-escritorio-moderno-mesa-para-ordenador-escritorio-funcional-mesa-de-trabajo-escritorio-robusto\/","og_locale":"es_ES","og_type":"article","og_title":"Mesa de estudio industrial de madera y metal \u2013 modelo Java -","og_description":"Mesa de estudio industrial de madera y metal con estructura met\u00e1lica en U. Perfecta para teletrabajo, estudio o espacios modernos. Dise\u00f1o resistente y elegante.","og_url":"https:\/\/gesmobles.cat\/es\/producto\/mesa-de-estudio-escritorio-industrial-mesa-madera-y-metal-escritorio-juvenil-mesa-de-oficina-escritorio-moderno-mesa-para-ordenador-escritorio-funcional-mesa-de-trabajo-escritorio-robusto\/","article_modified_time":"2025-08-21T13:18:07+00:00","og_image":[{"width":2560,"height":1972,"url":"https:\/\/gesmobles.cat\/wp-content\/uploads\/2025\/06\/java-1-scaled.webp","type":"image\/webp"}],"twitter_card":"summary_large_image","twitter_misc":{"Tiempo de lectura":"1 minuto"},"schema":{"@context":"https:\/\/schema.org","@graph":[]}},"_links":{"self":[{"href":"https:\/\/gesmobles.cat\/es\/wp-json\/wp\/v2\/product\/4581","targetHints":{"allow":["GET"]}}],"collection":[{"href":"https:\/\/gesmobles.cat\/es\/wp-json\/wp\/v2\/product"}],"about":[{"href":"https:\/\/gesmobles.cat\/es\/wp-json\/wp\/v2\/types\/product"}],"replies":[{"embeddable":true,"href":"https:\/\/gesmobles.cat\/es\/wp-json\/wp\/v2\/comments?post=4581"}],"wp:featuredmedia":[{"embeddable":true,"href":"https:\/\/gesmobles.cat\/es\/wp-json\/wp\/v2\/media\/4582"}],"wp:attachment":[{"href":"https:\/\/gesmobles.cat\/es\/wp-json\/wp\/v2\/media?parent=4581"}],"wp:term":[{"taxonomy":"product_brand","embeddable":true,"href":"https:\/\/gesmobles.cat\/es\/wp-json\/wp\/v2\/product_brand?post=4581"},{"taxonomy":"product_cat","embeddable":true,"href":"https:\/\/gesmobles.cat\/es\/wp-json\/wp\/v2\/product_cat?post=4581"},{"taxonomy":"product_tag","embeddable":true,"href":"https:\/\/gesmobles.cat\/es\/wp-json\/wp\/v2\/product_tag?post=4581"}],"curies":[{"name":"wp","href":"https:\/\/api.w.org\/{rel}","templated":true}]}}