{"id":4590,"date":"2025-06-16T20:02:53","date_gmt":"2025-06-16T18:02:53","guid":{"rendered":"https:\/\/gesmobles.cat\/?post_type=product&#038;p=4590"},"modified":"2025-08-21T15:17:18","modified_gmt":"2025-08-21T13:17:18","slug":"estanteria-industrial-estanteria-decorativa-estanteria-5-baldas-estanteria-de-madera-y-metal-estanteria-de-salon-estanteria-moderna-estanteria-vertical-muebles-de-almacenaje-estanteria-de-dise","status":"publish","type":"product","link":"https:\/\/gesmobles.cat\/es\/producto\/estanteria-industrial-estanteria-decorativa-estanteria-5-baldas-estanteria-de-madera-y-metal-estanteria-de-salon-estanteria-moderna-estanteria-vertical-muebles-de-almacenaje-estanteria-de-dise\/","title":{"rendered":"Estanter\u00eda decorativa industrial con 5 baldas \u2013 modelo Jack"},"content":{"rendered":"<p>La estanter\u00eda Jack es la soluci\u00f3n perfecta para quienes buscan organizaci\u00f3n con estilo. Su dise\u00f1o industrial combina una estructura met\u00e1lica negra con baldas de madera en tono natural, aportando calidez y car\u00e1cter a cualquier espacio. Con cinco niveles abiertos, es ideal para libros, marcos, objetos decorativos o almacenaje. Su formato vertical optimiza el espacio sin renunciar al dise\u00f1o, siendo perfecta para salones, despachos, dormitorios o zonas de lectura.<\/p>\n","protected":false},"excerpt":{"rendered":"<p>La estanter\u00eda Jack es la soluci\u00f3n perfecta para quienes buscan organizaci\u00f3n con estilo. Su dise\u00f1o industrial combina una estructura met\u00e1lica negra con baldas de madera en tono natural, aportando calidez y car\u00e1cter a cualquier espacio. Con cinco niveles abiertos, es ideal para libros, marcos, objetos decorativos o almacenaje. Su formato vertical optimiza el espacio sin [&hellip;]<\/p>\n","protected":false},"featured_media":4591,"comment_status":"open","ping_status":"closed","template":"","meta":[],"product_brand":[],"product_cat":[51,587],"product_tag":[],"class_list":{"0":"post-4590","1":"product","2":"type-product","3":"status-publish","4":"has-post-thumbnail","6":"product_cat-muebles-es","7":"product_cat-estanterias","9":"first","10":"instock","11":"taxable","12":"shipping-taxable","13":"purchasable","14":"product-type-simple"},"acf":[],"yoast_head":"<!-- This site is optimized with the Yoast SEO plugin v27.4 - https:\/\/yoast.com\/product\/yoast-seo-wordpress\/ -->\n<title>Estanter\u00eda decorativa industrial con 5 baldas \u2013 modelo Jack -<\/title>\n<meta name=\"description\" content=\"Estanter\u00eda decorativa de estilo industrial con estructura met\u00e1lica negra y 5 baldas de madera. Ideal para libros y decoraci\u00f3n en salones o despachos.\" \/>\n<meta name=\"robots\" content=\"index, follow, max-snippet:-1, max-image-preview:large, max-video-preview:-1\" \/>\n<link rel=\"canonical\" href=\"https:\/\/gesmobles.cat\/es\/producto\/estanteria-industrial-estanteria-decorativa-estanteria-5-baldas-estanteria-de-madera-y-metal-estanteria-de-salon-estanteria-moderna-estanteria-vertical-muebles-de-almacenaje-estanteria-de-dise\/\" \/>\n<meta property=\"og:locale\" content=\"es_ES\" \/>\n<meta property=\"og:type\" content=\"article\" \/>\n<meta property=\"og:title\" content=\"Estanter\u00eda decorativa industrial con 5 baldas \u2013 modelo Jack -\" \/>\n<meta property=\"og:description\" content=\"Estanter\u00eda decorativa de estilo industrial con estructura met\u00e1lica negra y 5 baldas de madera. Ideal para libros y decoraci\u00f3n en salones o despachos.\" \/>\n<meta property=\"og:url\" content=\"https:\/\/gesmobles.cat\/es\/producto\/estanteria-industrial-estanteria-decorativa-estanteria-5-baldas-estanteria-de-madera-y-metal-estanteria-de-salon-estanteria-moderna-estanteria-vertical-muebles-de-almacenaje-estanteria-de-dise\/\" \/>\n<meta property=\"article:modified_time\" content=\"2025-08-21T13:17:18+00:00\" \/>\n<meta property=\"og:image\" content=\"https:\/\/gesmobles.cat\/wp-content\/uploads\/2025\/06\/estanteria-jack-1-scaled.webp\" \/>\n\t<meta property=\"og:image:width\" content=\"2560\" \/>\n\t<meta property=\"og:image:height\" content=\"1972\" \/>\n\t<meta property=\"og:image:type\" content=\"image\/webp\" \/>\n<meta name=\"twitter:card\" content=\"summary_large_image\" \/>\n<meta name=\"twitter:label1\" content=\"Tiempo de lectura\" \/>\n\t<meta name=\"twitter:data1\" content=\"1 minuto\" \/>\n<!-- \/ Yoast SEO plugin. -->","yoast_head_json":{"title":"Estanter\u00eda decorativa industrial con 5 baldas \u2013 modelo Jack -","description":"Estanter\u00eda decorativa de estilo industrial con estructura met\u00e1lica negra y 5 baldas de madera. Ideal para libros y decoraci\u00f3n en salones o despachos.","robots":{"index":"index","follow":"follow","max-snippet":"max-snippet:-1","max-image-preview":"max-image-preview:large","max-video-preview":"max-video-preview:-1"},"canonical":"https:\/\/gesmobles.cat\/es\/producto\/estanteria-industrial-estanteria-decorativa-estanteria-5-baldas-estanteria-de-madera-y-metal-estanteria-de-salon-estanteria-moderna-estanteria-vertical-muebles-de-almacenaje-estanteria-de-dise\/","og_locale":"es_ES","og_type":"article","og_title":"Estanter\u00eda decorativa industrial con 5 baldas \u2013 modelo Jack -","og_description":"Estanter\u00eda decorativa de estilo industrial con estructura met\u00e1lica negra y 5 baldas de madera. Ideal para libros y decoraci\u00f3n en salones o despachos.","og_url":"https:\/\/gesmobles.cat\/es\/producto\/estanteria-industrial-estanteria-decorativa-estanteria-5-baldas-estanteria-de-madera-y-metal-estanteria-de-salon-estanteria-moderna-estanteria-vertical-muebles-de-almacenaje-estanteria-de-dise\/","article_modified_time":"2025-08-21T13:17:18+00:00","og_image":[{"width":2560,"height":1972,"url":"https:\/\/gesmobles.cat\/wp-content\/uploads\/2025\/06\/estanteria-jack-1-scaled.webp","type":"image\/webp"}],"twitter_card":"summary_large_image","twitter_misc":{"Tiempo de lectura":"1 minuto"},"schema":{"@context":"https:\/\/schema.org","@graph":[]}},"_links":{"self":[{"href":"https:\/\/gesmobles.cat\/es\/wp-json\/wp\/v2\/product\/4590","targetHints":{"allow":["GET"]}}],"collection":[{"href":"https:\/\/gesmobles.cat\/es\/wp-json\/wp\/v2\/product"}],"about":[{"href":"https:\/\/gesmobles.cat\/es\/wp-json\/wp\/v2\/types\/product"}],"replies":[{"embeddable":true,"href":"https:\/\/gesmobles.cat\/es\/wp-json\/wp\/v2\/comments?post=4590"}],"wp:featuredmedia":[{"embeddable":true,"href":"https:\/\/gesmobles.cat\/es\/wp-json\/wp\/v2\/media\/4591"}],"wp:attachment":[{"href":"https:\/\/gesmobles.cat\/es\/wp-json\/wp\/v2\/media?parent=4590"}],"wp:term":[{"taxonomy":"product_brand","embeddable":true,"href":"https:\/\/gesmobles.cat\/es\/wp-json\/wp\/v2\/product_brand?post=4590"},{"taxonomy":"product_cat","embeddable":true,"href":"https:\/\/gesmobles.cat\/es\/wp-json\/wp\/v2\/product_cat?post=4590"},{"taxonomy":"product_tag","embeddable":true,"href":"https:\/\/gesmobles.cat\/es\/wp-json\/wp\/v2\/product_tag?post=4590"}],"curies":[{"name":"wp","href":"https:\/\/api.w.org\/{rel}","templated":true}]}}