{"id":4622,"date":"2025-06-18T22:00:06","date_gmt":"2025-06-18T20:00:06","guid":{"rendered":"https:\/\/gesmobles.cat\/?post_type=product&#038;p=4622"},"modified":"2025-08-21T15:12:55","modified_gmt":"2025-08-21T13:12:55","slug":"silla-de-comedor-silla-tapizada-silla-beige-silla-con-patas-negras-silla-moderna-silla-estilo-industrial-silla-lisboa-sillas-elegantes-mobiliario-comedor","status":"publish","type":"product","link":"https:\/\/gesmobles.cat\/es\/producto\/silla-de-comedor-silla-tapizada-silla-beige-silla-con-patas-negras-silla-moderna-silla-estilo-industrial-silla-lisboa-sillas-elegantes-mobiliario-comedor\/","title":{"rendered":"Silla de comedor Lisboa beige con patas met\u00e1licas negras"},"content":{"rendered":"<p>La silla Lisboa destaca por su dise\u00f1o elegante y su gran comodidad. El asiento y el respaldo est\u00e1n completamente tapizados en tejido beige con acabado acolchado en cuadr\u00edcula, que aporta volumen y una sensaci\u00f3n suave y acogedora. Las patas met\u00e1licas en color negro ofrecen un contraste moderno y garantizan estabilidad y resistencia. Es ideal para comedores, cocinas o salones de estilo actual, escandinavo o industrial.<\/p>\n","protected":false},"excerpt":{"rendered":"<p>La silla Lisboa destaca por su dise\u00f1o elegante y su gran comodidad. El asiento y el respaldo est\u00e1n completamente tapizados en tejido beige con acabado acolchado en cuadr\u00edcula, que aporta volumen y una sensaci\u00f3n suave y acogedora. Las patas met\u00e1licas en color negro ofrecen un contraste moderno y garantizan estabilidad y resistencia. Es ideal para [&hellip;]<\/p>\n","protected":false},"featured_media":4623,"comment_status":"open","ping_status":"closed","template":"","meta":[],"product_brand":[],"product_cat":[54,591],"product_tag":[],"class_list":{"0":"post-4622","1":"product","2":"type-product","3":"status-publish","4":"has-post-thumbnail","6":"product_cat-sillas","7":"product_cat-sillas-de-comedor","9":"first","10":"instock","11":"taxable","12":"shipping-taxable","13":"purchasable","14":"product-type-simple"},"acf":[],"yoast_head":"<!-- This site is optimized with the Yoast SEO plugin v27.4 - https:\/\/yoast.com\/product\/yoast-seo-wordpress\/ -->\n<title>Silla de comedor Lisboa beige con patas met\u00e1licas negras -<\/title>\n<meta name=\"description\" content=\"Silla de comedor Lisboa tapizada en beige con patas met\u00e1licas negras. Comodidad y dise\u00f1o moderno para tu comedor o cocina.\" \/>\n<meta name=\"robots\" content=\"index, follow, max-snippet:-1, max-image-preview:large, max-video-preview:-1\" \/>\n<link rel=\"canonical\" href=\"https:\/\/gesmobles.cat\/es\/producto\/silla-de-comedor-silla-tapizada-silla-beige-silla-con-patas-negras-silla-moderna-silla-estilo-industrial-silla-lisboa-sillas-elegantes-mobiliario-comedor\/\" \/>\n<meta property=\"og:locale\" content=\"es_ES\" \/>\n<meta property=\"og:type\" content=\"article\" \/>\n<meta property=\"og:title\" content=\"Silla de comedor Lisboa beige con patas met\u00e1licas negras -\" \/>\n<meta property=\"og:description\" content=\"Silla de comedor Lisboa tapizada en beige con patas met\u00e1licas negras. Comodidad y dise\u00f1o moderno para tu comedor o cocina.\" \/>\n<meta property=\"og:url\" content=\"https:\/\/gesmobles.cat\/es\/producto\/silla-de-comedor-silla-tapizada-silla-beige-silla-con-patas-negras-silla-moderna-silla-estilo-industrial-silla-lisboa-sillas-elegantes-mobiliario-comedor\/\" \/>\n<meta property=\"article:modified_time\" content=\"2025-08-21T13:12:55+00:00\" \/>\n<meta property=\"og:image\" content=\"https:\/\/gesmobles.cat\/wp-content\/uploads\/2025\/06\/lisboa.jpg\" \/>\n\t<meta property=\"og:image:width\" content=\"700\" \/>\n\t<meta property=\"og:image:height\" content=\"700\" \/>\n\t<meta property=\"og:image:type\" content=\"image\/jpeg\" \/>\n<meta name=\"twitter:card\" content=\"summary_large_image\" \/>\n<meta name=\"twitter:label1\" content=\"Tiempo de lectura\" \/>\n\t<meta name=\"twitter:data1\" content=\"1 minuto\" \/>\n<!-- \/ Yoast SEO plugin. -->","yoast_head_json":{"title":"Silla de comedor Lisboa beige con patas met\u00e1licas negras -","description":"Silla de comedor Lisboa tapizada en beige con patas met\u00e1licas negras. Comodidad y dise\u00f1o moderno para tu comedor o cocina.","robots":{"index":"index","follow":"follow","max-snippet":"max-snippet:-1","max-image-preview":"max-image-preview:large","max-video-preview":"max-video-preview:-1"},"canonical":"https:\/\/gesmobles.cat\/es\/producto\/silla-de-comedor-silla-tapizada-silla-beige-silla-con-patas-negras-silla-moderna-silla-estilo-industrial-silla-lisboa-sillas-elegantes-mobiliario-comedor\/","og_locale":"es_ES","og_type":"article","og_title":"Silla de comedor Lisboa beige con patas met\u00e1licas negras -","og_description":"Silla de comedor Lisboa tapizada en beige con patas met\u00e1licas negras. Comodidad y dise\u00f1o moderno para tu comedor o cocina.","og_url":"https:\/\/gesmobles.cat\/es\/producto\/silla-de-comedor-silla-tapizada-silla-beige-silla-con-patas-negras-silla-moderna-silla-estilo-industrial-silla-lisboa-sillas-elegantes-mobiliario-comedor\/","article_modified_time":"2025-08-21T13:12:55+00:00","og_image":[{"width":700,"height":700,"url":"https:\/\/gesmobles.cat\/wp-content\/uploads\/2025\/06\/lisboa.jpg","type":"image\/jpeg"}],"twitter_card":"summary_large_image","twitter_misc":{"Tiempo de lectura":"1 minuto"},"schema":{"@context":"https:\/\/schema.org","@graph":[]}},"_links":{"self":[{"href":"https:\/\/gesmobles.cat\/es\/wp-json\/wp\/v2\/product\/4622","targetHints":{"allow":["GET"]}}],"collection":[{"href":"https:\/\/gesmobles.cat\/es\/wp-json\/wp\/v2\/product"}],"about":[{"href":"https:\/\/gesmobles.cat\/es\/wp-json\/wp\/v2\/types\/product"}],"replies":[{"embeddable":true,"href":"https:\/\/gesmobles.cat\/es\/wp-json\/wp\/v2\/comments?post=4622"}],"wp:featuredmedia":[{"embeddable":true,"href":"https:\/\/gesmobles.cat\/es\/wp-json\/wp\/v2\/media\/4623"}],"wp:attachment":[{"href":"https:\/\/gesmobles.cat\/es\/wp-json\/wp\/v2\/media?parent=4622"}],"wp:term":[{"taxonomy":"product_brand","embeddable":true,"href":"https:\/\/gesmobles.cat\/es\/wp-json\/wp\/v2\/product_brand?post=4622"},{"taxonomy":"product_cat","embeddable":true,"href":"https:\/\/gesmobles.cat\/es\/wp-json\/wp\/v2\/product_cat?post=4622"},{"taxonomy":"product_tag","embeddable":true,"href":"https:\/\/gesmobles.cat\/es\/wp-json\/wp\/v2\/product_tag?post=4622"}],"curies":[{"name":"wp","href":"https:\/\/api.w.org\/{rel}","templated":true}]}}