{"id":4643,"date":"2025-06-20T20:56:57","date_gmt":"2025-06-20T18:56:57","guid":{"rendered":"https:\/\/gesmobles.cat\/?post_type=product&#038;p=4643"},"modified":"2025-08-19T22:44:22","modified_gmt":"2025-08-19T20:44:22","slug":"silla-comedor-negra-moderna-minimalista-escandinava-polipropileno-acero-cocina-oficina-diseno-apilable","status":"publish","type":"product","link":"https:\/\/gesmobles.cat\/es\/producto\/silla-comedor-negra-moderna-minimalista-escandinava-polipropileno-acero-cocina-oficina-diseno-apilable\/","title":{"rendered":"Silla de Comedor \u201cLuna\u201d Negra"},"content":{"rendered":"<p>Dale un toque contempor\u00e1neo a tu mesa con la silla de comedor \u201cLuna\u201d. Su carcasa ergon\u00f3mica de polipropileno moldeado se adapta al contorno del cuerpo y ofrece un apoyo lumbar natural, mientras que sus patas de acero tubular con acabado en pintura epoxi garantizan estabilidad y resistencia a la corrosi\u00f3n.<br \/>\nEl dise\u00f1o curvo y minimalista de la silla Luna encaja perfectamente en comedores modernos, cocinas de estilo n\u00f3rdico o espacios de oficina actuales.<\/p>\n","protected":false},"excerpt":{"rendered":"<p>Dale un toque contempor\u00e1neo a tu mesa con la silla de comedor \u201cLuna\u201d. Su carcasa ergon\u00f3mica de polipropileno moldeado se adapta al contorno del cuerpo y ofrece un apoyo lumbar natural, mientras que sus patas de acero tubular con acabado en pintura epoxi garantizan estabilidad y resistencia a la corrosi\u00f3n. El dise\u00f1o curvo y minimalista [&hellip;]<\/p>\n","protected":false},"featured_media":4644,"comment_status":"open","ping_status":"closed","template":"","meta":[],"product_brand":[],"product_cat":[54,591],"product_tag":[],"class_list":{"0":"post-4643","1":"product","2":"type-product","3":"status-publish","4":"has-post-thumbnail","6":"product_cat-sillas","7":"product_cat-sillas-de-comedor","9":"first","10":"instock","11":"taxable","12":"shipping-taxable","13":"purchasable","14":"product-type-simple"},"acf":[],"yoast_head":"<!-- This site is optimized with the Yoast SEO plugin v27.4 - https:\/\/yoast.com\/product\/yoast-seo-wordpress\/ -->\n<title>Silla de Comedor \u201cLuna\u201d Negra -<\/title>\n<meta name=\"description\" content=\"Silla de comedor negra \u201cLuna\u201d, dise\u00f1o moderno con asiento ergon\u00f3mico de polipropileno y patas de acero. Ligera, resistente y f\u00e1cil de limpiar.\" \/>\n<meta name=\"robots\" content=\"index, follow, max-snippet:-1, max-image-preview:large, max-video-preview:-1\" \/>\n<link rel=\"canonical\" href=\"https:\/\/gesmobles.cat\/es\/producto\/silla-comedor-negra-moderna-minimalista-escandinava-polipropileno-acero-cocina-oficina-diseno-apilable\/\" \/>\n<meta property=\"og:locale\" content=\"es_ES\" \/>\n<meta property=\"og:type\" content=\"article\" \/>\n<meta property=\"og:title\" content=\"Silla de Comedor \u201cLuna\u201d Negra -\" \/>\n<meta property=\"og:description\" content=\"Silla de comedor negra \u201cLuna\u201d, dise\u00f1o moderno con asiento ergon\u00f3mico de polipropileno y patas de acero. Ligera, resistente y f\u00e1cil de limpiar.\" \/>\n<meta property=\"og:url\" content=\"https:\/\/gesmobles.cat\/es\/producto\/silla-comedor-negra-moderna-minimalista-escandinava-polipropileno-acero-cocina-oficina-diseno-apilable\/\" \/>\n<meta property=\"article:modified_time\" content=\"2025-08-19T20:44:22+00:00\" \/>\n<meta property=\"og:image\" content=\"https:\/\/gesmobles.cat\/wp-content\/uploads\/2025\/06\/lna.jpg\" \/>\n\t<meta property=\"og:image:width\" content=\"700\" \/>\n\t<meta property=\"og:image:height\" content=\"700\" \/>\n\t<meta property=\"og:image:type\" content=\"image\/jpeg\" \/>\n<meta name=\"twitter:card\" content=\"summary_large_image\" \/>\n<meta name=\"twitter:label1\" content=\"Tiempo de lectura\" \/>\n\t<meta name=\"twitter:data1\" content=\"1 minuto\" \/>\n<!-- \/ Yoast SEO plugin. -->","yoast_head_json":{"title":"Silla de Comedor \u201cLuna\u201d Negra -","description":"Silla de comedor negra \u201cLuna\u201d, dise\u00f1o moderno con asiento ergon\u00f3mico de polipropileno y patas de acero. Ligera, resistente y f\u00e1cil de limpiar.","robots":{"index":"index","follow":"follow","max-snippet":"max-snippet:-1","max-image-preview":"max-image-preview:large","max-video-preview":"max-video-preview:-1"},"canonical":"https:\/\/gesmobles.cat\/es\/producto\/silla-comedor-negra-moderna-minimalista-escandinava-polipropileno-acero-cocina-oficina-diseno-apilable\/","og_locale":"es_ES","og_type":"article","og_title":"Silla de Comedor \u201cLuna\u201d Negra -","og_description":"Silla de comedor negra \u201cLuna\u201d, dise\u00f1o moderno con asiento ergon\u00f3mico de polipropileno y patas de acero. Ligera, resistente y f\u00e1cil de limpiar.","og_url":"https:\/\/gesmobles.cat\/es\/producto\/silla-comedor-negra-moderna-minimalista-escandinava-polipropileno-acero-cocina-oficina-diseno-apilable\/","article_modified_time":"2025-08-19T20:44:22+00:00","og_image":[{"width":700,"height":700,"url":"https:\/\/gesmobles.cat\/wp-content\/uploads\/2025\/06\/lna.jpg","type":"image\/jpeg"}],"twitter_card":"summary_large_image","twitter_misc":{"Tiempo de lectura":"1 minuto"},"schema":{"@context":"https:\/\/schema.org","@graph":[]}},"_links":{"self":[{"href":"https:\/\/gesmobles.cat\/es\/wp-json\/wp\/v2\/product\/4643","targetHints":{"allow":["GET"]}}],"collection":[{"href":"https:\/\/gesmobles.cat\/es\/wp-json\/wp\/v2\/product"}],"about":[{"href":"https:\/\/gesmobles.cat\/es\/wp-json\/wp\/v2\/types\/product"}],"replies":[{"embeddable":true,"href":"https:\/\/gesmobles.cat\/es\/wp-json\/wp\/v2\/comments?post=4643"}],"wp:featuredmedia":[{"embeddable":true,"href":"https:\/\/gesmobles.cat\/es\/wp-json\/wp\/v2\/media\/4644"}],"wp:attachment":[{"href":"https:\/\/gesmobles.cat\/es\/wp-json\/wp\/v2\/media?parent=4643"}],"wp:term":[{"taxonomy":"product_brand","embeddable":true,"href":"https:\/\/gesmobles.cat\/es\/wp-json\/wp\/v2\/product_brand?post=4643"},{"taxonomy":"product_cat","embeddable":true,"href":"https:\/\/gesmobles.cat\/es\/wp-json\/wp\/v2\/product_cat?post=4643"},{"taxonomy":"product_tag","embeddable":true,"href":"https:\/\/gesmobles.cat\/es\/wp-json\/wp\/v2\/product_tag?post=4643"}],"curies":[{"name":"wp","href":"https:\/\/api.w.org\/{rel}","templated":true}]}}