{"id":4650,"date":"2025-06-20T21:05:16","date_gmt":"2025-06-20T19:05:16","guid":{"rendered":"https:\/\/gesmobles.cat\/?post_type=product&#038;p=4650"},"modified":"2025-08-19T22:43:44","modified_gmt":"2025-08-19T20:43:44","slug":"silla-comedor-tapizada-metalica-rustica-industrial-respaldo-cruzado-cocina-clasica-cuero-sintetico-resistente","status":"publish","type":"product","link":"https:\/\/gesmobles.cat\/es\/producto\/silla-comedor-tapizada-metalica-rustica-industrial-respaldo-cruzado-cocina-clasica-cuero-sintetico-resistente\/","title":{"rendered":"Silla de Comedor \u201cB\u00e1rbara\u201d con Asiento Tapizado"},"content":{"rendered":"<p>La silla \u201cB\u00e1rbara\u201d combina la resistencia del metal con un dise\u00f1o cl\u00e1sico de respaldo cruzado y asiento tapizado en tono cuero, ideal para cocinas, comedores r\u00fasticos o de estilo industrial.<br \/>\nSu estructura met\u00e1lica pintada en negro le aporta firmeza y durabilidad, mientras que el asiento acolchado ofrece una comodidad extra en el uso diario.<\/p>\n","protected":false},"excerpt":{"rendered":"<p>La silla \u201cB\u00e1rbara\u201d combina la resistencia del metal con un dise\u00f1o cl\u00e1sico de respaldo cruzado y asiento tapizado en tono cuero, ideal para cocinas, comedores r\u00fasticos o de estilo industrial. Su estructura met\u00e1lica pintada en negro le aporta firmeza y durabilidad, mientras que el asiento acolchado ofrece una comodidad extra en el uso diario.<\/p>\n","protected":false},"featured_media":4651,"comment_status":"open","ping_status":"closed","template":"","meta":[],"product_brand":[],"product_cat":[54,591],"product_tag":[],"class_list":{"0":"post-4650","1":"product","2":"type-product","3":"status-publish","4":"has-post-thumbnail","6":"product_cat-sillas","7":"product_cat-sillas-de-comedor","9":"first","10":"instock","11":"taxable","12":"shipping-taxable","13":"purchasable","14":"product-type-simple"},"acf":[],"yoast_head":"<!-- This site is optimized with the Yoast SEO plugin v27.4 - https:\/\/yoast.com\/product\/yoast-seo-wordpress\/ -->\n<title>Silla de Comedor \u201cB\u00e1rbara\u201d con Asiento Tapizado -<\/title>\n<meta name=\"description\" content=\"Silla de comedor \u201cB\u00e1rbara\u201d con estructura met\u00e1lica negra y asiento tapizado en tono cuero. Dise\u00f1o cl\u00e1sico, resistente y c\u00f3modo.\" \/>\n<meta name=\"robots\" content=\"index, follow, max-snippet:-1, max-image-preview:large, max-video-preview:-1\" \/>\n<link rel=\"canonical\" href=\"https:\/\/gesmobles.cat\/es\/producto\/silla-comedor-tapizada-metalica-rustica-industrial-respaldo-cruzado-cocina-clasica-cuero-sintetico-resistente\/\" \/>\n<meta property=\"og:locale\" content=\"es_ES\" \/>\n<meta property=\"og:type\" content=\"article\" \/>\n<meta property=\"og:title\" content=\"Silla de Comedor \u201cB\u00e1rbara\u201d con Asiento Tapizado -\" \/>\n<meta property=\"og:description\" content=\"Silla de comedor \u201cB\u00e1rbara\u201d con estructura met\u00e1lica negra y asiento tapizado en tono cuero. Dise\u00f1o cl\u00e1sico, resistente y c\u00f3modo.\" \/>\n<meta property=\"og:url\" content=\"https:\/\/gesmobles.cat\/es\/producto\/silla-comedor-tapizada-metalica-rustica-industrial-respaldo-cruzado-cocina-clasica-cuero-sintetico-resistente\/\" \/>\n<meta property=\"article:modified_time\" content=\"2025-08-19T20:43:44+00:00\" \/>\n<meta property=\"og:image\" content=\"https:\/\/gesmobles.cat\/wp-content\/uploads\/2025\/06\/barbara.jpg\" \/>\n\t<meta property=\"og:image:width\" content=\"700\" \/>\n\t<meta property=\"og:image:height\" content=\"700\" \/>\n\t<meta property=\"og:image:type\" content=\"image\/jpeg\" \/>\n<meta name=\"twitter:card\" content=\"summary_large_image\" \/>\n<meta name=\"twitter:label1\" content=\"Tiempo de lectura\" \/>\n\t<meta name=\"twitter:data1\" content=\"1 minuto\" \/>\n<!-- \/ Yoast SEO plugin. -->","yoast_head_json":{"title":"Silla de Comedor \u201cB\u00e1rbara\u201d con Asiento Tapizado -","description":"Silla de comedor \u201cB\u00e1rbara\u201d con estructura met\u00e1lica negra y asiento tapizado en tono cuero. Dise\u00f1o cl\u00e1sico, resistente y c\u00f3modo.","robots":{"index":"index","follow":"follow","max-snippet":"max-snippet:-1","max-image-preview":"max-image-preview:large","max-video-preview":"max-video-preview:-1"},"canonical":"https:\/\/gesmobles.cat\/es\/producto\/silla-comedor-tapizada-metalica-rustica-industrial-respaldo-cruzado-cocina-clasica-cuero-sintetico-resistente\/","og_locale":"es_ES","og_type":"article","og_title":"Silla de Comedor \u201cB\u00e1rbara\u201d con Asiento Tapizado -","og_description":"Silla de comedor \u201cB\u00e1rbara\u201d con estructura met\u00e1lica negra y asiento tapizado en tono cuero. Dise\u00f1o cl\u00e1sico, resistente y c\u00f3modo.","og_url":"https:\/\/gesmobles.cat\/es\/producto\/silla-comedor-tapizada-metalica-rustica-industrial-respaldo-cruzado-cocina-clasica-cuero-sintetico-resistente\/","article_modified_time":"2025-08-19T20:43:44+00:00","og_image":[{"width":700,"height":700,"url":"https:\/\/gesmobles.cat\/wp-content\/uploads\/2025\/06\/barbara.jpg","type":"image\/jpeg"}],"twitter_card":"summary_large_image","twitter_misc":{"Tiempo de lectura":"1 minuto"},"schema":{"@context":"https:\/\/schema.org","@graph":[]}},"_links":{"self":[{"href":"https:\/\/gesmobles.cat\/es\/wp-json\/wp\/v2\/product\/4650","targetHints":{"allow":["GET"]}}],"collection":[{"href":"https:\/\/gesmobles.cat\/es\/wp-json\/wp\/v2\/product"}],"about":[{"href":"https:\/\/gesmobles.cat\/es\/wp-json\/wp\/v2\/types\/product"}],"replies":[{"embeddable":true,"href":"https:\/\/gesmobles.cat\/es\/wp-json\/wp\/v2\/comments?post=4650"}],"wp:featuredmedia":[{"embeddable":true,"href":"https:\/\/gesmobles.cat\/es\/wp-json\/wp\/v2\/media\/4651"}],"wp:attachment":[{"href":"https:\/\/gesmobles.cat\/es\/wp-json\/wp\/v2\/media?parent=4650"}],"wp:term":[{"taxonomy":"product_brand","embeddable":true,"href":"https:\/\/gesmobles.cat\/es\/wp-json\/wp\/v2\/product_brand?post=4650"},{"taxonomy":"product_cat","embeddable":true,"href":"https:\/\/gesmobles.cat\/es\/wp-json\/wp\/v2\/product_cat?post=4650"},{"taxonomy":"product_tag","embeddable":true,"href":"https:\/\/gesmobles.cat\/es\/wp-json\/wp\/v2\/product_tag?post=4650"}],"curies":[{"name":"wp","href":"https:\/\/api.w.org\/{rel}","templated":true}]}}