{"id":4657,"date":"2025-06-20T21:12:37","date_gmt":"2025-06-20T19:12:37","guid":{"rendered":"https:\/\/gesmobles.cat\/?post_type=product&#038;p=4657"},"modified":"2025-08-19T22:43:04","modified_gmt":"2025-08-19T20:43:04","slug":"silla-comedor-blanca-moderna-minimalista-brillante-polipropileno-cromada-cocina-elegante-ligera-ergonomica","status":"publish","type":"product","link":"https:\/\/gesmobles.cat\/es\/producto\/silla-comedor-blanca-moderna-minimalista-brillante-polipropileno-cromada-cocina-elegante-ligera-ergonomica\/","title":{"rendered":"Silla de Comedor \u201cLaura\u201d Blanca Brillo"},"content":{"rendered":"<p>La silla de comedor \u201cLaura\u201d destaca por su dise\u00f1o limpio y brillante que combina con interiores modernos, minimalistas y contempor\u00e1neos. Su asiento curvado en polipropileno blanco alto brillo ofrece una l\u00ednea elegante y ergon\u00f3mica, mientras que las patas met\u00e1licas cromadas aportan estabilidad y un toque sofisticado.<br \/>\nIdeal para comedores, cocinas o salas de espera con estilo.<\/p>\n","protected":false},"excerpt":{"rendered":"<p>La silla de comedor \u201cLaura\u201d destaca por su dise\u00f1o limpio y brillante que combina con interiores modernos, minimalistas y contempor\u00e1neos. Su asiento curvado en polipropileno blanco alto brillo ofrece una l\u00ednea elegante y ergon\u00f3mica, mientras que las patas met\u00e1licas cromadas aportan estabilidad y un toque sofisticado. Ideal para comedores, cocinas o salas de espera con [&hellip;]<\/p>\n","protected":false},"featured_media":4658,"comment_status":"open","ping_status":"closed","template":"","meta":[],"product_brand":[],"product_cat":[54,591],"product_tag":[],"class_list":{"0":"post-4657","1":"product","2":"type-product","3":"status-publish","4":"has-post-thumbnail","6":"product_cat-sillas","7":"product_cat-sillas-de-comedor","9":"first","10":"instock","11":"taxable","12":"shipping-taxable","13":"purchasable","14":"product-type-simple"},"acf":[],"yoast_head":"<!-- This site is optimized with the Yoast SEO plugin v27.4 - https:\/\/yoast.com\/product\/yoast-seo-wordpress\/ -->\n<title>Silla de Comedor \u201cLaura\u201d Blanca Brillo -<\/title>\n<meta name=\"description\" content=\"Silla de comedor blanca \u201cLaura\u201d, dise\u00f1o moderno con asiento en polipropileno brillo y patas met\u00e1licas cromadas.\" \/>\n<meta name=\"robots\" content=\"index, follow, max-snippet:-1, max-image-preview:large, max-video-preview:-1\" \/>\n<link rel=\"canonical\" href=\"https:\/\/gesmobles.cat\/es\/producto\/silla-comedor-blanca-moderna-minimalista-brillante-polipropileno-cromada-cocina-elegante-ligera-ergonomica\/\" \/>\n<meta property=\"og:locale\" content=\"es_ES\" \/>\n<meta property=\"og:type\" content=\"article\" \/>\n<meta property=\"og:title\" content=\"Silla de Comedor \u201cLaura\u201d Blanca Brillo -\" \/>\n<meta property=\"og:description\" content=\"Silla de comedor blanca \u201cLaura\u201d, dise\u00f1o moderno con asiento en polipropileno brillo y patas met\u00e1licas cromadas.\" \/>\n<meta property=\"og:url\" content=\"https:\/\/gesmobles.cat\/es\/producto\/silla-comedor-blanca-moderna-minimalista-brillante-polipropileno-cromada-cocina-elegante-ligera-ergonomica\/\" \/>\n<meta property=\"article:modified_time\" content=\"2025-08-19T20:43:04+00:00\" \/>\n<meta property=\"og:image\" content=\"https:\/\/gesmobles.cat\/wp-content\/uploads\/2025\/06\/laura.jpg\" \/>\n\t<meta property=\"og:image:width\" content=\"700\" \/>\n\t<meta property=\"og:image:height\" content=\"700\" \/>\n\t<meta property=\"og:image:type\" content=\"image\/jpeg\" \/>\n<meta name=\"twitter:card\" content=\"summary_large_image\" \/>\n<meta name=\"twitter:label1\" content=\"Tiempo de lectura\" \/>\n\t<meta name=\"twitter:data1\" content=\"1 minuto\" \/>\n<!-- \/ Yoast SEO plugin. -->","yoast_head_json":{"title":"Silla de Comedor \u201cLaura\u201d Blanca Brillo -","description":"Silla de comedor blanca \u201cLaura\u201d, dise\u00f1o moderno con asiento en polipropileno brillo y patas met\u00e1licas cromadas.","robots":{"index":"index","follow":"follow","max-snippet":"max-snippet:-1","max-image-preview":"max-image-preview:large","max-video-preview":"max-video-preview:-1"},"canonical":"https:\/\/gesmobles.cat\/es\/producto\/silla-comedor-blanca-moderna-minimalista-brillante-polipropileno-cromada-cocina-elegante-ligera-ergonomica\/","og_locale":"es_ES","og_type":"article","og_title":"Silla de Comedor \u201cLaura\u201d Blanca Brillo -","og_description":"Silla de comedor blanca \u201cLaura\u201d, dise\u00f1o moderno con asiento en polipropileno brillo y patas met\u00e1licas cromadas.","og_url":"https:\/\/gesmobles.cat\/es\/producto\/silla-comedor-blanca-moderna-minimalista-brillante-polipropileno-cromada-cocina-elegante-ligera-ergonomica\/","article_modified_time":"2025-08-19T20:43:04+00:00","og_image":[{"width":700,"height":700,"url":"https:\/\/gesmobles.cat\/wp-content\/uploads\/2025\/06\/laura.jpg","type":"image\/jpeg"}],"twitter_card":"summary_large_image","twitter_misc":{"Tiempo de lectura":"1 minuto"},"schema":{"@context":"https:\/\/schema.org","@graph":[]}},"_links":{"self":[{"href":"https:\/\/gesmobles.cat\/es\/wp-json\/wp\/v2\/product\/4657","targetHints":{"allow":["GET"]}}],"collection":[{"href":"https:\/\/gesmobles.cat\/es\/wp-json\/wp\/v2\/product"}],"about":[{"href":"https:\/\/gesmobles.cat\/es\/wp-json\/wp\/v2\/types\/product"}],"replies":[{"embeddable":true,"href":"https:\/\/gesmobles.cat\/es\/wp-json\/wp\/v2\/comments?post=4657"}],"wp:featuredmedia":[{"embeddable":true,"href":"https:\/\/gesmobles.cat\/es\/wp-json\/wp\/v2\/media\/4658"}],"wp:attachment":[{"href":"https:\/\/gesmobles.cat\/es\/wp-json\/wp\/v2\/media?parent=4657"}],"wp:term":[{"taxonomy":"product_brand","embeddable":true,"href":"https:\/\/gesmobles.cat\/es\/wp-json\/wp\/v2\/product_brand?post=4657"},{"taxonomy":"product_cat","embeddable":true,"href":"https:\/\/gesmobles.cat\/es\/wp-json\/wp\/v2\/product_cat?post=4657"},{"taxonomy":"product_tag","embeddable":true,"href":"https:\/\/gesmobles.cat\/es\/wp-json\/wp\/v2\/product_tag?post=4657"}],"curies":[{"name":"wp","href":"https:\/\/api.w.org\/{rel}","templated":true}]}}