{"id":4664,"date":"2025-06-20T21:21:11","date_gmt":"2025-06-20T19:21:11","guid":{"rendered":"https:\/\/gesmobles.cat\/?post_type=product&#038;p=4664"},"modified":"2025-08-19T22:42:23","modified_gmt":"2025-08-19T20:42:23","slug":"silla-cocina-comedor-tapizada-respaldo-curvo-beige-negra-metalica-retro-ligera-resistente-comoda","status":"publish","type":"product","link":"https:\/\/gesmobles.cat\/es\/producto\/silla-cocina-comedor-tapizada-respaldo-curvo-beige-negra-metalica-retro-ligera-resistente-comoda\/","title":{"rendered":"Silla de Comedor \u201cEva\u201d con Asiento Tapizado Beige"},"content":{"rendered":"<p>La silla \u201cEva\u201d combina un dise\u00f1o retro con l\u00edneas suaves y contempor\u00e1neas, perfecta para cocinas o comedores informales.<br \/>\nSu respaldo curvado en metal negro mate aporta car\u00e1cter y soporte, mientras que el asiento tapizado en tono beige ofrece una comodidad c\u00e1lida y funcional.<\/p>\n","protected":false},"excerpt":{"rendered":"<p>La silla \u201cEva\u201d combina un dise\u00f1o retro con l\u00edneas suaves y contempor\u00e1neas, perfecta para cocinas o comedores informales. Su respaldo curvado en metal negro mate aporta car\u00e1cter y soporte, mientras que el asiento tapizado en tono beige ofrece una comodidad c\u00e1lida y funcional.<\/p>\n","protected":false},"featured_media":4665,"comment_status":"open","ping_status":"closed","template":"","meta":[],"product_brand":[],"product_cat":[54,591],"product_tag":[],"class_list":{"0":"post-4664","1":"product","2":"type-product","3":"status-publish","4":"has-post-thumbnail","6":"product_cat-sillas","7":"product_cat-sillas-de-comedor","9":"first","10":"instock","11":"taxable","12":"shipping-taxable","13":"purchasable","14":"product-type-simple"},"acf":[],"yoast_head":"<!-- This site is optimized with the Yoast SEO plugin v27.4 - https:\/\/yoast.com\/product\/yoast-seo-wordpress\/ -->\n<title>Silla de Comedor \u201cEva\u201d con Asiento Tapizado Beige -<\/title>\n<meta name=\"description\" content=\"Silla de comedor \u201cEva\u201d con respaldo curvo met\u00e1lico y asiento tapizado beige. Dise\u00f1o retro y funcional, perfecta para cocinas y espacios peque\u00f1os.\" \/>\n<meta name=\"robots\" content=\"index, follow, max-snippet:-1, max-image-preview:large, max-video-preview:-1\" \/>\n<link rel=\"canonical\" href=\"https:\/\/gesmobles.cat\/es\/producto\/silla-cocina-comedor-tapizada-respaldo-curvo-beige-negra-metalica-retro-ligera-resistente-comoda\/\" \/>\n<meta property=\"og:locale\" content=\"es_ES\" \/>\n<meta property=\"og:type\" content=\"article\" \/>\n<meta property=\"og:title\" content=\"Silla de Comedor \u201cEva\u201d con Asiento Tapizado Beige -\" \/>\n<meta property=\"og:description\" content=\"Silla de comedor \u201cEva\u201d con respaldo curvo met\u00e1lico y asiento tapizado beige. Dise\u00f1o retro y funcional, perfecta para cocinas y espacios peque\u00f1os.\" \/>\n<meta property=\"og:url\" content=\"https:\/\/gesmobles.cat\/es\/producto\/silla-cocina-comedor-tapizada-respaldo-curvo-beige-negra-metalica-retro-ligera-resistente-comoda\/\" \/>\n<meta property=\"article:modified_time\" content=\"2025-08-19T20:42:23+00:00\" \/>\n<meta property=\"og:image\" content=\"https:\/\/gesmobles.cat\/wp-content\/uploads\/2025\/06\/eva.jpg\" \/>\n\t<meta property=\"og:image:width\" content=\"700\" \/>\n\t<meta property=\"og:image:height\" content=\"700\" \/>\n\t<meta property=\"og:image:type\" content=\"image\/jpeg\" \/>\n<meta name=\"twitter:card\" content=\"summary_large_image\" \/>\n<meta name=\"twitter:label1\" content=\"Tiempo de lectura\" \/>\n\t<meta name=\"twitter:data1\" content=\"1 minuto\" \/>\n<!-- \/ Yoast SEO plugin. -->","yoast_head_json":{"title":"Silla de Comedor \u201cEva\u201d con Asiento Tapizado Beige -","description":"Silla de comedor \u201cEva\u201d con respaldo curvo met\u00e1lico y asiento tapizado beige. Dise\u00f1o retro y funcional, perfecta para cocinas y espacios peque\u00f1os.","robots":{"index":"index","follow":"follow","max-snippet":"max-snippet:-1","max-image-preview":"max-image-preview:large","max-video-preview":"max-video-preview:-1"},"canonical":"https:\/\/gesmobles.cat\/es\/producto\/silla-cocina-comedor-tapizada-respaldo-curvo-beige-negra-metalica-retro-ligera-resistente-comoda\/","og_locale":"es_ES","og_type":"article","og_title":"Silla de Comedor \u201cEva\u201d con Asiento Tapizado Beige -","og_description":"Silla de comedor \u201cEva\u201d con respaldo curvo met\u00e1lico y asiento tapizado beige. Dise\u00f1o retro y funcional, perfecta para cocinas y espacios peque\u00f1os.","og_url":"https:\/\/gesmobles.cat\/es\/producto\/silla-cocina-comedor-tapizada-respaldo-curvo-beige-negra-metalica-retro-ligera-resistente-comoda\/","article_modified_time":"2025-08-19T20:42:23+00:00","og_image":[{"width":700,"height":700,"url":"https:\/\/gesmobles.cat\/wp-content\/uploads\/2025\/06\/eva.jpg","type":"image\/jpeg"}],"twitter_card":"summary_large_image","twitter_misc":{"Tiempo de lectura":"1 minuto"},"schema":{"@context":"https:\/\/schema.org","@graph":[]}},"_links":{"self":[{"href":"https:\/\/gesmobles.cat\/es\/wp-json\/wp\/v2\/product\/4664","targetHints":{"allow":["GET"]}}],"collection":[{"href":"https:\/\/gesmobles.cat\/es\/wp-json\/wp\/v2\/product"}],"about":[{"href":"https:\/\/gesmobles.cat\/es\/wp-json\/wp\/v2\/types\/product"}],"replies":[{"embeddable":true,"href":"https:\/\/gesmobles.cat\/es\/wp-json\/wp\/v2\/comments?post=4664"}],"wp:featuredmedia":[{"embeddable":true,"href":"https:\/\/gesmobles.cat\/es\/wp-json\/wp\/v2\/media\/4665"}],"wp:attachment":[{"href":"https:\/\/gesmobles.cat\/es\/wp-json\/wp\/v2\/media?parent=4664"}],"wp:term":[{"taxonomy":"product_brand","embeddable":true,"href":"https:\/\/gesmobles.cat\/es\/wp-json\/wp\/v2\/product_brand?post=4664"},{"taxonomy":"product_cat","embeddable":true,"href":"https:\/\/gesmobles.cat\/es\/wp-json\/wp\/v2\/product_cat?post=4664"},{"taxonomy":"product_tag","embeddable":true,"href":"https:\/\/gesmobles.cat\/es\/wp-json\/wp\/v2\/product_tag?post=4664"}],"curies":[{"name":"wp","href":"https:\/\/api.w.org\/{rel}","templated":true}]}}