{"id":4720,"date":"2025-06-26T22:26:34","date_gmt":"2025-06-26T20:26:34","guid":{"rendered":"https:\/\/gesmobles.cat\/?post_type=product&#038;p=4720"},"modified":"2025-08-19T22:39:20","modified_gmt":"2025-08-19T20:39:20","slug":"mesa-de-comedor-mesa-industrial-mesa-roble-y-negro-mesa-pequena-comedor-mesa-moderna-mesa-cocina-mesa-rectangular-muebles-comedor-gesmobles","status":"publish","type":"product","link":"https:\/\/gesmobles.cat\/es\/producto\/mesa-de-comedor-mesa-industrial-mesa-roble-y-negro-mesa-pequena-comedor-mesa-moderna-mesa-cocina-mesa-rectangular-muebles-comedor-gesmobles\/","title":{"rendered":"Mesa de comedor Niza roble y negro"},"content":{"rendered":"<p>La mesa de comedor Niza combina dise\u00f1o moderno y funcionalidad con un estilo industrial elegante. Su estructura robusta en color negro aporta estabilidad y car\u00e1cter, mientras que la tapa en acabado roble claro ofrece calidez y naturalidad al ambiente. Ideal para comedores, cocinas o espacios multifuncionales, esta mesa es perfecta para 4 personas y se adapta a cualquier estilo decorativo gracias a su dise\u00f1o limpio y vers\u00e1til.<\/p>\n<p>Fabricada con materiales resistentes y f\u00e1ciles de limpiar, la mesa Niza es una excelente opci\u00f3n para quienes buscan durabilidad sin renunciar al estilo. Comb\u00ednala con sillas negras o de madera clara para un conjunto armonioso.<\/p>\n","protected":false},"excerpt":{"rendered":"<p>La mesa de comedor Niza combina dise\u00f1o moderno y funcionalidad con un estilo industrial elegante. Su estructura robusta en color negro aporta estabilidad y car\u00e1cter, mientras que la tapa en acabado roble claro ofrece calidez y naturalidad al ambiente. Ideal para comedores, cocinas o espacios multifuncionales, esta mesa es perfecta para 4 personas y se [&hellip;]<\/p>\n","protected":false},"featured_media":4721,"comment_status":"open","ping_status":"closed","template":"","meta":[],"product_brand":[],"product_cat":[58,97],"product_tag":[],"class_list":{"0":"post-4720","1":"product","2":"type-product","3":"status-publish","4":"has-post-thumbnail","6":"product_cat-mesas","7":"product_cat-mesas-comedor","9":"first","10":"instock","11":"taxable","12":"shipping-taxable","13":"purchasable","14":"product-type-simple"},"acf":[],"yoast_head":"<!-- This site is optimized with the Yoast SEO plugin v27.4 - https:\/\/yoast.com\/product\/yoast-seo-wordpress\/ -->\n<title>Mesa de comedor Niza roble y negro -<\/title>\n<meta name=\"description\" content=\"Mesa de comedor estilo industrial con tapa de roble y estructura negra. Ideal para 4 personas. Dise\u00f1o moderno, resistente y f\u00e1cil de limpiar. \u00a1Compra online en gesmobles.cat!\" \/>\n<meta name=\"robots\" content=\"index, follow, max-snippet:-1, max-image-preview:large, max-video-preview:-1\" \/>\n<link rel=\"canonical\" href=\"https:\/\/gesmobles.cat\/es\/producto\/mesa-de-comedor-mesa-industrial-mesa-roble-y-negro-mesa-pequena-comedor-mesa-moderna-mesa-cocina-mesa-rectangular-muebles-comedor-gesmobles\/\" \/>\n<meta property=\"og:locale\" content=\"es_ES\" \/>\n<meta property=\"og:type\" content=\"article\" \/>\n<meta property=\"og:title\" content=\"Mesa de comedor Niza roble y negro -\" \/>\n<meta property=\"og:description\" content=\"Mesa de comedor estilo industrial con tapa de roble y estructura negra. Ideal para 4 personas. Dise\u00f1o moderno, resistente y f\u00e1cil de limpiar. \u00a1Compra online en gesmobles.cat!\" \/>\n<meta property=\"og:url\" content=\"https:\/\/gesmobles.cat\/es\/producto\/mesa-de-comedor-mesa-industrial-mesa-roble-y-negro-mesa-pequena-comedor-mesa-moderna-mesa-cocina-mesa-rectangular-muebles-comedor-gesmobles\/\" \/>\n<meta property=\"article:modified_time\" content=\"2025-08-19T20:39:20+00:00\" \/>\n<meta property=\"og:image\" content=\"https:\/\/gesmobles.cat\/wp-content\/uploads\/2025\/06\/niza.jpg\" \/>\n\t<meta property=\"og:image:width\" content=\"700\" \/>\n\t<meta property=\"og:image:height\" content=\"546\" \/>\n\t<meta property=\"og:image:type\" content=\"image\/jpeg\" \/>\n<meta name=\"twitter:card\" content=\"summary_large_image\" \/>\n<meta name=\"twitter:label1\" content=\"Tiempo de lectura\" \/>\n\t<meta name=\"twitter:data1\" content=\"1 minuto\" \/>\n<!-- \/ Yoast SEO plugin. -->","yoast_head_json":{"title":"Mesa de comedor Niza roble y negro -","description":"Mesa de comedor estilo industrial con tapa de roble y estructura negra. Ideal para 4 personas. Dise\u00f1o moderno, resistente y f\u00e1cil de limpiar. \u00a1Compra online en gesmobles.cat!","robots":{"index":"index","follow":"follow","max-snippet":"max-snippet:-1","max-image-preview":"max-image-preview:large","max-video-preview":"max-video-preview:-1"},"canonical":"https:\/\/gesmobles.cat\/es\/producto\/mesa-de-comedor-mesa-industrial-mesa-roble-y-negro-mesa-pequena-comedor-mesa-moderna-mesa-cocina-mesa-rectangular-muebles-comedor-gesmobles\/","og_locale":"es_ES","og_type":"article","og_title":"Mesa de comedor Niza roble y negro -","og_description":"Mesa de comedor estilo industrial con tapa de roble y estructura negra. Ideal para 4 personas. Dise\u00f1o moderno, resistente y f\u00e1cil de limpiar. \u00a1Compra online en gesmobles.cat!","og_url":"https:\/\/gesmobles.cat\/es\/producto\/mesa-de-comedor-mesa-industrial-mesa-roble-y-negro-mesa-pequena-comedor-mesa-moderna-mesa-cocina-mesa-rectangular-muebles-comedor-gesmobles\/","article_modified_time":"2025-08-19T20:39:20+00:00","og_image":[{"width":700,"height":546,"url":"https:\/\/gesmobles.cat\/wp-content\/uploads\/2025\/06\/niza.jpg","type":"image\/jpeg"}],"twitter_card":"summary_large_image","twitter_misc":{"Tiempo de lectura":"1 minuto"},"schema":{"@context":"https:\/\/schema.org","@graph":[]}},"_links":{"self":[{"href":"https:\/\/gesmobles.cat\/es\/wp-json\/wp\/v2\/product\/4720","targetHints":{"allow":["GET"]}}],"collection":[{"href":"https:\/\/gesmobles.cat\/es\/wp-json\/wp\/v2\/product"}],"about":[{"href":"https:\/\/gesmobles.cat\/es\/wp-json\/wp\/v2\/types\/product"}],"replies":[{"embeddable":true,"href":"https:\/\/gesmobles.cat\/es\/wp-json\/wp\/v2\/comments?post=4720"}],"wp:featuredmedia":[{"embeddable":true,"href":"https:\/\/gesmobles.cat\/es\/wp-json\/wp\/v2\/media\/4721"}],"wp:attachment":[{"href":"https:\/\/gesmobles.cat\/es\/wp-json\/wp\/v2\/media?parent=4720"}],"wp:term":[{"taxonomy":"product_brand","embeddable":true,"href":"https:\/\/gesmobles.cat\/es\/wp-json\/wp\/v2\/product_brand?post=4720"},{"taxonomy":"product_cat","embeddable":true,"href":"https:\/\/gesmobles.cat\/es\/wp-json\/wp\/v2\/product_cat?post=4720"},{"taxonomy":"product_tag","embeddable":true,"href":"https:\/\/gesmobles.cat\/es\/wp-json\/wp\/v2\/product_tag?post=4720"}],"curies":[{"name":"wp","href":"https:\/\/api.w.org\/{rel}","templated":true}]}}