{"id":4727,"date":"2025-06-26T22:34:58","date_gmt":"2025-06-26T20:34:58","guid":{"rendered":"https:\/\/gesmobles.cat\/?post_type=product&#038;p=4727"},"modified":"2025-08-19T22:37:51","modified_gmt":"2025-08-19T20:37:51","slug":"mesa-de-comedor-mesa-blanca-mesa-nordica-mesa-blanca-y-madera-mesa-pequena-comedor-mesa-moderna-mesa-rectangular-muebles-comedor-gesmobles","status":"publish","type":"product","link":"https:\/\/gesmobles.cat\/es\/producto\/mesa-de-comedor-mesa-blanca-mesa-nordica-mesa-blanca-y-madera-mesa-pequena-comedor-mesa-moderna-mesa-rectangular-muebles-comedor-gesmobles\/","title":{"rendered":"Mesa de comedor Nadia blanca y madera"},"content":{"rendered":"<p>La mesa de comedor Nadia destaca por su dise\u00f1o minimalista y luminoso, ideal para espacios modernos, n\u00f3rdicos o escandinavos. Su sobre en color blanco mate aporta claridad y ligereza visual, mientras que sus patas en tono madera natural le dan un toque c\u00e1lido y acogedor.<\/p>\n<p>Es perfecta para cocinas, comedores o zonas de estar de tama\u00f1o reducido, ya que su formato rectangular compacto permite acomodar hasta 4 personas c\u00f3modamente. Fabricada con materiales resistentes y de f\u00e1cil mantenimiento, la mesa Nadia combina funcionalidad, dise\u00f1o y durabilidad a un precio muy accesible.<\/p>\n","protected":false},"excerpt":{"rendered":"<p>La mesa de comedor Nadia destaca por su dise\u00f1o minimalista y luminoso, ideal para espacios modernos, n\u00f3rdicos o escandinavos. Su sobre en color blanco mate aporta claridad y ligereza visual, mientras que sus patas en tono madera natural le dan un toque c\u00e1lido y acogedor. Es perfecta para cocinas, comedores o zonas de estar de [&hellip;]<\/p>\n","protected":false},"featured_media":4728,"comment_status":"open","ping_status":"closed","template":"","meta":[],"product_brand":[],"product_cat":[58,97],"product_tag":[],"class_list":{"0":"post-4727","1":"product","2":"type-product","3":"status-publish","4":"has-post-thumbnail","6":"product_cat-mesas","7":"product_cat-mesas-comedor","9":"first","10":"instock","11":"taxable","12":"shipping-taxable","13":"purchasable","14":"product-type-simple"},"acf":[],"yoast_head":"<!-- This site is optimized with the Yoast SEO plugin v27.4 - https:\/\/yoast.com\/product\/yoast-seo-wordpress\/ -->\n<title>Mesa de comedor Nadia blanca y madera -<\/title>\n<meta name=\"description\" content=\"Mesa de comedor blanca con patas en madera natural. Estilo n\u00f3rdico, resistente, funcional y perfecta para 4 personas. \u00a1Compra online en gesmobles.cat!\" \/>\n<meta name=\"robots\" content=\"index, follow, max-snippet:-1, max-image-preview:large, max-video-preview:-1\" \/>\n<link rel=\"canonical\" href=\"https:\/\/gesmobles.cat\/es\/producto\/mesa-de-comedor-mesa-blanca-mesa-nordica-mesa-blanca-y-madera-mesa-pequena-comedor-mesa-moderna-mesa-rectangular-muebles-comedor-gesmobles\/\" \/>\n<meta property=\"og:locale\" content=\"es_ES\" \/>\n<meta property=\"og:type\" content=\"article\" \/>\n<meta property=\"og:title\" content=\"Mesa de comedor Nadia blanca y madera -\" \/>\n<meta property=\"og:description\" content=\"Mesa de comedor blanca con patas en madera natural. Estilo n\u00f3rdico, resistente, funcional y perfecta para 4 personas. \u00a1Compra online en gesmobles.cat!\" \/>\n<meta property=\"og:url\" content=\"https:\/\/gesmobles.cat\/es\/producto\/mesa-de-comedor-mesa-blanca-mesa-nordica-mesa-blanca-y-madera-mesa-pequena-comedor-mesa-moderna-mesa-rectangular-muebles-comedor-gesmobles\/\" \/>\n<meta property=\"article:modified_time\" content=\"2025-08-19T20:37:51+00:00\" \/>\n<meta property=\"og:image\" content=\"https:\/\/gesmobles.cat\/wp-content\/uploads\/2025\/06\/nadia.jpg\" \/>\n\t<meta property=\"og:image:width\" content=\"700\" \/>\n\t<meta property=\"og:image:height\" content=\"546\" \/>\n\t<meta property=\"og:image:type\" content=\"image\/jpeg\" \/>\n<meta name=\"twitter:card\" content=\"summary_large_image\" \/>\n<meta name=\"twitter:label1\" content=\"Tiempo de lectura\" \/>\n\t<meta name=\"twitter:data1\" content=\"1 minuto\" \/>\n<!-- \/ Yoast SEO plugin. -->","yoast_head_json":{"title":"Mesa de comedor Nadia blanca y madera -","description":"Mesa de comedor blanca con patas en madera natural. Estilo n\u00f3rdico, resistente, funcional y perfecta para 4 personas. \u00a1Compra online en gesmobles.cat!","robots":{"index":"index","follow":"follow","max-snippet":"max-snippet:-1","max-image-preview":"max-image-preview:large","max-video-preview":"max-video-preview:-1"},"canonical":"https:\/\/gesmobles.cat\/es\/producto\/mesa-de-comedor-mesa-blanca-mesa-nordica-mesa-blanca-y-madera-mesa-pequena-comedor-mesa-moderna-mesa-rectangular-muebles-comedor-gesmobles\/","og_locale":"es_ES","og_type":"article","og_title":"Mesa de comedor Nadia blanca y madera -","og_description":"Mesa de comedor blanca con patas en madera natural. Estilo n\u00f3rdico, resistente, funcional y perfecta para 4 personas. \u00a1Compra online en gesmobles.cat!","og_url":"https:\/\/gesmobles.cat\/es\/producto\/mesa-de-comedor-mesa-blanca-mesa-nordica-mesa-blanca-y-madera-mesa-pequena-comedor-mesa-moderna-mesa-rectangular-muebles-comedor-gesmobles\/","article_modified_time":"2025-08-19T20:37:51+00:00","og_image":[{"width":700,"height":546,"url":"https:\/\/gesmobles.cat\/wp-content\/uploads\/2025\/06\/nadia.jpg","type":"image\/jpeg"}],"twitter_card":"summary_large_image","twitter_misc":{"Tiempo de lectura":"1 minuto"},"schema":{"@context":"https:\/\/schema.org","@graph":[]}},"_links":{"self":[{"href":"https:\/\/gesmobles.cat\/es\/wp-json\/wp\/v2\/product\/4727","targetHints":{"allow":["GET"]}}],"collection":[{"href":"https:\/\/gesmobles.cat\/es\/wp-json\/wp\/v2\/product"}],"about":[{"href":"https:\/\/gesmobles.cat\/es\/wp-json\/wp\/v2\/types\/product"}],"replies":[{"embeddable":true,"href":"https:\/\/gesmobles.cat\/es\/wp-json\/wp\/v2\/comments?post=4727"}],"wp:featuredmedia":[{"embeddable":true,"href":"https:\/\/gesmobles.cat\/es\/wp-json\/wp\/v2\/media\/4728"}],"wp:attachment":[{"href":"https:\/\/gesmobles.cat\/es\/wp-json\/wp\/v2\/media?parent=4727"}],"wp:term":[{"taxonomy":"product_brand","embeddable":true,"href":"https:\/\/gesmobles.cat\/es\/wp-json\/wp\/v2\/product_brand?post=4727"},{"taxonomy":"product_cat","embeddable":true,"href":"https:\/\/gesmobles.cat\/es\/wp-json\/wp\/v2\/product_cat?post=4727"},{"taxonomy":"product_tag","embeddable":true,"href":"https:\/\/gesmobles.cat\/es\/wp-json\/wp\/v2\/product_tag?post=4727"}],"curies":[{"name":"wp","href":"https:\/\/api.w.org\/{rel}","templated":true}]}}