{"id":4757,"date":"2025-06-29T19:02:58","date_gmt":"2025-06-29T17:02:58","guid":{"rendered":"https:\/\/gesmobles.cat\/?post_type=product&#038;p=4757"},"modified":"2025-11-19T20:42:15","modified_gmt":"2025-11-19T18:42:15","slug":"mesa-redonda-mesa-extensible-mesa-blanca-mesa-nordica-mesa-cocina-mesa-comedor-mesa-de-diseno-mesa-patas-madera-mesa-escandinava-mesa-redonda-blanca","status":"publish","type":"product","link":"https:\/\/gesmobles.cat\/es\/producto\/mesa-redonda-mesa-extensible-mesa-blanca-mesa-nordica-mesa-cocina-mesa-comedor-mesa-de-diseno-mesa-patas-madera-mesa-escandinava-mesa-redonda-blanca\/","title":{"rendered":"Mesa redonda extensible Ana"},"content":{"rendered":"<p>La mesa Ana es una opci\u00f3n funcional, luminosa y de estilo n\u00f3rdico que encaja a la perfecci\u00f3n en cocinas y comedores modernos. Su sobre redondo en blanco mate y sus patas de madera natural aportan una sensaci\u00f3n de amplitud, frescura y calidez al espacio. Dispone de un sistema extensible central oculto, ideal para adaptarse a visitas o comidas familiares sin renunciar al dise\u00f1o compacto del d\u00eda a d\u00eda. La mesa Ana es la combinaci\u00f3n perfecta de est\u00e9tica escandinava y practicidad.<\/p>\n<p>Medidas<br \/>\nCERRADA: 90 x 90 cm &#8211; ABIERTA: 90 x 115 cm<\/p>\n","protected":false},"excerpt":{"rendered":"<p>La mesa Ana es una opci\u00f3n funcional, luminosa y de estilo n\u00f3rdico que encaja a la perfecci\u00f3n en cocinas y comedores modernos. Su sobre redondo en blanco mate y sus patas de madera natural aportan una sensaci\u00f3n de amplitud, frescura y calidez al espacio. Dispone de un sistema extensible central oculto, ideal para adaptarse a [&hellip;]<\/p>\n","protected":false},"featured_media":4758,"comment_status":"open","ping_status":"closed","template":"","meta":[],"product_brand":[],"product_cat":[58,97],"product_tag":[],"class_list":{"0":"post-4757","1":"product","2":"type-product","3":"status-publish","4":"has-post-thumbnail","6":"product_cat-mesas","7":"product_cat-mesas-comedor","9":"first","10":"instock","11":"taxable","12":"shipping-taxable","13":"purchasable","14":"product-type-simple"},"acf":[],"yoast_head":"<!-- This site is optimized with the Yoast SEO plugin v27.4 - https:\/\/yoast.com\/product\/yoast-seo-wordpress\/ -->\n<title>Mesa redonda extensible Ana -<\/title>\n<meta name=\"description\" content=\"Mesa redonda extensible blanca Ana con patas de madera y dise\u00f1o n\u00f3rdico. Ideal para cocinas y comedores modernos. Pr\u00e1ctica, luminosa y vers\u00e1til.\" \/>\n<meta name=\"robots\" content=\"index, follow, max-snippet:-1, max-image-preview:large, max-video-preview:-1\" \/>\n<link rel=\"canonical\" href=\"https:\/\/gesmobles.cat\/es\/producto\/mesa-redonda-mesa-extensible-mesa-blanca-mesa-nordica-mesa-cocina-mesa-comedor-mesa-de-diseno-mesa-patas-madera-mesa-escandinava-mesa-redonda-blanca\/\" \/>\n<meta property=\"og:locale\" content=\"es_ES\" \/>\n<meta property=\"og:type\" content=\"article\" \/>\n<meta property=\"og:title\" content=\"Mesa redonda extensible Ana -\" \/>\n<meta property=\"og:description\" content=\"Mesa redonda extensible blanca Ana con patas de madera y dise\u00f1o n\u00f3rdico. Ideal para cocinas y comedores modernos. Pr\u00e1ctica, luminosa y vers\u00e1til.\" \/>\n<meta property=\"og:url\" content=\"https:\/\/gesmobles.cat\/es\/producto\/mesa-redonda-mesa-extensible-mesa-blanca-mesa-nordica-mesa-cocina-mesa-comedor-mesa-de-diseno-mesa-patas-madera-mesa-escandinava-mesa-redonda-blanca\/\" \/>\n<meta property=\"article:modified_time\" content=\"2025-11-19T18:42:15+00:00\" \/>\n<meta property=\"og:image\" content=\"https:\/\/gesmobles.cat\/wp-content\/uploads\/2025\/06\/ana.jpg\" \/>\n\t<meta property=\"og:image:width\" content=\"700\" \/>\n\t<meta property=\"og:image:height\" content=\"546\" \/>\n\t<meta property=\"og:image:type\" content=\"image\/jpeg\" \/>\n<meta name=\"twitter:card\" content=\"summary_large_image\" \/>\n<meta name=\"twitter:label1\" content=\"Tiempo de lectura\" \/>\n\t<meta name=\"twitter:data1\" content=\"1 minuto\" \/>\n<!-- \/ Yoast SEO plugin. -->","yoast_head_json":{"title":"Mesa redonda extensible Ana -","description":"Mesa redonda extensible blanca Ana con patas de madera y dise\u00f1o n\u00f3rdico. Ideal para cocinas y comedores modernos. Pr\u00e1ctica, luminosa y vers\u00e1til.","robots":{"index":"index","follow":"follow","max-snippet":"max-snippet:-1","max-image-preview":"max-image-preview:large","max-video-preview":"max-video-preview:-1"},"canonical":"https:\/\/gesmobles.cat\/es\/producto\/mesa-redonda-mesa-extensible-mesa-blanca-mesa-nordica-mesa-cocina-mesa-comedor-mesa-de-diseno-mesa-patas-madera-mesa-escandinava-mesa-redonda-blanca\/","og_locale":"es_ES","og_type":"article","og_title":"Mesa redonda extensible Ana -","og_description":"Mesa redonda extensible blanca Ana con patas de madera y dise\u00f1o n\u00f3rdico. Ideal para cocinas y comedores modernos. Pr\u00e1ctica, luminosa y vers\u00e1til.","og_url":"https:\/\/gesmobles.cat\/es\/producto\/mesa-redonda-mesa-extensible-mesa-blanca-mesa-nordica-mesa-cocina-mesa-comedor-mesa-de-diseno-mesa-patas-madera-mesa-escandinava-mesa-redonda-blanca\/","article_modified_time":"2025-11-19T18:42:15+00:00","og_image":[{"width":700,"height":546,"url":"https:\/\/gesmobles.cat\/wp-content\/uploads\/2025\/06\/ana.jpg","type":"image\/jpeg"}],"twitter_card":"summary_large_image","twitter_misc":{"Tiempo de lectura":"1 minuto"},"schema":{"@context":"https:\/\/schema.org","@graph":[]}},"_links":{"self":[{"href":"https:\/\/gesmobles.cat\/es\/wp-json\/wp\/v2\/product\/4757","targetHints":{"allow":["GET"]}}],"collection":[{"href":"https:\/\/gesmobles.cat\/es\/wp-json\/wp\/v2\/product"}],"about":[{"href":"https:\/\/gesmobles.cat\/es\/wp-json\/wp\/v2\/types\/product"}],"replies":[{"embeddable":true,"href":"https:\/\/gesmobles.cat\/es\/wp-json\/wp\/v2\/comments?post=4757"}],"wp:featuredmedia":[{"embeddable":true,"href":"https:\/\/gesmobles.cat\/es\/wp-json\/wp\/v2\/media\/4758"}],"wp:attachment":[{"href":"https:\/\/gesmobles.cat\/es\/wp-json\/wp\/v2\/media?parent=4757"}],"wp:term":[{"taxonomy":"product_brand","embeddable":true,"href":"https:\/\/gesmobles.cat\/es\/wp-json\/wp\/v2\/product_brand?post=4757"},{"taxonomy":"product_cat","embeddable":true,"href":"https:\/\/gesmobles.cat\/es\/wp-json\/wp\/v2\/product_cat?post=4757"},{"taxonomy":"product_tag","embeddable":true,"href":"https:\/\/gesmobles.cat\/es\/wp-json\/wp\/v2\/product_tag?post=4757"}],"curies":[{"name":"wp","href":"https:\/\/api.w.org\/{rel}","templated":true}]}}