{"id":4768,"date":"2025-06-29T19:13:56","date_gmt":"2025-06-29T17:13:56","guid":{"rendered":"https:\/\/gesmobles.cat\/?post_type=product&#038;p=4768"},"modified":"2025-11-19T20:39:19","modified_gmt":"2025-11-19T18:39:19","slug":"mesa-redonda-mesa-extensible-mesa-blanca-mesa-moderna-mesa-patas-metalicas-mesa-comedor-mesa-cocina-mesa-practica-mesa-redonda-extensible-mesa-minimalista","status":"publish","type":"product","link":"https:\/\/gesmobles.cat\/es\/producto\/mesa-redonda-mesa-extensible-mesa-blanca-mesa-moderna-mesa-patas-metalicas-mesa-comedor-mesa-cocina-mesa-practica-mesa-redonda-extensible-mesa-minimalista\/","title":{"rendered":"Mesa redonda extensible Isla"},"content":{"rendered":"<p>La mesa Isla es una soluci\u00f3n pr\u00e1ctica y minimalista para espacios modernos. Su sobre redondo en color blanco mate aporta luminosidad y amplitud visual, mientras que sus patas met\u00e1licas rectas en acabado gris claro garantizan estabilidad y un estilo neutro que encaja en cualquier ambiente. Gracias a su mecanismo extensible central, permite ampliar su tama\u00f1o con facilidad, adapt\u00e1ndose a las necesidades del momento. La mesa Isla es ideal para cocinas, comedores o peque\u00f1os apartamentos que buscan funcionalidad sin renunciar al dise\u00f1o.<\/p>\n<p>Medidas<br \/>\nCERRADA: 90 x 90 cm &#8211; ABIERTA: 90 x 115 cm<\/p>\n","protected":false},"excerpt":{"rendered":"<p>La mesa Isla es una soluci\u00f3n pr\u00e1ctica y minimalista para espacios modernos. Su sobre redondo en color blanco mate aporta luminosidad y amplitud visual, mientras que sus patas met\u00e1licas rectas en acabado gris claro garantizan estabilidad y un estilo neutro que encaja en cualquier ambiente. Gracias a su mecanismo extensible central, permite ampliar su tama\u00f1o [&hellip;]<\/p>\n","protected":false},"featured_media":4769,"comment_status":"open","ping_status":"closed","template":"","meta":[],"product_brand":[],"product_cat":[58,97],"product_tag":[],"class_list":{"0":"post-4768","1":"product","2":"type-product","3":"status-publish","4":"has-post-thumbnail","6":"product_cat-mesas","7":"product_cat-mesas-comedor","9":"first","10":"instock","11":"taxable","12":"shipping-taxable","13":"purchasable","14":"product-type-simple"},"acf":[],"yoast_head":"<!-- This site is optimized with the Yoast SEO plugin v27.4 - https:\/\/yoast.com\/product\/yoast-seo-wordpress\/ -->\n<title>Mesa redonda extensible Isla -<\/title>\n<meta name=\"description\" content=\"Mesa redonda extensible blanca Isla con patas met\u00e1licas en gris claro. Dise\u00f1o minimalista y pr\u00e1ctico para cocinas y comedores modernos. F\u00e1cil de ampliar y muy estable.\" \/>\n<meta name=\"robots\" content=\"index, follow, max-snippet:-1, max-image-preview:large, max-video-preview:-1\" \/>\n<link rel=\"canonical\" href=\"https:\/\/gesmobles.cat\/es\/producto\/mesa-redonda-mesa-extensible-mesa-blanca-mesa-moderna-mesa-patas-metalicas-mesa-comedor-mesa-cocina-mesa-practica-mesa-redonda-extensible-mesa-minimalista\/\" \/>\n<meta property=\"og:locale\" content=\"es_ES\" \/>\n<meta property=\"og:type\" content=\"article\" \/>\n<meta property=\"og:title\" content=\"Mesa redonda extensible Isla -\" \/>\n<meta property=\"og:description\" content=\"Mesa redonda extensible blanca Isla con patas met\u00e1licas en gris claro. Dise\u00f1o minimalista y pr\u00e1ctico para cocinas y comedores modernos. F\u00e1cil de ampliar y muy estable.\" \/>\n<meta property=\"og:url\" content=\"https:\/\/gesmobles.cat\/es\/producto\/mesa-redonda-mesa-extensible-mesa-blanca-mesa-moderna-mesa-patas-metalicas-mesa-comedor-mesa-cocina-mesa-practica-mesa-redonda-extensible-mesa-minimalista\/\" \/>\n<meta property=\"article:modified_time\" content=\"2025-11-19T18:39:19+00:00\" \/>\n<meta property=\"og:image\" content=\"https:\/\/gesmobles.cat\/wp-content\/uploads\/2025\/06\/isla.jpg\" \/>\n\t<meta property=\"og:image:width\" content=\"700\" \/>\n\t<meta property=\"og:image:height\" content=\"546\" \/>\n\t<meta property=\"og:image:type\" content=\"image\/jpeg\" \/>\n<meta name=\"twitter:card\" content=\"summary_large_image\" \/>\n<meta name=\"twitter:label1\" content=\"Tiempo de lectura\" \/>\n\t<meta name=\"twitter:data1\" content=\"1 minuto\" \/>\n<!-- \/ Yoast SEO plugin. -->","yoast_head_json":{"title":"Mesa redonda extensible Isla -","description":"Mesa redonda extensible blanca Isla con patas met\u00e1licas en gris claro. Dise\u00f1o minimalista y pr\u00e1ctico para cocinas y comedores modernos. F\u00e1cil de ampliar y muy estable.","robots":{"index":"index","follow":"follow","max-snippet":"max-snippet:-1","max-image-preview":"max-image-preview:large","max-video-preview":"max-video-preview:-1"},"canonical":"https:\/\/gesmobles.cat\/es\/producto\/mesa-redonda-mesa-extensible-mesa-blanca-mesa-moderna-mesa-patas-metalicas-mesa-comedor-mesa-cocina-mesa-practica-mesa-redonda-extensible-mesa-minimalista\/","og_locale":"es_ES","og_type":"article","og_title":"Mesa redonda extensible Isla -","og_description":"Mesa redonda extensible blanca Isla con patas met\u00e1licas en gris claro. Dise\u00f1o minimalista y pr\u00e1ctico para cocinas y comedores modernos. F\u00e1cil de ampliar y muy estable.","og_url":"https:\/\/gesmobles.cat\/es\/producto\/mesa-redonda-mesa-extensible-mesa-blanca-mesa-moderna-mesa-patas-metalicas-mesa-comedor-mesa-cocina-mesa-practica-mesa-redonda-extensible-mesa-minimalista\/","article_modified_time":"2025-11-19T18:39:19+00:00","og_image":[{"width":700,"height":546,"url":"https:\/\/gesmobles.cat\/wp-content\/uploads\/2025\/06\/isla.jpg","type":"image\/jpeg"}],"twitter_card":"summary_large_image","twitter_misc":{"Tiempo de lectura":"1 minuto"},"schema":{"@context":"https:\/\/schema.org","@graph":[]}},"_links":{"self":[{"href":"https:\/\/gesmobles.cat\/es\/wp-json\/wp\/v2\/product\/4768","targetHints":{"allow":["GET"]}}],"collection":[{"href":"https:\/\/gesmobles.cat\/es\/wp-json\/wp\/v2\/product"}],"about":[{"href":"https:\/\/gesmobles.cat\/es\/wp-json\/wp\/v2\/types\/product"}],"replies":[{"embeddable":true,"href":"https:\/\/gesmobles.cat\/es\/wp-json\/wp\/v2\/comments?post=4768"}],"wp:featuredmedia":[{"embeddable":true,"href":"https:\/\/gesmobles.cat\/es\/wp-json\/wp\/v2\/media\/4769"}],"wp:attachment":[{"href":"https:\/\/gesmobles.cat\/es\/wp-json\/wp\/v2\/media?parent=4768"}],"wp:term":[{"taxonomy":"product_brand","embeddable":true,"href":"https:\/\/gesmobles.cat\/es\/wp-json\/wp\/v2\/product_brand?post=4768"},{"taxonomy":"product_cat","embeddable":true,"href":"https:\/\/gesmobles.cat\/es\/wp-json\/wp\/v2\/product_cat?post=4768"},{"taxonomy":"product_tag","embeddable":true,"href":"https:\/\/gesmobles.cat\/es\/wp-json\/wp\/v2\/product_tag?post=4768"}],"curies":[{"name":"wp","href":"https:\/\/api.w.org\/{rel}","templated":true}]}}