{"id":4778,"date":"2025-06-29T19:24:02","date_gmt":"2025-06-29T17:24:02","guid":{"rendered":"https:\/\/gesmobles.cat\/?post_type=product&#038;p=4778"},"modified":"2025-11-19T20:38:05","modified_gmt":"2025-11-19T18:38:05","slug":"mesa-extensible-mesa-rectangular-mesa-blanca-y-madera-mesa-cocina-mesa-comedor-mesa-moderna-mesa-pequena-mesa-compacta-mesa-practica-mesa-estructura-metalica","status":"publish","type":"product","link":"https:\/\/gesmobles.cat\/es\/producto\/mesa-extensible-mesa-rectangular-mesa-blanca-y-madera-mesa-cocina-mesa-comedor-mesa-moderna-mesa-pequena-mesa-compacta-mesa-practica-mesa-estructura-metalica\/","title":{"rendered":"Mesa extensible rectangular Elda"},"content":{"rendered":"<p>La mesa Elda es la opci\u00f3n perfecta para quienes buscan una soluci\u00f3n compacta y funcional sin renunciar al dise\u00f1o. Su estructura met\u00e1lica en blanco aporta ligereza visual y estabilidad, mientras que el sobre en acabado madera natural crea un contraste c\u00e1lido y moderno. Gracias a su sistema extensible integrado bajo el sobre, permite ampliar su tama\u00f1o f\u00e1cilmente, siendo ideal para cocinas, comedores peque\u00f1os o espacios multifuncionales. La mesa Elda combina est\u00e9tica contempor\u00e1nea con gran practicidad.<\/p>\n<p>Medidas<br \/>\nCERRADA: 100 x 45 cm &#8211; ABIERTA: 100 x 75 cm<\/p>\n","protected":false},"excerpt":{"rendered":"<p>La mesa Elda es la opci\u00f3n perfecta para quienes buscan una soluci\u00f3n compacta y funcional sin renunciar al dise\u00f1o. Su estructura met\u00e1lica en blanco aporta ligereza visual y estabilidad, mientras que el sobre en acabado madera natural crea un contraste c\u00e1lido y moderno. Gracias a su sistema extensible integrado bajo el sobre, permite ampliar su [&hellip;]<\/p>\n","protected":false},"featured_media":4779,"comment_status":"open","ping_status":"closed","template":"","meta":[],"product_brand":[],"product_cat":[58,349],"product_tag":[],"class_list":{"0":"post-4778","1":"product","2":"type-product","3":"status-publish","4":"has-post-thumbnail","6":"product_cat-mesas","7":"product_cat-mesas-de-cocina","9":"first","10":"instock","11":"taxable","12":"shipping-taxable","13":"purchasable","14":"product-type-simple"},"acf":[],"yoast_head":"<!-- This site is optimized with the Yoast SEO plugin v27.4 - https:\/\/yoast.com\/product\/yoast-seo-wordpress\/ -->\n<title>Mesa extensible rectangular Elda -<\/title>\n<meta name=\"description\" content=\"Mesa extensible rectangular Elda con estructura blanca y sobre en madera. Dise\u00f1o compacto, funcional y moderno. Ideal para cocinas o comedores peque\u00f1os.\" \/>\n<meta name=\"robots\" content=\"index, follow, max-snippet:-1, max-image-preview:large, max-video-preview:-1\" \/>\n<link rel=\"canonical\" href=\"https:\/\/gesmobles.cat\/es\/producto\/mesa-extensible-mesa-rectangular-mesa-blanca-y-madera-mesa-cocina-mesa-comedor-mesa-moderna-mesa-pequena-mesa-compacta-mesa-practica-mesa-estructura-metalica\/\" \/>\n<meta property=\"og:locale\" content=\"es_ES\" \/>\n<meta property=\"og:type\" content=\"article\" \/>\n<meta property=\"og:title\" content=\"Mesa extensible rectangular Elda -\" \/>\n<meta property=\"og:description\" content=\"Mesa extensible rectangular Elda con estructura blanca y sobre en madera. Dise\u00f1o compacto, funcional y moderno. Ideal para cocinas o comedores peque\u00f1os.\" \/>\n<meta property=\"og:url\" content=\"https:\/\/gesmobles.cat\/es\/producto\/mesa-extensible-mesa-rectangular-mesa-blanca-y-madera-mesa-cocina-mesa-comedor-mesa-moderna-mesa-pequena-mesa-compacta-mesa-practica-mesa-estructura-metalica\/\" \/>\n<meta property=\"article:modified_time\" content=\"2025-11-19T18:38:05+00:00\" \/>\n<meta property=\"og:image\" content=\"https:\/\/gesmobles.cat\/wp-content\/uploads\/2025\/06\/elda.jpg\" \/>\n\t<meta property=\"og:image:width\" content=\"700\" \/>\n\t<meta property=\"og:image:height\" content=\"546\" \/>\n\t<meta property=\"og:image:type\" content=\"image\/jpeg\" \/>\n<meta name=\"twitter:card\" content=\"summary_large_image\" \/>\n<meta name=\"twitter:label1\" content=\"Tiempo de lectura\" \/>\n\t<meta name=\"twitter:data1\" content=\"1 minuto\" \/>\n<!-- \/ Yoast SEO plugin. -->","yoast_head_json":{"title":"Mesa extensible rectangular Elda -","description":"Mesa extensible rectangular Elda con estructura blanca y sobre en madera. Dise\u00f1o compacto, funcional y moderno. Ideal para cocinas o comedores peque\u00f1os.","robots":{"index":"index","follow":"follow","max-snippet":"max-snippet:-1","max-image-preview":"max-image-preview:large","max-video-preview":"max-video-preview:-1"},"canonical":"https:\/\/gesmobles.cat\/es\/producto\/mesa-extensible-mesa-rectangular-mesa-blanca-y-madera-mesa-cocina-mesa-comedor-mesa-moderna-mesa-pequena-mesa-compacta-mesa-practica-mesa-estructura-metalica\/","og_locale":"es_ES","og_type":"article","og_title":"Mesa extensible rectangular Elda -","og_description":"Mesa extensible rectangular Elda con estructura blanca y sobre en madera. Dise\u00f1o compacto, funcional y moderno. Ideal para cocinas o comedores peque\u00f1os.","og_url":"https:\/\/gesmobles.cat\/es\/producto\/mesa-extensible-mesa-rectangular-mesa-blanca-y-madera-mesa-cocina-mesa-comedor-mesa-moderna-mesa-pequena-mesa-compacta-mesa-practica-mesa-estructura-metalica\/","article_modified_time":"2025-11-19T18:38:05+00:00","og_image":[{"width":700,"height":546,"url":"https:\/\/gesmobles.cat\/wp-content\/uploads\/2025\/06\/elda.jpg","type":"image\/jpeg"}],"twitter_card":"summary_large_image","twitter_misc":{"Tiempo de lectura":"1 minuto"},"schema":{"@context":"https:\/\/schema.org","@graph":[]}},"_links":{"self":[{"href":"https:\/\/gesmobles.cat\/es\/wp-json\/wp\/v2\/product\/4778","targetHints":{"allow":["GET"]}}],"collection":[{"href":"https:\/\/gesmobles.cat\/es\/wp-json\/wp\/v2\/product"}],"about":[{"href":"https:\/\/gesmobles.cat\/es\/wp-json\/wp\/v2\/types\/product"}],"replies":[{"embeddable":true,"href":"https:\/\/gesmobles.cat\/es\/wp-json\/wp\/v2\/comments?post=4778"}],"wp:featuredmedia":[{"embeddable":true,"href":"https:\/\/gesmobles.cat\/es\/wp-json\/wp\/v2\/media\/4779"}],"wp:attachment":[{"href":"https:\/\/gesmobles.cat\/es\/wp-json\/wp\/v2\/media?parent=4778"}],"wp:term":[{"taxonomy":"product_brand","embeddable":true,"href":"https:\/\/gesmobles.cat\/es\/wp-json\/wp\/v2\/product_brand?post=4778"},{"taxonomy":"product_cat","embeddable":true,"href":"https:\/\/gesmobles.cat\/es\/wp-json\/wp\/v2\/product_cat?post=4778"},{"taxonomy":"product_tag","embeddable":true,"href":"https:\/\/gesmobles.cat\/es\/wp-json\/wp\/v2\/product_tag?post=4778"}],"curies":[{"name":"wp","href":"https:\/\/api.w.org\/{rel}","templated":true}]}}