{"id":4792,"date":"2025-06-30T20:39:17","date_gmt":"2025-06-30T18:39:17","guid":{"rendered":"https:\/\/gesmobles.cat\/?post_type=product&#038;p=4792"},"modified":"2025-11-19T20:34:51","modified_gmt":"2025-11-19T18:34:51","slug":"mesa-extensible-mesa-comedor-blanca-mesa-nordica-mesa-escandinava-mesa-madera-y-blanca-mesa-cocina-extensible-mesa-rectangular-muebles-comedor-mesa-con-patas-madera-mesa-moderna","status":"publish","type":"product","link":"https:\/\/gesmobles.cat\/es\/producto\/mesa-extensible-mesa-comedor-blanca-mesa-nordica-mesa-escandinava-mesa-madera-y-blanca-mesa-cocina-extensible-mesa-rectangular-muebles-comedor-mesa-con-patas-madera-mesa-moderna\/","title":{"rendered":"Mesa extensible Arona blanca y madera"},"content":{"rendered":"<p>La mesa extensible Arona destaca por su estilo n\u00f3rdico, limpio y funcional. El sobre y estructura en color blanco aportan luminosidad y sensaci\u00f3n de amplitud, mientras que sus patas en madera natural a\u00f1aden calidez y un toque escandinavo ideal para cualquier comedor o cocina. Gracias a su sistema extensible con gu\u00edas met\u00e1licas, se adapta f\u00e1cilmente a tus necesidades diarias, ofreciendo espacio adicional cuando m\u00e1s lo necesitas.<\/p>\n<p>MEDIDAS:<\/p>\n<p>CERRADA: 120 x 80 cm &#8211; ABIERTA: 180 x 80 cm<\/p>\n","protected":false},"excerpt":{"rendered":"<p>La mesa extensible Arona destaca por su estilo n\u00f3rdico, limpio y funcional. El sobre y estructura en color blanco aportan luminosidad y sensaci\u00f3n de amplitud, mientras que sus patas en madera natural a\u00f1aden calidez y un toque escandinavo ideal para cualquier comedor o cocina. Gracias a su sistema extensible con gu\u00edas met\u00e1licas, se adapta f\u00e1cilmente [&hellip;]<\/p>\n","protected":false},"featured_media":4793,"comment_status":"open","ping_status":"closed","template":"","meta":[],"product_brand":[],"product_cat":[58,97],"product_tag":[],"class_list":{"0":"post-4792","1":"product","2":"type-product","3":"status-publish","4":"has-post-thumbnail","6":"product_cat-mesas","7":"product_cat-mesas-comedor","9":"first","10":"instock","11":"taxable","12":"shipping-taxable","13":"purchasable","14":"product-type-simple"},"acf":[],"yoast_head":"<!-- This site is optimized with the Yoast SEO plugin v27.4 - https:\/\/yoast.com\/product\/yoast-seo-wordpress\/ -->\n<title>Mesa extensible Arona blanca y madera -<\/title>\n<meta name=\"description\" content=\"Mesa de comedor extensible blanca con patas de madera natural. Dise\u00f1o n\u00f3rdico, luminoso y funcional. Ideal para cocina o comedor. \u00a1Compra online al mejor precio!\" \/>\n<meta name=\"robots\" content=\"index, follow, max-snippet:-1, max-image-preview:large, max-video-preview:-1\" \/>\n<link rel=\"canonical\" href=\"https:\/\/gesmobles.cat\/es\/producto\/mesa-extensible-mesa-comedor-blanca-mesa-nordica-mesa-escandinava-mesa-madera-y-blanca-mesa-cocina-extensible-mesa-rectangular-muebles-comedor-mesa-con-patas-madera-mesa-moderna\/\" \/>\n<meta property=\"og:locale\" content=\"es_ES\" \/>\n<meta property=\"og:type\" content=\"article\" \/>\n<meta property=\"og:title\" content=\"Mesa extensible Arona blanca y madera -\" \/>\n<meta property=\"og:description\" content=\"Mesa de comedor extensible blanca con patas de madera natural. Dise\u00f1o n\u00f3rdico, luminoso y funcional. Ideal para cocina o comedor. \u00a1Compra online al mejor precio!\" \/>\n<meta property=\"og:url\" content=\"https:\/\/gesmobles.cat\/es\/producto\/mesa-extensible-mesa-comedor-blanca-mesa-nordica-mesa-escandinava-mesa-madera-y-blanca-mesa-cocina-extensible-mesa-rectangular-muebles-comedor-mesa-con-patas-madera-mesa-moderna\/\" \/>\n<meta property=\"article:modified_time\" content=\"2025-11-19T18:34:51+00:00\" \/>\n<meta property=\"og:image\" content=\"https:\/\/gesmobles.cat\/wp-content\/uploads\/2025\/06\/arona.jpg\" \/>\n\t<meta property=\"og:image:width\" content=\"700\" \/>\n\t<meta property=\"og:image:height\" content=\"546\" \/>\n\t<meta property=\"og:image:type\" content=\"image\/jpeg\" \/>\n<meta name=\"twitter:card\" content=\"summary_large_image\" \/>\n<meta name=\"twitter:label1\" content=\"Tiempo de lectura\" \/>\n\t<meta name=\"twitter:data1\" content=\"1 minuto\" \/>\n<!-- \/ Yoast SEO plugin. -->","yoast_head_json":{"title":"Mesa extensible Arona blanca y madera -","description":"Mesa de comedor extensible blanca con patas de madera natural. Dise\u00f1o n\u00f3rdico, luminoso y funcional. Ideal para cocina o comedor. \u00a1Compra online al mejor precio!","robots":{"index":"index","follow":"follow","max-snippet":"max-snippet:-1","max-image-preview":"max-image-preview:large","max-video-preview":"max-video-preview:-1"},"canonical":"https:\/\/gesmobles.cat\/es\/producto\/mesa-extensible-mesa-comedor-blanca-mesa-nordica-mesa-escandinava-mesa-madera-y-blanca-mesa-cocina-extensible-mesa-rectangular-muebles-comedor-mesa-con-patas-madera-mesa-moderna\/","og_locale":"es_ES","og_type":"article","og_title":"Mesa extensible Arona blanca y madera -","og_description":"Mesa de comedor extensible blanca con patas de madera natural. Dise\u00f1o n\u00f3rdico, luminoso y funcional. Ideal para cocina o comedor. \u00a1Compra online al mejor precio!","og_url":"https:\/\/gesmobles.cat\/es\/producto\/mesa-extensible-mesa-comedor-blanca-mesa-nordica-mesa-escandinava-mesa-madera-y-blanca-mesa-cocina-extensible-mesa-rectangular-muebles-comedor-mesa-con-patas-madera-mesa-moderna\/","article_modified_time":"2025-11-19T18:34:51+00:00","og_image":[{"width":700,"height":546,"url":"https:\/\/gesmobles.cat\/wp-content\/uploads\/2025\/06\/arona.jpg","type":"image\/jpeg"}],"twitter_card":"summary_large_image","twitter_misc":{"Tiempo de lectura":"1 minuto"},"schema":{"@context":"https:\/\/schema.org","@graph":[]}},"_links":{"self":[{"href":"https:\/\/gesmobles.cat\/es\/wp-json\/wp\/v2\/product\/4792","targetHints":{"allow":["GET"]}}],"collection":[{"href":"https:\/\/gesmobles.cat\/es\/wp-json\/wp\/v2\/product"}],"about":[{"href":"https:\/\/gesmobles.cat\/es\/wp-json\/wp\/v2\/types\/product"}],"replies":[{"embeddable":true,"href":"https:\/\/gesmobles.cat\/es\/wp-json\/wp\/v2\/comments?post=4792"}],"wp:featuredmedia":[{"embeddable":true,"href":"https:\/\/gesmobles.cat\/es\/wp-json\/wp\/v2\/media\/4793"}],"wp:attachment":[{"href":"https:\/\/gesmobles.cat\/es\/wp-json\/wp\/v2\/media?parent=4792"}],"wp:term":[{"taxonomy":"product_brand","embeddable":true,"href":"https:\/\/gesmobles.cat\/es\/wp-json\/wp\/v2\/product_brand?post=4792"},{"taxonomy":"product_cat","embeddable":true,"href":"https:\/\/gesmobles.cat\/es\/wp-json\/wp\/v2\/product_cat?post=4792"},{"taxonomy":"product_tag","embeddable":true,"href":"https:\/\/gesmobles.cat\/es\/wp-json\/wp\/v2\/product_tag?post=4792"}],"curies":[{"name":"wp","href":"https:\/\/api.w.org\/{rel}","templated":true}]}}