{"id":4801,"date":"2025-06-30T20:51:02","date_gmt":"2025-06-30T18:51:02","guid":{"rendered":"https:\/\/gesmobles.cat\/?post_type=product&#038;p=4801"},"modified":"2025-11-19T20:33:28","modified_gmt":"2025-11-19T18:33:28","slug":"silla-blanca-silla-nordica-silla-comedor-silla-escandinava-silla-madera-silla-cocina-silla-moderna-silla-respaldo-barrotes-silla-blanca-madera-silla-ligera-y-resistente","status":"publish","type":"product","link":"https:\/\/gesmobles.cat\/es\/producto\/silla-blanca-silla-nordica-silla-comedor-silla-escandinava-silla-madera-silla-cocina-silla-moderna-silla-respaldo-barrotes-silla-blanca-madera-silla-ligera-y-resistente\/","title":{"rendered":"Silla Nova blanca y madera"},"content":{"rendered":"<p>La silla Nova es el complemento perfecto para comedores, cocinas o espacios modernos con un toque escandinavo. Su dise\u00f1o combina una estructura blanca de l\u00edneas limpias y respaldo de barrotes verticales con patas en tono madera natural. Ligera, resistente y c\u00f3moda, esta silla destaca por su estilo n\u00f3rdico y su funcionalidad. Perfecta para acompa\u00f1ar mesas de comedor o dar un aire fresco a cualquier rinc\u00f3n del hogar.<\/p>\n<p>Medidas: 79 cm (alto) x 45 cm (ancho) x 43 cm (fondo)<\/p>\n<p>Altura del asiento: 45 cm<\/p>\n<p>Acabado: asiento y respaldo blanco mate<\/p>\n<p>Patas en acabado madera natural<\/p>\n<p>Estilo n\u00f3rdico, limpio y vers\u00e1til<\/p>\n<p>F\u00e1cil de combinar y mantener<\/p>\n","protected":false},"excerpt":{"rendered":"<p>La silla Nova es el complemento perfecto para comedores, cocinas o espacios modernos con un toque escandinavo. Su dise\u00f1o combina una estructura blanca de l\u00edneas limpias y respaldo de barrotes verticales con patas en tono madera natural. Ligera, resistente y c\u00f3moda, esta silla destaca por su estilo n\u00f3rdico y su funcionalidad. Perfecta para acompa\u00f1ar mesas [&hellip;]<\/p>\n","protected":false},"featured_media":4802,"comment_status":"open","ping_status":"closed","template":"","meta":[],"product_brand":[],"product_cat":[54,591],"product_tag":[],"class_list":{"0":"post-4801","1":"product","2":"type-product","3":"status-publish","4":"has-post-thumbnail","6":"product_cat-sillas","7":"product_cat-sillas-de-comedor","9":"first","10":"instock","11":"taxable","12":"shipping-taxable","13":"purchasable","14":"product-type-simple"},"acf":[],"yoast_head":"<!-- This site is optimized with the Yoast SEO plugin v27.4 - https:\/\/yoast.com\/product\/yoast-seo-wordpress\/ -->\n<title>Silla Nova blanca y madera -<\/title>\n<meta name=\"description\" content=\"Silla de estilo n\u00f3rdico con asiento blanco y patas de madera natural. Ligera, resistente y perfecta para comedor o cocina. \u00a1Compra online al mejor precio!\" \/>\n<meta name=\"robots\" content=\"index, follow, max-snippet:-1, max-image-preview:large, max-video-preview:-1\" \/>\n<link rel=\"canonical\" href=\"https:\/\/gesmobles.cat\/es\/producto\/silla-blanca-silla-nordica-silla-comedor-silla-escandinava-silla-madera-silla-cocina-silla-moderna-silla-respaldo-barrotes-silla-blanca-madera-silla-ligera-y-resistente\/\" \/>\n<meta property=\"og:locale\" content=\"es_ES\" \/>\n<meta property=\"og:type\" content=\"article\" \/>\n<meta property=\"og:title\" content=\"Silla Nova blanca y madera -\" \/>\n<meta property=\"og:description\" content=\"Silla de estilo n\u00f3rdico con asiento blanco y patas de madera natural. Ligera, resistente y perfecta para comedor o cocina. \u00a1Compra online al mejor precio!\" \/>\n<meta property=\"og:url\" content=\"https:\/\/gesmobles.cat\/es\/producto\/silla-blanca-silla-nordica-silla-comedor-silla-escandinava-silla-madera-silla-cocina-silla-moderna-silla-respaldo-barrotes-silla-blanca-madera-silla-ligera-y-resistente\/\" \/>\n<meta property=\"article:modified_time\" content=\"2025-11-19T18:33:28+00:00\" \/>\n<meta property=\"og:image\" content=\"https:\/\/gesmobles.cat\/wp-content\/uploads\/2025\/06\/nova.jpg\" \/>\n\t<meta property=\"og:image:width\" content=\"700\" \/>\n\t<meta property=\"og:image:height\" content=\"700\" \/>\n\t<meta property=\"og:image:type\" content=\"image\/jpeg\" \/>\n<meta name=\"twitter:card\" content=\"summary_large_image\" \/>\n<meta name=\"twitter:label1\" content=\"Tiempo de lectura\" \/>\n\t<meta name=\"twitter:data1\" content=\"1 minuto\" \/>\n<!-- \/ Yoast SEO plugin. -->","yoast_head_json":{"title":"Silla Nova blanca y madera -","description":"Silla de estilo n\u00f3rdico con asiento blanco y patas de madera natural. Ligera, resistente y perfecta para comedor o cocina. \u00a1Compra online al mejor precio!","robots":{"index":"index","follow":"follow","max-snippet":"max-snippet:-1","max-image-preview":"max-image-preview:large","max-video-preview":"max-video-preview:-1"},"canonical":"https:\/\/gesmobles.cat\/es\/producto\/silla-blanca-silla-nordica-silla-comedor-silla-escandinava-silla-madera-silla-cocina-silla-moderna-silla-respaldo-barrotes-silla-blanca-madera-silla-ligera-y-resistente\/","og_locale":"es_ES","og_type":"article","og_title":"Silla Nova blanca y madera -","og_description":"Silla de estilo n\u00f3rdico con asiento blanco y patas de madera natural. Ligera, resistente y perfecta para comedor o cocina. \u00a1Compra online al mejor precio!","og_url":"https:\/\/gesmobles.cat\/es\/producto\/silla-blanca-silla-nordica-silla-comedor-silla-escandinava-silla-madera-silla-cocina-silla-moderna-silla-respaldo-barrotes-silla-blanca-madera-silla-ligera-y-resistente\/","article_modified_time":"2025-11-19T18:33:28+00:00","og_image":[{"width":700,"height":700,"url":"https:\/\/gesmobles.cat\/wp-content\/uploads\/2025\/06\/nova.jpg","type":"image\/jpeg"}],"twitter_card":"summary_large_image","twitter_misc":{"Tiempo de lectura":"1 minuto"},"schema":{"@context":"https:\/\/schema.org","@graph":[]}},"_links":{"self":[{"href":"https:\/\/gesmobles.cat\/es\/wp-json\/wp\/v2\/product\/4801","targetHints":{"allow":["GET"]}}],"collection":[{"href":"https:\/\/gesmobles.cat\/es\/wp-json\/wp\/v2\/product"}],"about":[{"href":"https:\/\/gesmobles.cat\/es\/wp-json\/wp\/v2\/types\/product"}],"replies":[{"embeddable":true,"href":"https:\/\/gesmobles.cat\/es\/wp-json\/wp\/v2\/comments?post=4801"}],"wp:featuredmedia":[{"embeddable":true,"href":"https:\/\/gesmobles.cat\/es\/wp-json\/wp\/v2\/media\/4802"}],"wp:attachment":[{"href":"https:\/\/gesmobles.cat\/es\/wp-json\/wp\/v2\/media?parent=4801"}],"wp:term":[{"taxonomy":"product_brand","embeddable":true,"href":"https:\/\/gesmobles.cat\/es\/wp-json\/wp\/v2\/product_brand?post=4801"},{"taxonomy":"product_cat","embeddable":true,"href":"https:\/\/gesmobles.cat\/es\/wp-json\/wp\/v2\/product_cat?post=4801"},{"taxonomy":"product_tag","embeddable":true,"href":"https:\/\/gesmobles.cat\/es\/wp-json\/wp\/v2\/product_tag?post=4801"}],"curies":[{"name":"wp","href":"https:\/\/api.w.org\/{rel}","templated":true}]}}