{"id":4811,"date":"2025-07-01T18:45:55","date_gmt":"2025-07-01T16:45:55","guid":{"rendered":"https:\/\/gesmobles.cat\/?post_type=product&#038;p=4811"},"modified":"2025-11-19T20:29:56","modified_gmt":"2025-11-19T18:29:56","slug":"taburete-alto-taburete-cocina-taburete-con-respaldo-taburete-metalico-taburete-moderno-silla-alta-mobiliario-cocina-taburete-barra-taburete-hosteleria-taburete-tapizado","status":"publish","type":"product","link":"https:\/\/gesmobles.cat\/es\/producto\/taburete-alto-taburete-cocina-taburete-con-respaldo-taburete-metalico-taburete-moderno-silla-alta-mobiliario-cocina-taburete-barra-taburete-hosteleria-taburete-tapizado\/","title":{"rendered":"Taburete alto Kelsa con respaldo y estructura met\u00e1lica"},"content":{"rendered":"<p>El taburete Kelsa destaca por su dise\u00f1o moderno y su estructura robusta de metal en acabado negro mate. Su asiento tapizado ofrece una gran comodidad, mientras que el respaldo con lamas curvas aporta un extra de soporte y estilo.<br \/>\nCon unas medidas de 38&#215;33 cm y una altura total de 87 cm (asiento a 66 cm), es una opci\u00f3n ideal para barras de cocina, islas o zonas de hosteler\u00eda. Su tama\u00f1o compacto lo hace perfecto para optimizar el espacio sin perder funcionalidad. Adem\u00e1s, su estructura s\u00f3lida garantiza estabilidad y durabilidad en el uso diario.<\/p>\n","protected":false},"excerpt":{"rendered":"<p>El taburete Kelsa destaca por su dise\u00f1o moderno y su estructura robusta de metal en acabado negro mate. Su asiento tapizado ofrece una gran comodidad, mientras que el respaldo con lamas curvas aporta un extra de soporte y estilo. Con unas medidas de 38&#215;33 cm y una altura total de 87 cm (asiento a 66 [&hellip;]<\/p>\n","protected":false},"featured_media":4812,"comment_status":"open","ping_status":"closed","template":"","meta":[],"product_brand":[],"product_cat":[54,593],"product_tag":[],"class_list":{"0":"post-4811","1":"product","2":"type-product","3":"status-publish","4":"has-post-thumbnail","6":"product_cat-sillas","7":"product_cat-taburetes","9":"first","10":"instock","11":"taxable","12":"shipping-taxable","13":"purchasable","14":"product-type-simple"},"acf":[],"yoast_head":"<!-- This site is optimized with the Yoast SEO plugin v27.4 - https:\/\/yoast.com\/product\/yoast-seo-wordpress\/ -->\n<title>Taburete alto Kelsa con respaldo y estructura met\u00e1lica -<\/title>\n<meta name=\"description\" content=\"Taburete alto Kelsa con respaldo met\u00e1lico y estructura resistente. Ideal para cocinas con barra, islas o espacios de hosteler\u00eda. Dise\u00f1o moderno y c\u00f3modo.\" \/>\n<meta name=\"robots\" content=\"index, follow, max-snippet:-1, max-image-preview:large, max-video-preview:-1\" \/>\n<link rel=\"canonical\" href=\"https:\/\/gesmobles.cat\/es\/producto\/taburete-alto-taburete-cocina-taburete-con-respaldo-taburete-metalico-taburete-moderno-silla-alta-mobiliario-cocina-taburete-barra-taburete-hosteleria-taburete-tapizado\/\" \/>\n<meta property=\"og:locale\" content=\"es_ES\" \/>\n<meta property=\"og:type\" content=\"article\" \/>\n<meta property=\"og:title\" content=\"Taburete alto Kelsa con respaldo y estructura met\u00e1lica -\" \/>\n<meta property=\"og:description\" content=\"Taburete alto Kelsa con respaldo met\u00e1lico y estructura resistente. Ideal para cocinas con barra, islas o espacios de hosteler\u00eda. Dise\u00f1o moderno y c\u00f3modo.\" \/>\n<meta property=\"og:url\" content=\"https:\/\/gesmobles.cat\/es\/producto\/taburete-alto-taburete-cocina-taburete-con-respaldo-taburete-metalico-taburete-moderno-silla-alta-mobiliario-cocina-taburete-barra-taburete-hosteleria-taburete-tapizado\/\" \/>\n<meta property=\"article:modified_time\" content=\"2025-11-19T18:29:56+00:00\" \/>\n<meta property=\"og:image\" content=\"https:\/\/gesmobles.cat\/wp-content\/uploads\/2025\/07\/kelsa.jpg\" \/>\n\t<meta property=\"og:image:width\" content=\"700\" \/>\n\t<meta property=\"og:image:height\" content=\"700\" \/>\n\t<meta property=\"og:image:type\" content=\"image\/jpeg\" \/>\n<meta name=\"twitter:card\" content=\"summary_large_image\" \/>\n<meta name=\"twitter:label1\" content=\"Tiempo de lectura\" \/>\n\t<meta name=\"twitter:data1\" content=\"1 minuto\" \/>\n<!-- \/ Yoast SEO plugin. -->","yoast_head_json":{"title":"Taburete alto Kelsa con respaldo y estructura met\u00e1lica -","description":"Taburete alto Kelsa con respaldo met\u00e1lico y estructura resistente. Ideal para cocinas con barra, islas o espacios de hosteler\u00eda. Dise\u00f1o moderno y c\u00f3modo.","robots":{"index":"index","follow":"follow","max-snippet":"max-snippet:-1","max-image-preview":"max-image-preview:large","max-video-preview":"max-video-preview:-1"},"canonical":"https:\/\/gesmobles.cat\/es\/producto\/taburete-alto-taburete-cocina-taburete-con-respaldo-taburete-metalico-taburete-moderno-silla-alta-mobiliario-cocina-taburete-barra-taburete-hosteleria-taburete-tapizado\/","og_locale":"es_ES","og_type":"article","og_title":"Taburete alto Kelsa con respaldo y estructura met\u00e1lica -","og_description":"Taburete alto Kelsa con respaldo met\u00e1lico y estructura resistente. Ideal para cocinas con barra, islas o espacios de hosteler\u00eda. Dise\u00f1o moderno y c\u00f3modo.","og_url":"https:\/\/gesmobles.cat\/es\/producto\/taburete-alto-taburete-cocina-taburete-con-respaldo-taburete-metalico-taburete-moderno-silla-alta-mobiliario-cocina-taburete-barra-taburete-hosteleria-taburete-tapizado\/","article_modified_time":"2025-11-19T18:29:56+00:00","og_image":[{"width":700,"height":700,"url":"https:\/\/gesmobles.cat\/wp-content\/uploads\/2025\/07\/kelsa.jpg","type":"image\/jpeg"}],"twitter_card":"summary_large_image","twitter_misc":{"Tiempo de lectura":"1 minuto"},"schema":{"@context":"https:\/\/schema.org","@graph":[]}},"_links":{"self":[{"href":"https:\/\/gesmobles.cat\/es\/wp-json\/wp\/v2\/product\/4811","targetHints":{"allow":["GET"]}}],"collection":[{"href":"https:\/\/gesmobles.cat\/es\/wp-json\/wp\/v2\/product"}],"about":[{"href":"https:\/\/gesmobles.cat\/es\/wp-json\/wp\/v2\/types\/product"}],"replies":[{"embeddable":true,"href":"https:\/\/gesmobles.cat\/es\/wp-json\/wp\/v2\/comments?post=4811"}],"wp:featuredmedia":[{"embeddable":true,"href":"https:\/\/gesmobles.cat\/es\/wp-json\/wp\/v2\/media\/4812"}],"wp:attachment":[{"href":"https:\/\/gesmobles.cat\/es\/wp-json\/wp\/v2\/media?parent=4811"}],"wp:term":[{"taxonomy":"product_brand","embeddable":true,"href":"https:\/\/gesmobles.cat\/es\/wp-json\/wp\/v2\/product_brand?post=4811"},{"taxonomy":"product_cat","embeddable":true,"href":"https:\/\/gesmobles.cat\/es\/wp-json\/wp\/v2\/product_cat?post=4811"},{"taxonomy":"product_tag","embeddable":true,"href":"https:\/\/gesmobles.cat\/es\/wp-json\/wp\/v2\/product_tag?post=4811"}],"curies":[{"name":"wp","href":"https:\/\/api.w.org\/{rel}","templated":true}]}}