{"id":4825,"date":"2025-07-01T19:22:48","date_gmt":"2025-07-01T17:22:48","guid":{"rendered":"https:\/\/gesmobles.cat\/?post_type=product&#038;p=4825"},"modified":"2025-11-19T20:26:26","modified_gmt":"2025-11-19T18:26:26","slug":"silla-blanca-silla-de-comedor-silla-metalica-silla-con-respaldo-silla-con-asiento-tapizado-silla-camel-silla-cocina-silla-hosteleria-silla-elegante-mobiliario-moderno","status":"publish","type":"product","link":"https:\/\/gesmobles.cat\/es\/producto\/silla-blanca-silla-de-comedor-silla-metalica-silla-con-respaldo-silla-con-asiento-tapizado-silla-camel-silla-cocina-silla-hosteleria-silla-elegante-mobiliario-moderno\/","title":{"rendered":"Silla Petra con estructura blanca y asiento tapizado camel"},"content":{"rendered":"<p>La silla Petra es una opci\u00f3n elegante, funcional y vers\u00e1til para cualquier comedor, cocina o espacio de hosteler\u00eda. Su estructura met\u00e1lica en color blanco aporta ligereza visual y resistencia, mientras que el respaldo con barrotes verticales ofrece un dise\u00f1o cl\u00e1sico renovado que garantiza una buena sujeci\u00f3n.<br \/>\nEl asiento tapizado en color camel aporta un toque c\u00e1lido y acogedor, adem\u00e1s de ser c\u00f3modo para el uso diario. Con unas medidas de 39&#215;35 cm y una altura total de 71 cm (altura del asiento 47 cm), es ideal tanto para mesas de comedor como para espacios contract. Su dise\u00f1o combina l\u00edneas tradicionales con un aire contempor\u00e1neo que encaja en m\u00faltiples estilos decorativos.<\/p>\n","protected":false},"excerpt":{"rendered":"<p>La silla Petra es una opci\u00f3n elegante, funcional y vers\u00e1til para cualquier comedor, cocina o espacio de hosteler\u00eda. Su estructura met\u00e1lica en color blanco aporta ligereza visual y resistencia, mientras que el respaldo con barrotes verticales ofrece un dise\u00f1o cl\u00e1sico renovado que garantiza una buena sujeci\u00f3n. El asiento tapizado en color camel aporta un toque [&hellip;]<\/p>\n","protected":false},"featured_media":4826,"comment_status":"open","ping_status":"closed","template":"","meta":[],"product_brand":[],"product_cat":[54,591,593],"product_tag":[],"class_list":{"0":"post-4825","1":"product","2":"type-product","3":"status-publish","4":"has-post-thumbnail","6":"product_cat-sillas","7":"product_cat-sillas-de-comedor","8":"product_cat-taburetes","10":"first","11":"instock","12":"taxable","13":"shipping-taxable","14":"purchasable","15":"product-type-simple"},"acf":[],"yoast_head":"<!-- This site is optimized with the Yoast SEO plugin v27.4 - https:\/\/yoast.com\/product\/yoast-seo-wordpress\/ -->\n<title>Silla Petra con estructura blanca y asiento tapizado camel -<\/title>\n<meta name=\"description\" content=\"Silla Petra con estructura blanca y asiento tapizado en color camel. Ideal para comedores, cocinas o espacios de hosteler\u00eda. Dise\u00f1o cl\u00e1sico y c\u00f3modo.\" \/>\n<meta name=\"robots\" content=\"index, follow, max-snippet:-1, max-image-preview:large, max-video-preview:-1\" \/>\n<link rel=\"canonical\" href=\"https:\/\/gesmobles.cat\/es\/producto\/silla-blanca-silla-de-comedor-silla-metalica-silla-con-respaldo-silla-con-asiento-tapizado-silla-camel-silla-cocina-silla-hosteleria-silla-elegante-mobiliario-moderno\/\" \/>\n<meta property=\"og:locale\" content=\"es_ES\" \/>\n<meta property=\"og:type\" content=\"article\" \/>\n<meta property=\"og:title\" content=\"Silla Petra con estructura blanca y asiento tapizado camel -\" \/>\n<meta property=\"og:description\" content=\"Silla Petra con estructura blanca y asiento tapizado en color camel. Ideal para comedores, cocinas o espacios de hosteler\u00eda. Dise\u00f1o cl\u00e1sico y c\u00f3modo.\" \/>\n<meta property=\"og:url\" content=\"https:\/\/gesmobles.cat\/es\/producto\/silla-blanca-silla-de-comedor-silla-metalica-silla-con-respaldo-silla-con-asiento-tapizado-silla-camel-silla-cocina-silla-hosteleria-silla-elegante-mobiliario-moderno\/\" \/>\n<meta property=\"article:modified_time\" content=\"2025-11-19T18:26:26+00:00\" \/>\n<meta property=\"og:image\" content=\"https:\/\/gesmobles.cat\/wp-content\/uploads\/2025\/07\/petra.jpg\" \/>\n\t<meta property=\"og:image:width\" content=\"700\" \/>\n\t<meta property=\"og:image:height\" content=\"700\" \/>\n\t<meta property=\"og:image:type\" content=\"image\/jpeg\" \/>\n<meta name=\"twitter:card\" content=\"summary_large_image\" \/>\n<meta name=\"twitter:label1\" content=\"Tiempo de lectura\" \/>\n\t<meta name=\"twitter:data1\" content=\"1 minuto\" \/>\n<!-- \/ Yoast SEO plugin. -->","yoast_head_json":{"title":"Silla Petra con estructura blanca y asiento tapizado camel -","description":"Silla Petra con estructura blanca y asiento tapizado en color camel. Ideal para comedores, cocinas o espacios de hosteler\u00eda. Dise\u00f1o cl\u00e1sico y c\u00f3modo.","robots":{"index":"index","follow":"follow","max-snippet":"max-snippet:-1","max-image-preview":"max-image-preview:large","max-video-preview":"max-video-preview:-1"},"canonical":"https:\/\/gesmobles.cat\/es\/producto\/silla-blanca-silla-de-comedor-silla-metalica-silla-con-respaldo-silla-con-asiento-tapizado-silla-camel-silla-cocina-silla-hosteleria-silla-elegante-mobiliario-moderno\/","og_locale":"es_ES","og_type":"article","og_title":"Silla Petra con estructura blanca y asiento tapizado camel -","og_description":"Silla Petra con estructura blanca y asiento tapizado en color camel. Ideal para comedores, cocinas o espacios de hosteler\u00eda. Dise\u00f1o cl\u00e1sico y c\u00f3modo.","og_url":"https:\/\/gesmobles.cat\/es\/producto\/silla-blanca-silla-de-comedor-silla-metalica-silla-con-respaldo-silla-con-asiento-tapizado-silla-camel-silla-cocina-silla-hosteleria-silla-elegante-mobiliario-moderno\/","article_modified_time":"2025-11-19T18:26:26+00:00","og_image":[{"width":700,"height":700,"url":"https:\/\/gesmobles.cat\/wp-content\/uploads\/2025\/07\/petra.jpg","type":"image\/jpeg"}],"twitter_card":"summary_large_image","twitter_misc":{"Tiempo de lectura":"1 minuto"},"schema":{"@context":"https:\/\/schema.org","@graph":[]}},"_links":{"self":[{"href":"https:\/\/gesmobles.cat\/es\/wp-json\/wp\/v2\/product\/4825","targetHints":{"allow":["GET"]}}],"collection":[{"href":"https:\/\/gesmobles.cat\/es\/wp-json\/wp\/v2\/product"}],"about":[{"href":"https:\/\/gesmobles.cat\/es\/wp-json\/wp\/v2\/types\/product"}],"replies":[{"embeddable":true,"href":"https:\/\/gesmobles.cat\/es\/wp-json\/wp\/v2\/comments?post=4825"}],"wp:featuredmedia":[{"embeddable":true,"href":"https:\/\/gesmobles.cat\/es\/wp-json\/wp\/v2\/media\/4826"}],"wp:attachment":[{"href":"https:\/\/gesmobles.cat\/es\/wp-json\/wp\/v2\/media?parent=4825"}],"wp:term":[{"taxonomy":"product_brand","embeddable":true,"href":"https:\/\/gesmobles.cat\/es\/wp-json\/wp\/v2\/product_brand?post=4825"},{"taxonomy":"product_cat","embeddable":true,"href":"https:\/\/gesmobles.cat\/es\/wp-json\/wp\/v2\/product_cat?post=4825"},{"taxonomy":"product_tag","embeddable":true,"href":"https:\/\/gesmobles.cat\/es\/wp-json\/wp\/v2\/product_tag?post=4825"}],"curies":[{"name":"wp","href":"https:\/\/api.w.org\/{rel}","templated":true}]}}