{"id":4841,"date":"2025-07-02T19:58:26","date_gmt":"2025-07-02T17:58:26","guid":{"rendered":"https:\/\/gesmobles.cat\/?post_type=product&#038;p=4841"},"modified":"2026-05-07T18:10:16","modified_gmt":"2026-05-07T16:10:16","slug":"silla-de-cocina-silla-de-madera-silla-estilo-nordico-silla-con-asiento-marron-silla-tapizada-silla-resistente-mobiliario-cocina-silla-moderna-silla-madera-clara-sillas-comedor","status":"publish","type":"product","link":"https:\/\/gesmobles.cat\/es\/producto\/silla-de-cocina-silla-de-madera-silla-estilo-nordico-silla-con-asiento-marron-silla-tapizada-silla-resistente-mobiliario-cocina-silla-moderna-silla-madera-clara-sillas-comedor\/","title":{"rendered":"Silla modelo Zaida \u2013 madera natural y asiento marr\u00f3n"},"content":{"rendered":"<p>La silla Zaida destaca por su dise\u00f1o atemporal y natural, ideal para cocinas, comedores o espacios de estilo n\u00f3rdico. Fabricada en madera de haya natural, ofrece una estructura robusta y c\u00e1lida que se adapta f\u00e1cilmente a distintos ambientes. El respaldo recto de madera aporta un soporte c\u00f3modo y visualmente limpio, mientras que el asiento acolchado en polipiel marr\u00f3n oscuro garantiza confort y f\u00e1cil mantenimiento. Una opci\u00f3n elegante, funcional y duradera para el uso diario.<\/p>\n","protected":false},"excerpt":{"rendered":"<p>La silla Zaida destaca por su dise\u00f1o atemporal y natural, ideal para cocinas, comedores o espacios de estilo n\u00f3rdico. Fabricada en madera de haya natural, ofrece una estructura robusta y c\u00e1lida que se adapta f\u00e1cilmente a distintos ambientes. El respaldo recto de madera aporta un soporte c\u00f3modo y visualmente limpio, mientras que el asiento acolchado [&hellip;]<\/p>\n","protected":false},"featured_media":8897,"comment_status":"open","ping_status":"closed","template":"","meta":[],"product_brand":[],"product_cat":[54,591],"product_tag":[],"class_list":{"0":"post-4841","1":"product","2":"type-product","3":"status-publish","4":"has-post-thumbnail","6":"product_cat-sillas","7":"product_cat-sillas-de-comedor","9":"first","10":"instock","11":"taxable","12":"shipping-taxable","13":"purchasable","14":"product-type-simple"},"acf":[],"yoast_head":"<!-- This site is optimized with the Yoast SEO plugin v27.4 - https:\/\/yoast.com\/product\/yoast-seo-wordpress\/ -->\n<title>Silla modelo Zaida \u2013 madera natural y asiento marr\u00f3n -<\/title>\n<meta name=\"description\" content=\"Silla de cocina Zaida con estructura de madera natural y asiento marr\u00f3n tapizado. Elegante, c\u00f3moda y perfecta para cocinas o comedores modernos.\" \/>\n<meta name=\"robots\" content=\"index, follow, max-snippet:-1, max-image-preview:large, max-video-preview:-1\" \/>\n<link rel=\"canonical\" href=\"https:\/\/gesmobles.cat\/es\/producto\/silla-de-cocina-silla-de-madera-silla-estilo-nordico-silla-con-asiento-marron-silla-tapizada-silla-resistente-mobiliario-cocina-silla-moderna-silla-madera-clara-sillas-comedor\/\" \/>\n<meta property=\"og:locale\" content=\"es_ES\" \/>\n<meta property=\"og:type\" content=\"article\" \/>\n<meta property=\"og:title\" content=\"Silla modelo Zaida \u2013 madera natural y asiento marr\u00f3n -\" \/>\n<meta property=\"og:description\" content=\"Silla de cocina Zaida con estructura de madera natural y asiento marr\u00f3n tapizado. Elegante, c\u00f3moda y perfecta para cocinas o comedores modernos.\" \/>\n<meta property=\"og:url\" content=\"https:\/\/gesmobles.cat\/es\/producto\/silla-de-cocina-silla-de-madera-silla-estilo-nordico-silla-con-asiento-marron-silla-tapizada-silla-resistente-mobiliario-cocina-silla-moderna-silla-madera-clara-sillas-comedor\/\" \/>\n<meta property=\"article:modified_time\" content=\"2026-05-07T16:10:16+00:00\" \/>\n<meta property=\"og:image\" content=\"https:\/\/gesmobles.cat\/wp-content\/uploads\/2025\/07\/chatgpt-image-7-may-2026-18-09-36.png\" \/>\n\t<meta property=\"og:image:width\" content=\"1254\" \/>\n\t<meta property=\"og:image:height\" content=\"1254\" \/>\n\t<meta property=\"og:image:type\" content=\"image\/png\" \/>\n<meta name=\"twitter:card\" content=\"summary_large_image\" \/>\n<meta name=\"twitter:label1\" content=\"Tiempo de lectura\" \/>\n\t<meta name=\"twitter:data1\" content=\"1 minuto\" \/>\n<!-- \/ Yoast SEO plugin. -->","yoast_head_json":{"title":"Silla modelo Zaida \u2013 madera natural y asiento marr\u00f3n -","description":"Silla de cocina Zaida con estructura de madera natural y asiento marr\u00f3n tapizado. Elegante, c\u00f3moda y perfecta para cocinas o comedores modernos.","robots":{"index":"index","follow":"follow","max-snippet":"max-snippet:-1","max-image-preview":"max-image-preview:large","max-video-preview":"max-video-preview:-1"},"canonical":"https:\/\/gesmobles.cat\/es\/producto\/silla-de-cocina-silla-de-madera-silla-estilo-nordico-silla-con-asiento-marron-silla-tapizada-silla-resistente-mobiliario-cocina-silla-moderna-silla-madera-clara-sillas-comedor\/","og_locale":"es_ES","og_type":"article","og_title":"Silla modelo Zaida \u2013 madera natural y asiento marr\u00f3n -","og_description":"Silla de cocina Zaida con estructura de madera natural y asiento marr\u00f3n tapizado. Elegante, c\u00f3moda y perfecta para cocinas o comedores modernos.","og_url":"https:\/\/gesmobles.cat\/es\/producto\/silla-de-cocina-silla-de-madera-silla-estilo-nordico-silla-con-asiento-marron-silla-tapizada-silla-resistente-mobiliario-cocina-silla-moderna-silla-madera-clara-sillas-comedor\/","article_modified_time":"2026-05-07T16:10:16+00:00","og_image":[{"width":1254,"height":1254,"url":"https:\/\/gesmobles.cat\/wp-content\/uploads\/2025\/07\/chatgpt-image-7-may-2026-18-09-36.png","type":"image\/png"}],"twitter_card":"summary_large_image","twitter_misc":{"Tiempo de lectura":"1 minuto"},"schema":{"@context":"https:\/\/schema.org","@graph":[]}},"_links":{"self":[{"href":"https:\/\/gesmobles.cat\/es\/wp-json\/wp\/v2\/product\/4841","targetHints":{"allow":["GET"]}}],"collection":[{"href":"https:\/\/gesmobles.cat\/es\/wp-json\/wp\/v2\/product"}],"about":[{"href":"https:\/\/gesmobles.cat\/es\/wp-json\/wp\/v2\/types\/product"}],"replies":[{"embeddable":true,"href":"https:\/\/gesmobles.cat\/es\/wp-json\/wp\/v2\/comments?post=4841"}],"wp:featuredmedia":[{"embeddable":true,"href":"https:\/\/gesmobles.cat\/es\/wp-json\/wp\/v2\/media\/8897"}],"wp:attachment":[{"href":"https:\/\/gesmobles.cat\/es\/wp-json\/wp\/v2\/media?parent=4841"}],"wp:term":[{"taxonomy":"product_brand","embeddable":true,"href":"https:\/\/gesmobles.cat\/es\/wp-json\/wp\/v2\/product_brand?post=4841"},{"taxonomy":"product_cat","embeddable":true,"href":"https:\/\/gesmobles.cat\/es\/wp-json\/wp\/v2\/product_cat?post=4841"},{"taxonomy":"product_tag","embeddable":true,"href":"https:\/\/gesmobles.cat\/es\/wp-json\/wp\/v2\/product_tag?post=4841"}],"curies":[{"name":"wp","href":"https:\/\/api.w.org\/{rel}","templated":true}]}}