{"id":4925,"date":"2025-07-06T23:04:38","date_gmt":"2025-07-06T21:04:38","guid":{"rendered":"https:\/\/gesmobles.cat\/?post_type=product&#038;p=4925"},"modified":"2025-07-06T23:06:47","modified_gmt":"2025-07-06T21:06:47","slug":"coixi-decoratiu-coixi-modern-coixi-gris-coixi-amb-relleu-coixi-verd-fosc-coixins-contemporanis-coixi-de-coto-coixins-salo-decoracio-moderna-coixins-amb-textura","status":"publish","type":"product","link":"https:\/\/gesmobles.cat\/es\/producto\/coixi-decoratiu-coixi-modern-coixi-gris-coixi-amb-relleu-coixi-verd-fosc-coixins-contemporanis-coixi-de-coto-coixins-salo-decoracio-moderna-coixins-amb-textura\/","title":{"rendered":"Coix\u00ed decoratiu modern gris amb textura en relleu i base verd fosc"},"content":{"rendered":"<p>Aquest coix\u00ed decoratiu d\u2019estil modern destaca pel seu disseny original en tons grisos sobre una base verd fosc. Amb relleus suaus al tacte que aporten profunditat visual i textura, \u00e9s ideal per a salons actuals, dormitoris contemporanis o espais amb personalitat. Fabricat amb cot\u00f3, ofereix una combinaci\u00f3 perfecta entre comoditat, disseny i qualitat. Perfecte per donar un toc diferenciador i elegant al sof\u00e0, llit o butaca.<\/p>\n","protected":false},"excerpt":{"rendered":"<p>Aquest coix\u00ed decoratiu d\u2019estil modern destaca pel seu disseny original en tons grisos sobre una base verd fosc. Amb relleus suaus al tacte que aporten profunditat visual i textura, \u00e9s ideal per a salons actuals, dormitoris contemporanis o espais amb personalitat. Fabricat amb cot\u00f3, ofereix una combinaci\u00f3 perfecta entre comoditat, disseny i qualitat. Perfecte per [&hellip;]<\/p>\n","protected":false},"featured_media":4918,"comment_status":"open","ping_status":"closed","template":"","meta":[],"product_brand":[],"product_cat":[20],"product_tag":[],"class_list":{"0":"post-4925","1":"product","2":"type-product","3":"status-publish","4":"has-post-thumbnail","6":"product_cat-decoracio","8":"first","9":"outofstock","10":"taxable","11":"shipping-taxable","12":"purchasable","13":"product-type-simple"},"acf":[],"yoast_head":"<!-- This site is optimized with the Yoast SEO plugin v27.4 - https:\/\/yoast.com\/product\/yoast-seo-wordpress\/ -->\n<title>Coix\u00ed decoratiu modern gris amb textura en relleu i base verd fosc -<\/title>\n<meta name=\"description\" content=\"Coix\u00ed decoratiu modern amb textura en relleu en tons grisos i base verd fosc. Disseny \u00fanic per donar estil i personalitat a casa teva.\" \/>\n<meta name=\"robots\" content=\"index, follow, max-snippet:-1, max-image-preview:large, max-video-preview:-1\" \/>\n<link rel=\"canonical\" href=\"https:\/\/gesmobles.cat\/es\/producto\/coixi-decoratiu-coixi-modern-coixi-gris-coixi-amb-relleu-coixi-verd-fosc-coixins-contemporanis-coixi-de-coto-coixins-salo-decoracio-moderna-coixins-amb-textura\/\" \/>\n<meta property=\"og:locale\" content=\"es_ES\" \/>\n<meta property=\"og:type\" content=\"article\" \/>\n<meta property=\"og:title\" content=\"Coix\u00ed decoratiu modern gris amb textura en relleu i base verd fosc -\" \/>\n<meta property=\"og:description\" content=\"Coix\u00ed decoratiu modern amb textura en relleu en tons grisos i base verd fosc. Disseny \u00fanic per donar estil i personalitat a casa teva.\" \/>\n<meta property=\"og:url\" content=\"https:\/\/gesmobles.cat\/es\/producto\/coixi-decoratiu-coixi-modern-coixi-gris-coixi-amb-relleu-coixi-verd-fosc-coixins-contemporanis-coixi-de-coto-coixins-salo-decoracio-moderna-coixins-amb-textura\/\" \/>\n<meta property=\"article:modified_time\" content=\"2025-07-06T21:06:47+00:00\" \/>\n<meta property=\"og:image\" content=\"https:\/\/gesmobles.cat\/wp-content\/uploads\/2025\/07\/ver.jpeg\" \/>\n\t<meta property=\"og:image:width\" content=\"700\" \/>\n\t<meta property=\"og:image:height\" content=\"466\" \/>\n\t<meta property=\"og:image:type\" content=\"image\/jpeg\" \/>\n<meta name=\"twitter:card\" content=\"summary_large_image\" \/>\n<meta name=\"twitter:label1\" content=\"Tiempo de lectura\" \/>\n\t<meta name=\"twitter:data1\" content=\"1 minuto\" \/>\n<!-- \/ Yoast SEO plugin. -->","yoast_head_json":{"title":"Coix\u00ed decoratiu modern gris amb textura en relleu i base verd fosc -","description":"Coix\u00ed decoratiu modern amb textura en relleu en tons grisos i base verd fosc. Disseny \u00fanic per donar estil i personalitat a casa teva.","robots":{"index":"index","follow":"follow","max-snippet":"max-snippet:-1","max-image-preview":"max-image-preview:large","max-video-preview":"max-video-preview:-1"},"canonical":"https:\/\/gesmobles.cat\/es\/producto\/coixi-decoratiu-coixi-modern-coixi-gris-coixi-amb-relleu-coixi-verd-fosc-coixins-contemporanis-coixi-de-coto-coixins-salo-decoracio-moderna-coixins-amb-textura\/","og_locale":"es_ES","og_type":"article","og_title":"Coix\u00ed decoratiu modern gris amb textura en relleu i base verd fosc -","og_description":"Coix\u00ed decoratiu modern amb textura en relleu en tons grisos i base verd fosc. Disseny \u00fanic per donar estil i personalitat a casa teva.","og_url":"https:\/\/gesmobles.cat\/es\/producto\/coixi-decoratiu-coixi-modern-coixi-gris-coixi-amb-relleu-coixi-verd-fosc-coixins-contemporanis-coixi-de-coto-coixins-salo-decoracio-moderna-coixins-amb-textura\/","article_modified_time":"2025-07-06T21:06:47+00:00","og_image":[{"width":700,"height":466,"url":"https:\/\/gesmobles.cat\/wp-content\/uploads\/2025\/07\/ver.jpeg","type":"image\/jpeg"}],"twitter_card":"summary_large_image","twitter_misc":{"Tiempo de lectura":"1 minuto"},"schema":{"@context":"https:\/\/schema.org","@graph":[]}},"_links":{"self":[{"href":"https:\/\/gesmobles.cat\/es\/wp-json\/wp\/v2\/product\/4925","targetHints":{"allow":["GET"]}}],"collection":[{"href":"https:\/\/gesmobles.cat\/es\/wp-json\/wp\/v2\/product"}],"about":[{"href":"https:\/\/gesmobles.cat\/es\/wp-json\/wp\/v2\/types\/product"}],"replies":[{"embeddable":true,"href":"https:\/\/gesmobles.cat\/es\/wp-json\/wp\/v2\/comments?post=4925"}],"wp:featuredmedia":[{"embeddable":true,"href":"https:\/\/gesmobles.cat\/es\/wp-json\/wp\/v2\/media\/4918"}],"wp:attachment":[{"href":"https:\/\/gesmobles.cat\/es\/wp-json\/wp\/v2\/media?parent=4925"}],"wp:term":[{"taxonomy":"product_brand","embeddable":true,"href":"https:\/\/gesmobles.cat\/es\/wp-json\/wp\/v2\/product_brand?post=4925"},{"taxonomy":"product_cat","embeddable":true,"href":"https:\/\/gesmobles.cat\/es\/wp-json\/wp\/v2\/product_cat?post=4925"},{"taxonomy":"product_tag","embeddable":true,"href":"https:\/\/gesmobles.cat\/es\/wp-json\/wp\/v2\/product_tag?post=4925"}],"curies":[{"name":"wp","href":"https:\/\/api.w.org\/{rel}","templated":true}]}}