{"id":4936,"date":"2025-07-09T21:55:20","date_gmt":"2025-07-09T19:55:20","guid":{"rendered":"https:\/\/gesmobles.cat\/?post_type=product&#038;p=4936"},"modified":"2025-09-22T17:59:34","modified_gmt":"2025-09-22T15:59:34","slug":"cojin-decorativo-cojines-con-borlas-cojin-boho-decoracion-textil-cojin-de-algodon-cojin-crudo-cojines-sofa-estilo-bohemio-cojin-geometrico","status":"publish","type":"product","link":"https:\/\/gesmobles.cat\/es\/producto\/cojin-decorativo-cojines-con-borlas-cojin-boho-decoracion-textil-cojin-de-algodon-cojin-crudo-cojines-sofa-estilo-bohemio-cojin-geometrico\/","title":{"rendered":"Coj\u00edn decorativo Tico con borlas"},"content":{"rendered":"<p>Dale un toque de calidez y estilo boho a tu hogar con el coj\u00edn decorativo Tico. Su dise\u00f1o en tono crudo con relieve geom\u00e9trico y borlas en las esquinas lo convierte en el complemento perfecto para sof\u00e1s, sillones o camas. Confeccionado en algod\u00f3n suave y agradable al tacto, este coj\u00edn no solo decora, sino que tambi\u00e9n aporta confort. Ideal para ambientes n\u00f3rdicos, naturales o mediterr\u00e1neos. Funda con cremallera para facilitar su limpieza.<\/p>\n","protected":false},"excerpt":{"rendered":"<p>Dale un toque de calidez y estilo boho a tu hogar con el coj\u00edn decorativo Tico. Su dise\u00f1o en tono crudo con relieve geom\u00e9trico y borlas en las esquinas lo convierte en el complemento perfecto para sof\u00e1s, sillones o camas. Confeccionado en algod\u00f3n suave y agradable al tacto, este coj\u00edn no solo decora, sino que [&hellip;]<\/p>\n","protected":false},"featured_media":4937,"comment_status":"open","ping_status":"closed","template":"","meta":[],"product_brand":[],"product_cat":[64,562],"product_tag":[],"class_list":{"0":"post-4936","1":"product","2":"type-product","3":"status-publish","4":"has-post-thumbnail","6":"product_cat-decoracion","7":"product_cat-cojines-decoracion-decoracion","9":"first","10":"instock","11":"taxable","12":"shipping-taxable","13":"purchasable","14":"product-type-simple"},"acf":[],"yoast_head":"<!-- This site is optimized with the Yoast SEO plugin v27.4 - https:\/\/yoast.com\/product\/yoast-seo-wordpress\/ -->\n<title>Coj\u00edn decorativo Tico con borlas -<\/title>\n<meta name=\"description\" content=\"Descubre el coj\u00edn decorativo Tico con dise\u00f1o boho en color crudo y borlas en las esquinas. Ideal para sof\u00e1s y camas. \u00a1Aporta estilo y confort a tu hogar!\" \/>\n<meta name=\"robots\" content=\"index, follow, max-snippet:-1, max-image-preview:large, max-video-preview:-1\" \/>\n<link rel=\"canonical\" href=\"https:\/\/gesmobles.cat\/es\/producto\/cojin-decorativo-cojines-con-borlas-cojin-boho-decoracion-textil-cojin-de-algodon-cojin-crudo-cojines-sofa-estilo-bohemio-cojin-geometrico\/\" \/>\n<meta property=\"og:locale\" content=\"es_ES\" \/>\n<meta property=\"og:type\" content=\"article\" \/>\n<meta property=\"og:title\" content=\"Coj\u00edn decorativo Tico con borlas -\" \/>\n<meta property=\"og:description\" content=\"Descubre el coj\u00edn decorativo Tico con dise\u00f1o boho en color crudo y borlas en las esquinas. Ideal para sof\u00e1s y camas. \u00a1Aporta estilo y confort a tu hogar!\" \/>\n<meta property=\"og:url\" content=\"https:\/\/gesmobles.cat\/es\/producto\/cojin-decorativo-cojines-con-borlas-cojin-boho-decoracion-textil-cojin-de-algodon-cojin-crudo-cojines-sofa-estilo-bohemio-cojin-geometrico\/\" \/>\n<meta property=\"article:modified_time\" content=\"2025-09-22T15:59:34+00:00\" \/>\n<meta property=\"og:image\" content=\"https:\/\/gesmobles.cat\/wp-content\/uploads\/2025\/07\/tico.jpg\" \/>\n\t<meta property=\"og:image:width\" content=\"700\" \/>\n\t<meta property=\"og:image:height\" content=\"466\" \/>\n\t<meta property=\"og:image:type\" content=\"image\/jpeg\" \/>\n<meta name=\"twitter:card\" content=\"summary_large_image\" \/>\n<meta name=\"twitter:label1\" content=\"Tiempo de lectura\" \/>\n\t<meta name=\"twitter:data1\" content=\"1 minuto\" \/>\n<!-- \/ Yoast SEO plugin. -->","yoast_head_json":{"title":"Coj\u00edn decorativo Tico con borlas -","description":"Descubre el coj\u00edn decorativo Tico con dise\u00f1o boho en color crudo y borlas en las esquinas. Ideal para sof\u00e1s y camas. \u00a1Aporta estilo y confort a tu hogar!","robots":{"index":"index","follow":"follow","max-snippet":"max-snippet:-1","max-image-preview":"max-image-preview:large","max-video-preview":"max-video-preview:-1"},"canonical":"https:\/\/gesmobles.cat\/es\/producto\/cojin-decorativo-cojines-con-borlas-cojin-boho-decoracion-textil-cojin-de-algodon-cojin-crudo-cojines-sofa-estilo-bohemio-cojin-geometrico\/","og_locale":"es_ES","og_type":"article","og_title":"Coj\u00edn decorativo Tico con borlas -","og_description":"Descubre el coj\u00edn decorativo Tico con dise\u00f1o boho en color crudo y borlas en las esquinas. Ideal para sof\u00e1s y camas. \u00a1Aporta estilo y confort a tu hogar!","og_url":"https:\/\/gesmobles.cat\/es\/producto\/cojin-decorativo-cojines-con-borlas-cojin-boho-decoracion-textil-cojin-de-algodon-cojin-crudo-cojines-sofa-estilo-bohemio-cojin-geometrico\/","article_modified_time":"2025-09-22T15:59:34+00:00","og_image":[{"width":700,"height":466,"url":"https:\/\/gesmobles.cat\/wp-content\/uploads\/2025\/07\/tico.jpg","type":"image\/jpeg"}],"twitter_card":"summary_large_image","twitter_misc":{"Tiempo de lectura":"1 minuto"},"schema":{"@context":"https:\/\/schema.org","@graph":[]}},"_links":{"self":[{"href":"https:\/\/gesmobles.cat\/es\/wp-json\/wp\/v2\/product\/4936","targetHints":{"allow":["GET"]}}],"collection":[{"href":"https:\/\/gesmobles.cat\/es\/wp-json\/wp\/v2\/product"}],"about":[{"href":"https:\/\/gesmobles.cat\/es\/wp-json\/wp\/v2\/types\/product"}],"replies":[{"embeddable":true,"href":"https:\/\/gesmobles.cat\/es\/wp-json\/wp\/v2\/comments?post=4936"}],"wp:featuredmedia":[{"embeddable":true,"href":"https:\/\/gesmobles.cat\/es\/wp-json\/wp\/v2\/media\/4937"}],"wp:attachment":[{"href":"https:\/\/gesmobles.cat\/es\/wp-json\/wp\/v2\/media?parent=4936"}],"wp:term":[{"taxonomy":"product_brand","embeddable":true,"href":"https:\/\/gesmobles.cat\/es\/wp-json\/wp\/v2\/product_brand?post=4936"},{"taxonomy":"product_cat","embeddable":true,"href":"https:\/\/gesmobles.cat\/es\/wp-json\/wp\/v2\/product_cat?post=4936"},{"taxonomy":"product_tag","embeddable":true,"href":"https:\/\/gesmobles.cat\/es\/wp-json\/wp\/v2\/product_tag?post=4936"}],"curies":[{"name":"wp","href":"https:\/\/api.w.org\/{rel}","templated":true}]}}