{"id":4949,"date":"2025-07-09T22:02:49","date_gmt":"2025-07-09T20:02:49","guid":{"rendered":"https:\/\/gesmobles.cat\/?post_type=product&#038;p=4949"},"modified":"2025-07-09T22:05:26","modified_gmt":"2025-07-09T20:05:26","slug":"coixi-decoratiu-coixi-rectangular-coixi-amb-borles-coixi-boho-decoracio-textil-coixi-cru-coixins-de-coto-coixi-sofa-estil-bohemi","status":"publish","type":"product","link":"https:\/\/gesmobles.cat\/es\/producto\/coixi-decoratiu-coixi-rectangular-coixi-amb-borles-coixi-boho-decoracio-textil-coixi-cru-coixins-de-coto-coixi-sofa-estil-bohemi\/","title":{"rendered":"Coix\u00ed decoratiu Coti rectangular amb borles"},"content":{"rendered":"<p>El coix\u00ed decoratiu Coti \u00e9s ideal per donar un aire acollidor i bohemi a qualsevol estan\u00e7a. El seu format rectangular i disseny en color cru amb relleu geom\u00e8tric el converteixen en una pe\u00e7a \u00fanica, perfecta per a sof\u00e0s, butaques o llits. Les borles a les quatre cantonades hi afegeixen un toc artesanal i desenfadat. Confeccionat en cot\u00f3 suau al tacte i amb tancament de cremallera per facilitar-ne la neteja. Un complement vers\u00e0til i elegant per a qualsevol estil de decoraci\u00f3.<\/p>\n","protected":false},"excerpt":{"rendered":"<p>El coix\u00ed decoratiu Coti \u00e9s ideal per donar un aire acollidor i bohemi a qualsevol estan\u00e7a. El seu format rectangular i disseny en color cru amb relleu geom\u00e8tric el converteixen en una pe\u00e7a \u00fanica, perfecta per a sof\u00e0s, butaques o llits. Les borles a les quatre cantonades hi afegeixen un toc artesanal i desenfadat. Confeccionat [&hellip;]<\/p>\n","protected":false},"featured_media":4938,"comment_status":"open","ping_status":"closed","template":"","meta":[],"product_brand":[],"product_cat":[20],"product_tag":[],"class_list":{"0":"post-4949","1":"product","2":"type-product","3":"status-publish","4":"has-post-thumbnail","6":"product_cat-decoracio","8":"first","9":"instock","10":"taxable","11":"shipping-taxable","12":"purchasable","13":"product-type-simple"},"acf":[],"yoast_head":"<!-- This site is optimized with the Yoast SEO plugin v27.4 - https:\/\/yoast.com\/product\/yoast-seo-wordpress\/ -->\n<title>Coix\u00ed decoratiu Coti rectangular amb borles -<\/title>\n<meta name=\"description\" content=\"Coix\u00ed decoratiu Coti rectangular amb disseny boho en to cru i borles. Ideal per a sof\u00e0s, llits i racons amb estil. Aporta calidesa i personalitat!\" \/>\n<meta name=\"robots\" content=\"index, follow, max-snippet:-1, max-image-preview:large, max-video-preview:-1\" \/>\n<link rel=\"canonical\" href=\"https:\/\/gesmobles.cat\/es\/producto\/coixi-decoratiu-coixi-rectangular-coixi-amb-borles-coixi-boho-decoracio-textil-coixi-cru-coixins-de-coto-coixi-sofa-estil-bohemi\/\" \/>\n<meta property=\"og:locale\" content=\"es_ES\" \/>\n<meta property=\"og:type\" content=\"article\" \/>\n<meta property=\"og:title\" content=\"Coix\u00ed decoratiu Coti rectangular amb borles -\" \/>\n<meta property=\"og:description\" content=\"Coix\u00ed decoratiu Coti rectangular amb disseny boho en to cru i borles. Ideal per a sof\u00e0s, llits i racons amb estil. Aporta calidesa i personalitat!\" \/>\n<meta property=\"og:url\" content=\"https:\/\/gesmobles.cat\/es\/producto\/coixi-decoratiu-coixi-rectangular-coixi-amb-borles-coixi-boho-decoracio-textil-coixi-cru-coixins-de-coto-coixi-sofa-estil-bohemi\/\" \/>\n<meta property=\"article:modified_time\" content=\"2025-07-09T20:05:26+00:00\" \/>\n<meta property=\"og:image\" content=\"https:\/\/gesmobles.cat\/wp-content\/uploads\/2025\/07\/tico.jpg\" \/>\n\t<meta property=\"og:image:width\" content=\"700\" \/>\n\t<meta property=\"og:image:height\" content=\"466\" \/>\n\t<meta property=\"og:image:type\" content=\"image\/jpeg\" \/>\n<meta name=\"twitter:card\" content=\"summary_large_image\" \/>\n<meta name=\"twitter:label1\" content=\"Tiempo de lectura\" \/>\n\t<meta name=\"twitter:data1\" content=\"1 minuto\" \/>\n<!-- \/ Yoast SEO plugin. -->","yoast_head_json":{"title":"Coix\u00ed decoratiu Coti rectangular amb borles -","description":"Coix\u00ed decoratiu Coti rectangular amb disseny boho en to cru i borles. Ideal per a sof\u00e0s, llits i racons amb estil. Aporta calidesa i personalitat!","robots":{"index":"index","follow":"follow","max-snippet":"max-snippet:-1","max-image-preview":"max-image-preview:large","max-video-preview":"max-video-preview:-1"},"canonical":"https:\/\/gesmobles.cat\/es\/producto\/coixi-decoratiu-coixi-rectangular-coixi-amb-borles-coixi-boho-decoracio-textil-coixi-cru-coixins-de-coto-coixi-sofa-estil-bohemi\/","og_locale":"es_ES","og_type":"article","og_title":"Coix\u00ed decoratiu Coti rectangular amb borles -","og_description":"Coix\u00ed decoratiu Coti rectangular amb disseny boho en to cru i borles. Ideal per a sof\u00e0s, llits i racons amb estil. Aporta calidesa i personalitat!","og_url":"https:\/\/gesmobles.cat\/es\/producto\/coixi-decoratiu-coixi-rectangular-coixi-amb-borles-coixi-boho-decoracio-textil-coixi-cru-coixins-de-coto-coixi-sofa-estil-bohemi\/","article_modified_time":"2025-07-09T20:05:26+00:00","og_image":[{"width":700,"height":466,"url":"https:\/\/gesmobles.cat\/wp-content\/uploads\/2025\/07\/tico.jpg","type":"image\/jpeg"}],"twitter_card":"summary_large_image","twitter_misc":{"Tiempo de lectura":"1 minuto"},"schema":{"@context":"https:\/\/schema.org","@graph":[]}},"_links":{"self":[{"href":"https:\/\/gesmobles.cat\/es\/wp-json\/wp\/v2\/product\/4949","targetHints":{"allow":["GET"]}}],"collection":[{"href":"https:\/\/gesmobles.cat\/es\/wp-json\/wp\/v2\/product"}],"about":[{"href":"https:\/\/gesmobles.cat\/es\/wp-json\/wp\/v2\/types\/product"}],"replies":[{"embeddable":true,"href":"https:\/\/gesmobles.cat\/es\/wp-json\/wp\/v2\/comments?post=4949"}],"wp:featuredmedia":[{"embeddable":true,"href":"https:\/\/gesmobles.cat\/es\/wp-json\/wp\/v2\/media\/4938"}],"wp:attachment":[{"href":"https:\/\/gesmobles.cat\/es\/wp-json\/wp\/v2\/media?parent=4949"}],"wp:term":[{"taxonomy":"product_brand","embeddable":true,"href":"https:\/\/gesmobles.cat\/es\/wp-json\/wp\/v2\/product_brand?post=4949"},{"taxonomy":"product_cat","embeddable":true,"href":"https:\/\/gesmobles.cat\/es\/wp-json\/wp\/v2\/product_cat?post=4949"},{"taxonomy":"product_tag","embeddable":true,"href":"https:\/\/gesmobles.cat\/es\/wp-json\/wp\/v2\/product_tag?post=4949"}],"curies":[{"name":"wp","href":"https:\/\/api.w.org\/{rel}","templated":true}]}}