{"id":4956,"date":"2025-07-10T11:14:56","date_gmt":"2025-07-10T09:14:56","guid":{"rendered":"https:\/\/gesmobles.cat\/?post_type=product&#038;p=4956"},"modified":"2025-12-29T19:14:36","modified_gmt":"2025-12-29T17:14:36","slug":"cojin-decorativo-cojin-beige-cojines-con-borlas-cojines-de-salon-cojines-boho-cojines-nordicos-cojin-con-relieve-decoracion-textil-accesorios-hogar-cojines-modernos","status":"publish","type":"product","link":"https:\/\/gesmobles.cat\/es\/producto\/cojin-decorativo-cojin-beige-cojines-con-borlas-cojines-de-salon-cojines-boho-cojines-nordicos-cojin-con-relieve-decoracion-textil-accesorios-hogar-cojines-modernos\/","title":{"rendered":"Coj\u00edn decorativo beige con relieve y borlas \u2013 Modelo NORDIK"},"content":{"rendered":"<p>Aporta calidez y estilo a cualquier estancia con el coj\u00edn decorativo NORDIK. Su dise\u00f1o en tono beige neutro combina texturas suaves con un patr\u00f3n en relieve en forma de espiga, aportando un toque n\u00f3rdico y elegante. Fabricado con materiales de alta calidad, incluye cuatro borlas en las esquinas que le dan un aire bohemio y acogedor. Ideal para sof\u00e1s, camas o butacas, este coj\u00edn no solo decora, sino que tambi\u00e9n proporciona confort.<\/p>\n<p>Medidas aproximadas: 30 x 50 cm<br \/>\nFunda con cremallera oculta.<\/p>\n","protected":false},"excerpt":{"rendered":"<p>Aporta calidez y estilo a cualquier estancia con el coj\u00edn decorativo NORDIK. Su dise\u00f1o en tono beige neutro combina texturas suaves con un patr\u00f3n en relieve en forma de espiga, aportando un toque n\u00f3rdico y elegante. Fabricado con materiales de alta calidad, incluye cuatro borlas en las esquinas que le dan un aire bohemio y [&hellip;]<\/p>\n","protected":false},"featured_media":4957,"comment_status":"open","ping_status":"closed","template":"","meta":[],"product_brand":[],"product_cat":[64,562],"product_tag":[],"class_list":{"0":"post-4956","1":"product","2":"type-product","3":"status-publish","4":"has-post-thumbnail","6":"product_cat-decoracion","7":"product_cat-cojines-decoracion-decoracion","9":"first","10":"instock","11":"taxable","12":"shipping-taxable","13":"purchasable","14":"product-type-simple"},"acf":[],"yoast_head":"<!-- This site is optimized with the Yoast SEO plugin v27.4 - https:\/\/yoast.com\/product\/yoast-seo-wordpress\/ -->\n<title>Coj\u00edn decorativo beige con relieve y borlas \u2013 Modelo NORDIK -<\/title>\n<meta name=\"description\" content=\"Coj\u00edn decorativo beige con relieve y borlas en las esquinas. Estilo n\u00f3rdico-boho ideal para sof\u00e1s, camas o butacas. Medidas 30x50 cm. \u00a1Incluye relleno!\" \/>\n<meta name=\"robots\" content=\"index, follow, max-snippet:-1, max-image-preview:large, max-video-preview:-1\" \/>\n<link rel=\"canonical\" href=\"https:\/\/gesmobles.cat\/es\/producto\/cojin-decorativo-cojin-beige-cojines-con-borlas-cojines-de-salon-cojines-boho-cojines-nordicos-cojin-con-relieve-decoracion-textil-accesorios-hogar-cojines-modernos\/\" \/>\n<meta property=\"og:locale\" content=\"es_ES\" \/>\n<meta property=\"og:type\" content=\"article\" \/>\n<meta property=\"og:title\" content=\"Coj\u00edn decorativo beige con relieve y borlas \u2013 Modelo NORDIK -\" \/>\n<meta property=\"og:description\" content=\"Coj\u00edn decorativo beige con relieve y borlas en las esquinas. Estilo n\u00f3rdico-boho ideal para sof\u00e1s, camas o butacas. Medidas 30x50 cm. \u00a1Incluye relleno!\" \/>\n<meta property=\"og:url\" content=\"https:\/\/gesmobles.cat\/es\/producto\/cojin-decorativo-cojin-beige-cojines-con-borlas-cojines-de-salon-cojines-boho-cojines-nordicos-cojin-con-relieve-decoracion-textil-accesorios-hogar-cojines-modernos\/\" \/>\n<meta property=\"article:modified_time\" content=\"2025-12-29T17:14:36+00:00\" \/>\n<meta property=\"og:image\" content=\"https:\/\/gesmobles.cat\/wp-content\/uploads\/2025\/07\/tx.jpg\" \/>\n\t<meta property=\"og:image:width\" content=\"700\" \/>\n\t<meta property=\"og:image:height\" content=\"466\" \/>\n\t<meta property=\"og:image:type\" content=\"image\/jpeg\" \/>\n<meta name=\"twitter:card\" content=\"summary_large_image\" \/>\n<meta name=\"twitter:label1\" content=\"Tiempo de lectura\" \/>\n\t<meta name=\"twitter:data1\" content=\"1 minuto\" \/>\n<!-- \/ Yoast SEO plugin. -->","yoast_head_json":{"title":"Coj\u00edn decorativo beige con relieve y borlas \u2013 Modelo NORDIK -","description":"Coj\u00edn decorativo beige con relieve y borlas en las esquinas. Estilo n\u00f3rdico-boho ideal para sof\u00e1s, camas o butacas. Medidas 30x50 cm. \u00a1Incluye relleno!","robots":{"index":"index","follow":"follow","max-snippet":"max-snippet:-1","max-image-preview":"max-image-preview:large","max-video-preview":"max-video-preview:-1"},"canonical":"https:\/\/gesmobles.cat\/es\/producto\/cojin-decorativo-cojin-beige-cojines-con-borlas-cojines-de-salon-cojines-boho-cojines-nordicos-cojin-con-relieve-decoracion-textil-accesorios-hogar-cojines-modernos\/","og_locale":"es_ES","og_type":"article","og_title":"Coj\u00edn decorativo beige con relieve y borlas \u2013 Modelo NORDIK -","og_description":"Coj\u00edn decorativo beige con relieve y borlas en las esquinas. Estilo n\u00f3rdico-boho ideal para sof\u00e1s, camas o butacas. Medidas 30x50 cm. \u00a1Incluye relleno!","og_url":"https:\/\/gesmobles.cat\/es\/producto\/cojin-decorativo-cojin-beige-cojines-con-borlas-cojines-de-salon-cojines-boho-cojines-nordicos-cojin-con-relieve-decoracion-textil-accesorios-hogar-cojines-modernos\/","article_modified_time":"2025-12-29T17:14:36+00:00","og_image":[{"width":700,"height":466,"url":"https:\/\/gesmobles.cat\/wp-content\/uploads\/2025\/07\/tx.jpg","type":"image\/jpeg"}],"twitter_card":"summary_large_image","twitter_misc":{"Tiempo de lectura":"1 minuto"},"schema":{"@context":"https:\/\/schema.org","@graph":[]}},"_links":{"self":[{"href":"https:\/\/gesmobles.cat\/es\/wp-json\/wp\/v2\/product\/4956","targetHints":{"allow":["GET"]}}],"collection":[{"href":"https:\/\/gesmobles.cat\/es\/wp-json\/wp\/v2\/product"}],"about":[{"href":"https:\/\/gesmobles.cat\/es\/wp-json\/wp\/v2\/types\/product"}],"replies":[{"embeddable":true,"href":"https:\/\/gesmobles.cat\/es\/wp-json\/wp\/v2\/comments?post=4956"}],"wp:featuredmedia":[{"embeddable":true,"href":"https:\/\/gesmobles.cat\/es\/wp-json\/wp\/v2\/media\/4957"}],"wp:attachment":[{"href":"https:\/\/gesmobles.cat\/es\/wp-json\/wp\/v2\/media?parent=4956"}],"wp:term":[{"taxonomy":"product_brand","embeddable":true,"href":"https:\/\/gesmobles.cat\/es\/wp-json\/wp\/v2\/product_brand?post=4956"},{"taxonomy":"product_cat","embeddable":true,"href":"https:\/\/gesmobles.cat\/es\/wp-json\/wp\/v2\/product_cat?post=4956"},{"taxonomy":"product_tag","embeddable":true,"href":"https:\/\/gesmobles.cat\/es\/wp-json\/wp\/v2\/product_tag?post=4956"}],"curies":[{"name":"wp","href":"https:\/\/api.w.org\/{rel}","templated":true}]}}