{"id":4979,"date":"2025-07-10T11:41:31","date_gmt":"2025-07-10T09:41:31","guid":{"rendered":"https:\/\/gesmobles.cat\/?post_type=product&#038;p=4979"},"modified":"2025-11-19T20:15:22","modified_gmt":"2025-11-19T18:15:22","slug":"vela-decorativa-velas-pastel-velas-estriadas-vela-rosa-vela-verde-menta-vela-lila-decoracion-con-velas-velas-geometricas-accesorios-decorativos-velas-modernas","status":"publish","type":"product","link":"https:\/\/gesmobles.cat\/es\/producto\/vela-decorativa-velas-pastel-velas-estriadas-vela-rosa-vela-verde-menta-vela-lila-decoracion-con-velas-velas-geometricas-accesorios-decorativos-velas-modernas\/","title":{"rendered":"Conjunto velas decorativas estriadas en colores pastel \u2013 Modelo TWIST"},"content":{"rendered":"<p>Dale un toque moderno y dulce a tu hogar con las velas decorativas TWIST. Su dise\u00f1o estriado con forma geom\u00e9trica y acabado en colores pastel (verde menta, rosa y lila) las convierte en el complemento perfecto para estanter\u00edas, bandejas decorativas o mesas auxiliares.<\/p>\n<p>Estas velas son ideales tanto para iluminar como para decorar, creando un ambiente acogedor y con personalidad. Se pueden usar solas o combinadas entre s\u00ed para un efecto m\u00e1s llamativo.<\/p>\n<p>Material: Cera parafina<\/p>\n<p>No perfumadas<\/p>\n<p>Altura aproximada: 10 cm<\/p>\n<p>Disponible en tres colores pastel<\/p>\n<p>Uso decorativo o funcional<\/p>\n","protected":false},"excerpt":{"rendered":"<p>Dale un toque moderno y dulce a tu hogar con las velas decorativas TWIST. Su dise\u00f1o estriado con forma geom\u00e9trica y acabado en colores pastel (verde menta, rosa y lila) las convierte en el complemento perfecto para estanter\u00edas, bandejas decorativas o mesas auxiliares. Estas velas son ideales tanto para iluminar como para decorar, creando un [&hellip;]<\/p>\n","protected":false},"featured_media":4980,"comment_status":"open","ping_status":"closed","template":"","meta":[],"product_brand":[],"product_cat":[64,94],"product_tag":[],"class_list":{"0":"post-4979","1":"product","2":"type-product","3":"status-publish","4":"has-post-thumbnail","6":"product_cat-decoracion","7":"product_cat-velas-y-aromas","9":"first","10":"instock","11":"taxable","12":"shipping-taxable","13":"purchasable","14":"product-type-simple"},"acf":[],"yoast_head":"<!-- This site is optimized with the Yoast SEO plugin v27.4 - https:\/\/yoast.com\/product\/yoast-seo-wordpress\/ -->\n<title>Conjunto velas decorativas estriadas en colores pastel \u2013 Modelo TWIST -<\/title>\n<meta name=\"description\" content=\"Vela decorativa estriada en colores pastel (verde menta, rosa y lila). Dise\u00f1o moderno y elegante para decorar cualquier rinc\u00f3n de tu hogar. Altura 10 cm.\" \/>\n<meta name=\"robots\" content=\"index, follow, max-snippet:-1, max-image-preview:large, max-video-preview:-1\" \/>\n<link rel=\"canonical\" href=\"https:\/\/gesmobles.cat\/es\/producto\/vela-decorativa-velas-pastel-velas-estriadas-vela-rosa-vela-verde-menta-vela-lila-decoracion-con-velas-velas-geometricas-accesorios-decorativos-velas-modernas\/\" \/>\n<meta property=\"og:locale\" content=\"es_ES\" \/>\n<meta property=\"og:type\" content=\"article\" \/>\n<meta property=\"og:title\" content=\"Conjunto velas decorativas estriadas en colores pastel \u2013 Modelo TWIST -\" \/>\n<meta property=\"og:description\" content=\"Vela decorativa estriada en colores pastel (verde menta, rosa y lila). Dise\u00f1o moderno y elegante para decorar cualquier rinc\u00f3n de tu hogar. Altura 10 cm.\" \/>\n<meta property=\"og:url\" content=\"https:\/\/gesmobles.cat\/es\/producto\/vela-decorativa-velas-pastel-velas-estriadas-vela-rosa-vela-verde-menta-vela-lila-decoracion-con-velas-velas-geometricas-accesorios-decorativos-velas-modernas\/\" \/>\n<meta property=\"article:modified_time\" content=\"2025-11-19T18:15:22+00:00\" \/>\n<meta property=\"og:image\" content=\"https:\/\/gesmobles.cat\/wp-content\/uploads\/2025\/07\/vela.jpg\" \/>\n\t<meta property=\"og:image:width\" content=\"700\" \/>\n\t<meta property=\"og:image:height\" content=\"466\" \/>\n\t<meta property=\"og:image:type\" content=\"image\/jpeg\" \/>\n<meta name=\"twitter:card\" content=\"summary_large_image\" \/>\n<meta name=\"twitter:label1\" content=\"Tiempo de lectura\" \/>\n\t<meta name=\"twitter:data1\" content=\"1 minuto\" \/>\n<!-- \/ Yoast SEO plugin. -->","yoast_head_json":{"title":"Conjunto velas decorativas estriadas en colores pastel \u2013 Modelo TWIST -","description":"Vela decorativa estriada en colores pastel (verde menta, rosa y lila). Dise\u00f1o moderno y elegante para decorar cualquier rinc\u00f3n de tu hogar. Altura 10 cm.","robots":{"index":"index","follow":"follow","max-snippet":"max-snippet:-1","max-image-preview":"max-image-preview:large","max-video-preview":"max-video-preview:-1"},"canonical":"https:\/\/gesmobles.cat\/es\/producto\/vela-decorativa-velas-pastel-velas-estriadas-vela-rosa-vela-verde-menta-vela-lila-decoracion-con-velas-velas-geometricas-accesorios-decorativos-velas-modernas\/","og_locale":"es_ES","og_type":"article","og_title":"Conjunto velas decorativas estriadas en colores pastel \u2013 Modelo TWIST -","og_description":"Vela decorativa estriada en colores pastel (verde menta, rosa y lila). Dise\u00f1o moderno y elegante para decorar cualquier rinc\u00f3n de tu hogar. Altura 10 cm.","og_url":"https:\/\/gesmobles.cat\/es\/producto\/vela-decorativa-velas-pastel-velas-estriadas-vela-rosa-vela-verde-menta-vela-lila-decoracion-con-velas-velas-geometricas-accesorios-decorativos-velas-modernas\/","article_modified_time":"2025-11-19T18:15:22+00:00","og_image":[{"width":700,"height":466,"url":"https:\/\/gesmobles.cat\/wp-content\/uploads\/2025\/07\/vela.jpg","type":"image\/jpeg"}],"twitter_card":"summary_large_image","twitter_misc":{"Tiempo de lectura":"1 minuto"},"schema":{"@context":"https:\/\/schema.org","@graph":[]}},"_links":{"self":[{"href":"https:\/\/gesmobles.cat\/es\/wp-json\/wp\/v2\/product\/4979","targetHints":{"allow":["GET"]}}],"collection":[{"href":"https:\/\/gesmobles.cat\/es\/wp-json\/wp\/v2\/product"}],"about":[{"href":"https:\/\/gesmobles.cat\/es\/wp-json\/wp\/v2\/types\/product"}],"replies":[{"embeddable":true,"href":"https:\/\/gesmobles.cat\/es\/wp-json\/wp\/v2\/comments?post=4979"}],"wp:featuredmedia":[{"embeddable":true,"href":"https:\/\/gesmobles.cat\/es\/wp-json\/wp\/v2\/media\/4980"}],"wp:attachment":[{"href":"https:\/\/gesmobles.cat\/es\/wp-json\/wp\/v2\/media?parent=4979"}],"wp:term":[{"taxonomy":"product_brand","embeddable":true,"href":"https:\/\/gesmobles.cat\/es\/wp-json\/wp\/v2\/product_brand?post=4979"},{"taxonomy":"product_cat","embeddable":true,"href":"https:\/\/gesmobles.cat\/es\/wp-json\/wp\/v2\/product_cat?post=4979"},{"taxonomy":"product_tag","embeddable":true,"href":"https:\/\/gesmobles.cat\/es\/wp-json\/wp\/v2\/product_tag?post=4979"}],"curies":[{"name":"wp","href":"https:\/\/api.w.org\/{rel}","templated":true}]}}