{"id":5014,"date":"2025-07-17T18:03:37","date_gmt":"2025-07-17T16:03:37","guid":{"rendered":"https:\/\/gesmobles.cat\/?post_type=product&#038;p=5014"},"modified":"2025-11-19T20:13:28","modified_gmt":"2025-11-19T18:13:28","slug":"vela-aromatica-vela-decorativa-vela-de-vainilla-vela-de-canela-vela-de-ambar-velas-sueltas-decoracion-con-velas-vela-con-cuerda-regalo-aromatico-fragancias-naturales","status":"publish","type":"product","link":"https:\/\/gesmobles.cat\/es\/producto\/vela-aromatica-vela-decorativa-vela-de-vainilla-vela-de-canela-vela-de-ambar-velas-sueltas-decoracion-con-velas-vela-con-cuerda-regalo-aromatico-fragancias-naturales\/","title":{"rendered":"Conjunto tres velas arom\u00e1ticas\u2013 Vainilla, Canela , \u00c1mbar"},"content":{"rendered":"<p>Crea una atm\u00f3sfera acogedora en tu hogar con estas elegantes velas arom\u00e1ticas disponibles en tres fragancias: vainilla, canela o \u00e1mbar. Cada vela se vende por separado y est\u00e1 cuidadosamente decorada con cuerda r\u00fastica y etiqueta kraft, lo que las convierte en un detalle ideal para cualquier rinc\u00f3n o para regalar.<\/p>\n<p>Estas velas cil\u00edndricas de cera maciza no solo decoran, sino que tambi\u00e9n perfuman suavemente el ambiente gracias a sus aromas envolventes y naturales. Perfectas para crear momentos de calma, decorar espacios o acompa\u00f1ar una cena especial.<\/p>\n<p>\ud83d\udccc Producto a la venta por unidad. Escoge tu aroma favorito: vainilla, canela o \u00e1mbar.<\/p>\n","protected":false},"excerpt":{"rendered":"<p>Crea una atm\u00f3sfera acogedora en tu hogar con estas elegantes velas arom\u00e1ticas disponibles en tres fragancias: vainilla, canela o \u00e1mbar. Cada vela se vende por separado y est\u00e1 cuidadosamente decorada con cuerda r\u00fastica y etiqueta kraft, lo que las convierte en un detalle ideal para cualquier rinc\u00f3n o para regalar. Estas velas cil\u00edndricas de cera [&hellip;]<\/p>\n","protected":false},"featured_media":5015,"comment_status":"open","ping_status":"closed","template":"","meta":[],"product_brand":[],"product_cat":[64,94],"product_tag":[],"class_list":{"0":"post-5014","1":"product","2":"type-product","3":"status-publish","4":"has-post-thumbnail","6":"product_cat-decoracion","7":"product_cat-velas-y-aromas","9":"first","10":"instock","11":"taxable","12":"shipping-taxable","13":"purchasable","14":"product-type-simple"},"acf":[],"yoast_head":"<!-- This site is optimized with the Yoast SEO plugin v27.4 - https:\/\/yoast.com\/product\/yoast-seo-wordpress\/ -->\n<title>Conjunto tres velas arom\u00e1ticas\u2013 Vainilla, Canela , \u00c1mbar -<\/title>\n<meta name=\"description\" content=\"Vela arom\u00e1tica individual decorada con cuerda r\u00fastica, disponible en vainilla, canela o \u00e1mbar. Se vende por separado. Ideal para regalar o ambientar tu hogar.\" \/>\n<meta name=\"robots\" content=\"index, follow, max-snippet:-1, max-image-preview:large, max-video-preview:-1\" \/>\n<link rel=\"canonical\" href=\"https:\/\/gesmobles.cat\/es\/producto\/vela-aromatica-vela-decorativa-vela-de-vainilla-vela-de-canela-vela-de-ambar-velas-sueltas-decoracion-con-velas-vela-con-cuerda-regalo-aromatico-fragancias-naturales\/\" \/>\n<meta property=\"og:locale\" content=\"es_ES\" \/>\n<meta property=\"og:type\" content=\"article\" \/>\n<meta property=\"og:title\" content=\"Conjunto tres velas arom\u00e1ticas\u2013 Vainilla, Canela , \u00c1mbar -\" \/>\n<meta property=\"og:description\" content=\"Vela arom\u00e1tica individual decorada con cuerda r\u00fastica, disponible en vainilla, canela o \u00e1mbar. Se vende por separado. Ideal para regalar o ambientar tu hogar.\" \/>\n<meta property=\"og:url\" content=\"https:\/\/gesmobles.cat\/es\/producto\/vela-aromatica-vela-decorativa-vela-de-vainilla-vela-de-canela-vela-de-ambar-velas-sueltas-decoracion-con-velas-vela-con-cuerda-regalo-aromatico-fragancias-naturales\/\" \/>\n<meta property=\"article:modified_time\" content=\"2025-11-19T18:13:28+00:00\" \/>\n<meta property=\"og:image\" content=\"https:\/\/gesmobles.cat\/wp-content\/uploads\/2025\/07\/cera.jpg\" \/>\n\t<meta property=\"og:image:width\" content=\"700\" \/>\n\t<meta property=\"og:image:height\" content=\"466\" \/>\n\t<meta property=\"og:image:type\" content=\"image\/jpeg\" \/>\n<meta name=\"twitter:card\" content=\"summary_large_image\" \/>\n<meta name=\"twitter:label1\" content=\"Tiempo de lectura\" \/>\n\t<meta name=\"twitter:data1\" content=\"1 minuto\" \/>\n<!-- \/ Yoast SEO plugin. -->","yoast_head_json":{"title":"Conjunto tres velas arom\u00e1ticas\u2013 Vainilla, Canela , \u00c1mbar -","description":"Vela arom\u00e1tica individual decorada con cuerda r\u00fastica, disponible en vainilla, canela o \u00e1mbar. Se vende por separado. Ideal para regalar o ambientar tu hogar.","robots":{"index":"index","follow":"follow","max-snippet":"max-snippet:-1","max-image-preview":"max-image-preview:large","max-video-preview":"max-video-preview:-1"},"canonical":"https:\/\/gesmobles.cat\/es\/producto\/vela-aromatica-vela-decorativa-vela-de-vainilla-vela-de-canela-vela-de-ambar-velas-sueltas-decoracion-con-velas-vela-con-cuerda-regalo-aromatico-fragancias-naturales\/","og_locale":"es_ES","og_type":"article","og_title":"Conjunto tres velas arom\u00e1ticas\u2013 Vainilla, Canela , \u00c1mbar -","og_description":"Vela arom\u00e1tica individual decorada con cuerda r\u00fastica, disponible en vainilla, canela o \u00e1mbar. Se vende por separado. Ideal para regalar o ambientar tu hogar.","og_url":"https:\/\/gesmobles.cat\/es\/producto\/vela-aromatica-vela-decorativa-vela-de-vainilla-vela-de-canela-vela-de-ambar-velas-sueltas-decoracion-con-velas-vela-con-cuerda-regalo-aromatico-fragancias-naturales\/","article_modified_time":"2025-11-19T18:13:28+00:00","og_image":[{"width":700,"height":466,"url":"https:\/\/gesmobles.cat\/wp-content\/uploads\/2025\/07\/cera.jpg","type":"image\/jpeg"}],"twitter_card":"summary_large_image","twitter_misc":{"Tiempo de lectura":"1 minuto"},"schema":{"@context":"https:\/\/schema.org","@graph":[]}},"_links":{"self":[{"href":"https:\/\/gesmobles.cat\/es\/wp-json\/wp\/v2\/product\/5014","targetHints":{"allow":["GET"]}}],"collection":[{"href":"https:\/\/gesmobles.cat\/es\/wp-json\/wp\/v2\/product"}],"about":[{"href":"https:\/\/gesmobles.cat\/es\/wp-json\/wp\/v2\/types\/product"}],"replies":[{"embeddable":true,"href":"https:\/\/gesmobles.cat\/es\/wp-json\/wp\/v2\/comments?post=5014"}],"wp:featuredmedia":[{"embeddable":true,"href":"https:\/\/gesmobles.cat\/es\/wp-json\/wp\/v2\/media\/5015"}],"wp:attachment":[{"href":"https:\/\/gesmobles.cat\/es\/wp-json\/wp\/v2\/media?parent=5014"}],"wp:term":[{"taxonomy":"product_brand","embeddable":true,"href":"https:\/\/gesmobles.cat\/es\/wp-json\/wp\/v2\/product_brand?post=5014"},{"taxonomy":"product_cat","embeddable":true,"href":"https:\/\/gesmobles.cat\/es\/wp-json\/wp\/v2\/product_cat?post=5014"},{"taxonomy":"product_tag","embeddable":true,"href":"https:\/\/gesmobles.cat\/es\/wp-json\/wp\/v2\/product_tag?post=5014"}],"curies":[{"name":"wp","href":"https:\/\/api.w.org\/{rel}","templated":true}]}}