{"id":5024,"date":"2025-07-17T18:18:18","date_gmt":"2025-07-17T16:18:18","guid":{"rendered":"https:\/\/gesmobles.cat\/?post_type=product&#038;p=5024"},"modified":"2025-09-04T12:35:35","modified_gmt":"2025-09-04T10:35:35","slug":"vela-decorativa-vela-de-madera-vela-grande-centro-de-mesa-decoracion-rustica-vela-natural-vela-con-3-mechas-ambientacion-calida-decoracion-artesanal-vela-ecologica","status":"publish","type":"product","link":"https:\/\/gesmobles.cat\/es\/producto\/vela-decorativa-vela-de-madera-vela-grande-centro-de-mesa-decoracion-rustica-vela-natural-vela-con-3-mechas-ambientacion-calida-decoracion-artesanal-vela-ecologica\/","title":{"rendered":"Vela decorativa grande en base de madera natural con 3 mechas"},"content":{"rendered":"<p>A\u00f1ade un toque c\u00e1lido, r\u00fastico y elegante a tu hogar con esta impresionante vela decorativa de gran formato. Fundida directamente sobre una base de madera maciza con forma ovalada, esta vela incluye tres mechas para una iluminaci\u00f3n uniforme y un efecto visual acogedor.<\/p>\n<p>Cada pieza es \u00fanica gracias a la veta natural de la madera, lo que la convierte no solo en una fuente de luz y aroma, sino tambi\u00e9n en un elemento decorativo exclusivo. Perfecta para centros de mesa, recibidores o espacios chill out. Una opci\u00f3n ideal para crear ambientes relajantes con estilo artesanal.<\/p>\n","protected":false},"excerpt":{"rendered":"<p>A\u00f1ade un toque c\u00e1lido, r\u00fastico y elegante a tu hogar con esta impresionante vela decorativa de gran formato. Fundida directamente sobre una base de madera maciza con forma ovalada, esta vela incluye tres mechas para una iluminaci\u00f3n uniforme y un efecto visual acogedor. Cada pieza es \u00fanica gracias a la veta natural de la madera, [&hellip;]<\/p>\n","protected":false},"featured_media":5025,"comment_status":"open","ping_status":"closed","template":"","meta":[],"product_brand":[],"product_cat":[64,94],"product_tag":[],"class_list":{"0":"post-5024","1":"product","2":"type-product","3":"status-publish","4":"has-post-thumbnail","6":"product_cat-decoracion","7":"product_cat-velas-y-aromas","9":"first","10":"instock","11":"taxable","12":"shipping-taxable","13":"purchasable","14":"product-type-simple"},"acf":[],"yoast_head":"<!-- This site is optimized with the Yoast SEO plugin v27.4 - https:\/\/yoast.com\/product\/yoast-seo-wordpress\/ -->\n<title>Vela decorativa grande en base de madera natural con 3 mechas -<\/title>\n<meta name=\"description\" content=\"Vela decorativa de gran tama\u00f1o con 3 mechas sobre base de madera maciza. Ideal para ambientar espacios con estilo r\u00fastico y natural. Cada pieza es \u00fanica.\" \/>\n<meta name=\"robots\" content=\"index, follow, max-snippet:-1, max-image-preview:large, max-video-preview:-1\" \/>\n<link rel=\"canonical\" href=\"https:\/\/gesmobles.cat\/es\/producto\/vela-decorativa-vela-de-madera-vela-grande-centro-de-mesa-decoracion-rustica-vela-natural-vela-con-3-mechas-ambientacion-calida-decoracion-artesanal-vela-ecologica\/\" \/>\n<meta property=\"og:locale\" content=\"es_ES\" \/>\n<meta property=\"og:type\" content=\"article\" \/>\n<meta property=\"og:title\" content=\"Vela decorativa grande en base de madera natural con 3 mechas -\" \/>\n<meta property=\"og:description\" content=\"Vela decorativa de gran tama\u00f1o con 3 mechas sobre base de madera maciza. Ideal para ambientar espacios con estilo r\u00fastico y natural. Cada pieza es \u00fanica.\" \/>\n<meta property=\"og:url\" content=\"https:\/\/gesmobles.cat\/es\/producto\/vela-decorativa-vela-de-madera-vela-grande-centro-de-mesa-decoracion-rustica-vela-natural-vela-con-3-mechas-ambientacion-calida-decoracion-artesanal-vela-ecologica\/\" \/>\n<meta property=\"article:modified_time\" content=\"2025-09-04T10:35:35+00:00\" \/>\n<meta property=\"og:image\" content=\"https:\/\/gesmobles.cat\/wp-content\/uploads\/2025\/07\/maciza.jpg\" \/>\n\t<meta property=\"og:image:width\" content=\"700\" \/>\n\t<meta property=\"og:image:height\" content=\"466\" \/>\n\t<meta property=\"og:image:type\" content=\"image\/jpeg\" \/>\n<meta name=\"twitter:card\" content=\"summary_large_image\" \/>\n<meta name=\"twitter:label1\" content=\"Tiempo de lectura\" \/>\n\t<meta name=\"twitter:data1\" content=\"1 minuto\" \/>\n<!-- \/ Yoast SEO plugin. -->","yoast_head_json":{"title":"Vela decorativa grande en base de madera natural con 3 mechas -","description":"Vela decorativa de gran tama\u00f1o con 3 mechas sobre base de madera maciza. Ideal para ambientar espacios con estilo r\u00fastico y natural. Cada pieza es \u00fanica.","robots":{"index":"index","follow":"follow","max-snippet":"max-snippet:-1","max-image-preview":"max-image-preview:large","max-video-preview":"max-video-preview:-1"},"canonical":"https:\/\/gesmobles.cat\/es\/producto\/vela-decorativa-vela-de-madera-vela-grande-centro-de-mesa-decoracion-rustica-vela-natural-vela-con-3-mechas-ambientacion-calida-decoracion-artesanal-vela-ecologica\/","og_locale":"es_ES","og_type":"article","og_title":"Vela decorativa grande en base de madera natural con 3 mechas -","og_description":"Vela decorativa de gran tama\u00f1o con 3 mechas sobre base de madera maciza. Ideal para ambientar espacios con estilo r\u00fastico y natural. Cada pieza es \u00fanica.","og_url":"https:\/\/gesmobles.cat\/es\/producto\/vela-decorativa-vela-de-madera-vela-grande-centro-de-mesa-decoracion-rustica-vela-natural-vela-con-3-mechas-ambientacion-calida-decoracion-artesanal-vela-ecologica\/","article_modified_time":"2025-09-04T10:35:35+00:00","og_image":[{"width":700,"height":466,"url":"https:\/\/gesmobles.cat\/wp-content\/uploads\/2025\/07\/maciza.jpg","type":"image\/jpeg"}],"twitter_card":"summary_large_image","twitter_misc":{"Tiempo de lectura":"1 minuto"},"schema":{"@context":"https:\/\/schema.org","@graph":[]}},"_links":{"self":[{"href":"https:\/\/gesmobles.cat\/es\/wp-json\/wp\/v2\/product\/5024","targetHints":{"allow":["GET"]}}],"collection":[{"href":"https:\/\/gesmobles.cat\/es\/wp-json\/wp\/v2\/product"}],"about":[{"href":"https:\/\/gesmobles.cat\/es\/wp-json\/wp\/v2\/types\/product"}],"replies":[{"embeddable":true,"href":"https:\/\/gesmobles.cat\/es\/wp-json\/wp\/v2\/comments?post=5024"}],"wp:featuredmedia":[{"embeddable":true,"href":"https:\/\/gesmobles.cat\/es\/wp-json\/wp\/v2\/media\/5025"}],"wp:attachment":[{"href":"https:\/\/gesmobles.cat\/es\/wp-json\/wp\/v2\/media?parent=5024"}],"wp:term":[{"taxonomy":"product_brand","embeddable":true,"href":"https:\/\/gesmobles.cat\/es\/wp-json\/wp\/v2\/product_brand?post=5024"},{"taxonomy":"product_cat","embeddable":true,"href":"https:\/\/gesmobles.cat\/es\/wp-json\/wp\/v2\/product_cat?post=5024"},{"taxonomy":"product_tag","embeddable":true,"href":"https:\/\/gesmobles.cat\/es\/wp-json\/wp\/v2\/product_tag?post=5024"}],"curies":[{"name":"wp","href":"https:\/\/api.w.org\/{rel}","templated":true}]}}