{"id":5106,"date":"2025-07-23T18:44:23","date_gmt":"2025-07-23T16:44:23","guid":{"rendered":"https:\/\/gesmobles.cat\/?post_type=product&#038;p=5106"},"modified":"2025-08-01T13:22:11","modified_gmt":"2025-08-01T11:22:11","slug":"sabana-bajera-fresh-velfont-termo-reguladora-100-algodon","status":"publish","type":"product","link":"https:\/\/gesmobles.cat\/es\/producto\/sabana-bajera-fresh-velfont-termo-reguladora-100-algodon\/","title":{"rendered":"S\u00e1bana Bajera Fresh \u2013 Velfont \u2013 Termo-reguladora 100% Algod\u00f3n"},"content":{"rendered":"<p>La s\u00e1bana bajera Fresh de Velfont est\u00e1 confeccionada con 100% algod\u00f3n de alta calidad y acabada con tecnolog\u00eda FreshSens\u00ae, que proporciona un efecto refrescante mentolado ideal para personas calurosas o que sudan durante la noche.<\/p>\n<p>Su tejido termo-regulador permite un secado r\u00e1pido, facilitando un descanso fresco y sin sudor. Gracias a su goma en todo el per\u00edmetro, se adapta perfectamente al colch\u00f3n evitando desplazamientos. Es compatible con colchones de hasta 200 cm de largo.<\/p>\n","protected":false},"excerpt":{"rendered":"<p>S\u00e1bana bajera termo-reguladora Velfont 100% algod\u00f3n. Efecto refrescante mentolado, secado r\u00e1pido y descanso sin sudor. Ajuste perfecto con goma.<\/p>\n","protected":false},"featured_media":5107,"comment_status":"open","ping_status":"closed","template":"","meta":[],"product_brand":[],"product_cat":[65,107],"product_tag":[595,642,643,644,645,646],"class_list":{"0":"post-5106","1":"product","2":"type-product","3":"status-publish","4":"has-post-thumbnail","6":"product_cat-textiles-hogar","7":"product_cat-sabanas-bajeras","8":"product_tag-sabana-bajera","9":"product_tag-sabana-fresca","10":"product_tag-sabana-refrescante","11":"product_tag-sabana-algodon-100","12":"product_tag-sabana-para-verano","13":"product_tag-efecto","15":"first","16":"instock","17":"taxable","18":"shipping-taxable","19":"purchasable","20":"product-type-variable"},"acf":[],"yoast_head":"<!-- This site is optimized with the Yoast SEO plugin v27.4 - https:\/\/yoast.com\/product\/yoast-seo-wordpress\/ -->\n<title>S\u00e1bana Bajera Fresh \u2013 Velfont \u2013 Termo-reguladora 100% Algod\u00f3n -<\/title>\n<meta name=\"description\" content=\"Compra la s\u00e1bana bajera Fresh de Velfont con acabado mentolado FreshSens\u00ae. 100% algod\u00f3n, secado r\u00e1pido y confort sin sudor.\" \/>\n<meta name=\"robots\" content=\"index, follow, max-snippet:-1, max-image-preview:large, max-video-preview:-1\" \/>\n<link rel=\"canonical\" href=\"https:\/\/gesmobles.cat\/es\/producto\/sabana-bajera-fresh-velfont-termo-reguladora-100-algodon\/\" \/>\n<meta property=\"og:locale\" content=\"es_ES\" \/>\n<meta property=\"og:type\" content=\"article\" \/>\n<meta property=\"og:title\" content=\"S\u00e1bana Bajera Fresh \u2013 Velfont \u2013 Termo-reguladora 100% Algod\u00f3n -\" \/>\n<meta property=\"og:description\" content=\"Compra la s\u00e1bana bajera Fresh de Velfont con acabado mentolado FreshSens\u00ae. 100% algod\u00f3n, secado r\u00e1pido y confort sin sudor.\" \/>\n<meta property=\"og:url\" content=\"https:\/\/gesmobles.cat\/es\/producto\/sabana-bajera-fresh-velfont-termo-reguladora-100-algodon\/\" \/>\n<meta property=\"article:modified_time\" content=\"2025-08-01T11:22:11+00:00\" \/>\n<meta property=\"og:image\" content=\"https:\/\/gesmobles.cat\/wp-content\/uploads\/2025\/07\/bajera-velfont-skinconfort-mentol.jpg\" \/>\n\t<meta property=\"og:image:width\" content=\"630\" \/>\n\t<meta property=\"og:image:height\" content=\"472\" \/>\n\t<meta property=\"og:image:type\" content=\"image\/jpeg\" \/>\n<meta name=\"twitter:card\" content=\"summary_large_image\" \/>\n<meta name=\"twitter:label1\" content=\"Tiempo de lectura\" \/>\n\t<meta name=\"twitter:data1\" content=\"1 minuto\" \/>\n<!-- \/ Yoast SEO plugin. -->","yoast_head_json":{"title":"S\u00e1bana Bajera Fresh \u2013 Velfont \u2013 Termo-reguladora 100% Algod\u00f3n -","description":"Compra la s\u00e1bana bajera Fresh de Velfont con acabado mentolado FreshSens\u00ae. 100% algod\u00f3n, secado r\u00e1pido y confort sin sudor.","robots":{"index":"index","follow":"follow","max-snippet":"max-snippet:-1","max-image-preview":"max-image-preview:large","max-video-preview":"max-video-preview:-1"},"canonical":"https:\/\/gesmobles.cat\/es\/producto\/sabana-bajera-fresh-velfont-termo-reguladora-100-algodon\/","og_locale":"es_ES","og_type":"article","og_title":"S\u00e1bana Bajera Fresh \u2013 Velfont \u2013 Termo-reguladora 100% Algod\u00f3n -","og_description":"Compra la s\u00e1bana bajera Fresh de Velfont con acabado mentolado FreshSens\u00ae. 100% algod\u00f3n, secado r\u00e1pido y confort sin sudor.","og_url":"https:\/\/gesmobles.cat\/es\/producto\/sabana-bajera-fresh-velfont-termo-reguladora-100-algodon\/","article_modified_time":"2025-08-01T11:22:11+00:00","og_image":[{"width":630,"height":472,"url":"https:\/\/gesmobles.cat\/wp-content\/uploads\/2025\/07\/bajera-velfont-skinconfort-mentol.jpg","type":"image\/jpeg"}],"twitter_card":"summary_large_image","twitter_misc":{"Tiempo de lectura":"1 minuto"},"schema":{"@context":"https:\/\/schema.org","@graph":[]}},"_links":{"self":[{"href":"https:\/\/gesmobles.cat\/es\/wp-json\/wp\/v2\/product\/5106","targetHints":{"allow":["GET"]}}],"collection":[{"href":"https:\/\/gesmobles.cat\/es\/wp-json\/wp\/v2\/product"}],"about":[{"href":"https:\/\/gesmobles.cat\/es\/wp-json\/wp\/v2\/types\/product"}],"replies":[{"embeddable":true,"href":"https:\/\/gesmobles.cat\/es\/wp-json\/wp\/v2\/comments?post=5106"}],"wp:featuredmedia":[{"embeddable":true,"href":"https:\/\/gesmobles.cat\/es\/wp-json\/wp\/v2\/media\/5107"}],"wp:attachment":[{"href":"https:\/\/gesmobles.cat\/es\/wp-json\/wp\/v2\/media?parent=5106"}],"wp:term":[{"taxonomy":"product_brand","embeddable":true,"href":"https:\/\/gesmobles.cat\/es\/wp-json\/wp\/v2\/product_brand?post=5106"},{"taxonomy":"product_cat","embeddable":true,"href":"https:\/\/gesmobles.cat\/es\/wp-json\/wp\/v2\/product_cat?post=5106"},{"taxonomy":"product_tag","embeddable":true,"href":"https:\/\/gesmobles.cat\/es\/wp-json\/wp\/v2\/product_tag?post=5106"}],"curies":[{"name":"wp","href":"https:\/\/api.w.org\/{rel}","templated":true}]}}