{"id":5130,"date":"2025-07-23T19:27:01","date_gmt":"2025-07-23T17:27:01","guid":{"rendered":"https:\/\/gesmobles.cat\/?post_type=product&#038;p=5130"},"modified":"2025-08-01T10:46:59","modified_gmt":"2025-08-01T08:46:59","slug":"protector-de-colchon-smartclima-boreal-velfont","status":"publish","type":"product","link":"https:\/\/gesmobles.cat\/es\/producto\/protector-de-colchon-smartclima-boreal-velfont\/","title":{"rendered":"Protector de Colch\u00f3n Smartclima Boreal \u2013 Velfont"},"content":{"rendered":"<p>El protector de colch\u00f3n Smartclima Boreal de Velfont est\u00e1 confeccionado con tejido 100% algod\u00f3n de punto, altamente suave, impermeable y transpirable, ideal para proteger el colch\u00f3n sin renunciar al confort.<\/p>\n<p>Incorpora la innovadora tecnolog\u00eda SmartClima\u00ae, que regula la temperatura corporal durante el descanso, absorbiendo y disipando la humedad y el exceso de calor. Favorece un descanso fresco, seco y sin sudor, manteniendo la temperatura \u00f3ptima del cuerpo durante toda la noche.<\/p>\n","protected":false},"excerpt":{"rendered":"<p>Protector de colch\u00f3n Smartclima Velfont con tejido 100% algod\u00f3n. Impermeable, transpirable y regulador t\u00e9rmico. Descanso fresco y seco toda la noche.<\/p>\n","protected":false},"featured_media":5131,"comment_status":"open","ping_status":"closed","template":"","meta":[],"product_brand":[],"product_cat":[65,98],"product_tag":[657,658,659,660,661],"class_list":{"0":"post-5130","1":"product","2":"type-product","3":"status-publish","4":"has-post-thumbnail","6":"product_cat-textiles-hogar","7":"product_cat-protectores-de-colchon","8":"product_tag-protector-colchon","9":"product_tag-protector-impermeable","10":"product_tag-protector-transpirable","11":"product_tag-protector-termico","12":"product_tag-smartclima-ve","14":"first","15":"instock","16":"taxable","17":"shipping-taxable","18":"purchasable","19":"product-type-variable"},"acf":[],"yoast_head":"<!-- This site is optimized with the Yoast SEO plugin v27.4 - https:\/\/yoast.com\/product\/yoast-seo-wordpress\/ -->\n<title>Protector de Colch\u00f3n Smartclima Boreal \u2013 Velfont -<\/title>\n<meta name=\"description\" content=\"Compra el protector de colch\u00f3n Smartclima Boreal de Velfont: algod\u00f3n 100%, impermeable, transpirable y con tecnolog\u00eda t\u00e9rmica SmartClima\u00ae. Descanso sin sudor.\" \/>\n<meta name=\"robots\" content=\"index, follow, max-snippet:-1, max-image-preview:large, max-video-preview:-1\" \/>\n<link rel=\"canonical\" href=\"https:\/\/gesmobles.cat\/es\/producto\/protector-de-colchon-smartclima-boreal-velfont\/\" \/>\n<meta property=\"og:locale\" content=\"es_ES\" \/>\n<meta property=\"og:type\" content=\"article\" \/>\n<meta property=\"og:title\" content=\"Protector de Colch\u00f3n Smartclima Boreal \u2013 Velfont -\" \/>\n<meta property=\"og:description\" content=\"Compra el protector de colch\u00f3n Smartclima Boreal de Velfont: algod\u00f3n 100%, impermeable, transpirable y con tecnolog\u00eda t\u00e9rmica SmartClima\u00ae. Descanso sin sudor.\" \/>\n<meta property=\"og:url\" content=\"https:\/\/gesmobles.cat\/es\/producto\/protector-de-colchon-smartclima-boreal-velfont\/\" \/>\n<meta property=\"article:modified_time\" content=\"2025-08-01T08:46:59+00:00\" \/>\n<meta property=\"og:image\" content=\"https:\/\/gesmobles.cat\/wp-content\/uploads\/2025\/07\/protector-smartclima-boreal-ajustado-1.png\" \/>\n\t<meta property=\"og:image:width\" content=\"1000\" \/>\n\t<meta property=\"og:image:height\" content=\"685\" \/>\n\t<meta property=\"og:image:type\" content=\"image\/png\" \/>\n<meta name=\"twitter:card\" content=\"summary_large_image\" \/>\n<meta name=\"twitter:label1\" content=\"Tiempo de lectura\" \/>\n\t<meta name=\"twitter:data1\" content=\"1 minuto\" \/>\n<!-- \/ Yoast SEO plugin. -->","yoast_head_json":{"title":"Protector de Colch\u00f3n Smartclima Boreal \u2013 Velfont -","description":"Compra el protector de colch\u00f3n Smartclima Boreal de Velfont: algod\u00f3n 100%, impermeable, transpirable y con tecnolog\u00eda t\u00e9rmica SmartClima\u00ae. Descanso sin sudor.","robots":{"index":"index","follow":"follow","max-snippet":"max-snippet:-1","max-image-preview":"max-image-preview:large","max-video-preview":"max-video-preview:-1"},"canonical":"https:\/\/gesmobles.cat\/es\/producto\/protector-de-colchon-smartclima-boreal-velfont\/","og_locale":"es_ES","og_type":"article","og_title":"Protector de Colch\u00f3n Smartclima Boreal \u2013 Velfont -","og_description":"Compra el protector de colch\u00f3n Smartclima Boreal de Velfont: algod\u00f3n 100%, impermeable, transpirable y con tecnolog\u00eda t\u00e9rmica SmartClima\u00ae. Descanso sin sudor.","og_url":"https:\/\/gesmobles.cat\/es\/producto\/protector-de-colchon-smartclima-boreal-velfont\/","article_modified_time":"2025-08-01T08:46:59+00:00","og_image":[{"width":1000,"height":685,"url":"https:\/\/gesmobles.cat\/wp-content\/uploads\/2025\/07\/protector-smartclima-boreal-ajustado-1.png","type":"image\/png"}],"twitter_card":"summary_large_image","twitter_misc":{"Tiempo de lectura":"1 minuto"},"schema":{"@context":"https:\/\/schema.org","@graph":[]}},"_links":{"self":[{"href":"https:\/\/gesmobles.cat\/es\/wp-json\/wp\/v2\/product\/5130","targetHints":{"allow":["GET"]}}],"collection":[{"href":"https:\/\/gesmobles.cat\/es\/wp-json\/wp\/v2\/product"}],"about":[{"href":"https:\/\/gesmobles.cat\/es\/wp-json\/wp\/v2\/types\/product"}],"replies":[{"embeddable":true,"href":"https:\/\/gesmobles.cat\/es\/wp-json\/wp\/v2\/comments?post=5130"}],"wp:featuredmedia":[{"embeddable":true,"href":"https:\/\/gesmobles.cat\/es\/wp-json\/wp\/v2\/media\/5131"}],"wp:attachment":[{"href":"https:\/\/gesmobles.cat\/es\/wp-json\/wp\/v2\/media?parent=5130"}],"wp:term":[{"taxonomy":"product_brand","embeddable":true,"href":"https:\/\/gesmobles.cat\/es\/wp-json\/wp\/v2\/product_brand?post=5130"},{"taxonomy":"product_cat","embeddable":true,"href":"https:\/\/gesmobles.cat\/es\/wp-json\/wp\/v2\/product_cat?post=5130"},{"taxonomy":"product_tag","embeddable":true,"href":"https:\/\/gesmobles.cat\/es\/wp-json\/wp\/v2\/product_tag?post=5130"}],"curies":[{"name":"wp","href":"https:\/\/api.w.org\/{rel}","templated":true}]}}