{"id":5440,"date":"2025-09-22T17:38:45","date_gmt":"2025-09-22T15:38:45","guid":{"rendered":"https:\/\/gesmobles.cat\/?post_type=product&#038;p=5440"},"modified":"2025-11-19T20:06:13","modified_gmt":"2025-11-19T18:06:13","slug":"copas-verdes-copas-de-cristal-vintage-set-6-copas-copas-verdes-para-vino-copas-elegantes-de-cristal-cristaleria-vintage-verde","status":"publish","type":"product","link":"https:\/\/gesmobles.cat\/es\/producto\/copas-verdes-copas-de-cristal-vintage-set-6-copas-copas-verdes-para-vino-copas-elegantes-de-cristal-cristaleria-vintage-verde\/","title":{"rendered":"Set 6 Copas Verdes de Cristal Vintage 270 ml"},"content":{"rendered":"<p>A\u00f1ade un toque de estilo y sofisticaci\u00f3n a tu mesa con este set de 6 copas verdes de cristal con dise\u00f1o vintage. Fabricadas en vidrio de alta calidad, destacan por su elegante relieve y su c\u00e1liz con pie trabajado, que aporta un aire distinguido a cada ocasi\u00f3n.<br \/>\nPerfectas para servir vino, agua o c\u00f3cteles, estas copas combinan resistencia y dise\u00f1o, convirti\u00e9ndose en una elecci\u00f3n ideal tanto para el d\u00eda a d\u00eda como para celebraciones especiales.<br \/>\nSu tono verde aporta frescura y personalidad, dando un acabado \u00fanico a tu vajilla.<\/p>\n","protected":false},"excerpt":{"rendered":"<p>A\u00f1ade un toque de estilo y sofisticaci\u00f3n a tu mesa con este set de 6 copas verdes de cristal con dise\u00f1o vintage. Fabricadas en vidrio de alta calidad, destacan por su elegante relieve y su c\u00e1liz con pie trabajado, que aporta un aire distinguido a cada ocasi\u00f3n. Perfectas para servir vino, agua o c\u00f3cteles, estas [&hellip;]<\/p>\n","protected":false},"featured_media":5441,"comment_status":"open","ping_status":"closed","template":"","meta":[],"product_brand":[],"product_cat":[64],"product_tag":[],"class_list":{"0":"post-5440","1":"product","2":"type-product","3":"status-publish","4":"has-post-thumbnail","6":"product_cat-decoracion","8":"first","9":"instock","10":"taxable","11":"shipping-taxable","12":"purchasable","13":"product-type-simple"},"acf":[],"yoast_head":"<!-- This site is optimized with the Yoast SEO plugin v27.4 - https:\/\/yoast.com\/product\/yoast-seo-wordpress\/ -->\n<title>Set 6 Copas Verdes de Cristal Vintage 270 ml -<\/title>\n<meta name=\"description\" content=\"Compra online tu set de 6 copas verdes de cristal vintage de 270 ml. Elegantes, resistentes y con dise\u00f1o \u00fanico, ideales para vino, agua o c\u00f3cteles.\" \/>\n<meta name=\"robots\" content=\"index, follow, max-snippet:-1, max-image-preview:large, max-video-preview:-1\" \/>\n<link rel=\"canonical\" href=\"https:\/\/gesmobles.cat\/es\/producto\/copas-verdes-copas-de-cristal-vintage-set-6-copas-copas-verdes-para-vino-copas-elegantes-de-cristal-cristaleria-vintage-verde\/\" \/>\n<meta property=\"og:locale\" content=\"es_ES\" \/>\n<meta property=\"og:type\" content=\"article\" \/>\n<meta property=\"og:title\" content=\"Set 6 Copas Verdes de Cristal Vintage 270 ml -\" \/>\n<meta property=\"og:description\" content=\"Compra online tu set de 6 copas verdes de cristal vintage de 270 ml. Elegantes, resistentes y con dise\u00f1o \u00fanico, ideales para vino, agua o c\u00f3cteles.\" \/>\n<meta property=\"og:url\" content=\"https:\/\/gesmobles.cat\/es\/producto\/copas-verdes-copas-de-cristal-vintage-set-6-copas-copas-verdes-para-vino-copas-elegantes-de-cristal-cristaleria-vintage-verde\/\" \/>\n<meta property=\"article:modified_time\" content=\"2025-11-19T18:06:13+00:00\" \/>\n<meta property=\"og:image\" content=\"https:\/\/gesmobles.cat\/wp-content\/uploads\/2025\/09\/copasverdes.jpeg\" \/>\n\t<meta property=\"og:image:width\" content=\"700\" \/>\n\t<meta property=\"og:image:height\" content=\"466\" \/>\n\t<meta property=\"og:image:type\" content=\"image\/jpeg\" \/>\n<meta name=\"twitter:card\" content=\"summary_large_image\" \/>\n<meta name=\"twitter:label1\" content=\"Tiempo de lectura\" \/>\n\t<meta name=\"twitter:data1\" content=\"1 minuto\" \/>\n<!-- \/ Yoast SEO plugin. -->","yoast_head_json":{"title":"Set 6 Copas Verdes de Cristal Vintage 270 ml -","description":"Compra online tu set de 6 copas verdes de cristal vintage de 270 ml. Elegantes, resistentes y con dise\u00f1o \u00fanico, ideales para vino, agua o c\u00f3cteles.","robots":{"index":"index","follow":"follow","max-snippet":"max-snippet:-1","max-image-preview":"max-image-preview:large","max-video-preview":"max-video-preview:-1"},"canonical":"https:\/\/gesmobles.cat\/es\/producto\/copas-verdes-copas-de-cristal-vintage-set-6-copas-copas-verdes-para-vino-copas-elegantes-de-cristal-cristaleria-vintage-verde\/","og_locale":"es_ES","og_type":"article","og_title":"Set 6 Copas Verdes de Cristal Vintage 270 ml -","og_description":"Compra online tu set de 6 copas verdes de cristal vintage de 270 ml. Elegantes, resistentes y con dise\u00f1o \u00fanico, ideales para vino, agua o c\u00f3cteles.","og_url":"https:\/\/gesmobles.cat\/es\/producto\/copas-verdes-copas-de-cristal-vintage-set-6-copas-copas-verdes-para-vino-copas-elegantes-de-cristal-cristaleria-vintage-verde\/","article_modified_time":"2025-11-19T18:06:13+00:00","og_image":[{"width":700,"height":466,"url":"https:\/\/gesmobles.cat\/wp-content\/uploads\/2025\/09\/copasverdes.jpeg","type":"image\/jpeg"}],"twitter_card":"summary_large_image","twitter_misc":{"Tiempo de lectura":"1 minuto"},"schema":{"@context":"https:\/\/schema.org","@graph":[]}},"_links":{"self":[{"href":"https:\/\/gesmobles.cat\/es\/wp-json\/wp\/v2\/product\/5440","targetHints":{"allow":["GET"]}}],"collection":[{"href":"https:\/\/gesmobles.cat\/es\/wp-json\/wp\/v2\/product"}],"about":[{"href":"https:\/\/gesmobles.cat\/es\/wp-json\/wp\/v2\/types\/product"}],"replies":[{"embeddable":true,"href":"https:\/\/gesmobles.cat\/es\/wp-json\/wp\/v2\/comments?post=5440"}],"wp:featuredmedia":[{"embeddable":true,"href":"https:\/\/gesmobles.cat\/es\/wp-json\/wp\/v2\/media\/5441"}],"wp:attachment":[{"href":"https:\/\/gesmobles.cat\/es\/wp-json\/wp\/v2\/media?parent=5440"}],"wp:term":[{"taxonomy":"product_brand","embeddable":true,"href":"https:\/\/gesmobles.cat\/es\/wp-json\/wp\/v2\/product_brand?post=5440"},{"taxonomy":"product_cat","embeddable":true,"href":"https:\/\/gesmobles.cat\/es\/wp-json\/wp\/v2\/product_cat?post=5440"},{"taxonomy":"product_tag","embeddable":true,"href":"https:\/\/gesmobles.cat\/es\/wp-json\/wp\/v2\/product_tag?post=5440"}],"curies":[{"name":"wp","href":"https:\/\/api.w.org\/{rel}","templated":true}]}}