{"id":5454,"date":"2025-09-22T17:49:21","date_gmt":"2025-09-22T15:49:21","guid":{"rendered":"https:\/\/gesmobles.cat\/?post_type=product&#038;p=5454"},"modified":"2025-09-22T17:49:22","modified_gmt":"2025-09-22T15:49:22","slug":"gots-verds-gots-de-vidre-vintage-set-6-gots-copes-verdes-per-a-vi-gots-elegants-de-vidre-cristalleria-vintage-verda","status":"publish","type":"product","link":"https:\/\/gesmobles.cat\/es\/producto\/gots-verds-gots-de-vidre-vintage-set-6-gots-copes-verdes-per-a-vi-gots-elegants-de-vidre-cristalleria-vintage-verda\/","title":{"rendered":"Set 6 Gots de Vidre Verds Vintage 270 ml"},"content":{"rendered":"<p>Aporta estil i sofisticaci\u00f3 a la teva taula amb aquest set de 6 gots verds de vidre amb disseny vintage. Fets amb vidre d\u2019alta qualitat, destaquen pel seu elegant relleu i la seva base treballada, que dona un aire distingit a cada ocasi\u00f3.<br \/>\nPerfectes per servir vi, aigua o c\u00f2ctels, aquestes copes combinen resist\u00e8ncia i disseny, convertint-se en l\u2019opci\u00f3 ideal tant per al dia a dia com per a celebracions especials.<br \/>\nEl seu to verd aporta frescor i personalitat, donant un acabat \u00fanic a la teva vaixella.<\/p>\n","protected":false},"excerpt":{"rendered":"<p>Aporta estil i sofisticaci\u00f3 a la teva taula amb aquest set de 6 gots verds de vidre amb disseny vintage. Fets amb vidre d\u2019alta qualitat, destaquen pel seu elegant relleu i la seva base treballada, que dona un aire distingit a cada ocasi\u00f3. Perfectes per servir vi, aigua o c\u00f2ctels, aquestes copes combinen resist\u00e8ncia i [&hellip;]<\/p>\n","protected":false},"featured_media":5450,"comment_status":"open","ping_status":"closed","template":"","meta":[],"product_brand":[],"product_cat":[20],"product_tag":[],"class_list":{"0":"post-5454","1":"product","2":"type-product","3":"status-publish","4":"has-post-thumbnail","6":"product_cat-decoracio","8":"first","9":"instock","10":"taxable","11":"shipping-taxable","12":"purchasable","13":"product-type-simple"},"acf":[],"yoast_head":"<!-- This site is optimized with the Yoast SEO plugin v27.4 - https:\/\/yoast.com\/product\/yoast-seo-wordpress\/ -->\n<title>Set 6 Gots de Vidre Verds Vintage 270 ml -<\/title>\n<meta name=\"description\" content=\"Compra online el teu set de 6 gots verds de vidre vintage de 270 ml. Elegants, resistents i amb disseny \u00fanic, ideals per a vi, aigua o c\u00f2ctels.\" \/>\n<meta name=\"robots\" content=\"index, follow, max-snippet:-1, max-image-preview:large, max-video-preview:-1\" \/>\n<link rel=\"canonical\" href=\"https:\/\/gesmobles.cat\/es\/producto\/gots-verds-gots-de-vidre-vintage-set-6-gots-copes-verdes-per-a-vi-gots-elegants-de-vidre-cristalleria-vintage-verda\/\" \/>\n<meta property=\"og:locale\" content=\"es_ES\" \/>\n<meta property=\"og:type\" content=\"article\" \/>\n<meta property=\"og:title\" content=\"Set 6 Gots de Vidre Verds Vintage 270 ml -\" \/>\n<meta property=\"og:description\" content=\"Compra online el teu set de 6 gots verds de vidre vintage de 270 ml. Elegants, resistents i amb disseny \u00fanic, ideals per a vi, aigua o c\u00f2ctels.\" \/>\n<meta property=\"og:url\" content=\"https:\/\/gesmobles.cat\/es\/producto\/gots-verds-gots-de-vidre-vintage-set-6-gots-copes-verdes-per-a-vi-gots-elegants-de-vidre-cristalleria-vintage-verda\/\" \/>\n<meta property=\"article:modified_time\" content=\"2025-09-22T15:49:22+00:00\" \/>\n<meta property=\"og:image\" content=\"https:\/\/gesmobles.cat\/wp-content\/uploads\/2025\/09\/copasverdes-1.jpeg\" \/>\n\t<meta property=\"og:image:width\" content=\"700\" \/>\n\t<meta property=\"og:image:height\" content=\"466\" \/>\n\t<meta property=\"og:image:type\" content=\"image\/jpeg\" \/>\n<meta name=\"twitter:card\" content=\"summary_large_image\" \/>\n<meta name=\"twitter:label1\" content=\"Tiempo de lectura\" \/>\n\t<meta name=\"twitter:data1\" content=\"1 minuto\" \/>\n<!-- \/ Yoast SEO plugin. -->","yoast_head_json":{"title":"Set 6 Gots de Vidre Verds Vintage 270 ml -","description":"Compra online el teu set de 6 gots verds de vidre vintage de 270 ml. Elegants, resistents i amb disseny \u00fanic, ideals per a vi, aigua o c\u00f2ctels.","robots":{"index":"index","follow":"follow","max-snippet":"max-snippet:-1","max-image-preview":"max-image-preview:large","max-video-preview":"max-video-preview:-1"},"canonical":"https:\/\/gesmobles.cat\/es\/producto\/gots-verds-gots-de-vidre-vintage-set-6-gots-copes-verdes-per-a-vi-gots-elegants-de-vidre-cristalleria-vintage-verda\/","og_locale":"es_ES","og_type":"article","og_title":"Set 6 Gots de Vidre Verds Vintage 270 ml -","og_description":"Compra online el teu set de 6 gots verds de vidre vintage de 270 ml. Elegants, resistents i amb disseny \u00fanic, ideals per a vi, aigua o c\u00f2ctels.","og_url":"https:\/\/gesmobles.cat\/es\/producto\/gots-verds-gots-de-vidre-vintage-set-6-gots-copes-verdes-per-a-vi-gots-elegants-de-vidre-cristalleria-vintage-verda\/","article_modified_time":"2025-09-22T15:49:22+00:00","og_image":[{"width":700,"height":466,"url":"https:\/\/gesmobles.cat\/wp-content\/uploads\/2025\/09\/copasverdes-1.jpeg","type":"image\/jpeg"}],"twitter_card":"summary_large_image","twitter_misc":{"Tiempo de lectura":"1 minuto"},"schema":{"@context":"https:\/\/schema.org","@graph":[]}},"_links":{"self":[{"href":"https:\/\/gesmobles.cat\/es\/wp-json\/wp\/v2\/product\/5454","targetHints":{"allow":["GET"]}}],"collection":[{"href":"https:\/\/gesmobles.cat\/es\/wp-json\/wp\/v2\/product"}],"about":[{"href":"https:\/\/gesmobles.cat\/es\/wp-json\/wp\/v2\/types\/product"}],"replies":[{"embeddable":true,"href":"https:\/\/gesmobles.cat\/es\/wp-json\/wp\/v2\/comments?post=5454"}],"wp:featuredmedia":[{"embeddable":true,"href":"https:\/\/gesmobles.cat\/es\/wp-json\/wp\/v2\/media\/5450"}],"wp:attachment":[{"href":"https:\/\/gesmobles.cat\/es\/wp-json\/wp\/v2\/media?parent=5454"}],"wp:term":[{"taxonomy":"product_brand","embeddable":true,"href":"https:\/\/gesmobles.cat\/es\/wp-json\/wp\/v2\/product_brand?post=5454"},{"taxonomy":"product_cat","embeddable":true,"href":"https:\/\/gesmobles.cat\/es\/wp-json\/wp\/v2\/product_cat?post=5454"},{"taxonomy":"product_tag","embeddable":true,"href":"https:\/\/gesmobles.cat\/es\/wp-json\/wp\/v2\/product_tag?post=5454"}],"curies":[{"name":"wp","href":"https:\/\/api.w.org\/{rel}","templated":true}]}}