{"id":5463,"date":"2025-09-22T18:03:38","date_gmt":"2025-09-22T16:03:38","guid":{"rendered":"https:\/\/gesmobles.cat\/?post_type=product&#038;p=5463"},"modified":"2025-11-19T19:58:35","modified_gmt":"2025-11-19T17:58:35","slug":"copas-rosadas-copas-de-cristal-vintage-set-6-copas-copas-rosas-para-vino-copas-elegantes-de-cristal-cristaleria-vintage-rosa","status":"publish","type":"product","link":"https:\/\/gesmobles.cat\/es\/producto\/copas-rosadas-copas-de-cristal-vintage-set-6-copas-copas-rosas-para-vino-copas-elegantes-de-cristal-cristaleria-vintage-rosa\/","title":{"rendered":"Set 6 Copas Rosadas de Cristal Vintage 270 ml"},"content":{"rendered":"<p>Aporta un toque rom\u00e1ntico y sofisticado a tu mesa con este set de 6 copas rosadas de cristal con dise\u00f1o vintage. Fabricadas en vidrio de alta calidad, destacan por su relieve elegante y su pie trabajado, que evocan un estilo cl\u00e1sico con aire renovado.<br \/>\nPerfectas para servir vino, agua o c\u00f3cteles, estas copas combinan resistencia y dise\u00f1o, siendo ideales tanto para el uso diario como para celebraciones especiales.<br \/>\nSu tono rosado a\u00f1ade dulzura y personalidad, creando un ambiente acogedor y distinguido en cada ocasi\u00f3n.<\/p>\n","protected":false},"excerpt":{"rendered":"<p>Aporta un toque rom\u00e1ntico y sofisticado a tu mesa con este set de 6 copas rosadas de cristal con dise\u00f1o vintage. Fabricadas en vidrio de alta calidad, destacan por su relieve elegante y su pie trabajado, que evocan un estilo cl\u00e1sico con aire renovado. Perfectas para servir vino, agua o c\u00f3cteles, estas copas combinan resistencia [&hellip;]<\/p>\n","protected":false},"featured_media":5464,"comment_status":"open","ping_status":"closed","template":"","meta":[],"product_brand":[],"product_cat":[64],"product_tag":[],"class_list":{"0":"post-5463","1":"product","2":"type-product","3":"status-publish","4":"has-post-thumbnail","6":"product_cat-decoracion","8":"first","9":"instock","10":"taxable","11":"shipping-taxable","12":"purchasable","13":"product-type-simple"},"acf":[],"yoast_head":"<!-- This site is optimized with the Yoast SEO plugin v27.4 - https:\/\/yoast.com\/product\/yoast-seo-wordpress\/ -->\n<title>Set 6 Copas Rosadas de Cristal Vintage 270 ml -<\/title>\n<meta name=\"description\" content=\"Compra online tu set de 6 copas rosadas de cristal vintage de 270 ml. Elegantes, resistentes y con dise\u00f1o \u00fanico, ideales para vino, agua o c\u00f3cteles.\" \/>\n<meta name=\"robots\" content=\"index, follow, max-snippet:-1, max-image-preview:large, max-video-preview:-1\" \/>\n<link rel=\"canonical\" href=\"https:\/\/gesmobles.cat\/es\/producto\/copas-rosadas-copas-de-cristal-vintage-set-6-copas-copas-rosas-para-vino-copas-elegantes-de-cristal-cristaleria-vintage-rosa\/\" \/>\n<meta property=\"og:locale\" content=\"es_ES\" \/>\n<meta property=\"og:type\" content=\"article\" \/>\n<meta property=\"og:title\" content=\"Set 6 Copas Rosadas de Cristal Vintage 270 ml -\" \/>\n<meta property=\"og:description\" content=\"Compra online tu set de 6 copas rosadas de cristal vintage de 270 ml. Elegantes, resistentes y con dise\u00f1o \u00fanico, ideales para vino, agua o c\u00f3cteles.\" \/>\n<meta property=\"og:url\" content=\"https:\/\/gesmobles.cat\/es\/producto\/copas-rosadas-copas-de-cristal-vintage-set-6-copas-copas-rosas-para-vino-copas-elegantes-de-cristal-cristaleria-vintage-rosa\/\" \/>\n<meta property=\"article:modified_time\" content=\"2025-11-19T17:58:35+00:00\" \/>\n<meta property=\"og:image\" content=\"https:\/\/gesmobles.cat\/wp-content\/uploads\/2025\/09\/cp.jpeg\" \/>\n\t<meta property=\"og:image:width\" content=\"700\" \/>\n\t<meta property=\"og:image:height\" content=\"466\" \/>\n\t<meta property=\"og:image:type\" content=\"image\/jpeg\" \/>\n<meta name=\"twitter:card\" content=\"summary_large_image\" \/>\n<meta name=\"twitter:label1\" content=\"Tiempo de lectura\" \/>\n\t<meta name=\"twitter:data1\" content=\"1 minuto\" \/>\n<!-- \/ Yoast SEO plugin. -->","yoast_head_json":{"title":"Set 6 Copas Rosadas de Cristal Vintage 270 ml -","description":"Compra online tu set de 6 copas rosadas de cristal vintage de 270 ml. Elegantes, resistentes y con dise\u00f1o \u00fanico, ideales para vino, agua o c\u00f3cteles.","robots":{"index":"index","follow":"follow","max-snippet":"max-snippet:-1","max-image-preview":"max-image-preview:large","max-video-preview":"max-video-preview:-1"},"canonical":"https:\/\/gesmobles.cat\/es\/producto\/copas-rosadas-copas-de-cristal-vintage-set-6-copas-copas-rosas-para-vino-copas-elegantes-de-cristal-cristaleria-vintage-rosa\/","og_locale":"es_ES","og_type":"article","og_title":"Set 6 Copas Rosadas de Cristal Vintage 270 ml -","og_description":"Compra online tu set de 6 copas rosadas de cristal vintage de 270 ml. Elegantes, resistentes y con dise\u00f1o \u00fanico, ideales para vino, agua o c\u00f3cteles.","og_url":"https:\/\/gesmobles.cat\/es\/producto\/copas-rosadas-copas-de-cristal-vintage-set-6-copas-copas-rosas-para-vino-copas-elegantes-de-cristal-cristaleria-vintage-rosa\/","article_modified_time":"2025-11-19T17:58:35+00:00","og_image":[{"width":700,"height":466,"url":"https:\/\/gesmobles.cat\/wp-content\/uploads\/2025\/09\/cp.jpeg","type":"image\/jpeg"}],"twitter_card":"summary_large_image","twitter_misc":{"Tiempo de lectura":"1 minuto"},"schema":{"@context":"https:\/\/schema.org","@graph":[]}},"_links":{"self":[{"href":"https:\/\/gesmobles.cat\/es\/wp-json\/wp\/v2\/product\/5463","targetHints":{"allow":["GET"]}}],"collection":[{"href":"https:\/\/gesmobles.cat\/es\/wp-json\/wp\/v2\/product"}],"about":[{"href":"https:\/\/gesmobles.cat\/es\/wp-json\/wp\/v2\/types\/product"}],"replies":[{"embeddable":true,"href":"https:\/\/gesmobles.cat\/es\/wp-json\/wp\/v2\/comments?post=5463"}],"wp:featuredmedia":[{"embeddable":true,"href":"https:\/\/gesmobles.cat\/es\/wp-json\/wp\/v2\/media\/5464"}],"wp:attachment":[{"href":"https:\/\/gesmobles.cat\/es\/wp-json\/wp\/v2\/media?parent=5463"}],"wp:term":[{"taxonomy":"product_brand","embeddable":true,"href":"https:\/\/gesmobles.cat\/es\/wp-json\/wp\/v2\/product_brand?post=5463"},{"taxonomy":"product_cat","embeddable":true,"href":"https:\/\/gesmobles.cat\/es\/wp-json\/wp\/v2\/product_cat?post=5463"},{"taxonomy":"product_tag","embeddable":true,"href":"https:\/\/gesmobles.cat\/es\/wp-json\/wp\/v2\/product_tag?post=5463"}],"curies":[{"name":"wp","href":"https:\/\/api.w.org\/{rel}","templated":true}]}}