{"id":5474,"date":"2025-09-22T18:13:11","date_gmt":"2025-09-22T16:13:11","guid":{"rendered":"https:\/\/gesmobles.cat\/?post_type=product&#038;p=5474"},"modified":"2026-02-25T17:20:03","modified_gmt":"2026-02-25T15:20:03","slug":"cojin-beige-cojin-decorativo-cojin-texturizado-cojin-salon-cojin-cama-cojin-moderno-beige-cojines-decorativos-elegantes","status":"publish","type":"product","link":"https:\/\/gesmobles.cat\/es\/producto\/cojin-beige-cojin-decorativo-cojin-texturizado-cojin-salon-cojin-cama-cojin-moderno-beige-cojines-decorativos-elegantes\/","title":{"rendered":"Coj\u00edn Decorativo Texturizado en Tonos Beige 45&#215;45 cm"},"content":{"rendered":"<p>Transforma tu sal\u00f3n o dormitorio con este coj\u00edn decorativo texturizado en tonos beige, de estilo moderno y acogedor. Su dise\u00f1o con relieves de tejido artesanal aporta calidez y personalidad a cualquier estancia, convirti\u00e9ndose en el complemento ideal para sof\u00e1s, butacas o camas.<br \/>\nFabricado con materiales de calidad, combina resistencia y suavidad al tacto, ofreciendo tanto confort como est\u00e9tica. Su tama\u00f1o de 45&#215;45 cm lo hace vers\u00e1til y f\u00e1cil de integrar en cualquier espacio, aportando un toque natural y elegante a tu decoraci\u00f3n.<\/p>\n","protected":false},"excerpt":{"rendered":"<p>Transforma tu sal\u00f3n o dormitorio con este coj\u00edn decorativo texturizado en tonos beige, de estilo moderno y acogedor. Su dise\u00f1o con relieves de tejido artesanal aporta calidez y personalidad a cualquier estancia, convirti\u00e9ndose en el complemento ideal para sof\u00e1s, butacas o camas. Fabricado con materiales de calidad, combina resistencia y suavidad al tacto, ofreciendo tanto [&hellip;]<\/p>\n","protected":false},"featured_media":5475,"comment_status":"open","ping_status":"closed","template":"","meta":[],"product_brand":[],"product_cat":[64,562],"product_tag":[],"class_list":{"0":"post-5474","1":"product","2":"type-product","3":"status-publish","4":"has-post-thumbnail","6":"product_cat-decoracion","7":"product_cat-cojines-decoracion-decoracion","9":"first","10":"instock","11":"taxable","12":"shipping-taxable","13":"purchasable","14":"product-type-simple"},"acf":[],"yoast_head":"<!-- This site is optimized with the Yoast SEO plugin v27.4 - https:\/\/yoast.com\/product\/yoast-seo-wordpress\/ -->\n<title>Coj\u00edn Decorativo Texturizado en Tonos Beige 45x45 cm -<\/title>\n<meta name=\"description\" content=\"Compra online tu coj\u00edn decorativo texturizado en tonos beige de 45x45 cm. Elegante, suave y vers\u00e1til, perfecto para sof\u00e1, cama o butaca.17,66\" \/>\n<meta name=\"robots\" content=\"index, follow, max-snippet:-1, max-image-preview:large, max-video-preview:-1\" \/>\n<link rel=\"canonical\" href=\"https:\/\/gesmobles.cat\/es\/producto\/cojin-beige-cojin-decorativo-cojin-texturizado-cojin-salon-cojin-cama-cojin-moderno-beige-cojines-decorativos-elegantes\/\" \/>\n<meta property=\"og:locale\" content=\"es_ES\" \/>\n<meta property=\"og:type\" content=\"article\" \/>\n<meta property=\"og:title\" content=\"Coj\u00edn Decorativo Texturizado en Tonos Beige 45x45 cm -\" \/>\n<meta property=\"og:description\" content=\"Compra online tu coj\u00edn decorativo texturizado en tonos beige de 45x45 cm. Elegante, suave y vers\u00e1til, perfecto para sof\u00e1, cama o butaca.17,66\" \/>\n<meta property=\"og:url\" content=\"https:\/\/gesmobles.cat\/es\/producto\/cojin-beige-cojin-decorativo-cojin-texturizado-cojin-salon-cojin-cama-cojin-moderno-beige-cojines-decorativos-elegantes\/\" \/>\n<meta property=\"article:modified_time\" content=\"2026-02-25T15:20:03+00:00\" \/>\n<meta property=\"og:image\" content=\"https:\/\/gesmobles.cat\/wp-content\/uploads\/2025\/09\/pal.jpeg\" \/>\n\t<meta property=\"og:image:width\" content=\"700\" \/>\n\t<meta property=\"og:image:height\" content=\"466\" \/>\n\t<meta property=\"og:image:type\" content=\"image\/jpeg\" \/>\n<meta name=\"twitter:card\" content=\"summary_large_image\" \/>\n<meta name=\"twitter:label1\" content=\"Tiempo de lectura\" \/>\n\t<meta name=\"twitter:data1\" content=\"1 minuto\" \/>\n<!-- \/ Yoast SEO plugin. -->","yoast_head_json":{"title":"Coj\u00edn Decorativo Texturizado en Tonos Beige 45x45 cm -","description":"Compra online tu coj\u00edn decorativo texturizado en tonos beige de 45x45 cm. Elegante, suave y vers\u00e1til, perfecto para sof\u00e1, cama o butaca.17,66","robots":{"index":"index","follow":"follow","max-snippet":"max-snippet:-1","max-image-preview":"max-image-preview:large","max-video-preview":"max-video-preview:-1"},"canonical":"https:\/\/gesmobles.cat\/es\/producto\/cojin-beige-cojin-decorativo-cojin-texturizado-cojin-salon-cojin-cama-cojin-moderno-beige-cojines-decorativos-elegantes\/","og_locale":"es_ES","og_type":"article","og_title":"Coj\u00edn Decorativo Texturizado en Tonos Beige 45x45 cm -","og_description":"Compra online tu coj\u00edn decorativo texturizado en tonos beige de 45x45 cm. Elegante, suave y vers\u00e1til, perfecto para sof\u00e1, cama o butaca.17,66","og_url":"https:\/\/gesmobles.cat\/es\/producto\/cojin-beige-cojin-decorativo-cojin-texturizado-cojin-salon-cojin-cama-cojin-moderno-beige-cojines-decorativos-elegantes\/","article_modified_time":"2026-02-25T15:20:03+00:00","og_image":[{"width":700,"height":466,"url":"https:\/\/gesmobles.cat\/wp-content\/uploads\/2025\/09\/pal.jpeg","type":"image\/jpeg"}],"twitter_card":"summary_large_image","twitter_misc":{"Tiempo de lectura":"1 minuto"},"schema":{"@context":"https:\/\/schema.org","@graph":[]}},"_links":{"self":[{"href":"https:\/\/gesmobles.cat\/es\/wp-json\/wp\/v2\/product\/5474","targetHints":{"allow":["GET"]}}],"collection":[{"href":"https:\/\/gesmobles.cat\/es\/wp-json\/wp\/v2\/product"}],"about":[{"href":"https:\/\/gesmobles.cat\/es\/wp-json\/wp\/v2\/types\/product"}],"replies":[{"embeddable":true,"href":"https:\/\/gesmobles.cat\/es\/wp-json\/wp\/v2\/comments?post=5474"}],"wp:featuredmedia":[{"embeddable":true,"href":"https:\/\/gesmobles.cat\/es\/wp-json\/wp\/v2\/media\/5475"}],"wp:attachment":[{"href":"https:\/\/gesmobles.cat\/es\/wp-json\/wp\/v2\/media?parent=5474"}],"wp:term":[{"taxonomy":"product_brand","embeddable":true,"href":"https:\/\/gesmobles.cat\/es\/wp-json\/wp\/v2\/product_brand?post=5474"},{"taxonomy":"product_cat","embeddable":true,"href":"https:\/\/gesmobles.cat\/es\/wp-json\/wp\/v2\/product_cat?post=5474"},{"taxonomy":"product_tag","embeddable":true,"href":"https:\/\/gesmobles.cat\/es\/wp-json\/wp\/v2\/product_tag?post=5474"}],"curies":[{"name":"wp","href":"https:\/\/api.w.org\/{rel}","templated":true}]}}