{"id":5485,"date":"2025-09-22T18:22:55","date_gmt":"2025-09-22T16:22:55","guid":{"rendered":"https:\/\/gesmobles.cat\/?post_type=product&#038;p=5485"},"modified":"2026-02-25T17:19:16","modified_gmt":"2026-02-25T15:19:16","slug":"cojin-rectangular-cojin-beige-cojin-decorativo-cojin-texturizado-cojin-cama-cojin-sofa-rectangular-cojines-modernos-beige","status":"publish","type":"product","link":"https:\/\/gesmobles.cat\/es\/producto\/cojin-rectangular-cojin-beige-cojin-decorativo-cojin-texturizado-cojin-cama-cojin-sofa-rectangular-cojines-modernos-beige\/","title":{"rendered":"Coj\u00edn Rectangular Decorativo Texturizado en Tonos Beige 30&#215;50 cm"},"content":{"rendered":"<p>Aporta calidez y estilo a tu hogar con este coj\u00edn rectangular decorativo texturizado en tonos beige, ideal para sof\u00e1s, camas y butacas. Su dise\u00f1o con relieves de tejido artesanal crea un efecto \u00fanico y acogedor, dando un aire natural y elegante a cualquier estancia.<br \/>\nFabricado con materiales de calidad, combina resistencia y suavidad al tacto, garantizando tanto confort como est\u00e9tica. Su formato rectangular de 30&#215;50 cm lo convierte en una pieza vers\u00e1til, perfecta para complementar otros cojines cuadrados y crear una composici\u00f3n decorativa moderna.<\/p>\n","protected":false},"excerpt":{"rendered":"<p>Aporta calidez y estilo a tu hogar con este coj\u00edn rectangular decorativo texturizado en tonos beige, ideal para sof\u00e1s, camas y butacas. Su dise\u00f1o con relieves de tejido artesanal crea un efecto \u00fanico y acogedor, dando un aire natural y elegante a cualquier estancia. Fabricado con materiales de calidad, combina resistencia y suavidad al tacto, [&hellip;]<\/p>\n","protected":false},"featured_media":5486,"comment_status":"open","ping_status":"closed","template":"","meta":[],"product_brand":[],"product_cat":[64,562],"product_tag":[],"class_list":{"0":"post-5485","1":"product","2":"type-product","3":"status-publish","4":"has-post-thumbnail","6":"product_cat-decoracion","7":"product_cat-cojines-decoracion-decoracion","9":"first","10":"instock","11":"taxable","12":"shipping-taxable","13":"purchasable","14":"product-type-simple"},"acf":[],"yoast_head":"<!-- This site is optimized with the Yoast SEO plugin v27.4 - https:\/\/yoast.com\/product\/yoast-seo-wordpress\/ -->\n<title>Coj\u00edn Rectangular Decorativo Texturizado en Tonos Beige 30x50 cm -<\/title>\n<meta name=\"description\" content=\"Compra online tu coj\u00edn rectangular decorativo texturizado en tonos beige de 30x50 cm. Suave, elegante y vers\u00e1til, ideal para sof\u00e1, cama o butaca.\" \/>\n<meta name=\"robots\" content=\"index, follow, max-snippet:-1, max-image-preview:large, max-video-preview:-1\" \/>\n<link rel=\"canonical\" href=\"https:\/\/gesmobles.cat\/es\/producto\/cojin-rectangular-cojin-beige-cojin-decorativo-cojin-texturizado-cojin-cama-cojin-sofa-rectangular-cojines-modernos-beige\/\" \/>\n<meta property=\"og:locale\" content=\"es_ES\" \/>\n<meta property=\"og:type\" content=\"article\" \/>\n<meta property=\"og:title\" content=\"Coj\u00edn Rectangular Decorativo Texturizado en Tonos Beige 30x50 cm -\" \/>\n<meta property=\"og:description\" content=\"Compra online tu coj\u00edn rectangular decorativo texturizado en tonos beige de 30x50 cm. Suave, elegante y vers\u00e1til, ideal para sof\u00e1, cama o butaca.\" \/>\n<meta property=\"og:url\" content=\"https:\/\/gesmobles.cat\/es\/producto\/cojin-rectangular-cojin-beige-cojin-decorativo-cojin-texturizado-cojin-cama-cojin-sofa-rectangular-cojines-modernos-beige\/\" \/>\n<meta property=\"article:modified_time\" content=\"2026-02-25T15:19:16+00:00\" \/>\n<meta property=\"og:image\" content=\"https:\/\/gesmobles.cat\/wp-content\/uploads\/2025\/09\/palo.jpeg\" \/>\n\t<meta property=\"og:image:width\" content=\"700\" \/>\n\t<meta property=\"og:image:height\" content=\"466\" \/>\n\t<meta property=\"og:image:type\" content=\"image\/jpeg\" \/>\n<meta name=\"twitter:card\" content=\"summary_large_image\" \/>\n<meta name=\"twitter:label1\" content=\"Tiempo de lectura\" \/>\n\t<meta name=\"twitter:data1\" content=\"1 minuto\" \/>\n<!-- \/ Yoast SEO plugin. -->","yoast_head_json":{"title":"Coj\u00edn Rectangular Decorativo Texturizado en Tonos Beige 30x50 cm -","description":"Compra online tu coj\u00edn rectangular decorativo texturizado en tonos beige de 30x50 cm. Suave, elegante y vers\u00e1til, ideal para sof\u00e1, cama o butaca.","robots":{"index":"index","follow":"follow","max-snippet":"max-snippet:-1","max-image-preview":"max-image-preview:large","max-video-preview":"max-video-preview:-1"},"canonical":"https:\/\/gesmobles.cat\/es\/producto\/cojin-rectangular-cojin-beige-cojin-decorativo-cojin-texturizado-cojin-cama-cojin-sofa-rectangular-cojines-modernos-beige\/","og_locale":"es_ES","og_type":"article","og_title":"Coj\u00edn Rectangular Decorativo Texturizado en Tonos Beige 30x50 cm -","og_description":"Compra online tu coj\u00edn rectangular decorativo texturizado en tonos beige de 30x50 cm. Suave, elegante y vers\u00e1til, ideal para sof\u00e1, cama o butaca.","og_url":"https:\/\/gesmobles.cat\/es\/producto\/cojin-rectangular-cojin-beige-cojin-decorativo-cojin-texturizado-cojin-cama-cojin-sofa-rectangular-cojines-modernos-beige\/","article_modified_time":"2026-02-25T15:19:16+00:00","og_image":[{"width":700,"height":466,"url":"https:\/\/gesmobles.cat\/wp-content\/uploads\/2025\/09\/palo.jpeg","type":"image\/jpeg"}],"twitter_card":"summary_large_image","twitter_misc":{"Tiempo de lectura":"1 minuto"},"schema":{"@context":"https:\/\/schema.org","@graph":[]}},"_links":{"self":[{"href":"https:\/\/gesmobles.cat\/es\/wp-json\/wp\/v2\/product\/5485","targetHints":{"allow":["GET"]}}],"collection":[{"href":"https:\/\/gesmobles.cat\/es\/wp-json\/wp\/v2\/product"}],"about":[{"href":"https:\/\/gesmobles.cat\/es\/wp-json\/wp\/v2\/types\/product"}],"replies":[{"embeddable":true,"href":"https:\/\/gesmobles.cat\/es\/wp-json\/wp\/v2\/comments?post=5485"}],"wp:featuredmedia":[{"embeddable":true,"href":"https:\/\/gesmobles.cat\/es\/wp-json\/wp\/v2\/media\/5486"}],"wp:attachment":[{"href":"https:\/\/gesmobles.cat\/es\/wp-json\/wp\/v2\/media?parent=5485"}],"wp:term":[{"taxonomy":"product_brand","embeddable":true,"href":"https:\/\/gesmobles.cat\/es\/wp-json\/wp\/v2\/product_brand?post=5485"},{"taxonomy":"product_cat","embeddable":true,"href":"https:\/\/gesmobles.cat\/es\/wp-json\/wp\/v2\/product_cat?post=5485"},{"taxonomy":"product_tag","embeddable":true,"href":"https:\/\/gesmobles.cat\/es\/wp-json\/wp\/v2\/product_tag?post=5485"}],"curies":[{"name":"wp","href":"https:\/\/api.w.org\/{rel}","templated":true}]}}