{"id":5530,"date":"2025-09-23T16:10:51","date_gmt":"2025-09-23T14:10:51","guid":{"rendered":"https:\/\/gesmobles.cat\/?post_type=product&#038;p=5530"},"modified":"2026-02-25T17:16:28","modified_gmt":"2026-02-25T15:16:28","slug":"cojin-rectangular-cojin-de-rayas-cojin-blanco-y-negro-cojin-decorativo-rectangular-cojin-para-sofa-cojin-para-cama-cojin-moderno-cojin-elegante","status":"publish","type":"product","link":"https:\/\/gesmobles.cat\/es\/producto\/cojin-rectangular-cojin-de-rayas-cojin-blanco-y-negro-cojin-decorativo-rectangular-cojin-para-sofa-cojin-para-cama-cojin-moderno-cojin-elegante\/","title":{"rendered":"Coj\u00edn rectangular de rayas en blanco y negro \u2013 30&#215;50 cm"},"content":{"rendered":"<p>Dale un aire sofisticado y contempor\u00e1neo a tu hogar con este coj\u00edn rectangular de rayas en blanco y negro. Su dise\u00f1o moderno y atemporal lo convierte en una pieza vers\u00e1til que combina con sof\u00e1s, sillones o camas. Confeccionado en tejido resistente y agradable al tacto, es ideal para a\u00f1adir estilo y confort a tu decoraci\u00f3n. Perfecto para combinar con cojines cuadrados de la misma colecci\u00f3n o con modelos lisos para crear contrastes elegantes.<\/p>\n","protected":false},"excerpt":{"rendered":"<p>Dale un aire sofisticado y contempor\u00e1neo a tu hogar con este coj\u00edn rectangular de rayas en blanco y negro. Su dise\u00f1o moderno y atemporal lo convierte en una pieza vers\u00e1til que combina con sof\u00e1s, sillones o camas. Confeccionado en tejido resistente y agradable al tacto, es ideal para a\u00f1adir estilo y confort a tu decoraci\u00f3n. [&hellip;]<\/p>\n","protected":false},"featured_media":5531,"comment_status":"open","ping_status":"closed","template":"","meta":[],"product_brand":[],"product_cat":[64,562],"product_tag":[],"class_list":{"0":"post-5530","1":"product","2":"type-product","3":"status-publish","4":"has-post-thumbnail","6":"product_cat-decoracion","7":"product_cat-cojines-decoracion-decoracion","9":"first","10":"instock","11":"taxable","12":"shipping-taxable","13":"purchasable","14":"product-type-simple"},"acf":[],"yoast_head":"<!-- This site is optimized with the Yoast SEO plugin v27.4 - https:\/\/yoast.com\/product\/yoast-seo-wordpress\/ -->\n<title>Coj\u00edn rectangular de rayas en blanco y negro \u2013 30x50 cm -<\/title>\n<meta name=\"description\" content=\"Coj\u00edn rectangular de rayas en blanco y negro 30x50 cm. Dise\u00f1o moderno y elegante para sof\u00e1, cama o sill\u00f3n. Aporta estilo y confort a tu hogar.\" \/>\n<meta name=\"robots\" content=\"index, follow, max-snippet:-1, max-image-preview:large, max-video-preview:-1\" \/>\n<link rel=\"canonical\" href=\"https:\/\/gesmobles.cat\/es\/producto\/cojin-rectangular-cojin-de-rayas-cojin-blanco-y-negro-cojin-decorativo-rectangular-cojin-para-sofa-cojin-para-cama-cojin-moderno-cojin-elegante\/\" \/>\n<meta property=\"og:locale\" content=\"es_ES\" \/>\n<meta property=\"og:type\" content=\"article\" \/>\n<meta property=\"og:title\" content=\"Coj\u00edn rectangular de rayas en blanco y negro \u2013 30x50 cm -\" \/>\n<meta property=\"og:description\" content=\"Coj\u00edn rectangular de rayas en blanco y negro 30x50 cm. Dise\u00f1o moderno y elegante para sof\u00e1, cama o sill\u00f3n. Aporta estilo y confort a tu hogar.\" \/>\n<meta property=\"og:url\" content=\"https:\/\/gesmobles.cat\/es\/producto\/cojin-rectangular-cojin-de-rayas-cojin-blanco-y-negro-cojin-decorativo-rectangular-cojin-para-sofa-cojin-para-cama-cojin-moderno-cojin-elegante\/\" \/>\n<meta property=\"article:modified_time\" content=\"2026-02-25T15:16:28+00:00\" \/>\n<meta property=\"og:image\" content=\"https:\/\/gesmobles.cat\/wp-content\/uploads\/2025\/09\/visca.jpg\" \/>\n\t<meta property=\"og:image:width\" content=\"700\" \/>\n\t<meta property=\"og:image:height\" content=\"466\" \/>\n\t<meta property=\"og:image:type\" content=\"image\/jpeg\" \/>\n<meta name=\"twitter:card\" content=\"summary_large_image\" \/>\n<meta name=\"twitter:label1\" content=\"Tiempo de lectura\" \/>\n\t<meta name=\"twitter:data1\" content=\"1 minuto\" \/>\n<!-- \/ Yoast SEO plugin. -->","yoast_head_json":{"title":"Coj\u00edn rectangular de rayas en blanco y negro \u2013 30x50 cm -","description":"Coj\u00edn rectangular de rayas en blanco y negro 30x50 cm. Dise\u00f1o moderno y elegante para sof\u00e1, cama o sill\u00f3n. Aporta estilo y confort a tu hogar.","robots":{"index":"index","follow":"follow","max-snippet":"max-snippet:-1","max-image-preview":"max-image-preview:large","max-video-preview":"max-video-preview:-1"},"canonical":"https:\/\/gesmobles.cat\/es\/producto\/cojin-rectangular-cojin-de-rayas-cojin-blanco-y-negro-cojin-decorativo-rectangular-cojin-para-sofa-cojin-para-cama-cojin-moderno-cojin-elegante\/","og_locale":"es_ES","og_type":"article","og_title":"Coj\u00edn rectangular de rayas en blanco y negro \u2013 30x50 cm -","og_description":"Coj\u00edn rectangular de rayas en blanco y negro 30x50 cm. Dise\u00f1o moderno y elegante para sof\u00e1, cama o sill\u00f3n. Aporta estilo y confort a tu hogar.","og_url":"https:\/\/gesmobles.cat\/es\/producto\/cojin-rectangular-cojin-de-rayas-cojin-blanco-y-negro-cojin-decorativo-rectangular-cojin-para-sofa-cojin-para-cama-cojin-moderno-cojin-elegante\/","article_modified_time":"2026-02-25T15:16:28+00:00","og_image":[{"width":700,"height":466,"url":"https:\/\/gesmobles.cat\/wp-content\/uploads\/2025\/09\/visca.jpg","type":"image\/jpeg"}],"twitter_card":"summary_large_image","twitter_misc":{"Tiempo de lectura":"1 minuto"},"schema":{"@context":"https:\/\/schema.org","@graph":[]}},"_links":{"self":[{"href":"https:\/\/gesmobles.cat\/es\/wp-json\/wp\/v2\/product\/5530","targetHints":{"allow":["GET"]}}],"collection":[{"href":"https:\/\/gesmobles.cat\/es\/wp-json\/wp\/v2\/product"}],"about":[{"href":"https:\/\/gesmobles.cat\/es\/wp-json\/wp\/v2\/types\/product"}],"replies":[{"embeddable":true,"href":"https:\/\/gesmobles.cat\/es\/wp-json\/wp\/v2\/comments?post=5530"}],"wp:featuredmedia":[{"embeddable":true,"href":"https:\/\/gesmobles.cat\/es\/wp-json\/wp\/v2\/media\/5531"}],"wp:attachment":[{"href":"https:\/\/gesmobles.cat\/es\/wp-json\/wp\/v2\/media?parent=5530"}],"wp:term":[{"taxonomy":"product_brand","embeddable":true,"href":"https:\/\/gesmobles.cat\/es\/wp-json\/wp\/v2\/product_brand?post=5530"},{"taxonomy":"product_cat","embeddable":true,"href":"https:\/\/gesmobles.cat\/es\/wp-json\/wp\/v2\/product_cat?post=5530"},{"taxonomy":"product_tag","embeddable":true,"href":"https:\/\/gesmobles.cat\/es\/wp-json\/wp\/v2\/product_tag?post=5530"}],"curies":[{"name":"wp","href":"https:\/\/api.w.org\/{rel}","templated":true}]}}