{"id":5556,"date":"2025-09-23T17:02:08","date_gmt":"2025-09-23T15:02:08","guid":{"rendered":"https:\/\/gesmobles.cat\/?post_type=product&#038;p=5556"},"modified":"2026-03-30T10:56:38","modified_gmt":"2026-03-30T08:56:38","slug":"plaid-textura-gofrada-con-flecos-plaid-decorativo-sofa-manta-decorativa-con-flecos-plaid-kava-home-plaid-gofrado-gris-plaid-ligero-decorativo","status":"publish","type":"product","link":"https:\/\/gesmobles.cat\/es\/producto\/plaid-textura-gofrada-con-flecos-plaid-decorativo-sofa-manta-decorativa-con-flecos-plaid-kava-home-plaid-gofrado-gris-plaid-ligero-decorativo\/","title":{"rendered":"Plaid Textura Gofrada con Flecos"},"content":{"rendered":"<p>El Plaid Textura Gofrada con Flecos de es la pieza ideal para aportar estilo y confort a tu hogar. Su tejido suave con dise\u00f1o gofrado y acabado con flecos decorativos le da un aire moderno y elegante, perfecto para colocar sobre el sof\u00e1, la cama o en una butaca. Su tono neutro combina f\u00e1cilmente con diferentes estilos decorativos y a\u00f1ade calidez a cualquier estancia. Adem\u00e1s de decorativo, es pr\u00e1ctico, ligero y muy agradable al tacto, ideal para tus momentos de relax.<\/p>\n","protected":false},"excerpt":{"rendered":"<p>El Plaid Textura Gofrada con Flecos de es la pieza ideal para aportar estilo y confort a tu hogar. Su tejido suave con dise\u00f1o gofrado y acabado con flecos decorativos le da un aire moderno y elegante, perfecto para colocar sobre el sof\u00e1, la cama o en una butaca. Su tono neutro combina f\u00e1cilmente con [&hellip;]<\/p>\n","protected":false},"featured_media":5557,"comment_status":"open","ping_status":"closed","template":"","meta":[],"product_brand":[],"product_cat":[64,998],"product_tag":[],"class_list":{"0":"post-5556","1":"product","2":"type-product","3":"status-publish","4":"has-post-thumbnail","6":"product_cat-decoracion","7":"product_cat-plaids-y-mantitas","9":"first","10":"instock","11":"taxable","12":"shipping-taxable","13":"purchasable","14":"product-type-simple"},"acf":[],"yoast_head":"<!-- This site is optimized with the Yoast SEO plugin v27.4 - https:\/\/yoast.com\/product\/yoast-seo-wordpress\/ -->\n<title>Plaid Textura Gofrada con Flecos -<\/title>\n<meta name=\"description\" content=\"Decora tu hogar con el Plaid Textura Gofrada con Flecos Kava Home. Suave, ligero y elegante, ideal para sof\u00e1, cama o butaca.\" \/>\n<meta name=\"robots\" content=\"index, follow, max-snippet:-1, max-image-preview:large, max-video-preview:-1\" \/>\n<link rel=\"canonical\" href=\"https:\/\/gesmobles.cat\/es\/producto\/plaid-textura-gofrada-con-flecos-plaid-decorativo-sofa-manta-decorativa-con-flecos-plaid-kava-home-plaid-gofrado-gris-plaid-ligero-decorativo\/\" \/>\n<meta property=\"og:locale\" content=\"es_ES\" \/>\n<meta property=\"og:type\" content=\"article\" \/>\n<meta property=\"og:title\" content=\"Plaid Textura Gofrada con Flecos -\" \/>\n<meta property=\"og:description\" content=\"Decora tu hogar con el Plaid Textura Gofrada con Flecos Kava Home. Suave, ligero y elegante, ideal para sof\u00e1, cama o butaca.\" \/>\n<meta property=\"og:url\" content=\"https:\/\/gesmobles.cat\/es\/producto\/plaid-textura-gofrada-con-flecos-plaid-decorativo-sofa-manta-decorativa-con-flecos-plaid-kava-home-plaid-gofrado-gris-plaid-ligero-decorativo\/\" \/>\n<meta property=\"article:modified_time\" content=\"2026-03-30T08:56:38+00:00\" \/>\n<meta property=\"og:image\" content=\"https:\/\/gesmobles.cat\/wp-content\/uploads\/2025\/09\/kavala.jpeg\" \/>\n\t<meta property=\"og:image:width\" content=\"446\" \/>\n\t<meta property=\"og:image:height\" content=\"450\" \/>\n\t<meta property=\"og:image:type\" content=\"image\/jpeg\" \/>\n<meta name=\"twitter:card\" content=\"summary_large_image\" \/>\n<meta name=\"twitter:label1\" content=\"Tiempo de lectura\" \/>\n\t<meta name=\"twitter:data1\" content=\"1 minuto\" \/>\n<!-- \/ Yoast SEO plugin. -->","yoast_head_json":{"title":"Plaid Textura Gofrada con Flecos -","description":"Decora tu hogar con el Plaid Textura Gofrada con Flecos Kava Home. Suave, ligero y elegante, ideal para sof\u00e1, cama o butaca.","robots":{"index":"index","follow":"follow","max-snippet":"max-snippet:-1","max-image-preview":"max-image-preview:large","max-video-preview":"max-video-preview:-1"},"canonical":"https:\/\/gesmobles.cat\/es\/producto\/plaid-textura-gofrada-con-flecos-plaid-decorativo-sofa-manta-decorativa-con-flecos-plaid-kava-home-plaid-gofrado-gris-plaid-ligero-decorativo\/","og_locale":"es_ES","og_type":"article","og_title":"Plaid Textura Gofrada con Flecos -","og_description":"Decora tu hogar con el Plaid Textura Gofrada con Flecos Kava Home. Suave, ligero y elegante, ideal para sof\u00e1, cama o butaca.","og_url":"https:\/\/gesmobles.cat\/es\/producto\/plaid-textura-gofrada-con-flecos-plaid-decorativo-sofa-manta-decorativa-con-flecos-plaid-kava-home-plaid-gofrado-gris-plaid-ligero-decorativo\/","article_modified_time":"2026-03-30T08:56:38+00:00","og_image":[{"width":446,"height":450,"url":"https:\/\/gesmobles.cat\/wp-content\/uploads\/2025\/09\/kavala.jpeg","type":"image\/jpeg"}],"twitter_card":"summary_large_image","twitter_misc":{"Tiempo de lectura":"1 minuto"},"schema":{"@context":"https:\/\/schema.org","@graph":[]}},"_links":{"self":[{"href":"https:\/\/gesmobles.cat\/es\/wp-json\/wp\/v2\/product\/5556","targetHints":{"allow":["GET"]}}],"collection":[{"href":"https:\/\/gesmobles.cat\/es\/wp-json\/wp\/v2\/product"}],"about":[{"href":"https:\/\/gesmobles.cat\/es\/wp-json\/wp\/v2\/types\/product"}],"replies":[{"embeddable":true,"href":"https:\/\/gesmobles.cat\/es\/wp-json\/wp\/v2\/comments?post=5556"}],"wp:featuredmedia":[{"embeddable":true,"href":"https:\/\/gesmobles.cat\/es\/wp-json\/wp\/v2\/media\/5557"}],"wp:attachment":[{"href":"https:\/\/gesmobles.cat\/es\/wp-json\/wp\/v2\/media?parent=5556"}],"wp:term":[{"taxonomy":"product_brand","embeddable":true,"href":"https:\/\/gesmobles.cat\/es\/wp-json\/wp\/v2\/product_brand?post=5556"},{"taxonomy":"product_cat","embeddable":true,"href":"https:\/\/gesmobles.cat\/es\/wp-json\/wp\/v2\/product_cat?post=5556"},{"taxonomy":"product_tag","embeddable":true,"href":"https:\/\/gesmobles.cat\/es\/wp-json\/wp\/v2\/product_tag?post=5556"}],"curies":[{"name":"wp","href":"https:\/\/api.w.org\/{rel}","templated":true}]}}