{"id":5571,"date":"2025-09-24T21:52:26","date_gmt":"2025-09-24T19:52:26","guid":{"rendered":"https:\/\/gesmobles.cat\/?post_type=product&#038;p=5571"},"modified":"2026-03-30T10:54:37","modified_gmt":"2026-03-30T08:54:37","slug":"manta-plaid-manta-waffle-manta-con-flecos-manta-beige-plaid-sofa-manta-para-cama-manta-decorativa-beige-manta-punto-panal","status":"publish","type":"product","link":"https:\/\/gesmobles.cat\/es\/producto\/manta-plaid-manta-waffle-manta-con-flecos-manta-beige-plaid-sofa-manta-para-cama-manta-decorativa-beige-manta-punto-panal\/","title":{"rendered":"Manta Plaid de punto waffle con flecos \u2013 Beige"},"content":{"rendered":"<p>Aporta calidez y estilo a tu hogar con esta manta plaid de punto waffle en color beige, dise\u00f1ada para ofrecer confort y un toque decorativo a cualquier estancia. Su textura en relieve tipo panal le da un aire moderno y elegante, mientras que los flecos en los bordes completan el dise\u00f1o con un acabado acogedor y sofisticado.<\/p>\n<p>Perfecta para colocar en el sof\u00e1, la cama o un sill\u00f3n, esta manta es suave, ligera y c\u00e1lida, ideal tanto para los d\u00edas fr\u00edos como para complementar la decoraci\u00f3n de tu sal\u00f3n o dormitorio. Fabricada con materiales de calidad, garantiza suavidad y durabilidad en el uso diario.<\/p>\n","protected":false},"excerpt":{"rendered":"<p>Aporta calidez y estilo a tu hogar con esta manta plaid de punto waffle en color beige, dise\u00f1ada para ofrecer confort y un toque decorativo a cualquier estancia. Su textura en relieve tipo panal le da un aire moderno y elegante, mientras que los flecos en los bordes completan el dise\u00f1o con un acabado acogedor [&hellip;]<\/p>\n","protected":false},"featured_media":5572,"comment_status":"open","ping_status":"closed","template":"","meta":[],"product_brand":[],"product_cat":[64,998],"product_tag":[],"class_list":{"0":"post-5571","1":"product","2":"type-product","3":"status-publish","4":"has-post-thumbnail","6":"product_cat-decoracion","7":"product_cat-plaids-y-mantitas","9":"first","10":"instock","11":"taxable","12":"shipping-taxable","13":"purchasable","14":"product-type-simple"},"acf":[],"yoast_head":"<!-- This site is optimized with the Yoast SEO plugin v27.4 - https:\/\/yoast.com\/product\/yoast-seo-wordpress\/ -->\n<title>Manta Plaid de punto waffle con flecos \u2013 Beige -<\/title>\n<meta name=\"description\" content=\"Manta plaid de punto waffle con flecos en color beige. Suave, c\u00e1lida y decorativa, perfecta para sof\u00e1, cama o sill\u00f3n. Elegancia y confort para tu hogar.\" \/>\n<meta name=\"robots\" content=\"index, follow, max-snippet:-1, max-image-preview:large, max-video-preview:-1\" \/>\n<link rel=\"canonical\" href=\"https:\/\/gesmobles.cat\/es\/producto\/manta-plaid-manta-waffle-manta-con-flecos-manta-beige-plaid-sofa-manta-para-cama-manta-decorativa-beige-manta-punto-panal\/\" \/>\n<meta property=\"og:locale\" content=\"es_ES\" \/>\n<meta property=\"og:type\" content=\"article\" \/>\n<meta property=\"og:title\" content=\"Manta Plaid de punto waffle con flecos \u2013 Beige -\" \/>\n<meta property=\"og:description\" content=\"Manta plaid de punto waffle con flecos en color beige. Suave, c\u00e1lida y decorativa, perfecta para sof\u00e1, cama o sill\u00f3n. Elegancia y confort para tu hogar.\" \/>\n<meta property=\"og:url\" content=\"https:\/\/gesmobles.cat\/es\/producto\/manta-plaid-manta-waffle-manta-con-flecos-manta-beige-plaid-sofa-manta-para-cama-manta-decorativa-beige-manta-punto-panal\/\" \/>\n<meta property=\"article:modified_time\" content=\"2026-03-30T08:54:37+00:00\" \/>\n<meta property=\"og:image\" content=\"https:\/\/gesmobles.cat\/wp-content\/uploads\/2025\/09\/pis.jpeg\" \/>\n\t<meta property=\"og:image:width\" content=\"623\" \/>\n\t<meta property=\"og:image:height\" content=\"420\" \/>\n\t<meta property=\"og:image:type\" content=\"image\/jpeg\" \/>\n<meta name=\"twitter:card\" content=\"summary_large_image\" \/>\n<meta name=\"twitter:label1\" content=\"Tiempo de lectura\" \/>\n\t<meta name=\"twitter:data1\" content=\"1 minuto\" \/>\n<!-- \/ Yoast SEO plugin. -->","yoast_head_json":{"title":"Manta Plaid de punto waffle con flecos \u2013 Beige -","description":"Manta plaid de punto waffle con flecos en color beige. Suave, c\u00e1lida y decorativa, perfecta para sof\u00e1, cama o sill\u00f3n. Elegancia y confort para tu hogar.","robots":{"index":"index","follow":"follow","max-snippet":"max-snippet:-1","max-image-preview":"max-image-preview:large","max-video-preview":"max-video-preview:-1"},"canonical":"https:\/\/gesmobles.cat\/es\/producto\/manta-plaid-manta-waffle-manta-con-flecos-manta-beige-plaid-sofa-manta-para-cama-manta-decorativa-beige-manta-punto-panal\/","og_locale":"es_ES","og_type":"article","og_title":"Manta Plaid de punto waffle con flecos \u2013 Beige -","og_description":"Manta plaid de punto waffle con flecos en color beige. Suave, c\u00e1lida y decorativa, perfecta para sof\u00e1, cama o sill\u00f3n. Elegancia y confort para tu hogar.","og_url":"https:\/\/gesmobles.cat\/es\/producto\/manta-plaid-manta-waffle-manta-con-flecos-manta-beige-plaid-sofa-manta-para-cama-manta-decorativa-beige-manta-punto-panal\/","article_modified_time":"2026-03-30T08:54:37+00:00","og_image":[{"width":623,"height":420,"url":"https:\/\/gesmobles.cat\/wp-content\/uploads\/2025\/09\/pis.jpeg","type":"image\/jpeg"}],"twitter_card":"summary_large_image","twitter_misc":{"Tiempo de lectura":"1 minuto"},"schema":{"@context":"https:\/\/schema.org","@graph":[]}},"_links":{"self":[{"href":"https:\/\/gesmobles.cat\/es\/wp-json\/wp\/v2\/product\/5571","targetHints":{"allow":["GET"]}}],"collection":[{"href":"https:\/\/gesmobles.cat\/es\/wp-json\/wp\/v2\/product"}],"about":[{"href":"https:\/\/gesmobles.cat\/es\/wp-json\/wp\/v2\/types\/product"}],"replies":[{"embeddable":true,"href":"https:\/\/gesmobles.cat\/es\/wp-json\/wp\/v2\/comments?post=5571"}],"wp:featuredmedia":[{"embeddable":true,"href":"https:\/\/gesmobles.cat\/es\/wp-json\/wp\/v2\/media\/5572"}],"wp:attachment":[{"href":"https:\/\/gesmobles.cat\/es\/wp-json\/wp\/v2\/media?parent=5571"}],"wp:term":[{"taxonomy":"product_brand","embeddable":true,"href":"https:\/\/gesmobles.cat\/es\/wp-json\/wp\/v2\/product_brand?post=5571"},{"taxonomy":"product_cat","embeddable":true,"href":"https:\/\/gesmobles.cat\/es\/wp-json\/wp\/v2\/product_cat?post=5571"},{"taxonomy":"product_tag","embeddable":true,"href":"https:\/\/gesmobles.cat\/es\/wp-json\/wp\/v2\/product_tag?post=5571"}],"curies":[{"name":"wp","href":"https:\/\/api.w.org\/{rel}","templated":true}]}}