{"id":5583,"date":"2025-09-25T16:32:50","date_gmt":"2025-09-25T14:32:50","guid":{"rendered":"https:\/\/gesmobles.cat\/?post_type=product&#038;p=5583"},"modified":"2026-03-30T10:53:20","modified_gmt":"2026-03-30T08:53:20","slug":"plaid-gris-manta-de-punto-gris-plaid-decorativo-plaid-sofa-gris-plaid-cama-gris-manta-con-flecos-plaid-de-punto-elegante","status":"publish","type":"product","link":"https:\/\/gesmobles.cat\/es\/producto\/plaid-gris-manta-de-punto-gris-plaid-decorativo-plaid-sofa-gris-plaid-cama-gris-manta-con-flecos-plaid-de-punto-elegante\/","title":{"rendered":"Plaid de punto Esparta Gris"},"content":{"rendered":"<p>El plaid de punto Esparta en color gris es la pieza perfecta para a\u00f1adir calidez y estilo a tu hogar. Su dise\u00f1o en relieve con dibujo geom\u00e9trico y delicados flecos en los bordes crea un look elegante y acogedor. Fabricado con tejido suave y resistente, es ideal para colocar sobre el sof\u00e1, la cama o un sill\u00f3n, aportando un toque decorativo y manteni\u00e9ndote abrigado en los d\u00edas fr\u00edos. Su tonalidad gris neutra combina f\u00e1cilmente con diferentes estilos de decoraci\u00f3n, desde los m\u00e1s modernos hasta los m\u00e1s cl\u00e1sicos.<\/p>\n","protected":false},"excerpt":{"rendered":"<p>El plaid de punto Esparta en color gris es la pieza perfecta para a\u00f1adir calidez y estilo a tu hogar. Su dise\u00f1o en relieve con dibujo geom\u00e9trico y delicados flecos en los bordes crea un look elegante y acogedor. Fabricado con tejido suave y resistente, es ideal para colocar sobre el sof\u00e1, la cama o [&hellip;]<\/p>\n","protected":false},"featured_media":5584,"comment_status":"open","ping_status":"closed","template":"","meta":[],"product_brand":[],"product_cat":[64,998],"product_tag":[],"class_list":{"0":"post-5583","1":"product","2":"type-product","3":"status-publish","4":"has-post-thumbnail","6":"product_cat-decoracion","7":"product_cat-plaids-y-mantitas","9":"first","10":"instock","11":"taxable","12":"shipping-taxable","13":"purchasable","14":"product-type-simple"},"acf":[],"yoast_head":"<!-- This site is optimized with the Yoast SEO plugin v27.4 - https:\/\/yoast.com\/product\/yoast-seo-wordpress\/ -->\n<title>Plaid de punto Esparta Gris -<\/title>\n<meta name=\"description\" content=\"Descubre el plaid de punto Esparta gris, elegante y acogedor, perfecto para sof\u00e1 o cama. Aporta estilo y calidez a cualquier estancia de tu hogar.\" \/>\n<meta name=\"robots\" content=\"index, follow, max-snippet:-1, max-image-preview:large, max-video-preview:-1\" \/>\n<link rel=\"canonical\" href=\"https:\/\/gesmobles.cat\/es\/producto\/plaid-gris-manta-de-punto-gris-plaid-decorativo-plaid-sofa-gris-plaid-cama-gris-manta-con-flecos-plaid-de-punto-elegante\/\" \/>\n<meta property=\"og:locale\" content=\"es_ES\" \/>\n<meta property=\"og:type\" content=\"article\" \/>\n<meta property=\"og:title\" content=\"Plaid de punto Esparta Gris -\" \/>\n<meta property=\"og:description\" content=\"Descubre el plaid de punto Esparta gris, elegante y acogedor, perfecto para sof\u00e1 o cama. Aporta estilo y calidez a cualquier estancia de tu hogar.\" \/>\n<meta property=\"og:url\" content=\"https:\/\/gesmobles.cat\/es\/producto\/plaid-gris-manta-de-punto-gris-plaid-decorativo-plaid-sofa-gris-plaid-cama-gris-manta-con-flecos-plaid-de-punto-elegante\/\" \/>\n<meta property=\"article:modified_time\" content=\"2026-03-30T08:53:20+00:00\" \/>\n<meta property=\"og:image\" content=\"https:\/\/gesmobles.cat\/wp-content\/uploads\/2025\/09\/esparta.jpeg\" \/>\n\t<meta property=\"og:image:width\" content=\"746\" \/>\n\t<meta property=\"og:image:height\" content=\"430\" \/>\n\t<meta property=\"og:image:type\" content=\"image\/jpeg\" \/>\n<meta name=\"twitter:card\" content=\"summary_large_image\" \/>\n<meta name=\"twitter:label1\" content=\"Tiempo de lectura\" \/>\n\t<meta name=\"twitter:data1\" content=\"1 minuto\" \/>\n<!-- \/ Yoast SEO plugin. -->","yoast_head_json":{"title":"Plaid de punto Esparta Gris -","description":"Descubre el plaid de punto Esparta gris, elegante y acogedor, perfecto para sof\u00e1 o cama. Aporta estilo y calidez a cualquier estancia de tu hogar.","robots":{"index":"index","follow":"follow","max-snippet":"max-snippet:-1","max-image-preview":"max-image-preview:large","max-video-preview":"max-video-preview:-1"},"canonical":"https:\/\/gesmobles.cat\/es\/producto\/plaid-gris-manta-de-punto-gris-plaid-decorativo-plaid-sofa-gris-plaid-cama-gris-manta-con-flecos-plaid-de-punto-elegante\/","og_locale":"es_ES","og_type":"article","og_title":"Plaid de punto Esparta Gris -","og_description":"Descubre el plaid de punto Esparta gris, elegante y acogedor, perfecto para sof\u00e1 o cama. Aporta estilo y calidez a cualquier estancia de tu hogar.","og_url":"https:\/\/gesmobles.cat\/es\/producto\/plaid-gris-manta-de-punto-gris-plaid-decorativo-plaid-sofa-gris-plaid-cama-gris-manta-con-flecos-plaid-de-punto-elegante\/","article_modified_time":"2026-03-30T08:53:20+00:00","og_image":[{"width":746,"height":430,"url":"https:\/\/gesmobles.cat\/wp-content\/uploads\/2025\/09\/esparta.jpeg","type":"image\/jpeg"}],"twitter_card":"summary_large_image","twitter_misc":{"Tiempo de lectura":"1 minuto"},"schema":{"@context":"https:\/\/schema.org","@graph":[]}},"_links":{"self":[{"href":"https:\/\/gesmobles.cat\/es\/wp-json\/wp\/v2\/product\/5583","targetHints":{"allow":["GET"]}}],"collection":[{"href":"https:\/\/gesmobles.cat\/es\/wp-json\/wp\/v2\/product"}],"about":[{"href":"https:\/\/gesmobles.cat\/es\/wp-json\/wp\/v2\/types\/product"}],"replies":[{"embeddable":true,"href":"https:\/\/gesmobles.cat\/es\/wp-json\/wp\/v2\/comments?post=5583"}],"wp:featuredmedia":[{"embeddable":true,"href":"https:\/\/gesmobles.cat\/es\/wp-json\/wp\/v2\/media\/5584"}],"wp:attachment":[{"href":"https:\/\/gesmobles.cat\/es\/wp-json\/wp\/v2\/media?parent=5583"}],"wp:term":[{"taxonomy":"product_brand","embeddable":true,"href":"https:\/\/gesmobles.cat\/es\/wp-json\/wp\/v2\/product_brand?post=5583"},{"taxonomy":"product_cat","embeddable":true,"href":"https:\/\/gesmobles.cat\/es\/wp-json\/wp\/v2\/product_cat?post=5583"},{"taxonomy":"product_tag","embeddable":true,"href":"https:\/\/gesmobles.cat\/es\/wp-json\/wp\/v2\/product_tag?post=5583"}],"curies":[{"name":"wp","href":"https:\/\/api.w.org\/{rel}","templated":true}]}}