{"id":5587,"date":"2025-09-25T16:40:58","date_gmt":"2025-09-25T14:40:58","guid":{"rendered":"https:\/\/gesmobles.cat\/?post_type=product&#038;p=5587"},"modified":"2026-03-30T10:51:41","modified_gmt":"2026-03-30T08:51:41","slug":"plaid-waffle-plaid-algodon-plaid-ligero-plaid-sofa-plaid-cama-plaid-decorativo-manta-waffle-algodon-plaid-elegante","status":"publish","type":"product","link":"https:\/\/gesmobles.cat\/es\/producto\/plaid-waffle-plaid-algodon-plaid-ligero-plaid-sofa-plaid-cama-plaid-decorativo-manta-waffle-algodon-plaid-elegante\/","title":{"rendered":"Plaid waffle Cotton Dreams"},"content":{"rendered":"<p>El plaid waffle Cotton Dreams es ligero, fresco y perfecto para aportar un toque elegante y acogedor a tu hogar. Su tejido tipo gofre 100% algod\u00f3n destaca por su suavidad, transpirabilidad y textura en relieve, ideal para usar en el sof\u00e1, la cama o un sill\u00f3n durante todo el a\u00f1o. Disponible en colores naturales y modernos, combina f\u00e1cilmente con diferentes estilos de decoraci\u00f3n y a\u00f1ade confort sin renunciar al dise\u00f1o.<\/p>\n","protected":false},"excerpt":{"rendered":"<p>El plaid waffle Cotton Dreams es ligero, fresco y perfecto para aportar un toque elegante y acogedor a tu hogar. Su tejido tipo gofre 100% algod\u00f3n destaca por su suavidad, transpirabilidad y textura en relieve, ideal para usar en el sof\u00e1, la cama o un sill\u00f3n durante todo el a\u00f1o. Disponible en colores naturales y [&hellip;]<\/p>\n","protected":false},"featured_media":5588,"comment_status":"open","ping_status":"closed","template":"","meta":[],"product_brand":[],"product_cat":[64,998],"product_tag":[],"class_list":{"0":"post-5587","1":"product","2":"type-product","3":"status-publish","4":"has-post-thumbnail","6":"product_cat-decoracion","7":"product_cat-plaids-y-mantitas","9":"first","10":"instock","11":"taxable","12":"shipping-taxable","13":"purchasable","14":"product-type-simple"},"acf":[],"yoast_head":"<!-- This site is optimized with the Yoast SEO plugin v27.4 - https:\/\/yoast.com\/product\/yoast-seo-wordpress\/ -->\n<title>Plaid waffle Cotton Dreams -<\/title>\n<meta name=\"description\" content=\"Descubre el plaid waffle Cotton Dreams, ligero y fresco, ideal para sof\u00e1 o cama. Aporta estilo y confort con su suave textura de algod\u00f3n.\" \/>\n<meta name=\"robots\" content=\"index, follow, max-snippet:-1, max-image-preview:large, max-video-preview:-1\" \/>\n<link rel=\"canonical\" href=\"https:\/\/gesmobles.cat\/es\/producto\/plaid-waffle-plaid-algodon-plaid-ligero-plaid-sofa-plaid-cama-plaid-decorativo-manta-waffle-algodon-plaid-elegante\/\" \/>\n<meta property=\"og:locale\" content=\"es_ES\" \/>\n<meta property=\"og:type\" content=\"article\" \/>\n<meta property=\"og:title\" content=\"Plaid waffle Cotton Dreams -\" \/>\n<meta property=\"og:description\" content=\"Descubre el plaid waffle Cotton Dreams, ligero y fresco, ideal para sof\u00e1 o cama. Aporta estilo y confort con su suave textura de algod\u00f3n.\" \/>\n<meta property=\"og:url\" content=\"https:\/\/gesmobles.cat\/es\/producto\/plaid-waffle-plaid-algodon-plaid-ligero-plaid-sofa-plaid-cama-plaid-decorativo-manta-waffle-algodon-plaid-elegante\/\" \/>\n<meta property=\"article:modified_time\" content=\"2026-03-30T08:51:41+00:00\" \/>\n<meta property=\"og:image\" content=\"https:\/\/gesmobles.cat\/wp-content\/uploads\/2025\/09\/blanc.jpeg\" \/>\n\t<meta property=\"og:image:width\" content=\"459\" \/>\n\t<meta property=\"og:image:height\" content=\"540\" \/>\n\t<meta property=\"og:image:type\" content=\"image\/jpeg\" \/>\n<meta name=\"twitter:card\" content=\"summary_large_image\" \/>\n<meta name=\"twitter:label1\" content=\"Tiempo de lectura\" \/>\n\t<meta name=\"twitter:data1\" content=\"1 minuto\" \/>\n<!-- \/ Yoast SEO plugin. -->","yoast_head_json":{"title":"Plaid waffle Cotton Dreams -","description":"Descubre el plaid waffle Cotton Dreams, ligero y fresco, ideal para sof\u00e1 o cama. Aporta estilo y confort con su suave textura de algod\u00f3n.","robots":{"index":"index","follow":"follow","max-snippet":"max-snippet:-1","max-image-preview":"max-image-preview:large","max-video-preview":"max-video-preview:-1"},"canonical":"https:\/\/gesmobles.cat\/es\/producto\/plaid-waffle-plaid-algodon-plaid-ligero-plaid-sofa-plaid-cama-plaid-decorativo-manta-waffle-algodon-plaid-elegante\/","og_locale":"es_ES","og_type":"article","og_title":"Plaid waffle Cotton Dreams -","og_description":"Descubre el plaid waffle Cotton Dreams, ligero y fresco, ideal para sof\u00e1 o cama. Aporta estilo y confort con su suave textura de algod\u00f3n.","og_url":"https:\/\/gesmobles.cat\/es\/producto\/plaid-waffle-plaid-algodon-plaid-ligero-plaid-sofa-plaid-cama-plaid-decorativo-manta-waffle-algodon-plaid-elegante\/","article_modified_time":"2026-03-30T08:51:41+00:00","og_image":[{"width":459,"height":540,"url":"https:\/\/gesmobles.cat\/wp-content\/uploads\/2025\/09\/blanc.jpeg","type":"image\/jpeg"}],"twitter_card":"summary_large_image","twitter_misc":{"Tiempo de lectura":"1 minuto"},"schema":{"@context":"https:\/\/schema.org","@graph":[]}},"_links":{"self":[{"href":"https:\/\/gesmobles.cat\/es\/wp-json\/wp\/v2\/product\/5587","targetHints":{"allow":["GET"]}}],"collection":[{"href":"https:\/\/gesmobles.cat\/es\/wp-json\/wp\/v2\/product"}],"about":[{"href":"https:\/\/gesmobles.cat\/es\/wp-json\/wp\/v2\/types\/product"}],"replies":[{"embeddable":true,"href":"https:\/\/gesmobles.cat\/es\/wp-json\/wp\/v2\/comments?post=5587"}],"wp:featuredmedia":[{"embeddable":true,"href":"https:\/\/gesmobles.cat\/es\/wp-json\/wp\/v2\/media\/5588"}],"wp:attachment":[{"href":"https:\/\/gesmobles.cat\/es\/wp-json\/wp\/v2\/media?parent=5587"}],"wp:term":[{"taxonomy":"product_brand","embeddable":true,"href":"https:\/\/gesmobles.cat\/es\/wp-json\/wp\/v2\/product_brand?post=5587"},{"taxonomy":"product_cat","embeddable":true,"href":"https:\/\/gesmobles.cat\/es\/wp-json\/wp\/v2\/product_cat?post=5587"},{"taxonomy":"product_tag","embeddable":true,"href":"https:\/\/gesmobles.cat\/es\/wp-json\/wp\/v2\/product_tag?post=5587"}],"curies":[{"name":"wp","href":"https:\/\/api.w.org\/{rel}","templated":true}]}}