{"id":5592,"date":"2025-09-25T16:48:52","date_gmt":"2025-09-25T14:48:52","guid":{"rendered":"https:\/\/gesmobles.cat\/?post_type=product&#038;p=5592"},"modified":"2026-03-30T10:50:34","modified_gmt":"2026-03-30T08:50:34","slug":"plaid-waffle-rosa-plaid-waffle-rosa-nude-plaid-algodon-rosa-plaid-ligero-rosa-manta-waffle-rosa-plaid-sofa-rosa-plaid-cama-rosa-plaid-decorativo","status":"publish","type":"product","link":"https:\/\/gesmobles.cat\/es\/producto\/plaid-waffle-rosa-plaid-waffle-rosa-nude-plaid-algodon-rosa-plaid-ligero-rosa-manta-waffle-rosa-plaid-sofa-rosa-plaid-cama-rosa-plaid-decorativo\/","title":{"rendered":"Plaid waffle Cotton Dreams Rosa Nude"},"content":{"rendered":"<p>El plaid waffle Cotton Dreams en color rosa nude es una pieza ligera y elegante que aporta calidez y estilo a cualquier estancia. Confeccionado en tejido tipo gofre 100% algod\u00f3n, ofrece suavidad, transpirabilidad y un dise\u00f1o sofisticado perfecto para colocar sobre el sof\u00e1, la cama o un sill\u00f3n. Su tono rosa nude aporta un aire c\u00e1lido y moderno, combinando con diferentes estilos decorativos para crear ambientes acogedores y actuales.<\/p>\n","protected":false},"excerpt":{"rendered":"<p>El plaid waffle Cotton Dreams en color rosa nude es una pieza ligera y elegante que aporta calidez y estilo a cualquier estancia. Confeccionado en tejido tipo gofre 100% algod\u00f3n, ofrece suavidad, transpirabilidad y un dise\u00f1o sofisticado perfecto para colocar sobre el sof\u00e1, la cama o un sill\u00f3n. Su tono rosa nude aporta un aire [&hellip;]<\/p>\n","protected":false},"featured_media":5593,"comment_status":"open","ping_status":"closed","template":"","meta":[],"product_brand":[],"product_cat":[64,998],"product_tag":[],"class_list":{"0":"post-5592","1":"product","2":"type-product","3":"status-publish","4":"has-post-thumbnail","6":"product_cat-decoracion","7":"product_cat-plaids-y-mantitas","9":"first","10":"outofstock","11":"taxable","12":"shipping-taxable","13":"purchasable","14":"product-type-simple"},"acf":[],"yoast_head":"<!-- This site is optimized with the Yoast SEO plugin v27.4 - https:\/\/yoast.com\/product\/yoast-seo-wordpress\/ -->\n<title>Plaid waffle Cotton Dreams Rosa Nude -<\/title>\n<meta name=\"description\" content=\"Descubre el plaid waffle Cotton Dreams rosa nude, ligero y elegante, ideal para sof\u00e1 o cama. Aporta suavidad y estilo con su textura de algod\u00f3n.\" \/>\n<meta name=\"robots\" content=\"index, follow, max-snippet:-1, max-image-preview:large, max-video-preview:-1\" \/>\n<link rel=\"canonical\" href=\"https:\/\/gesmobles.cat\/es\/producto\/plaid-waffle-rosa-plaid-waffle-rosa-nude-plaid-algodon-rosa-plaid-ligero-rosa-manta-waffle-rosa-plaid-sofa-rosa-plaid-cama-rosa-plaid-decorativo\/\" \/>\n<meta property=\"og:locale\" content=\"es_ES\" \/>\n<meta property=\"og:type\" content=\"article\" \/>\n<meta property=\"og:title\" content=\"Plaid waffle Cotton Dreams Rosa Nude -\" \/>\n<meta property=\"og:description\" content=\"Descubre el plaid waffle Cotton Dreams rosa nude, ligero y elegante, ideal para sof\u00e1 o cama. Aporta suavidad y estilo con su textura de algod\u00f3n.\" \/>\n<meta property=\"og:url\" content=\"https:\/\/gesmobles.cat\/es\/producto\/plaid-waffle-rosa-plaid-waffle-rosa-nude-plaid-algodon-rosa-plaid-ligero-rosa-manta-waffle-rosa-plaid-sofa-rosa-plaid-cama-rosa-plaid-decorativo\/\" \/>\n<meta property=\"article:modified_time\" content=\"2026-03-30T08:50:34+00:00\" \/>\n<meta property=\"og:image\" content=\"https:\/\/gesmobles.cat\/wp-content\/uploads\/2025\/09\/ros.jpeg\" \/>\n\t<meta property=\"og:image:width\" content=\"459\" \/>\n\t<meta property=\"og:image:height\" content=\"540\" \/>\n\t<meta property=\"og:image:type\" content=\"image\/jpeg\" \/>\n<meta name=\"twitter:card\" content=\"summary_large_image\" \/>\n<meta name=\"twitter:label1\" content=\"Tiempo de lectura\" \/>\n\t<meta name=\"twitter:data1\" content=\"1 minuto\" \/>\n<!-- \/ Yoast SEO plugin. -->","yoast_head_json":{"title":"Plaid waffle Cotton Dreams Rosa Nude -","description":"Descubre el plaid waffle Cotton Dreams rosa nude, ligero y elegante, ideal para sof\u00e1 o cama. Aporta suavidad y estilo con su textura de algod\u00f3n.","robots":{"index":"index","follow":"follow","max-snippet":"max-snippet:-1","max-image-preview":"max-image-preview:large","max-video-preview":"max-video-preview:-1"},"canonical":"https:\/\/gesmobles.cat\/es\/producto\/plaid-waffle-rosa-plaid-waffle-rosa-nude-plaid-algodon-rosa-plaid-ligero-rosa-manta-waffle-rosa-plaid-sofa-rosa-plaid-cama-rosa-plaid-decorativo\/","og_locale":"es_ES","og_type":"article","og_title":"Plaid waffle Cotton Dreams Rosa Nude -","og_description":"Descubre el plaid waffle Cotton Dreams rosa nude, ligero y elegante, ideal para sof\u00e1 o cama. Aporta suavidad y estilo con su textura de algod\u00f3n.","og_url":"https:\/\/gesmobles.cat\/es\/producto\/plaid-waffle-rosa-plaid-waffle-rosa-nude-plaid-algodon-rosa-plaid-ligero-rosa-manta-waffle-rosa-plaid-sofa-rosa-plaid-cama-rosa-plaid-decorativo\/","article_modified_time":"2026-03-30T08:50:34+00:00","og_image":[{"width":459,"height":540,"url":"https:\/\/gesmobles.cat\/wp-content\/uploads\/2025\/09\/ros.jpeg","type":"image\/jpeg"}],"twitter_card":"summary_large_image","twitter_misc":{"Tiempo de lectura":"1 minuto"},"schema":{"@context":"https:\/\/schema.org","@graph":[]}},"_links":{"self":[{"href":"https:\/\/gesmobles.cat\/es\/wp-json\/wp\/v2\/product\/5592","targetHints":{"allow":["GET"]}}],"collection":[{"href":"https:\/\/gesmobles.cat\/es\/wp-json\/wp\/v2\/product"}],"about":[{"href":"https:\/\/gesmobles.cat\/es\/wp-json\/wp\/v2\/types\/product"}],"replies":[{"embeddable":true,"href":"https:\/\/gesmobles.cat\/es\/wp-json\/wp\/v2\/comments?post=5592"}],"wp:featuredmedia":[{"embeddable":true,"href":"https:\/\/gesmobles.cat\/es\/wp-json\/wp\/v2\/media\/5593"}],"wp:attachment":[{"href":"https:\/\/gesmobles.cat\/es\/wp-json\/wp\/v2\/media?parent=5592"}],"wp:term":[{"taxonomy":"product_brand","embeddable":true,"href":"https:\/\/gesmobles.cat\/es\/wp-json\/wp\/v2\/product_brand?post=5592"},{"taxonomy":"product_cat","embeddable":true,"href":"https:\/\/gesmobles.cat\/es\/wp-json\/wp\/v2\/product_cat?post=5592"},{"taxonomy":"product_tag","embeddable":true,"href":"https:\/\/gesmobles.cat\/es\/wp-json\/wp\/v2\/product_tag?post=5592"}],"curies":[{"name":"wp","href":"https:\/\/api.w.org\/{rel}","templated":true}]}}