{"id":5601,"date":"2025-09-25T17:04:10","date_gmt":"2025-09-25T15:04:10","guid":{"rendered":"https:\/\/gesmobles.cat\/?post_type=product&#038;p=5601"},"modified":"2026-03-30T10:46:15","modified_gmt":"2026-03-30T08:46:15","slug":"plaid-waffle-mostaza-plaid-algodon-mostaza-plaid-ligero-mostaza-manta-waffle-mostaza-plaid-sofa-mostaza-plaid-cama-mostaza-plaid-decorativo-mostaza","status":"publish","type":"product","link":"https:\/\/gesmobles.cat\/es\/producto\/plaid-waffle-mostaza-plaid-algodon-mostaza-plaid-ligero-mostaza-manta-waffle-mostaza-plaid-sofa-mostaza-plaid-cama-mostaza-plaid-decorativo-mostaza\/","title":{"rendered":"Plaid waffle Cotton Dreams Mostaza"},"content":{"rendered":"<p>El plaid waffle Cotton Dreams en color mostaza es perfecto para aportar calidez y un toque de color con estilo a cualquier estancia. Su tejido tipo gofre 100% algod\u00f3n ofrece suavidad, transpirabilidad y una textura en relieve que lo hace ideal para usar sobre el sof\u00e1, la cama o un sill\u00f3n durante todo el a\u00f1o. Su vibrante tono mostaza aporta un aire moderno y acogedor, f\u00e1cil de combinar con ambientes n\u00f3rdicos, boho o contempor\u00e1neos.<\/p>\n","protected":false},"excerpt":{"rendered":"<p>El plaid waffle Cotton Dreams en color mostaza es perfecto para aportar calidez y un toque de color con estilo a cualquier estancia. Su tejido tipo gofre 100% algod\u00f3n ofrece suavidad, transpirabilidad y una textura en relieve que lo hace ideal para usar sobre el sof\u00e1, la cama o un sill\u00f3n durante todo el a\u00f1o. [&hellip;]<\/p>\n","protected":false},"featured_media":5602,"comment_status":"open","ping_status":"closed","template":"","meta":[],"product_brand":[],"product_cat":[64,998],"product_tag":[],"class_list":{"0":"post-5601","1":"product","2":"type-product","3":"status-publish","4":"has-post-thumbnail","6":"product_cat-decoracion","7":"product_cat-plaids-y-mantitas","9":"first","10":"instock","11":"taxable","12":"shipping-taxable","13":"purchasable","14":"product-type-simple"},"acf":[],"yoast_head":"<!-- This site is optimized with the Yoast SEO plugin v27.4 - https:\/\/yoast.com\/product\/yoast-seo-wordpress\/ -->\n<title>Plaid waffle Cotton Dreams Mostaza -<\/title>\n<meta name=\"description\" content=\"Descubre el plaid waffle Cotton Dreams mostaza, ligero y elegante, ideal para sof\u00e1 o cama. Aporta suavidad y estilo con su textura de algod\u00f3n.\" \/>\n<meta name=\"robots\" content=\"index, follow, max-snippet:-1, max-image-preview:large, max-video-preview:-1\" \/>\n<link rel=\"canonical\" href=\"https:\/\/gesmobles.cat\/es\/producto\/plaid-waffle-mostaza-plaid-algodon-mostaza-plaid-ligero-mostaza-manta-waffle-mostaza-plaid-sofa-mostaza-plaid-cama-mostaza-plaid-decorativo-mostaza\/\" \/>\n<meta property=\"og:locale\" content=\"es_ES\" \/>\n<meta property=\"og:type\" content=\"article\" \/>\n<meta property=\"og:title\" content=\"Plaid waffle Cotton Dreams Mostaza -\" \/>\n<meta property=\"og:description\" content=\"Descubre el plaid waffle Cotton Dreams mostaza, ligero y elegante, ideal para sof\u00e1 o cama. Aporta suavidad y estilo con su textura de algod\u00f3n.\" \/>\n<meta property=\"og:url\" content=\"https:\/\/gesmobles.cat\/es\/producto\/plaid-waffle-mostaza-plaid-algodon-mostaza-plaid-ligero-mostaza-manta-waffle-mostaza-plaid-sofa-mostaza-plaid-cama-mostaza-plaid-decorativo-mostaza\/\" \/>\n<meta property=\"article:modified_time\" content=\"2026-03-30T08:46:15+00:00\" \/>\n<meta property=\"og:image\" content=\"https:\/\/gesmobles.cat\/wp-content\/uploads\/2025\/09\/mostaza.jpeg\" \/>\n\t<meta property=\"og:image:width\" content=\"459\" \/>\n\t<meta property=\"og:image:height\" content=\"540\" \/>\n\t<meta property=\"og:image:type\" content=\"image\/jpeg\" \/>\n<meta name=\"twitter:card\" content=\"summary_large_image\" \/>\n<meta name=\"twitter:label1\" content=\"Tiempo de lectura\" \/>\n\t<meta name=\"twitter:data1\" content=\"1 minuto\" \/>\n<!-- \/ Yoast SEO plugin. -->","yoast_head_json":{"title":"Plaid waffle Cotton Dreams Mostaza -","description":"Descubre el plaid waffle Cotton Dreams mostaza, ligero y elegante, ideal para sof\u00e1 o cama. Aporta suavidad y estilo con su textura de algod\u00f3n.","robots":{"index":"index","follow":"follow","max-snippet":"max-snippet:-1","max-image-preview":"max-image-preview:large","max-video-preview":"max-video-preview:-1"},"canonical":"https:\/\/gesmobles.cat\/es\/producto\/plaid-waffle-mostaza-plaid-algodon-mostaza-plaid-ligero-mostaza-manta-waffle-mostaza-plaid-sofa-mostaza-plaid-cama-mostaza-plaid-decorativo-mostaza\/","og_locale":"es_ES","og_type":"article","og_title":"Plaid waffle Cotton Dreams Mostaza -","og_description":"Descubre el plaid waffle Cotton Dreams mostaza, ligero y elegante, ideal para sof\u00e1 o cama. Aporta suavidad y estilo con su textura de algod\u00f3n.","og_url":"https:\/\/gesmobles.cat\/es\/producto\/plaid-waffle-mostaza-plaid-algodon-mostaza-plaid-ligero-mostaza-manta-waffle-mostaza-plaid-sofa-mostaza-plaid-cama-mostaza-plaid-decorativo-mostaza\/","article_modified_time":"2026-03-30T08:46:15+00:00","og_image":[{"width":459,"height":540,"url":"https:\/\/gesmobles.cat\/wp-content\/uploads\/2025\/09\/mostaza.jpeg","type":"image\/jpeg"}],"twitter_card":"summary_large_image","twitter_misc":{"Tiempo de lectura":"1 minuto"},"schema":{"@context":"https:\/\/schema.org","@graph":[]}},"_links":{"self":[{"href":"https:\/\/gesmobles.cat\/es\/wp-json\/wp\/v2\/product\/5601","targetHints":{"allow":["GET"]}}],"collection":[{"href":"https:\/\/gesmobles.cat\/es\/wp-json\/wp\/v2\/product"}],"about":[{"href":"https:\/\/gesmobles.cat\/es\/wp-json\/wp\/v2\/types\/product"}],"replies":[{"embeddable":true,"href":"https:\/\/gesmobles.cat\/es\/wp-json\/wp\/v2\/comments?post=5601"}],"wp:featuredmedia":[{"embeddable":true,"href":"https:\/\/gesmobles.cat\/es\/wp-json\/wp\/v2\/media\/5602"}],"wp:attachment":[{"href":"https:\/\/gesmobles.cat\/es\/wp-json\/wp\/v2\/media?parent=5601"}],"wp:term":[{"taxonomy":"product_brand","embeddable":true,"href":"https:\/\/gesmobles.cat\/es\/wp-json\/wp\/v2\/product_brand?post=5601"},{"taxonomy":"product_cat","embeddable":true,"href":"https:\/\/gesmobles.cat\/es\/wp-json\/wp\/v2\/product_cat?post=5601"},{"taxonomy":"product_tag","embeddable":true,"href":"https:\/\/gesmobles.cat\/es\/wp-json\/wp\/v2\/product_tag?post=5601"}],"curies":[{"name":"wp","href":"https:\/\/api.w.org\/{rel}","templated":true}]}}