{"id":5616,"date":"2025-09-25T17:39:56","date_gmt":"2025-09-25T15:39:56","guid":{"rendered":"https:\/\/gesmobles.cat\/?post_type=product&#038;p=5616"},"modified":"2026-03-31T09:53:48","modified_gmt":"2026-03-31T07:53:48","slug":"cojin-verde-agua-con-relleno-cojin-decorativo-verde-agua-cojin-sofa-verde-agua-cojin-cama-verde-agua-cojin-con-flecos-verde-cojin-elegante-verde-agua-cojin-decorativo-moderno","status":"publish","type":"product","link":"https:\/\/gesmobles.cat\/es\/producto\/cojin-verde-agua-con-relleno-cojin-decorativo-verde-agua-cojin-sofa-verde-agua-cojin-cama-verde-agua-cojin-con-flecos-verde-cojin-elegante-verde-agua-cojin-decorativo-moderno\/","title":{"rendered":"Coj\u00edn decorativo verde agua con franjas de flecos (incluye funda y relleno)"},"content":{"rendered":"<p>El coj\u00edn decorativo verde agua con franjas de flecos es ideal para aportar un toque elegante y fresco a cualquier estancia. Su dise\u00f1o con dos franjas de flecos crea textura y movimiento, perfecto para colocar en sof\u00e1s, camas o sillones. Fabricado en tejido suave y resistente, combina comodidad y estilo.<br \/>\nIncluye funda extra\u00edble con cremallera y relleno, listo para usar y f\u00e1cil de mantener limpio. Su tono verde agua aporta serenidad y combina con estilos modernos, n\u00f3rdicos o bohemios.<\/p>\n","protected":false},"excerpt":{"rendered":"<p>El coj\u00edn decorativo verde agua con franjas de flecos es ideal para aportar un toque elegante y fresco a cualquier estancia. Su dise\u00f1o con dos franjas de flecos crea textura y movimiento, perfecto para colocar en sof\u00e1s, camas o sillones. Fabricado en tejido suave y resistente, combina comodidad y estilo. Incluye funda extra\u00edble con cremallera [&hellip;]<\/p>\n","protected":false},"featured_media":5617,"comment_status":"open","ping_status":"closed","template":"","meta":[],"product_brand":[],"product_cat":[64,562],"product_tag":[],"class_list":{"0":"post-5616","1":"product","2":"type-product","3":"status-publish","4":"has-post-thumbnail","6":"product_cat-decoracion","7":"product_cat-cojines-decoracion-decoracion","9":"first","10":"outofstock","11":"taxable","12":"shipping-taxable","13":"purchasable","14":"product-type-simple"},"acf":[],"yoast_head":"<!-- This site is optimized with the Yoast SEO plugin v27.4 - https:\/\/yoast.com\/product\/yoast-seo-wordpress\/ -->\n<title>Coj\u00edn decorativo verde agua con franjas de flecos (incluye funda y relleno) -<\/title>\n<meta name=\"description\" content=\"Descubre el coj\u00edn decorativo verde agua con franjas de flecos, incluye funda y relleno. Elegante, fresco y listo para sof\u00e1 o cama.\" \/>\n<meta name=\"robots\" content=\"index, follow, max-snippet:-1, max-image-preview:large, max-video-preview:-1\" \/>\n<link rel=\"canonical\" href=\"https:\/\/gesmobles.cat\/es\/producto\/cojin-verde-agua-con-relleno-cojin-decorativo-verde-agua-cojin-sofa-verde-agua-cojin-cama-verde-agua-cojin-con-flecos-verde-cojin-elegante-verde-agua-cojin-decorativo-moderno\/\" \/>\n<meta property=\"og:locale\" content=\"es_ES\" \/>\n<meta property=\"og:type\" content=\"article\" \/>\n<meta property=\"og:title\" content=\"Coj\u00edn decorativo verde agua con franjas de flecos (incluye funda y relleno) -\" \/>\n<meta property=\"og:description\" content=\"Descubre el coj\u00edn decorativo verde agua con franjas de flecos, incluye funda y relleno. Elegante, fresco y listo para sof\u00e1 o cama.\" \/>\n<meta property=\"og:url\" content=\"https:\/\/gesmobles.cat\/es\/producto\/cojin-verde-agua-con-relleno-cojin-decorativo-verde-agua-cojin-sofa-verde-agua-cojin-cama-verde-agua-cojin-con-flecos-verde-cojin-elegante-verde-agua-cojin-decorativo-moderno\/\" \/>\n<meta property=\"article:modified_time\" content=\"2026-03-31T07:53:48+00:00\" \/>\n<meta property=\"og:image\" content=\"https:\/\/gesmobles.cat\/wp-content\/uploads\/2025\/09\/marino.jpeg\" \/>\n\t<meta property=\"og:image:width\" content=\"746\" \/>\n\t<meta property=\"og:image:height\" content=\"512\" \/>\n\t<meta property=\"og:image:type\" content=\"image\/jpeg\" \/>\n<meta name=\"twitter:card\" content=\"summary_large_image\" \/>\n<meta name=\"twitter:label1\" content=\"Tiempo de lectura\" \/>\n\t<meta name=\"twitter:data1\" content=\"1 minuto\" \/>\n<!-- \/ Yoast SEO plugin. -->","yoast_head_json":{"title":"Coj\u00edn decorativo verde agua con franjas de flecos (incluye funda y relleno) -","description":"Descubre el coj\u00edn decorativo verde agua con franjas de flecos, incluye funda y relleno. Elegante, fresco y listo para sof\u00e1 o cama.","robots":{"index":"index","follow":"follow","max-snippet":"max-snippet:-1","max-image-preview":"max-image-preview:large","max-video-preview":"max-video-preview:-1"},"canonical":"https:\/\/gesmobles.cat\/es\/producto\/cojin-verde-agua-con-relleno-cojin-decorativo-verde-agua-cojin-sofa-verde-agua-cojin-cama-verde-agua-cojin-con-flecos-verde-cojin-elegante-verde-agua-cojin-decorativo-moderno\/","og_locale":"es_ES","og_type":"article","og_title":"Coj\u00edn decorativo verde agua con franjas de flecos (incluye funda y relleno) -","og_description":"Descubre el coj\u00edn decorativo verde agua con franjas de flecos, incluye funda y relleno. Elegante, fresco y listo para sof\u00e1 o cama.","og_url":"https:\/\/gesmobles.cat\/es\/producto\/cojin-verde-agua-con-relleno-cojin-decorativo-verde-agua-cojin-sofa-verde-agua-cojin-cama-verde-agua-cojin-con-flecos-verde-cojin-elegante-verde-agua-cojin-decorativo-moderno\/","article_modified_time":"2026-03-31T07:53:48+00:00","og_image":[{"width":746,"height":512,"url":"https:\/\/gesmobles.cat\/wp-content\/uploads\/2025\/09\/marino.jpeg","type":"image\/jpeg"}],"twitter_card":"summary_large_image","twitter_misc":{"Tiempo de lectura":"1 minuto"},"schema":{"@context":"https:\/\/schema.org","@graph":[]}},"_links":{"self":[{"href":"https:\/\/gesmobles.cat\/es\/wp-json\/wp\/v2\/product\/5616","targetHints":{"allow":["GET"]}}],"collection":[{"href":"https:\/\/gesmobles.cat\/es\/wp-json\/wp\/v2\/product"}],"about":[{"href":"https:\/\/gesmobles.cat\/es\/wp-json\/wp\/v2\/types\/product"}],"replies":[{"embeddable":true,"href":"https:\/\/gesmobles.cat\/es\/wp-json\/wp\/v2\/comments?post=5616"}],"wp:featuredmedia":[{"embeddable":true,"href":"https:\/\/gesmobles.cat\/es\/wp-json\/wp\/v2\/media\/5617"}],"wp:attachment":[{"href":"https:\/\/gesmobles.cat\/es\/wp-json\/wp\/v2\/media?parent=5616"}],"wp:term":[{"taxonomy":"product_brand","embeddable":true,"href":"https:\/\/gesmobles.cat\/es\/wp-json\/wp\/v2\/product_brand?post=5616"},{"taxonomy":"product_cat","embeddable":true,"href":"https:\/\/gesmobles.cat\/es\/wp-json\/wp\/v2\/product_cat?post=5616"},{"taxonomy":"product_tag","embeddable":true,"href":"https:\/\/gesmobles.cat\/es\/wp-json\/wp\/v2\/product_tag?post=5616"}],"curies":[{"name":"wp","href":"https:\/\/api.w.org\/{rel}","templated":true}]}}