{"id":5695,"date":"2025-09-30T08:37:08","date_gmt":"2025-09-30T06:37:08","guid":{"rendered":"https:\/\/gesmobles.cat\/?post_type=product&#038;p=5695"},"modified":"2025-12-29T19:06:39","modified_gmt":"2025-12-29T17:06:39","slug":"cojin-decorativo-rosa-cojin-rosa-empolvado-cojin-con-flecos-funda-de-cojin-rosa-cojin-dormitorio-elegante-cojin-sofa-moderno-cojin-textil-hogar","status":"publish","type":"product","link":"https:\/\/gesmobles.cat\/es\/producto\/cojin-decorativo-rosa-cojin-rosa-empolvado-cojin-con-flecos-funda-de-cojin-rosa-cojin-dormitorio-elegante-cojin-sofa-moderno-cojin-textil-hogar\/","title":{"rendered":"Coj\u00edn decorativo rosa empolvado con franjas de flecos \u2013 Relleno incluido"},"content":{"rendered":"<p>A\u00f1ade un toque c\u00e1lido y sofisticado a tu dormitorio o sal\u00f3n con este coj\u00edn decorativo rosa empolvado con franjas de flecos. Su dise\u00f1o suave y delicado aporta estilo sin recargar el espacio, mientras que las dos bandas de flecos en los extremos a\u00f1aden textura y un aire bohemio chic.<br \/>\nFabricado en tejido de tacto agradable y f\u00e1cil mantenimiento, es perfecto para combinar con colchas, mantas o sof\u00e1s en tonos neutros y pastel. Ideal para crear ambientes acogedores y modernos.<\/p>\n","protected":false},"excerpt":{"rendered":"<p>Coj\u00edn decorativo rosa empolvado con detalles de flecos, ideal para dar un toque elegante y acogedor al dormitorio o sal\u00f3n.<\/p>\n","protected":false},"featured_media":5696,"comment_status":"open","ping_status":"closed","template":"","meta":[],"product_brand":[],"product_cat":[64,562],"product_tag":[],"class_list":{"0":"post-5695","1":"product","2":"type-product","3":"status-publish","4":"has-post-thumbnail","6":"product_cat-decoracion","7":"product_cat-cojines-decoracion-decoracion","9":"first","10":"instock","11":"taxable","12":"shipping-taxable","13":"purchasable","14":"product-type-simple"},"acf":[],"yoast_head":"<!-- This site is optimized with the Yoast SEO plugin v27.4 - https:\/\/yoast.com\/product\/yoast-seo-wordpress\/ -->\n<title>Coj\u00edn decorativo rosa empolvado con franjas de flecos \u2013 Relleno incluido -<\/title>\n<meta name=\"description\" content=\"Decora tu hogar con este coj\u00edn rosa empolvado con franjas de flecos. Elegante, suave y f\u00e1cil de combinar para dormitorios y salones acogedores.\" \/>\n<meta name=\"robots\" content=\"index, follow, max-snippet:-1, max-image-preview:large, max-video-preview:-1\" \/>\n<link rel=\"canonical\" href=\"https:\/\/gesmobles.cat\/es\/producto\/cojin-decorativo-rosa-cojin-rosa-empolvado-cojin-con-flecos-funda-de-cojin-rosa-cojin-dormitorio-elegante-cojin-sofa-moderno-cojin-textil-hogar\/\" \/>\n<meta property=\"og:locale\" content=\"es_ES\" \/>\n<meta property=\"og:type\" content=\"article\" \/>\n<meta property=\"og:title\" content=\"Coj\u00edn decorativo rosa empolvado con franjas de flecos \u2013 Relleno incluido -\" \/>\n<meta property=\"og:description\" content=\"Decora tu hogar con este coj\u00edn rosa empolvado con franjas de flecos. Elegante, suave y f\u00e1cil de combinar para dormitorios y salones acogedores.\" \/>\n<meta property=\"og:url\" content=\"https:\/\/gesmobles.cat\/es\/producto\/cojin-decorativo-rosa-cojin-rosa-empolvado-cojin-con-flecos-funda-de-cojin-rosa-cojin-dormitorio-elegante-cojin-sofa-moderno-cojin-textil-hogar\/\" \/>\n<meta property=\"article:modified_time\" content=\"2025-12-29T17:06:39+00:00\" \/>\n<meta property=\"og:image\" content=\"https:\/\/gesmobles.cat\/wp-content\/uploads\/2025\/09\/ropa.jpeg\" \/>\n\t<meta property=\"og:image:width\" content=\"746\" \/>\n\t<meta property=\"og:image:height\" content=\"512\" \/>\n\t<meta property=\"og:image:type\" content=\"image\/jpeg\" \/>\n<meta name=\"twitter:card\" content=\"summary_large_image\" \/>\n<meta name=\"twitter:label1\" content=\"Tiempo de lectura\" \/>\n\t<meta name=\"twitter:data1\" content=\"1 minuto\" \/>\n<!-- \/ Yoast SEO plugin. -->","yoast_head_json":{"title":"Coj\u00edn decorativo rosa empolvado con franjas de flecos \u2013 Relleno incluido -","description":"Decora tu hogar con este coj\u00edn rosa empolvado con franjas de flecos. Elegante, suave y f\u00e1cil de combinar para dormitorios y salones acogedores.","robots":{"index":"index","follow":"follow","max-snippet":"max-snippet:-1","max-image-preview":"max-image-preview:large","max-video-preview":"max-video-preview:-1"},"canonical":"https:\/\/gesmobles.cat\/es\/producto\/cojin-decorativo-rosa-cojin-rosa-empolvado-cojin-con-flecos-funda-de-cojin-rosa-cojin-dormitorio-elegante-cojin-sofa-moderno-cojin-textil-hogar\/","og_locale":"es_ES","og_type":"article","og_title":"Coj\u00edn decorativo rosa empolvado con franjas de flecos \u2013 Relleno incluido -","og_description":"Decora tu hogar con este coj\u00edn rosa empolvado con franjas de flecos. Elegante, suave y f\u00e1cil de combinar para dormitorios y salones acogedores.","og_url":"https:\/\/gesmobles.cat\/es\/producto\/cojin-decorativo-rosa-cojin-rosa-empolvado-cojin-con-flecos-funda-de-cojin-rosa-cojin-dormitorio-elegante-cojin-sofa-moderno-cojin-textil-hogar\/","article_modified_time":"2025-12-29T17:06:39+00:00","og_image":[{"width":746,"height":512,"url":"https:\/\/gesmobles.cat\/wp-content\/uploads\/2025\/09\/ropa.jpeg","type":"image\/jpeg"}],"twitter_card":"summary_large_image","twitter_misc":{"Tiempo de lectura":"1 minuto"},"schema":{"@context":"https:\/\/schema.org","@graph":[]}},"_links":{"self":[{"href":"https:\/\/gesmobles.cat\/es\/wp-json\/wp\/v2\/product\/5695","targetHints":{"allow":["GET"]}}],"collection":[{"href":"https:\/\/gesmobles.cat\/es\/wp-json\/wp\/v2\/product"}],"about":[{"href":"https:\/\/gesmobles.cat\/es\/wp-json\/wp\/v2\/types\/product"}],"replies":[{"embeddable":true,"href":"https:\/\/gesmobles.cat\/es\/wp-json\/wp\/v2\/comments?post=5695"}],"wp:featuredmedia":[{"embeddable":true,"href":"https:\/\/gesmobles.cat\/es\/wp-json\/wp\/v2\/media\/5696"}],"wp:attachment":[{"href":"https:\/\/gesmobles.cat\/es\/wp-json\/wp\/v2\/media?parent=5695"}],"wp:term":[{"taxonomy":"product_brand","embeddable":true,"href":"https:\/\/gesmobles.cat\/es\/wp-json\/wp\/v2\/product_brand?post=5695"},{"taxonomy":"product_cat","embeddable":true,"href":"https:\/\/gesmobles.cat\/es\/wp-json\/wp\/v2\/product_cat?post=5695"},{"taxonomy":"product_tag","embeddable":true,"href":"https:\/\/gesmobles.cat\/es\/wp-json\/wp\/v2\/product_tag?post=5695"}],"curies":[{"name":"wp","href":"https:\/\/api.w.org\/{rel}","templated":true}]}}