{"id":5706,"date":"2025-09-30T08:49:40","date_gmt":"2025-09-30T06:49:40","guid":{"rendered":"https:\/\/gesmobles.cat\/?post_type=product&#038;p=5706"},"modified":"2025-12-29T19:34:34","modified_gmt":"2025-12-29T17:34:34","slug":"cojin-decorativo-gris-cojin-gris-con-flecos-cojin-textura-waffle-funda-y-relleno-incluidos-cojin-dormitorio-moderno-cojin-sofa-elegante-cojin-textil-hogar-gris","status":"publish","type":"product","link":"https:\/\/gesmobles.cat\/es\/producto\/cojin-decorativo-gris-cojin-gris-con-flecos-cojin-textura-waffle-funda-y-relleno-incluidos-cojin-dormitorio-moderno-cojin-sofa-elegante-cojin-textil-hogar-gris\/","title":{"rendered":"Coj\u00edn decorativo gris con textura waffle y flecos \u2013 Funda y relleno incluidos"},"content":{"rendered":"<p>Aporta un toque elegante y vers\u00e1til a tu dormitorio o sal\u00f3n con este coj\u00edn decorativo gris con textura tipo waffle y acabado de flecos. Su dise\u00f1o sobrio y moderno combina f\u00e1cilmente con cualquier estilo, desde ambientes n\u00f3rdicos y minimalistas hasta espacios contempor\u00e1neos.<br \/>\nFabricado en tejido suave y agradable al tacto, incluye funda y relleno para que puedas disfrutarlo desde el primer momento. Perfecto para sof\u00e1s, camas o sillones, aportando confort y estilo sin recargar el espacio.<\/p>\n","protected":false},"excerpt":{"rendered":"<p>Aporta un toque elegante y vers\u00e1til a tu dormitorio o sal\u00f3n con este coj\u00edn decorativo gris con textura tipo waffle y acabado de flecos. Su dise\u00f1o sobrio y moderno combina f\u00e1cilmente con cualquier estilo, desde ambientes n\u00f3rdicos y minimalistas hasta espacios contempor\u00e1neos. Fabricado en tejido suave y agradable al tacto, incluye funda y relleno para [&hellip;]<\/p>\n","protected":false},"featured_media":6546,"comment_status":"open","ping_status":"closed","template":"","meta":[],"product_brand":[],"product_cat":[64,562],"product_tag":[],"class_list":{"0":"post-5706","1":"product","2":"type-product","3":"status-publish","4":"has-post-thumbnail","6":"product_cat-decoracion","7":"product_cat-cojines-decoracion-decoracion","9":"first","10":"instock","11":"taxable","12":"shipping-taxable","13":"purchasable","14":"product-type-simple"},"acf":[],"yoast_head":"<!-- This site is optimized with the Yoast SEO plugin v27.4 - https:\/\/yoast.com\/product\/yoast-seo-wordpress\/ -->\n<title>Coj\u00edn decorativo gris con textura waffle y flecos \u2013 Funda y relleno incluidos -<\/title>\n<meta name=\"description\" content=\"Decora tu hogar con este coj\u00edn gris con textura waffle y flecos, con funda y relleno incluidos. Elegante, vers\u00e1til y perfecto para dormitorios y salones modernos.\" \/>\n<meta name=\"robots\" content=\"index, follow, max-snippet:-1, max-image-preview:large, max-video-preview:-1\" \/>\n<link rel=\"canonical\" href=\"https:\/\/gesmobles.cat\/es\/producto\/cojin-decorativo-gris-cojin-gris-con-flecos-cojin-textura-waffle-funda-y-relleno-incluidos-cojin-dormitorio-moderno-cojin-sofa-elegante-cojin-textil-hogar-gris\/\" \/>\n<meta property=\"og:locale\" content=\"es_ES\" \/>\n<meta property=\"og:type\" content=\"article\" \/>\n<meta property=\"og:title\" content=\"Coj\u00edn decorativo gris con textura waffle y flecos \u2013 Funda y relleno incluidos -\" \/>\n<meta property=\"og:description\" content=\"Decora tu hogar con este coj\u00edn gris con textura waffle y flecos, con funda y relleno incluidos. Elegante, vers\u00e1til y perfecto para dormitorios y salones modernos.\" \/>\n<meta property=\"og:url\" content=\"https:\/\/gesmobles.cat\/es\/producto\/cojin-decorativo-gris-cojin-gris-con-flecos-cojin-textura-waffle-funda-y-relleno-incluidos-cojin-dormitorio-moderno-cojin-sofa-elegante-cojin-textil-hogar-gris\/\" \/>\n<meta property=\"article:modified_time\" content=\"2025-12-29T17:34:34+00:00\" \/>\n<meta property=\"og:image\" content=\"https:\/\/gesmobles.cat\/wp-content\/uploads\/2025\/09\/cojjj-1-1.png\" \/>\n\t<meta property=\"og:image:width\" content=\"2048\" \/>\n\t<meta property=\"og:image:height\" content=\"1536\" \/>\n\t<meta property=\"og:image:type\" content=\"image\/png\" \/>\n<meta name=\"twitter:card\" content=\"summary_large_image\" \/>\n<meta name=\"twitter:label1\" content=\"Tiempo de lectura\" \/>\n\t<meta name=\"twitter:data1\" content=\"1 minuto\" \/>\n<!-- \/ Yoast SEO plugin. -->","yoast_head_json":{"title":"Coj\u00edn decorativo gris con textura waffle y flecos \u2013 Funda y relleno incluidos -","description":"Decora tu hogar con este coj\u00edn gris con textura waffle y flecos, con funda y relleno incluidos. Elegante, vers\u00e1til y perfecto para dormitorios y salones modernos.","robots":{"index":"index","follow":"follow","max-snippet":"max-snippet:-1","max-image-preview":"max-image-preview:large","max-video-preview":"max-video-preview:-1"},"canonical":"https:\/\/gesmobles.cat\/es\/producto\/cojin-decorativo-gris-cojin-gris-con-flecos-cojin-textura-waffle-funda-y-relleno-incluidos-cojin-dormitorio-moderno-cojin-sofa-elegante-cojin-textil-hogar-gris\/","og_locale":"es_ES","og_type":"article","og_title":"Coj\u00edn decorativo gris con textura waffle y flecos \u2013 Funda y relleno incluidos -","og_description":"Decora tu hogar con este coj\u00edn gris con textura waffle y flecos, con funda y relleno incluidos. Elegante, vers\u00e1til y perfecto para dormitorios y salones modernos.","og_url":"https:\/\/gesmobles.cat\/es\/producto\/cojin-decorativo-gris-cojin-gris-con-flecos-cojin-textura-waffle-funda-y-relleno-incluidos-cojin-dormitorio-moderno-cojin-sofa-elegante-cojin-textil-hogar-gris\/","article_modified_time":"2025-12-29T17:34:34+00:00","og_image":[{"width":2048,"height":1536,"url":"https:\/\/gesmobles.cat\/wp-content\/uploads\/2025\/09\/cojjj-1-1.png","type":"image\/png"}],"twitter_card":"summary_large_image","twitter_misc":{"Tiempo de lectura":"1 minuto"},"schema":{"@context":"https:\/\/schema.org","@graph":[]}},"_links":{"self":[{"href":"https:\/\/gesmobles.cat\/es\/wp-json\/wp\/v2\/product\/5706","targetHints":{"allow":["GET"]}}],"collection":[{"href":"https:\/\/gesmobles.cat\/es\/wp-json\/wp\/v2\/product"}],"about":[{"href":"https:\/\/gesmobles.cat\/es\/wp-json\/wp\/v2\/types\/product"}],"replies":[{"embeddable":true,"href":"https:\/\/gesmobles.cat\/es\/wp-json\/wp\/v2\/comments?post=5706"}],"wp:featuredmedia":[{"embeddable":true,"href":"https:\/\/gesmobles.cat\/es\/wp-json\/wp\/v2\/media\/6546"}],"wp:attachment":[{"href":"https:\/\/gesmobles.cat\/es\/wp-json\/wp\/v2\/media?parent=5706"}],"wp:term":[{"taxonomy":"product_brand","embeddable":true,"href":"https:\/\/gesmobles.cat\/es\/wp-json\/wp\/v2\/product_brand?post=5706"},{"taxonomy":"product_cat","embeddable":true,"href":"https:\/\/gesmobles.cat\/es\/wp-json\/wp\/v2\/product_cat?post=5706"},{"taxonomy":"product_tag","embeddable":true,"href":"https:\/\/gesmobles.cat\/es\/wp-json\/wp\/v2\/product_tag?post=5706"}],"curies":[{"name":"wp","href":"https:\/\/api.w.org\/{rel}","templated":true}]}}