{"id":5729,"date":"2025-10-01T10:59:53","date_gmt":"2025-10-01T08:59:53","guid":{"rendered":"https:\/\/gesmobles.cat\/?post_type=product&#038;p=5729"},"modified":"2025-10-01T11:02:49","modified_gmt":"2025-10-01T09:02:49","slug":"edredon-nordico-gris-oscuro-edredon-microfibra-rayado-edredon-hipoalergenico-nordico-moderno-gris-edredon-lavable-facil-mantenimiento-ropa-de-cama-invierno","status":"publish","type":"product","link":"https:\/\/gesmobles.cat\/es\/producto\/edredon-nordico-gris-oscuro-edredon-microfibra-rayado-edredon-hipoalergenico-nordico-moderno-gris-edredon-lavable-facil-mantenimiento-ropa-de-cama-invierno\/","title":{"rendered":"Edred\u00f3n N\u00f3rdico Trazos Microfibra Gris Oscuro Velfont"},"content":{"rendered":"<p>El edred\u00f3n n\u00f3rdico Trazos en color gris oscuro destaca por su elegante dise\u00f1o con sutiles l\u00edneas texturizadas que aportan un toque moderno y sofisticado al dormitorio. Su tejido exterior de microfibra extrasuave proporciona una agradable sensaci\u00f3n al tacto, mientras que su relleno hipoalerg\u00e9nico ofrece un abrigo ligero y confortable, perfecto para mantener la temperatura ideal durante las noches fr\u00edas. Es f\u00e1cil de mantener, lavable a m\u00e1quina y combina perfectamente con cualquier estilo de ropa de cama gracias a su acabado liso con un discreto patr\u00f3n de rayas. Disponible en varias medidas para camas individuales y de matrimonio.<\/p>\n","protected":false},"excerpt":{"rendered":"<p>El edred\u00f3n n\u00f3rdico Trazos en color gris oscuro destaca por su elegante dise\u00f1o con sutiles l\u00edneas texturizadas que aportan un toque moderno y sofisticado al dormitorio. Su tejido exterior de microfibra extrasuave proporciona una agradable sensaci\u00f3n al tacto, mientras que su relleno hipoalerg\u00e9nico ofrece un abrigo ligero y confortable, perfecto para mantener la temperatura ideal [&hellip;]<\/p>\n","protected":false},"featured_media":5730,"comment_status":"open","ping_status":"closed","template":"","meta":[],"product_brand":[],"product_cat":[65,115],"product_tag":[],"class_list":{"0":"post-5729","1":"product","2":"type-product","3":"status-publish","4":"has-post-thumbnail","6":"product_cat-textiles-hogar","7":"product_cat-edredones-nordicos","9":"first","10":"instock","11":"taxable","12":"shipping-taxable","13":"purchasable","14":"product-type-variable"},"acf":[],"yoast_head":"<!-- This site is optimized with the Yoast SEO plugin v27.4 - https:\/\/yoast.com\/product\/yoast-seo-wordpress\/ -->\n<title>Edred\u00f3n N\u00f3rdico Trazos Microfibra Gris Oscuro Velfont -<\/title>\n<meta name=\"description\" content=\"Edred\u00f3n n\u00f3rdico Trazos gris oscuro con sutil dise\u00f1o de rayas. Microfibra extrasuave, relleno hipoalerg\u00e9nico y f\u00e1cil mantenimiento. Elegancia y confort para tu cama.\" \/>\n<meta name=\"robots\" content=\"index, follow, max-snippet:-1, max-image-preview:large, max-video-preview:-1\" \/>\n<link rel=\"canonical\" href=\"https:\/\/gesmobles.cat\/es\/producto\/edredon-nordico-gris-oscuro-edredon-microfibra-rayado-edredon-hipoalergenico-nordico-moderno-gris-edredon-lavable-facil-mantenimiento-ropa-de-cama-invierno\/\" \/>\n<meta property=\"og:locale\" content=\"es_ES\" \/>\n<meta property=\"og:type\" content=\"article\" \/>\n<meta property=\"og:title\" content=\"Edred\u00f3n N\u00f3rdico Trazos Microfibra Gris Oscuro Velfont -\" \/>\n<meta property=\"og:description\" content=\"Edred\u00f3n n\u00f3rdico Trazos gris oscuro con sutil dise\u00f1o de rayas. Microfibra extrasuave, relleno hipoalerg\u00e9nico y f\u00e1cil mantenimiento. Elegancia y confort para tu cama.\" \/>\n<meta property=\"og:url\" content=\"https:\/\/gesmobles.cat\/es\/producto\/edredon-nordico-gris-oscuro-edredon-microfibra-rayado-edredon-hipoalergenico-nordico-moderno-gris-edredon-lavable-facil-mantenimiento-ropa-de-cama-invierno\/\" \/>\n<meta property=\"article:modified_time\" content=\"2025-10-01T09:02:49+00:00\" \/>\n<meta property=\"og:image\" content=\"https:\/\/gesmobles.cat\/wp-content\/uploads\/2025\/10\/trazos.jpg\" \/>\n\t<meta property=\"og:image:width\" content=\"1000\" \/>\n\t<meta property=\"og:image:height\" content=\"685\" \/>\n\t<meta property=\"og:image:type\" content=\"image\/jpeg\" \/>\n<meta name=\"twitter:card\" content=\"summary_large_image\" \/>\n<meta name=\"twitter:label1\" content=\"Tiempo de lectura\" \/>\n\t<meta name=\"twitter:data1\" content=\"1 minuto\" \/>\n<!-- \/ Yoast SEO plugin. -->","yoast_head_json":{"title":"Edred\u00f3n N\u00f3rdico Trazos Microfibra Gris Oscuro Velfont -","description":"Edred\u00f3n n\u00f3rdico Trazos gris oscuro con sutil dise\u00f1o de rayas. Microfibra extrasuave, relleno hipoalerg\u00e9nico y f\u00e1cil mantenimiento. Elegancia y confort para tu cama.","robots":{"index":"index","follow":"follow","max-snippet":"max-snippet:-1","max-image-preview":"max-image-preview:large","max-video-preview":"max-video-preview:-1"},"canonical":"https:\/\/gesmobles.cat\/es\/producto\/edredon-nordico-gris-oscuro-edredon-microfibra-rayado-edredon-hipoalergenico-nordico-moderno-gris-edredon-lavable-facil-mantenimiento-ropa-de-cama-invierno\/","og_locale":"es_ES","og_type":"article","og_title":"Edred\u00f3n N\u00f3rdico Trazos Microfibra Gris Oscuro Velfont -","og_description":"Edred\u00f3n n\u00f3rdico Trazos gris oscuro con sutil dise\u00f1o de rayas. Microfibra extrasuave, relleno hipoalerg\u00e9nico y f\u00e1cil mantenimiento. Elegancia y confort para tu cama.","og_url":"https:\/\/gesmobles.cat\/es\/producto\/edredon-nordico-gris-oscuro-edredon-microfibra-rayado-edredon-hipoalergenico-nordico-moderno-gris-edredon-lavable-facil-mantenimiento-ropa-de-cama-invierno\/","article_modified_time":"2025-10-01T09:02:49+00:00","og_image":[{"width":1000,"height":685,"url":"https:\/\/gesmobles.cat\/wp-content\/uploads\/2025\/10\/trazos.jpg","type":"image\/jpeg"}],"twitter_card":"summary_large_image","twitter_misc":{"Tiempo de lectura":"1 minuto"},"schema":{"@context":"https:\/\/schema.org","@graph":[]}},"_links":{"self":[{"href":"https:\/\/gesmobles.cat\/es\/wp-json\/wp\/v2\/product\/5729","targetHints":{"allow":["GET"]}}],"collection":[{"href":"https:\/\/gesmobles.cat\/es\/wp-json\/wp\/v2\/product"}],"about":[{"href":"https:\/\/gesmobles.cat\/es\/wp-json\/wp\/v2\/types\/product"}],"replies":[{"embeddable":true,"href":"https:\/\/gesmobles.cat\/es\/wp-json\/wp\/v2\/comments?post=5729"}],"wp:featuredmedia":[{"embeddable":true,"href":"https:\/\/gesmobles.cat\/es\/wp-json\/wp\/v2\/media\/5730"}],"wp:attachment":[{"href":"https:\/\/gesmobles.cat\/es\/wp-json\/wp\/v2\/media?parent=5729"}],"wp:term":[{"taxonomy":"product_brand","embeddable":true,"href":"https:\/\/gesmobles.cat\/es\/wp-json\/wp\/v2\/product_brand?post=5729"},{"taxonomy":"product_cat","embeddable":true,"href":"https:\/\/gesmobles.cat\/es\/wp-json\/wp\/v2\/product_cat?post=5729"},{"taxonomy":"product_tag","embeddable":true,"href":"https:\/\/gesmobles.cat\/es\/wp-json\/wp\/v2\/product_tag?post=5729"}],"curies":[{"name":"wp","href":"https:\/\/api.w.org\/{rel}","templated":true}]}}